{"id":240,"date":"2020-05-29T15:28:36","date_gmt":"2020-05-29T18:28:36","guid":{"rendered":"https:\/\/wp.ufpel.edu.br\/mathlibras\/?page_id=240"},"modified":"2022-08-17T14:53:58","modified_gmt":"2022-08-17T17:53:58","slug":"publicacoes-2018","status":"publish","type":"page","link":"https:\/\/wp.ufpel.edu.br\/mathlibras\/publicacoes-2018\/","title":{"rendered":"Publica\u00e7\u00f5es 2018"},"content":{"rendered":"<p style=\"text-align: center;\"><span style=\"color: #000080;\"><strong><span style=\"font-size: 24pt;\">Publica\u00e7\u00f5es sobre o\u00a0<em>MathLibras<\/em> \u2013 2018 \u2013<\/span><\/strong><\/span><\/p>\n<p>&nbsp;<\/p>\n<p><span style=\"font-size: 14pt; color: #333399;\"><strong>VIII CBEE \u2013 Congresso Brasileiro de Educa\u00e7\u00e3o Especial<\/strong><\/span><\/p>\n<p><span style=\"color: #333399;\"><strong>14 a 17 de novembro de 2018 \u2013 UFSCar, S\u00e3o Carlos\/SP<\/strong><\/span><\/p>\n<p><span style=\"color: #000000;\"><strong>T\u00edtulo<\/strong>: <a style=\"color: #000000;\" href=\"https:\/\/proceedings.science\/cbee\/cbee-2018\/papers\/mathlibras-como-tecnologia-assistiva--videos-de-matematica-com-libras-\">MathLibras como tecnologia assistiva: v\u00eddeos de matem\u00e1tica com Libras<\/a><\/span><\/p>\n<p><span style=\"color: #000000;\"><strong>Autores<\/strong>: Tha\u00eds Philipsen Gr\u00fctzmann; Tatiana Bolivar Lebedeff; Joseane Maciel Viana; Marcos Aur\u00e9lio da Silva Martins; M\u00e1rcio Aur\u00e9lio Friedrich<\/span><\/p>\n<p>&nbsp;<\/p>\n<p><span style=\"font-size: 14pt; color: #333399;\"><strong>VII SIPEM <span style=\"font-size: 14pt; color: #333399;\">&#8211; <\/span><\/strong><\/span><span style=\"color: #333399;\"><strong><span style=\"font-size: 14pt;\">Semin\u00e1rio Internacional de Pesquisa em Educa\u00e7\u00e3o Matem\u00e1tica<\/span><\/strong><\/span><\/p>\n<p><strong><span style=\"color: #333399;\">04 a 08 de novembro de 2018 \u2013 Foz do Igua\u00e7u\/PR<\/span><\/strong><\/p>\n<p><span style=\"color: #000000;\"><strong>T\u00edtulo<\/strong>: <a style=\"color: #000000;\" href=\"http:\/\/www.sbemparana.com.br\/eventos\/index.php\/SIPEM\/VII_SIPEM\/paper\/view\/420\/588\"><em>Mathlibras:<\/em> nossos primeiros v\u00eddeos de matem\u00e1tica com Libras<\/a><\/span><\/p>\n<p><span style=\"color: #000000;\"><strong>Autores<\/strong>: Tha\u00eds Philipsen Gr\u00fctzmann; Rozane da Silveira Alves<\/span><\/p>\n<p>&nbsp;<\/p>\n<p><span style=\"font-size: 14pt; color: #333399;\"><strong>XXVII Congresso de Inicia\u00e7\u00e3o Cient\u00edfica da UFPel (CIC\/UFPel)<\/strong><\/span><\/p>\n<p><span style=\"color: #333399;\"><strong>22 a 26 de outubro de 2018 &#8211; UFPel, Pelotas\/RS<\/strong><\/span><\/p>\n<p><span style=\"color: #000000;\"><strong>T\u00edtulo<\/strong>: <a style=\"color: #000000;\" href=\"https:\/\/cti.ufpel.edu.br\/siepe\/arquivos\/2018\/MD_03698.pdf\">Possibilidades de inser\u00e7\u00e3o da l\u00edngua brasileira de sinais por meio de jogos de matem\u00e1tica<\/a><\/span><\/p>\n<p><span style=\"color: #000000;\"><strong>Autores<\/strong>: Marcos Aur\u00e9lio da Silva Martins; Patricia Michie Umetsubo; Tha\u00eds Philipsen Gr\u00fctzmann<\/span><\/p>\n<p>&nbsp;<\/p>\n<p><strong><span style=\"color: #333399; font-size: 14pt;\">I Encontro de Estudos Surdos da UFPel<\/span><\/strong><\/p>\n<p><span style=\"color: #333399;\"><strong>13 a 15 de setembro de 2018 \u2013 UFPel, Pelotas\/RS<\/strong><\/span><\/p>\n<p><span style=\"color: #000000;\"><strong>T\u00edtulo<\/strong>: MathLibras: um projeto e uma pesquisa de matem\u00e1tica com libras a partir da produ\u00e7\u00e3o de v\u00eddeos<\/span><\/p>\n<p><span style=\"color: #000000;\"><strong>Autores<\/strong>: Tha\u00eds Philipsen Gr\u00fctzmann; Marcos Aur\u00e9lio da Silva Martins; Joseane Maciel Viana<\/span><\/p>\n<p><span style=\"color: #000000;\"><strong>Link<\/strong>: <a style=\"color: #000000;\" href=\"https:\/\/wp.ufpel.edu.br\/fae\/files\/2018\/08\/Circular-I-Encontro-de-Estudos-Surdos-da-UFPEL1.pdf\">https:\/\/wp.ufpel.edu.br\/fae\/files\/2018\/08\/Circular-I-Encontro-de-Estudos-Surdos-da-UFPEL1.pdf<\/a>\u00a0(n\u00e3o tem anais)<\/span><\/p>\n<p>&nbsp;<\/p>\n<p><span style=\"font-size: 14pt; color: #333399;\"><strong>XIII EGEM &#8211; Encontro Ga\u00facho de Educa\u00e7\u00e3o Matem\u00e1tica\u00a0<\/strong><\/span><\/p>\n<p><span style=\"font-size: 12pt; color: #333399;\"><strong>01 a 03 de agosto de 2018 &#8211; UFSM, Santa Maria\/RS\u00a0<\/strong><\/span><\/p>\n<p><span style=\"color: #000000;\"><strong>T\u00edtulo<\/strong>: <a style=\"color: #000000;\" href=\"http:\/\/w3.ufsm.br\/ceem\/eiemat\/Anais\/arquivos\/ed_6\/Anais_CC_2018.pdf\">A Matem\u00e1tica, o Portugu\u00eas e a Libras: em v\u00eddeo, tudo junto!<\/a><\/span><\/p>\n<p><span style=\"color: #000000;\"><strong>Autores<\/strong>: Marcos Aur\u00e9lio da Silva Martins; Tha\u00eds Philipsen Gr\u00fctzmann; Patricia Michie Umetsubo; Taiane Carrilho Rosa; Rozane da Silveira Alves<\/span><\/p>\n<p>&nbsp;<\/p>\n<p><span style=\"color: #000000;\"><strong>T\u00edtulo<\/strong>: <a style=\"color: #000000;\" href=\"http:\/\/w3.ufsm.br\/ceem\/eiemat\/Anais\/arquivos\/ed_6\/Anais_RE_2018.pdf\">Matem\u00e1tica b\u00e1sica e L\u00edngua Brasileira de Sinais: o in\u00edcio de um projeto com a produ\u00e7\u00e3o de v\u00eddeos<\/a><\/span><\/p>\n<p><span style=\"color: #000000;\"><strong>Autores<\/strong>: Tha\u00eds Philipsen Gr\u00fctzmann; Rozane da Silveira Alves; Marcos Aur\u00e9lio da Silva Martins; Patricia Michie Umetsubo; Taiane Carrilho Rosa<\/span><\/p>\n<p>&nbsp;<\/p>\n<p><span style=\"color: #000000;\"><strong>Mesa Redonda<\/strong>: <em>O papel dos projetos na forma\u00e7\u00e3o inicial de professores: problematizando as a\u00e7\u00f5es de ensino, pesquisa e extens\u00e3o<\/em><\/span><\/p>\n<p><span style=\"color: #000000;\"><strong>Convidados<\/strong>: Ant\u00f4nio Maur\u00edcio Medeiros Alves; Tha\u00eds Philipsen Gr\u00fctzmann<\/span><\/p>\n<p>&nbsp;<\/p>\n<p><span style=\"background-color: #ffffff; color: #333399;\"><strong><span style=\"font-size: 14pt; background-color: #ffffff;\">II FESAI \u2013 F\u00f3rum de Estudos dos Surdos na \u00c1rea da Inform\u00e1tica e I Semin\u00e1rio Nacional de Tecnologias de Cultura Surda<\/span><\/strong><\/span><\/p>\n<p><span style=\"color: #333399;\"><strong>16 e 17 de mar\u00e7o de 2018 \u2013 UFRGS \u2013 Campus do Vale \u2013 Porto Alegre\/RS<\/strong><\/span><\/p>\n<p><span style=\"color: #000000;\"><strong>T\u00edtulo<\/strong>: Projeto <em>MathLibras:<\/em> desafios de tradu\u00e7\u00e3o e produ\u00e7\u00e3o de v\u00eddeos<\/span><\/p>\n<p><span style=\"color: #000000;\"><strong>Autores<\/strong>: Tha\u00eds Philipsen Gr\u00fctzmann; Tatiana Bolivar Lebedeff; Joseane Maciel Viana<\/span><\/p>\n<p><span style=\"color: #000000;\"><strong>Link<\/strong>: <a style=\"color: #000000;\" href=\"https:\/\/fesai2018.feneis.org.br\/submissao-de-trabalho\/lista-de-trabalhos-aprovados\/\">https:\/\/fesai2018.feneis.org.br\/submissao-de-trabalho\/lista-de-trabalhos-aprovados\/ <\/a>(n\u00e3o tem anais)<\/span><\/p>\n","protected":false},"excerpt":{"rendered":"<p>Publica\u00e7\u00f5es sobre o\u00a0MathLibras \u2013 2018 \u2013 &nbsp; VIII CBEE \u2013 Congresso Brasileiro de Educa\u00e7\u00e3o Especial 14 a 17 de novembro de 2018 \u2013 UFSCar, S\u00e3o Carlos\/SP T\u00edtulo: MathLibras como tecnologia assistiva: v\u00eddeos de matem\u00e1tica com Libras Autores: Tha\u00eds Philipsen Gr\u00fctzmann; Tatiana Bolivar Lebedeff; Joseane Maciel Viana; Marcos Aur\u00e9lio da Silva Martins; M\u00e1rcio Aur\u00e9lio Friedrich &nbsp; [&hellip;]<\/p>\n","protected":false},"author":839,"featured_media":0,"parent":0,"menu_order":0,"comment_status":"closed","ping_status":"closed","template":"","meta":{"footnotes":""},"class_list":["post-240","page","type-page","status-publish","hentry"],"_links":{"self":[{"href":"https:\/\/wp.ufpel.edu.br\/mathlibras\/wp-json\/wp\/v2\/pages\/240","targetHints":{"allow":["GET"]}}],"collection":[{"href":"https:\/\/wp.ufpel.edu.br\/mathlibras\/wp-json\/wp\/v2\/pages"}],"about":[{"href":"https:\/\/wp.ufpel.edu.br\/mathlibras\/wp-json\/wp\/v2\/types\/page"}],"author":[{"embeddable":true,"href":"https:\/\/wp.ufpel.edu.br\/mathlibras\/wp-json\/wp\/v2\/users\/839"}],"replies":[{"embeddable":true,"href":"https:\/\/wp.ufpel.edu.br\/mathlibras\/wp-json\/wp\/v2\/comments?post=240"}],"version-history":[{"count":18,"href":"https:\/\/wp.ufpel.edu.br\/mathlibras\/wp-json\/wp\/v2\/pages\/240\/revisions"}],"predecessor-version":[{"id":693,"href":"https:\/\/wp.ufpel.edu.br\/mathlibras\/wp-json\/wp\/v2\/pages\/240\/revisions\/693"}],"wp:attachment":[{"href":"https:\/\/wp.ufpel.edu.br\/mathlibras\/wp-json\/wp\/v2\/media?parent=240"}],"curies":[{"name":"wp","href":"https:\/\/api.w.org\/{rel}","templated":true}]}}