{"id":234,"date":"2020-05-29T15:24:40","date_gmt":"2020-05-29T18:24:40","guid":{"rendered":"https:\/\/wp.ufpel.edu.br\/mathlibras\/?page_id=234"},"modified":"2022-08-17T14:52:30","modified_gmt":"2022-08-17T17:52:30","slug":"publicacoes-2017","status":"publish","type":"page","link":"https:\/\/wp.ufpel.edu.br\/mathlibras\/publicacoes-2017\/","title":{"rendered":"Publica\u00e7\u00f5es 2017"},"content":{"rendered":"<p style=\"text-align: center;\"><span style=\"color: #000080;\"><strong><span style=\"font-size: 24pt;\">Publica\u00e7\u00f5es sobre o <em>MathLibras<\/em> &#8211; 2017 &#8211;<\/span><\/strong><\/span><\/p>\n<p><span style=\"font-size: 14pt; color: #333399;\"><strong>XXVI Congresso de Inicia\u00e7\u00e3o Cient\u00edfica da UFPel (CIC\/UFPel) <\/strong><\/span><\/p>\n<p><span style=\"font-size: 12pt; color: #333399;\"><strong>20 a 24 de novembro de 2017\u00a0 &#8211; UFPel, Pelotas\/RS<\/strong><\/span><\/p>\n<p><span style=\"color: #000000;\"><strong>T\u00edtulo<\/strong>: <a style=\"color: #000000;\" href=\"https:\/\/cti.ufpel.edu.br\/siepe\/arquivos\/2017\/MD_01099.pdf\">A primeira vis\u00e3o da acad\u00eamica do cinema sobre o ensino de matem\u00e1tica para surdos<\/a><\/span><\/p>\n<p><span style=\"color: #000000;\"><strong>Autores<\/strong>: Tais Percone Souza; Tha\u00eds Philipsen Gr\u00fctzmann<\/span><\/p>\n","protected":false},"excerpt":{"rendered":"<p>Publica\u00e7\u00f5es sobre o MathLibras &#8211; 2017 &#8211; XXVI Congresso de Inicia\u00e7\u00e3o Cient\u00edfica da UFPel (CIC\/UFPel) 20 a 24 de novembro de 2017\u00a0 &#8211; UFPel, Pelotas\/RS T\u00edtulo: A primeira vis\u00e3o da acad\u00eamica do cinema sobre o ensino de matem\u00e1tica para surdos Autores: Tais Percone Souza; Tha\u00eds Philipsen Gr\u00fctzmann<\/p>\n","protected":false},"author":839,"featured_media":0,"parent":0,"menu_order":0,"comment_status":"closed","ping_status":"closed","template":"","meta":{"footnotes":""},"class_list":["post-234","page","type-page","status-publish","hentry"],"_links":{"self":[{"href":"https:\/\/wp.ufpel.edu.br\/mathlibras\/wp-json\/wp\/v2\/pages\/234","targetHints":{"allow":["GET"]}}],"collection":[{"href":"https:\/\/wp.ufpel.edu.br\/mathlibras\/wp-json\/wp\/v2\/pages"}],"about":[{"href":"https:\/\/wp.ufpel.edu.br\/mathlibras\/wp-json\/wp\/v2\/types\/page"}],"author":[{"embeddable":true,"href":"https:\/\/wp.ufpel.edu.br\/mathlibras\/wp-json\/wp\/v2\/users\/839"}],"replies":[{"embeddable":true,"href":"https:\/\/wp.ufpel.edu.br\/mathlibras\/wp-json\/wp\/v2\/comments?post=234"}],"version-history":[{"count":6,"href":"https:\/\/wp.ufpel.edu.br\/mathlibras\/wp-json\/wp\/v2\/pages\/234\/revisions"}],"predecessor-version":[{"id":692,"href":"https:\/\/wp.ufpel.edu.br\/mathlibras\/wp-json\/wp\/v2\/pages\/234\/revisions\/692"}],"wp:attachment":[{"href":"https:\/\/wp.ufpel.edu.br\/mathlibras\/wp-json\/wp\/v2\/media?parent=234"}],"curies":[{"name":"wp","href":"https:\/\/api.w.org\/{rel}","templated":true}]}}