{"id":219,"date":"2020-05-29T15:04:32","date_gmt":"2020-05-29T18:04:32","guid":{"rendered":"https:\/\/wp.ufpel.edu.br\/mathlibras\/?page_id=219"},"modified":"2025-08-05T19:47:44","modified_gmt":"2025-08-05T22:47:44","slug":"escola-alfredo-dub","status":"publish","type":"page","link":"https:\/\/wp.ufpel.edu.br\/mathlibras\/escola-alfredo-dub\/","title":{"rendered":"Escola Alfredo Dub"},"content":{"rendered":"<p><strong><span style=\"font-size: 14pt; color: #333399;\">Escola Especial de Educa\u00e7\u00e3o Bil\u00edngue Professor Alfredo Dub<\/span><\/strong><\/p>\n<p><strong>Site<\/strong>: <a href=\"https:\/\/alfredodub.com.br\/\">https:\/\/alfredodub.com.br\/<\/a><\/p>\n<p><strong>Endere\u00e7o<\/strong>: Rua Zola Amaro, 379 \u2013 Tr\u00eas Vendas, Pelotas, RS.<\/p>\n<p><strong>Telefone<\/strong>: (53) 3223-0638<\/p>\n","protected":false},"excerpt":{"rendered":"<p>Escola Especial de Educa\u00e7\u00e3o Bil\u00edngue Professor Alfredo Dub Site: https:\/\/alfredodub.com.br\/ Endere\u00e7o: Rua Zola Amaro, 379 \u2013 Tr\u00eas Vendas, Pelotas, RS. Telefone: (53) 3223-0638<\/p>\n","protected":false},"author":839,"featured_media":0,"parent":0,"menu_order":0,"comment_status":"closed","ping_status":"closed","template":"","meta":{"footnotes":""},"class_list":["post-219","page","type-page","status-publish","hentry"],"_links":{"self":[{"href":"https:\/\/wp.ufpel.edu.br\/mathlibras\/wp-json\/wp\/v2\/pages\/219","targetHints":{"allow":["GET"]}}],"collection":[{"href":"https:\/\/wp.ufpel.edu.br\/mathlibras\/wp-json\/wp\/v2\/pages"}],"about":[{"href":"https:\/\/wp.ufpel.edu.br\/mathlibras\/wp-json\/wp\/v2\/types\/page"}],"author":[{"embeddable":true,"href":"https:\/\/wp.ufpel.edu.br\/mathlibras\/wp-json\/wp\/v2\/users\/839"}],"replies":[{"embeddable":true,"href":"https:\/\/wp.ufpel.edu.br\/mathlibras\/wp-json\/wp\/v2\/comments?post=219"}],"version-history":[{"count":3,"href":"https:\/\/wp.ufpel.edu.br\/mathlibras\/wp-json\/wp\/v2\/pages\/219\/revisions"}],"predecessor-version":[{"id":1723,"href":"https:\/\/wp.ufpel.edu.br\/mathlibras\/wp-json\/wp\/v2\/pages\/219\/revisions\/1723"}],"wp:attachment":[{"href":"https:\/\/wp.ufpel.edu.br\/mathlibras\/wp-json\/wp\/v2\/media?parent=219"}],"curies":[{"name":"wp","href":"https:\/\/api.w.org\/{rel}","templated":true}]}}