{"id":1818,"date":"2026-04-08T15:51:58","date_gmt":"2026-04-08T18:51:58","guid":{"rendered":"https:\/\/wp.ufpel.edu.br\/mathlibras\/?page_id=1818"},"modified":"2026-04-08T16:06:39","modified_gmt":"2026-04-08T19:06:39","slug":"extensao-mathlibras-ano-viii","status":"publish","type":"page","link":"https:\/\/wp.ufpel.edu.br\/mathlibras\/extensao-mathlibras-ano-viii\/","title":{"rendered":"Extens\u00e3o &#8211; MathLibras Ano VIII"},"content":{"rendered":"<p><span style=\"font-size: 18pt;\"><span style=\"color: #000000;\">O Projeto de Extens\u00e3o<\/span> <span style=\"color: #000080;\">\u201c<em><strong>MathLibras \u2013 Ano VIII<\/strong><\/em>\u201d<\/span> est\u00e1 vigente e<span style=\"color: #000000;\">ntre <strong>Fevereiro\u00a0 e Dezembro de 2026<\/strong>.<\/span><\/span><\/p>\n<p><span style=\"color: #000000;\"><strong>RESUMO:\u00a0<\/strong>O Projeto de Extens\u00e3o <em><strong>&#8220;MathLibras &#8211; Ano VIII&#8221;<\/strong> <\/em>\u00e9 uma continuidade dos Projetos de Extens\u00e3o &#8220;MathLibras &#8211; Ano 1&#8221; (c\u00f3digo 1688), &#8220;MathLibras &#8211; Ano II&#8221; (c\u00f3digo 2141),\u00a0 &#8220;MathLibras &#8211; Ano III&#8221; (c\u00f3digo 4068), &#8220;MathLibras &#8211; Ano IV&#8221; (c\u00f3digo 5297), &#8220;MathLibras &#8211; Ano V&#8221; (c\u00f3digo 6321) e &#8220;MathLibras &#8211; Anos VI e VII&#8221; (c\u00f3digo 7643), originados a partir do projeto de pesquisa &#8220;Produ\u00e7\u00e3o de Videoaulas de Matem\u00e1tica com tradu\u00e7\u00e3o em Libras&#8221;, de 2017, financiado pelo CNPq (2017-2019).\u00a0\u00a0<\/span><\/p>\n<div><span style=\"color: #000000;\">O projeto tem como foco principal\u00a0 produzir jogos, materiais did\u00e1ticos e audiovisuais, com conte\u00fados de matem\u00e1tica, com a inser\u00e7\u00e3o da L\u00edngua Brasileira de Sinais &#8211; Libras, buscando a aplica\u00e7\u00e3o por meio de oficinas em escolas, eventos ou outros contextos.\u00a0<\/span><\/div>\n<div>\n<div><\/div>\n<div><span style=\"color: #000000;\">Al\u00e9m disso, ampliando a atua\u00e7\u00e3o, busca-se a realiza\u00e7\u00e3o de outras tipos de oficinas, com foco tamb\u00e9m na forma\u00e7\u00e3o inicial e continuada de professores, acad\u00eamicos, mestrandos e doutorandos, a partir de diferentes jogos e materiais did\u00e1ticos, vinculadas as \u00e1reas de Educa\u00e7\u00e3o Matem\u00e1tica e Educa\u00e7\u00e3o Matem\u00e1tica Inclusiva.\u00a0<\/span><\/div>\n<\/div>\n<p><span style=\"color: #000000;\"><strong>OBJETIVO:<\/strong> Produzir materiais did\u00e1ticos, audiovisuais e jogos com conte\u00fados de matem\u00e1tica e ministrar oficinas em diferentes contextos que tenham uma perspectiva inclusiva (preferencialmente), com \u00eanfase na Educa\u00e7\u00e3o de Surdos sempre que poss\u00edvel, e abrangendo as \u00e1reas da Educa\u00e7\u00e3o Matem\u00e1tica e Educa\u00e7\u00e3o Matem\u00e1tica Inclusiva.\u00a0<\/span><\/p>\n<p><span style=\"color: #000000;\"><strong>RESULTADOS PARCIAIS:<\/strong>\u00a0<\/span><\/p>\n<p><span style=\"color: #000000;\">J\u00e1 foram realizadas 3 oficinas (at\u00e9 06\/abril) e outras j\u00e1 est\u00e3o agendadas com as escolas.<\/span><\/p>\n<p>&nbsp;<\/p>\n<p><span style=\"color: #000000;\"><strong>EQUIPE:<\/strong><\/span><\/p>\n<p style=\"padding-left: 40px;\"><span style=\"color: #000000;\"><strong>DOCENTES:<\/strong>\u00a0<\/span><\/p>\n<ul>\n<li style=\"list-style-type: none;\">\n<ul>\n<li><span style=\"color: #000000;\">Dra. Tha\u00eds Philipsen Gr\u00fctzmann [Coordenadora]<\/span><\/li>\n<li><span style=\"color: #000000;\">Dra. Tatiana Bolivar Lebedeff<\/span><\/li>\n<\/ul>\n<\/li>\n<\/ul>\n<p style=\"padding-left: 40px;\"><span style=\"color: #000000;\"><strong>DOUTORANDAS:<\/strong><\/span><\/p>\n<ol>\n<li style=\"list-style-type: none;\">\n<ol>\n<li><span style=\"color: #000000;\">Heniane Passos Aleixo (PPGEMAT &#8211; Turma 2026)<\/span><\/li>\n<li>J<span style=\"color: #000000;\">uliane Alves Ribeiro de Moura (PPGEMAT &#8211; Turma 2026)<\/span><\/li>\n<\/ol>\n<\/li>\n<\/ol>\n<ol>\n<li style=\"list-style-type: none;\"><strong style=\"color: #000000; text-align: justify;\">ACAD\u00caMICOS:<\/strong><\/li>\n<\/ol>\n<ol>\n<li style=\"list-style-type: none;\">\n<ol>\n<li><span style=\"color: #000000;\">Andriw Vieira Burkert [Cinema de Anima\u00e7\u00e3o] &#8211; At\u00e9 Ago\/2026<\/span><\/li>\n<li><span style=\"color: #000000;\">Camila \u00c1vila da Silva [Cinema e Audiovisual] &#8211; At\u00e9 Ago\/2026\u00a0<\/span><\/li>\n<li>Jack Martins Menezes [Cinema de Anima\u00e7\u00e3o] &#8211; <strong>Bolsista Extens\u00e3o<\/strong> &#8211; At\u00e9 Nov\/2026<\/li>\n<\/ol>\n<\/li>\n<\/ol>\n<p style=\"padding-left: 40px;\"><span style=\"color: #000000;\"><strong>EXTERNOS:<\/strong><\/span><\/p>\n<ol>\n<li style=\"list-style-type: none;\">\n<ol>\n<li><span style=\"color: #000000;\">Cl\u00e1udia Adriana Avila da Silva (PPGEMAT &#8211; Turma 2024)<\/span><\/li>\n<li><span style=\"color: #000000;\">Cristiane Winkel Elert (PPGEMAT &#8211; Turma 2022)<\/span><\/li>\n<li><span style=\"color: #000000;\">Magda Josieli Souza de <span style=\"font-size: 12pt;\">Souza (PPGEMAT &#8211; Turma 2023)<\/span><\/span><\/li>\n<li><span style=\"color: #000000; font-size: 12pt;\">Melissa Novack Oliveira Ribeiro (PPGEMAT &#8211; Turma 2019)<\/span><\/li>\n<\/ol>\n<\/li>\n<\/ol>\n","protected":false},"excerpt":{"rendered":"<p>O Projeto de Extens\u00e3o \u201cMathLibras \u2013 Ano VIII\u201d est\u00e1 vigente entre Fevereiro\u00a0 e Dezembro de 2026. RESUMO:\u00a0O Projeto de Extens\u00e3o &#8220;MathLibras &#8211; Ano VIII&#8221; \u00e9 uma continuidade dos Projetos de Extens\u00e3o &#8220;MathLibras &#8211; Ano 1&#8221; (c\u00f3digo 1688), &#8220;MathLibras &#8211; Ano II&#8221; (c\u00f3digo 2141),\u00a0 &#8220;MathLibras &#8211; Ano III&#8221; (c\u00f3digo 4068), &#8220;MathLibras &#8211; Ano IV&#8221; (c\u00f3digo 5297), [&hellip;]<\/p>\n","protected":false},"author":839,"featured_media":0,"parent":0,"menu_order":0,"comment_status":"closed","ping_status":"closed","template":"","meta":{"footnotes":""},"class_list":["post-1818","page","type-page","status-publish","hentry"],"_links":{"self":[{"href":"https:\/\/wp.ufpel.edu.br\/mathlibras\/wp-json\/wp\/v2\/pages\/1818","targetHints":{"allow":["GET"]}}],"collection":[{"href":"https:\/\/wp.ufpel.edu.br\/mathlibras\/wp-json\/wp\/v2\/pages"}],"about":[{"href":"https:\/\/wp.ufpel.edu.br\/mathlibras\/wp-json\/wp\/v2\/types\/page"}],"author":[{"embeddable":true,"href":"https:\/\/wp.ufpel.edu.br\/mathlibras\/wp-json\/wp\/v2\/users\/839"}],"replies":[{"embeddable":true,"href":"https:\/\/wp.ufpel.edu.br\/mathlibras\/wp-json\/wp\/v2\/comments?post=1818"}],"version-history":[{"count":3,"href":"https:\/\/wp.ufpel.edu.br\/mathlibras\/wp-json\/wp\/v2\/pages\/1818\/revisions"}],"predecessor-version":[{"id":1828,"href":"https:\/\/wp.ufpel.edu.br\/mathlibras\/wp-json\/wp\/v2\/pages\/1818\/revisions\/1828"}],"wp:attachment":[{"href":"https:\/\/wp.ufpel.edu.br\/mathlibras\/wp-json\/wp\/v2\/media?parent=1818"}],"curies":[{"name":"wp","href":"https:\/\/api.w.org\/{rel}","templated":true}]}}