{"id":1793,"date":"2026-03-30T17:40:10","date_gmt":"2026-03-30T20:40:10","guid":{"rendered":"https:\/\/wp.ufpel.edu.br\/mathlibras\/?page_id=1793"},"modified":"2026-04-15T14:55:39","modified_gmt":"2026-04-15T17:55:39","slug":"atividades-2026","status":"publish","type":"page","link":"https:\/\/wp.ufpel.edu.br\/mathlibras\/atividades-2026\/","title":{"rendered":"Atividades 2026"},"content":{"rendered":"<p style=\"text-align: center;\"><span style=\"color: #69150c; font-size: 24pt;\"><strong><em>&#8211; Atividades MathLibras<\/em> 2026 &#8211;<\/strong><\/span><\/p>\n<p>&nbsp;<\/p>\n<p><strong><span style=\"background-color: #b8b4b4; color: #000080; font-size: 18pt; font-family: 'comic sans ms', sans-serif;\">\u00a0Oficinas 4 e 5 MathLibras na Escola Machado de Assis &#8211; Tabuleiro 10 x 10\u00a0<\/span><\/strong><\/p>\n<p><span style=\"color: #000000;\"><strong>15 de abril de 2026<\/strong><\/span><\/p>\n<p><span style=\"color: #000000;\">No dia 15 de abril, a coordenadora do <em><strong>MathLibras<\/strong><\/em>, Profa. Tha\u00eds, juntamente com as Profas. Thaiana e Lucia, ministraram no per\u00edodo da manh\u00e3 e da tarde, respectivamente, as oficinas do MathLibras: \u201cTabuleiro 10 x 10 \u2013 Turma 5\u00baA\u201d e \u201cTabuleiro 10 x 10 \u2013 Turma 5\u00baB\u201d nas turmas do 5\u00ba ano da Escola Municipal de Ensino Fundamental Machado de Assis.<\/span><\/p>\n<p style=\"text-align: center;\"><img class=\"alignnone size-medium wp-image-1852\" src=\"https:\/\/wp.ufpel.edu.br\/mathlibras\/files\/2026\/04\/WhatsApp-Image-2026-04-15-at-14.36.30-1-316x400.jpeg\" alt=\"\" width=\"316\" height=\"400\" srcset=\"https:\/\/wp.ufpel.edu.br\/mathlibras\/files\/2026\/04\/WhatsApp-Image-2026-04-15-at-14.36.30-1-316x400.jpeg 316w, https:\/\/wp.ufpel.edu.br\/mathlibras\/files\/2026\/04\/WhatsApp-Image-2026-04-15-at-14.36.30-1-809x1024.jpeg 809w, https:\/\/wp.ufpel.edu.br\/mathlibras\/files\/2026\/04\/WhatsApp-Image-2026-04-15-at-14.36.30-1-768x973.jpeg 768w, https:\/\/wp.ufpel.edu.br\/mathlibras\/files\/2026\/04\/WhatsApp-Image-2026-04-15-at-14.36.30-1.jpeg 1134w\" sizes=\"(max-width: 316px) 100vw, 316px\" \/> <img class=\"alignnone size-medium wp-image-1851\" src=\"https:\/\/wp.ufpel.edu.br\/mathlibras\/files\/2026\/04\/WhatsApp-Image-2026-04-15-at-09.43.18-353x400.jpeg\" alt=\"\" width=\"353\" height=\"400\" srcset=\"https:\/\/wp.ufpel.edu.br\/mathlibras\/files\/2026\/04\/WhatsApp-Image-2026-04-15-at-09.43.18-353x400.jpeg 353w, https:\/\/wp.ufpel.edu.br\/mathlibras\/files\/2026\/04\/WhatsApp-Image-2026-04-15-at-09.43.18.jpeg 583w\" sizes=\"(max-width: 353px) 100vw, 353px\" \/><\/p>\n<p>&nbsp;<\/p>\n<p><strong><span style=\"background-color: #b8b4b4; color: #000080; font-size: 18pt; font-family: 'comic sans ms', sans-serif;\">\u00a0Oficinas 2 e 3 MathLibras no Col\u00e9gio Simon &#8211; Corrida do Material Dourado &#8211; 1\u00baA e 1\u00baB\u00a0<\/span><\/strong><\/p>\n<p><span style=\"color: #000000;\"><strong>06 de abril de 2026<\/strong><\/span><\/p>\n<p><span style=\"color: #000000;\">A coordenadora do <strong><em>MathLibras<\/em><\/strong>, Profa. Tha\u00eds, juntamente com as Profas. Alice (egressa do PPGEMAT\/UFPel) e Amanda, ministraram no per\u00edodo da tarde, as oficinas do <em><strong>MathLibras<\/strong>: \u201cCorrida do Material Dourado 2026 \u2013 1\u00baB\u201d e \u201cCorrida do Material Dourado 2026 \u2013 1\u00baA\u201d\u00a0<\/em>nas turmas do 1\u00ba ano A e B do Col\u00e9gio Sinodal Alfredo Simon. <\/span><\/p>\n<p style=\"text-align: center;\"><span style=\"color: #000000;\"><img class=\"alignnone size-medium wp-image-1809\" src=\"https:\/\/wp.ufpel.edu.br\/mathlibras\/files\/2026\/04\/WhatsApp-Image-2026-04-08-at-14.29.12-2-300x400.jpeg\" alt=\"\" width=\"300\" height=\"400\" srcset=\"https:\/\/wp.ufpel.edu.br\/mathlibras\/files\/2026\/04\/WhatsApp-Image-2026-04-08-at-14.29.12-2-300x400.jpeg 300w, https:\/\/wp.ufpel.edu.br\/mathlibras\/files\/2026\/04\/WhatsApp-Image-2026-04-08-at-14.29.12-2-768x1024.jpeg 768w, https:\/\/wp.ufpel.edu.br\/mathlibras\/files\/2026\/04\/WhatsApp-Image-2026-04-08-at-14.29.12-2-1152x1536.jpeg 1152w, https:\/\/wp.ufpel.edu.br\/mathlibras\/files\/2026\/04\/WhatsApp-Image-2026-04-08-at-14.29.12-2.jpeg 1200w\" sizes=\"(max-width: 300px) 100vw, 300px\" \/> <img class=\"alignnone size-medium wp-image-1808\" src=\"https:\/\/wp.ufpel.edu.br\/mathlibras\/files\/2026\/04\/2026_04_06-Simon-350x400.jpeg\" alt=\"\" width=\"350\" height=\"400\" srcset=\"https:\/\/wp.ufpel.edu.br\/mathlibras\/files\/2026\/04\/2026_04_06-Simon-350x400.jpeg 350w, https:\/\/wp.ufpel.edu.br\/mathlibras\/files\/2026\/04\/2026_04_06-Simon-768x877.jpeg 768w, https:\/\/wp.ufpel.edu.br\/mathlibras\/files\/2026\/04\/2026_04_06-Simon.jpeg 858w\" sizes=\"(max-width: 350px) 100vw, 350px\" \/><\/span><\/p>\n<p>&nbsp;<\/p>\n<p>&nbsp;<\/p>\n<p><strong><span style=\"background-color: #b8b4b4; color: #000080; font-size: 18pt; font-family: 'comic sans ms', sans-serif;\">\u00a0Oficina 1 MathLibras no Col\u00e9gio Simon &#8211; Corrida do Material Dourado &#8211; 1\u00baC\u00a0<\/span><\/strong><\/p>\n<p><span style=\"color: #000000;\"><strong>30 de mar\u00e7o de 2026<\/strong><\/span><\/p>\n<p><span style=\"color: #000000;\">A coordenadora do <strong><em>MathLibras<\/em><\/strong>, Profa. Tha\u00eds, juntamente com a Profa. Doutoranda Cristiane Winkel Elert (egressa do PPGEMAT\/UFPel), ministraram no per\u00edodo da tarde a oficina do <em><strong>MathLibras<\/strong>: \u201cCorrida do Material Dourado 2026 &#8211; 1\u00baC\u201d <\/em>na turma do 1\u00ba ano C do Col\u00e9gio Sinodal Alfredo Simon.\u00a0<\/span><\/p>\n<p><img class=\"alignnone size-medium wp-image-1801 aligncenter\" src=\"https:\/\/wp.ufpel.edu.br\/mathlibras\/files\/2026\/03\/WhatsApp-Image-2026-03-30-at-17.43.27-300x400.jpeg\" alt=\"\" width=\"300\" height=\"400\" srcset=\"https:\/\/wp.ufpel.edu.br\/mathlibras\/files\/2026\/03\/WhatsApp-Image-2026-03-30-at-17.43.27-300x400.jpeg 300w, https:\/\/wp.ufpel.edu.br\/mathlibras\/files\/2026\/03\/WhatsApp-Image-2026-03-30-at-17.43.27-768x1024.jpeg 768w, https:\/\/wp.ufpel.edu.br\/mathlibras\/files\/2026\/03\/WhatsApp-Image-2026-03-30-at-17.43.27-1152x1536.jpeg 1152w, https:\/\/wp.ufpel.edu.br\/mathlibras\/files\/2026\/03\/WhatsApp-Image-2026-03-30-at-17.43.27.jpeg 1200w\" sizes=\"(max-width: 300px) 100vw, 300px\" \/><\/p>\n","protected":false},"excerpt":{"rendered":"<p>&#8211; Atividades MathLibras 2026 &#8211; &nbsp; \u00a0Oficinas 4 e 5 MathLibras na Escola Machado de Assis &#8211; Tabuleiro 10 x 10\u00a0 15 de abril de 2026 No dia 15 de abril, a coordenadora do MathLibras, Profa. Tha\u00eds, juntamente com as Profas. Thaiana e Lucia, ministraram no per\u00edodo da manh\u00e3 e da tarde, respectivamente, as oficinas [&hellip;]<\/p>\n","protected":false},"author":839,"featured_media":0,"parent":0,"menu_order":0,"comment_status":"closed","ping_status":"closed","template":"","meta":{"footnotes":""},"class_list":["post-1793","page","type-page","status-publish","hentry"],"_links":{"self":[{"href":"https:\/\/wp.ufpel.edu.br\/mathlibras\/wp-json\/wp\/v2\/pages\/1793","targetHints":{"allow":["GET"]}}],"collection":[{"href":"https:\/\/wp.ufpel.edu.br\/mathlibras\/wp-json\/wp\/v2\/pages"}],"about":[{"href":"https:\/\/wp.ufpel.edu.br\/mathlibras\/wp-json\/wp\/v2\/types\/page"}],"author":[{"embeddable":true,"href":"https:\/\/wp.ufpel.edu.br\/mathlibras\/wp-json\/wp\/v2\/users\/839"}],"replies":[{"embeddable":true,"href":"https:\/\/wp.ufpel.edu.br\/mathlibras\/wp-json\/wp\/v2\/comments?post=1793"}],"version-history":[{"count":3,"href":"https:\/\/wp.ufpel.edu.br\/mathlibras\/wp-json\/wp\/v2\/pages\/1793\/revisions"}],"predecessor-version":[{"id":1856,"href":"https:\/\/wp.ufpel.edu.br\/mathlibras\/wp-json\/wp\/v2\/pages\/1793\/revisions\/1856"}],"wp:attachment":[{"href":"https:\/\/wp.ufpel.edu.br\/mathlibras\/wp-json\/wp\/v2\/media?parent=1793"}],"curies":[{"name":"wp","href":"https:\/\/api.w.org\/{rel}","templated":true}]}}