{"id":1608,"date":"2025-02-05T12:40:04","date_gmt":"2025-02-05T15:40:04","guid":{"rendered":"https:\/\/wp.ufpel.edu.br\/mathlibras\/?page_id=1608"},"modified":"2026-04-08T15:44:04","modified_gmt":"2026-04-08T18:44:04","slug":"publicacoes-2025","status":"publish","type":"page","link":"https:\/\/wp.ufpel.edu.br\/mathlibras\/publicacoes-2025\/","title":{"rendered":"Publica\u00e7\u00f5es 2025"},"content":{"rendered":"<p style=\"text-align: center;\"><span style=\"color: #000080;\"><strong><span style=\"font-size: 24pt;\">Publica\u00e7\u00f5es sobre o\u00a0<em>MathLibras<\/em> \u2013 2025 \u2013<\/span><\/strong><\/span><\/p>\n<p>&nbsp;<\/p>\n<p><span style=\"font-size: 14pt; color: #000080;\"><strong>Revista Internacional de Pesquisa em Educa\u00e7\u00e3o Matem\u00e1tica &#8211; RIPEM<\/strong><\/span><\/p>\n<p><span style=\"color: #000000;\"><strong>Artigo<\/strong>: <em><a style=\"color: #000000;\" href=\"https:\/\/www.sbembrasil.org.br\/periodicos\/index.php\/ripem\/article\/view\/3757\/2879\">Fra\u00e7\u00e3o pr\u00f3pria, impr\u00f3pria e aparente: uma an\u00e1lise da Gram\u00e1tica Visual dos v\u00eddeos do MathLibras<\/a><\/em><\/span><\/p>\n<p><span style=\"color: #000000;\"><strong>Autores<\/strong>: Tha\u00eds Philipsen Gr\u00fctzmann; Tatiana Bolivar Lebedeff<\/span><\/p>\n<p><span style=\"color: #000000;\">Bras\u00edlia, v. 14, n. 5, p. 1-21, dez. 2024 (Lattes 2025).<\/span><\/p>\n<p>&nbsp;<\/p>\n<p><span style=\"color: #000080; font-size: 14pt;\"><strong>Revista Transmutare\u00a0 \u2013 UTFPR\u00a0 <\/strong><\/span><\/p>\n<p><span style=\"color: #000000;\"><strong>A<span style=\"color: #000000;\">rtigo<\/span><\/strong>: <a style=\"color: #000000;\" href=\"https:\/\/periodicos.utfpr.edu.br\/rtr\/article\/view\/20136\"><em>Percep\u00e7\u00f5es sobre o YouTube: explorando canais que ensinam Matem\u00e1tica para surdos em uma perspectiva bil\u00edngue<\/em><\/a><\/span><\/p>\n<p><span style=\"color: #000000;\"><strong>Autores<\/strong>: Juliane Alves Ribeiro de Moura; Tha\u00eds Philipsen Gr\u00fctzmann<\/span><\/p>\n<p><span style=\"color: #000000;\">Curitiba, v. 10, e20136, p. 1-20, 2025.<\/span><\/p>\n<p>&nbsp;<\/p>\n<p><span style=\"font-size: 14pt;\"><strong><span style=\"color: #000080;\">INTERCOM: Revista Brasileira de Ci\u00eancias da Comunica\u00e7\u00e3o<\/span> <\/strong><\/span><\/p>\n<p><span style=\"color: #000000;\"><strong>Ar<span style=\"color: #000000;\">tigo<\/span><\/strong>: <a style=\"color: #000000;\" href=\"https:\/\/revistas.intercom.org.br\/index.php\/revistaintercom\/article\/view\/4752\/3334\"><em>A jornada do MathLibras: a evolu\u00e7\u00e3o dos roteiros das videoaulas do projeto<\/em><\/a><\/span><\/p>\n<p><span style=\"color: #000000;\"><strong>Autores<\/strong>: Tha\u00eds Philipsen Gr\u00fctzmann; Tatiana Bolivar Lebedeff; Gabriel Henrique Possignolo Gomes<\/span><\/p>\n<p><span style=\"color: #000000;\">S\u00e3o Paulo, v. 48, e2025103pt, 2025.<\/span><\/p>\n<p>&nbsp;<\/p>\n<p><span style=\"font-size: 14pt;\"><strong><span style=\"color: #000080;\">Revista Cocar &#8211; UEPA<\/span><\/strong><\/span><\/p>\n<p><span style=\"color: #000000;\"><strong>Artigo<\/strong>: <a style=\"color: #000000;\" href=\"https:\/\/periodicos.uepa.br\/index.php\/cocar\/article\/view\/9923\/4440\"><em>Sequ\u00eancia Did\u00e1tica sobre o v\u00eddeo Comparando Bonecas do MathLibras: a conversa inicial com crian\u00e7as surdas da Educa\u00e7\u00e3o Infantil <\/em><\/a><\/span><\/p>\n<p><span style=\"color: #000000;\"><strong>Autores<\/strong>: Tha\u00eds Philipsen Gr\u00fctzmann; Jo\u00e3o Carlos Pereira de Moraes<\/span><\/p>\n<p><span style=\"color: #000000;\">Par\u00e1, v. 23, n. 41, p. 1-20,\u00a0 2025.<\/span><\/p>\n<p>&nbsp;<\/p>\n<p><span style=\"font-size: 14pt;\"><strong><span style=\"color: #000080;\">Revista Linha Mestra<\/span><\/strong><\/span><\/p>\n<p><span style=\"color: #000000;\"><strong>Artigo<\/strong>: <a href=\"https:\/\/www.lm.alb.org.br\/index.php\/lm\/article\/view\/1644\/1368\"><em>Comparando velas: an\u00e1lise da Gram\u00e1tica Visual em um v\u00eddeo do projeto MathLibras da UFPel<\/em><\/a><\/span><\/p>\n<p><span style=\"color: #000000;\"><strong>Autores<\/strong>: Tha\u00eds Philipsen Gr\u00fctzmann; Tatiana Bolivar Lebedeff<\/span><\/p>\n<p><span style=\"color: #000000;\">Campinas, SP, v<\/span>. 19, n. 57, p.\u00a0176-193, set.\/dez. 2025.\u00a0ISSN 1980-9026.<\/p>\n<p>&nbsp;<\/p>\n<p><span style=\"color: #000080; font-size: 14pt;\"><strong>Cap\u00edtulo no E-book: \u201cPr\u00e1ticas pedag\u00f3gicas contempor\u00e2neas: vivendo metodologias inspiradoras\u201d<\/strong><\/span><\/p>\n<p><span style=\"color: #000000;\"><strong>Artigo<\/strong>: <a style=\"color: #000000;\" href=\"https:\/\/guaiaca.ufpel.edu.br\/bitstream\/handle\/prefix\/15619\/Pr%c3%a1ticas_pedag%c3%b3gicas_contempor%c3%a2neas_vivendo_metodologias_inspiradoras%5bEd.Ufpel%5d%5b2025%5df%20%281%29.pdf?sequence=5&amp;isAllowed=y\"><em>Inova\u00e7\u00e3o de v\u00eddeos em Libras e sua aplica\u00e7\u00e3o na Escola Especial Bil\u00edngue Professor Alfredo Dub: o MathLibras em a\u00e7\u00e3o<\/em><\/a><\/span><\/p>\n<p><span style=\"color: #000000;\"><strong>Autores<\/strong>: Tha\u00eds Philipsen Gr\u00fctzmann; Tatiana Bolivar Lebedeff; Gabriel Henrique Possignolo Gomes; Kelvin Wendel Bohn; M\u00f4nica Mendes Garcia; Joseane Maciel Viana<\/span><\/p>\n<p>&nbsp;<\/p>\n<p><span style=\"color: #000080; font-size: 14pt;\"><strong>Cap\u00edtulo no E-book: \u201cRecursos Did\u00e1ticos na Educa\u00e7\u00e3o de Surdos: produ\u00e7\u00e3o, desenvolvimento e pr\u00e1tica\u201d<\/strong><\/span><\/p>\n<p><span style=\"color: #000000;\"><strong>Artigo<\/strong>: <a href=\"https:\/\/lume.ufrgs.br\/bitstream\/handle\/10183\/294660\/001290949.pdf?sequence=1&amp;isAllowed=y\"><em>Material did\u00e1tico para surdos: uma conversa sobre o MathLibras<\/em><\/a><\/span><\/p>\n<p><span style=\"color: #000000;\"><strong>Autores<\/strong>: Tatiana Bolivar Lebedeff; Tha\u00eds Philipsen Gr\u00fctzmann; Oscar Raimundo dos Santos J\u00fanior<\/span><\/p>\n<p>&nbsp;<\/p>\n<p>&nbsp;<\/p>\n<p><span style=\"font-size: 14pt; color: #000080;\"><strong>11\u00ba Semana Integrada de Inova\u00e7\u00e3o, Ensino, Pesquisa e Extens\u00e3o da UFPel \u2013 SIIEPE<\/strong><\/span><\/p>\n<p><span style=\"color: #000080;\"><strong>20 a 24 de outubro \u2013 Pelotas\/RS<\/strong><\/span><\/p>\n<p><span style=\"color: #000080;\"><strong>XXXIV Congresso de Inicia\u00e7\u00e3o Cient\u00edfica \u2013 CIC\/SIIEPE<\/strong><\/span><\/p>\n<p><span style=\"color: #000000;\"><strong>Artigo<\/strong>: <a href=\"https:\/\/anais-siiepe.ufpel.edu.br\/2025\/MD_01307.pdf\">A<em>n\u00e1lise da gram\u00e1tica visual do v\u00eddeo 81 &#8211; prisma triangular do projeto MathLibras <\/em><\/a><\/span><\/p>\n<p><span style=\"color: #000000;\"><strong>Autores<\/strong>: Camila \u00c1vila da Silva; Andriw Vieira Burkert; Ruan Piedras da Silveira; Tatiana Bolivar Lebedeff; Tha\u00eds Philipsen Gr\u00fctzmann<\/span><\/p>\n<p>&nbsp;<\/p>\n<p><span style=\"color: #000000;\"><strong>Artigo<\/strong>: <a href=\"https:\/\/anais-siiepe.ufpel.edu.br\/2025\/MD_00835.pdf\"><em>A expressividade da anima\u00e7\u00e3o no MathLibras <\/em><\/a><\/span><\/p>\n<p><span style=\"color: #000000;\"><strong>Autores<\/strong>: Andriw Vieira Burkert; Ruan Piedras da Silveira; Camila \u00c1vila da Silva;\u00a0 Tatiana Bolivar Lebedeff; Tha\u00eds Philipsen Gr\u00fctzmann<\/span><\/p>\n<p>&nbsp;<\/p>\n<p><span style=\"color: #000000;\"><strong>Artigo<\/strong>: <a href=\"https:\/\/anais-siiepe.ufpel.edu.br\/2025\/MD_01080.pdf\"><em>Da marca \u00e0 interatividade: a import\u00e2ncia dos personagens Levi e Sara para o projeto MathLibras <\/em><\/a><\/span><\/p>\n<p><span style=\"color: #000000;\"><strong>Autores<\/strong>: Ruan Piedras da Silveira; Andriw Vieira Burkert;\u00a0 Camila \u00c1vila da Silva;\u00a0 Tatiana Bolivar Lebedeff; Tha\u00eds Philipsen Gr\u00fctzmann<\/span><\/p>\n<p>&nbsp;<\/p>\n<p><span style=\"color: #000080;\"><strong>XII Congresso de Extens\u00e3o e Cultura \u2013 CEC\/SIIEPE<\/strong><\/span><\/p>\n<p><span style=\"color: #000000;\"><strong>Artigo<\/strong>: <a href=\"https:\/\/anais-siiepe.ufpel.edu.br\/2025\/XE_01311.pdf\"><em>A inser\u00e7\u00e3o de elementos visuais nas videoaulas do projeto MathLibras <\/em><\/a><\/span><\/p>\n<p><span style=\"color: #000000;\"><strong>Autores<\/strong>: Camila \u00c1vila da Silva; Andriw Vieira Burkert; Ruan Piedras da Silveira; Tatiana Bolivar Lebedeff; Tha\u00eds Philipsen Gr\u00fctzmann<\/span><\/p>\n<p>&nbsp;<\/p>\n<p><span style=\"color: #000000;\"><strong>Artigo<\/strong>: <a href=\"https:\/\/anais-siiepe.ufpel.edu.br\/2025\/XE_01081.pdf\"><em>A adapta\u00e7\u00e3o de v\u00eddeos curtos para a ampliar o alcance do MathLibras <\/em><\/a><\/span><\/p>\n<p><span style=\"color: #000000;\"><strong>Autores<\/strong>: Ruan Piedras da Silveira; Camila \u00c1vila da Silva; Andriw Vieira Burkert;\u00a0 Tatiana Bolivar Lebedeff; Tha\u00eds Philipsen Gr\u00fctzmann<\/span><\/p>\n<p>&nbsp;<\/p>\n<p><span style=\"color: #000000;\"><strong>Artigo<\/strong>: <a href=\"https:\/\/anais-siiepe.ufpel.edu.br\/2025\/XE_00675.pdf\"><em>Oficina do MathLibras: contando com Abigail <\/em><\/a><\/span><\/p>\n<p><span style=\"color: #000000;\"><strong>Autores<\/strong>: Tha\u00eds Philipsen Gr\u00fctzmann; Cristiane Winkel Elert; Ruan Piedras da Silveira; Tatiana Bolivar Lebedeff<\/span><\/p>\n<p>&nbsp;<\/p>\n<p><span style=\"color: #000080;\"><strong>XI Congresso de Ensino de Gradua\u00e7\u00e3o \u2013 CEG\/SIIEPE<\/strong><\/span><\/p>\n<p><span style=\"color: #000000;\"><strong>Artigo<\/strong>:\u00a0<\/span><a href=\"https:\/\/anais-siiepe.ufpel.edu.br\/2025\/G3_01315.pdf\"><em>Interdisciplinida<span style=\"color: #000000;\">de em a\u00e7\u00e3o: aplica\u00e7\u00e3o da disciplina de Finaliza\u00e7\u00e3o no projeto MathLibras <\/span><\/em><\/a><\/p>\n<p><span style=\"color: #000000;\"><strong>Autores<\/strong>: Camila \u00c1vila da Silva; Andriw Vieira Burkert; Ruan Piedras da Silveira; Tatiana Bolivar Lebedeff; Tha\u00eds Philipsen Gr\u00fctzmann<\/span><\/p>\n<p>&nbsp;<\/p>\n<p><span style=\"color: #000000;\"><strong>Artigo<\/strong>: <a href=\"https:\/\/anais-siiepe.ufpel.edu.br\/2025\/G3_01352.pdf\"><em>Animando prismas no projeto MathLibras <\/em><\/a><\/span><\/p>\n<p><span style=\"color: #000000;\"><strong>Autores<\/strong>: Andriw Vieira Burkert; Ruan Piedras da Silveira; Camila \u00c1vila da Silva;\u00a0 Tatiana Bolivar Lebedeff; Tha\u00eds Philipsen Gr\u00fctzmann<\/span><\/p>\n<p>&nbsp;<\/p>\n<p><span style=\"color: #000000;\"><strong>Artigo<\/strong>:\u00a0<a href=\"https:\/\/anais-siiepe.ufpel.edu.br\/2025\/G3_01083.pdf\"><em>Visibilidade e algoritmos: tra\u00e7ando um paralelo entre os v\u00eddeos do MathLibras e o streaming <\/em><\/a><\/span><\/p>\n<p><span style=\"color: #000000;\"><strong>Autores<\/strong>: Ruan Piedras da Silveira; Camila \u00c1vila da Silva; Andriw Vieira Burkert; Tatiana Bolivar Lebedeff; Tha\u00eds Philipsen Gr\u00fctzmann<\/span><\/p>\n<p>&nbsp;<\/p>\n<p><span style=\"color: #000080;\"><strong>XXVII Encontro de P\u00f3s-Gradua\u00e7\u00e3o \u2013 ENP\u00d3S\/SIIEPE<\/strong><\/span><\/p>\n<p><span style=\"color: #000000;\"><strong>Artigo<\/strong>: <a href=\"https:\/\/anais-siiepe.ufpel.edu.br\/2025\/MD_01023.pdf\"><em>Aprendendo no YouTube: videoaulas de matem\u00e1tica na modalidade bil\u00edngue para crian\u00e7as surdas <\/em><\/a><\/span><\/p>\n<p><span style=\"color: #000000;\"><strong>Autores<\/strong>: Juliane Alves Ribeiro de Moura; Tha\u00eds Philipsen Gr\u00fctzmann<\/span><\/p>\n<p>&nbsp;<\/p>\n<p><span style=\"color: #000000;\"><strong>Artigo<\/strong>:\u00a0<a href=\"https:\/\/anais-siiepe.ufpel.edu.br\/2025\/MD_03120.pdf\"><em>As escolhas tradut\u00f3rias na produ\u00e7\u00e3o de dois v\u00eddeos sobre compara\u00e7\u00e3o do projeto MathLibras\u00a0<\/em><\/a><\/span><\/p>\n<p><span style=\"color: #000000;\"><strong>Autores<\/strong>: Monica Mendes Garcia; Tatiana Bolivar Lebedeff; Tha\u00eds Philipsen Gr\u00fctzmann<\/span><\/p>\n<p>&nbsp;<\/p>\n<p><span style=\"font-size: 14pt; color: #000080;\"><strong>II Encontro Rondoniense de Educa\u00e7\u00e3o Matem\u00e1tica (II EREM)<\/strong><\/span><\/p>\n<p><span style=\"color: #000080;\"><strong>17 de outubro \u2013 Online<\/strong><\/span><\/p>\n<p><span style=\"color: #000000;\"><strong>Artigo<\/strong>: <em><a href=\"https:\/\/www.even3.com.br\/anais\/erem2025\/1275767-producoes-do-projeto-mathlibras--videos-de-matematica-em-lingua-de-sinais\/\">Produ\u00e7\u00f5es do projeto MathLibras: v\u00eddeos de matem\u00e1tica em l\u00edngua de sinais<\/a>\u00a0<\/em><\/span><\/p>\n<p><span style=\"color: #000000;\"><strong>Autores<\/strong>: Tha\u00eds Philipsen Gr\u00fctzmann; Tatiana Bolivar Lebedeff; Camila \u00c1vila da Silva; Andriw Vieira Burkert; Ruan Piedras da Silveira<\/span><\/p>\n<p>&nbsp;<\/p>\n<p><span style=\"font-size: 14pt; color: #000080;\"><strong>24\u00ba Congresso Internacional e 30\u00ba Semin\u00e1rio Nacional do Instituto Nacional de Educa\u00e7\u00e3o de Surdos &#8211; COINES<\/strong><\/span><\/p>\n<p><span style=\"color: #000080;\"><strong>24 a 26 de setembro \u2013 Rio de Janeiro\/RJ<\/strong><\/span><\/p>\n<p><span style=\"color: #000000;\"><strong>Artigo<\/strong>: <a href=\"https:\/\/www.gov.br\/ines\/pt-br\/ciencia-e-tecnologia\/coines\/mais-sobre-o-coines-2025\/copy_of_ComunicaesPublicadas.pdf\"><em>Acessibilidade lingu\u00edstica nos v\u00eddeos do MathLibras<\/em><\/a><em>\u00a0<\/em><\/span><\/p>\n<p><span style=\"color: #000000;\"><strong>Autores<\/strong>: Tha\u00eds Philipsen Gr\u00fctzmann; Tatiana Bolivar Lebedeff; Juliane Alves Ribeiro de Moura<\/span><\/p>\n<p>&nbsp;<\/p>\n<p><span style=\"color: #000000;\"><strong>Artigo<\/strong>: <a href=\"https:\/\/www.gov.br\/ines\/pt-br\/ciencia-e-tecnologia\/coines\/mais-sobre-o-coines-2025\/copy_of_ComunicaesPublicadas.pdf\"><em>Acessibilidade no YouTube: videoaulas de matem\u00e1tica em Libras para os anos iniciais<\/em><\/a><\/span><\/p>\n<p><span style=\"color: #000000;\"><strong>Autores<\/strong>: Juliane Alves Ribeiro de Moura; Tha\u00eds Philipsen Gr\u00fctzmann; Tatiana Bolivar Lebedeff<\/span><\/p>\n","protected":false},"excerpt":{"rendered":"<p>Publica\u00e7\u00f5es sobre o\u00a0MathLibras \u2013 2025 \u2013 &nbsp; Revista Internacional de Pesquisa em Educa\u00e7\u00e3o Matem\u00e1tica &#8211; RIPEM Artigo: Fra\u00e7\u00e3o pr\u00f3pria, impr\u00f3pria e aparente: uma an\u00e1lise da Gram\u00e1tica Visual dos v\u00eddeos do MathLibras Autores: Tha\u00eds Philipsen Gr\u00fctzmann; Tatiana Bolivar Lebedeff Bras\u00edlia, v. 14, n. 5, p. 1-21, dez. 2024 (Lattes 2025). &nbsp; Revista Transmutare\u00a0 \u2013 UTFPR\u00a0 Artigo: [&hellip;]<\/p>\n","protected":false},"author":839,"featured_media":0,"parent":0,"menu_order":0,"comment_status":"closed","ping_status":"closed","template":"","meta":{"footnotes":""},"class_list":["post-1608","page","type-page","status-publish","hentry"],"_links":{"self":[{"href":"https:\/\/wp.ufpel.edu.br\/mathlibras\/wp-json\/wp\/v2\/pages\/1608","targetHints":{"allow":["GET"]}}],"collection":[{"href":"https:\/\/wp.ufpel.edu.br\/mathlibras\/wp-json\/wp\/v2\/pages"}],"about":[{"href":"https:\/\/wp.ufpel.edu.br\/mathlibras\/wp-json\/wp\/v2\/types\/page"}],"author":[{"embeddable":true,"href":"https:\/\/wp.ufpel.edu.br\/mathlibras\/wp-json\/wp\/v2\/users\/839"}],"replies":[{"embeddable":true,"href":"https:\/\/wp.ufpel.edu.br\/mathlibras\/wp-json\/wp\/v2\/comments?post=1608"}],"version-history":[{"count":4,"href":"https:\/\/wp.ufpel.edu.br\/mathlibras\/wp-json\/wp\/v2\/pages\/1608\/revisions"}],"predecessor-version":[{"id":1815,"href":"https:\/\/wp.ufpel.edu.br\/mathlibras\/wp-json\/wp\/v2\/pages\/1608\/revisions\/1815"}],"wp:attachment":[{"href":"https:\/\/wp.ufpel.edu.br\/mathlibras\/wp-json\/wp\/v2\/media?parent=1608"}],"curies":[{"name":"wp","href":"https:\/\/api.w.org\/{rel}","templated":true}]}}