{"id":1376,"date":"2024-04-03T16:08:14","date_gmt":"2024-04-03T19:08:14","guid":{"rendered":"https:\/\/wp.ufpel.edu.br\/mathlibras\/?page_id=1376"},"modified":"2025-05-23T20:49:43","modified_gmt":"2025-05-23T23:49:43","slug":"publicacoes-2024","status":"publish","type":"page","link":"https:\/\/wp.ufpel.edu.br\/mathlibras\/publicacoes-2024\/","title":{"rendered":"Publica\u00e7\u00f5es 2024"},"content":{"rendered":"<p style=\"text-align: center;\"><span style=\"font-size: 24pt; color: #000080;\"><strong>Publica\u00e7\u00f5es sobre o\u00a0<em>MathLibras<\/em> \u2013 2024 \u2013<\/strong><\/span><\/p>\n<p>&nbsp;<\/p>\n<p><span style=\"color: #000080; font-size: 14pt;\"><strong>Revista ANIMUS &#8211; Revista Interamericana de Comunica\u00e7\u00e3o Midi\u00e1tica<\/strong><\/span><\/p>\n<p><strong>Arti<span style=\"color: #000000;\">go<\/span><\/strong><span style=\"color: #000000;\">: <a href=\"https:\/\/periodicos.ufsm.br\/animus\/article\/view\/74936\"><em>A narrativa da imagem e a did\u00e1tica da frontalidade: o exemplo do MathLibras<\/em><\/a>\u00a0<\/span><\/p>\n<p><span style=\"color: #000000;\"><strong>Autores<\/strong>: Tha\u00eds Philipsen Gr\u00fctzmann; Adryan Chaves Copello; Tatiana Bolivar Lebedeff<\/span><\/p>\n<p><span style=\"color: #000000;\">Santa Maria, v. 23, n. 51, e023003, 2024.<\/span><\/p>\n<p><span style=\"color: #000000;\">DOI: https:\/\/doi.org\/10.5902\/2175497774936<\/span><\/p>\n<p>&nbsp;<\/p>\n<p><span style=\"color: #000080; font-size: 14pt;\"><strong>Revista Espa\u00e7o &#8211; INES<\/strong><\/span><\/p>\n<p><strong>Arti<span style=\"color: #000000;\">go<\/span><\/strong><span style=\"color: #000000;\">: <a href=\"https:\/\/seer.ines.gov.br\/index.php\/revista-espaco\/article\/view\/1854\/1782\"><em>Ensino de Matem\u00e1tica para surdos nos Anos Iniciais: estrat\u00e9gias bil\u00edngues e visuais a partir da proposta do MathLibras<\/em>\u00a0<\/a><\/span><\/p>\n<p><span style=\"color: #000000;\"><strong>Autores<\/strong>: Tatiana Bolivar Lebedeff; Tha\u00eds Philipsen Gr\u00fctzmann<\/span><\/p>\n<p><span style=\"color: #000000;\">Rio de Janeiro, n. 61, p. 26-38, jul-dez\/2024.<\/span><\/p>\n<p>&nbsp;<\/p>\n<p>&nbsp;<\/p>\n<p><span style=\"color: #000080; font-size: 14pt;\"><strong>4\u00ba CONLUBRA &#8211; Congresso Luso-Brasileiro de Educa\u00e7\u00e3o Inclusiva\u00a0<\/strong><\/span><\/p>\n<p><span style=\"color: #000080;\"><strong>21 a 23 de agosto &#8211; Pelotas\/RS<\/strong><\/span><\/p>\n<p><span style=\"color: #000000;\"><strong>Artigo<\/strong>: <em>Um pouco sobre a hist\u00f3ria do projeto MathLibras<\/em><\/span><\/p>\n<p><span style=\"color: #000000;\"><strong>Autores<\/strong>: Tha\u00eds Philipsen Gr\u00fctzmann; Tatiana Bolivar Lebedeff; Gabriel Henrique Possignolo Gomes; Kelvin Wendel Bohn; M\u00f4nica Mendes Garcia<\/span><\/p>\n<p>&nbsp;<\/p>\n<p><span style=\"color: #000000;\"><strong>Artigo<\/strong>: <em>A corrida do Material Dourado no 1\u00ba ano C: a\u00e7\u00e3o de extens\u00e3o do MathLibras em 2024 <\/em><\/span><\/p>\n<p><span style=\"color: #000000;\"><strong>Autores<\/strong>: Tha\u00eds Philipsen Gr\u00fctzmann; Cristiane Winkel Elert; Alice Carina Venzke Redmer; Gabriel Henrique Possignolo Gomes; Kelvin Wendel Bohn; M\u00f4nica Mendes Garcia<\/span><\/p>\n<p>&nbsp;<\/p>\n<p><span style=\"color: #000080; font-size: 14pt;\"><strong>VIII Festival de V\u00eddeos Digitais e Educa\u00e7\u00e3o Matem\u00e1tica\u00a0<\/strong><\/span><\/p>\n<p><span style=\"color: #000080;\"><strong>30 e 31 de agosto &#8211; Pelotas\/RS<\/strong><\/span><\/p>\n<p><span style=\"color: #000000;\"><strong>V\u00eddeo<\/strong>: <em><a href=\"https:\/\/www.youtube.com\/watch?v=2_-vvTWV8g4&amp;list=PLiBUAR5Cdi634iIp4e2_YZxJ1d8r1djoZ&amp;index=4\">Voc\u00ea conhece o Cubo?<\/a><\/em><\/span><\/p>\n<p><span style=\"color: #000000;\"><strong>Autores<\/strong>: Tha\u00eds Philipsen Gr\u00fctzmann; Daniel Lopes Romeu; Tatiana Bolivar Lebedeff; Gabriel Henrique Possignolo Gomes; Kelvin Wendel Bohn; M\u00f4nica Mendes Garcia; Ivana Gomes da Silva, Joseane Maciel Viana; Nat\u00e1lia Vieira Pereira; Therena da Luz Obelheiro<\/span><\/p>\n<p><span style=\"color: #0000ff;\">\u00a0 \u00a0 \u00a0 \u00a0 \u00a0 * V\u00eddeo premiado na categoria <strong>Comunidade em Geral<\/strong>.<\/span><\/p>\n<p>&nbsp;<\/p>\n<p><span style=\"color: #000080; font-size: 14pt;\"><strong>10\u00ba Semana Integrada de Inova\u00e7\u00e3o, Ensino, Pesquisa e Extens\u00e3o da UFPel \u2013 SIIEPE<\/strong><\/span><\/p>\n<p><span style=\"color: #000080;\"><strong>25 a 29 de novembro &#8211; Pelotas\/RS<\/strong><\/span><\/p>\n<p><span style=\"color: #000080;\"><strong>XXXIII Congresso de Inicia\u00e7\u00e3o Cient\u00edfica \u2013 CIC\/SIIEPE<\/strong><\/span><\/p>\n<p><span style=\"color: #000000;\"><strong>Artigo<\/strong>: <a href=\"https:\/\/cti.ufpel.edu.br\/siepe\/arquivos\/2024\/MD_01847.pdf\"><em>Nos moldes do desafio: uma an\u00e1lise da estrutura e produ\u00e7\u00e3o em s\u00e9rie de v\u00eddeos de exerc\u00edcios matem\u00e1ticos no projeto MathLibras<\/em><\/a><\/span><\/p>\n<p><span style=\"color: #000000;\"><strong>Autores<\/strong>: Gabriel Henrique Possignolo Gomes; Kelvin Wendel Bohn; Andriw Vieira Burkert; Ruan Piedras da Silveira; Tatiana Bolivar Lebedeff; Tha\u00eds Philipsen Gr\u00fctzmann<\/span><\/p>\n<p>&nbsp;<\/p>\n<p><span style=\"color: #000000;\"><strong>Artigo<\/strong>: <a href=\"https:\/\/cti.ufpel.edu.br\/siepe\/arquivos\/2024\/MD_01714.pdf\"><em>A gram\u00e1tica visual do v\u00eddeo \u201cLeitura de Fra\u00e7\u00f5es 1\u201d do projeto MathLibras<\/em><\/a><\/span><\/p>\n<p><span style=\"color: #000000;\"><strong>Autores<\/strong>: Kelvin Wendel Bohn; Gabriel Henrique Possignolo Gomes; Andriw Vieira Burkert; Ruan Piedras da Silveira; Tatiana Bolivar Lebedeff; Tha\u00eds Philipsen Gr\u00fctzmann<\/span><\/p>\n<p>&nbsp;<\/p>\n<p><span style=\"color: #000000;\"><strong>Artigo<\/strong>: <em><a href=\"https:\/\/cti.ufpel.edu.br\/siepe\/arquivos\/2024\/MD_02127.pdf\">A constru\u00e7\u00e3o do design de personagem para ilustra\u00e7\u00e3o no MathLibras<\/a>\u00a0<\/em><\/span><\/p>\n<p><span style=\"color: #000000;\"><strong>Autores<\/strong>: Ruan Piedras da Silveira; Kelvin Wendel Bohn; Gabriel Henrique Possignolo Gomes; Andriw Vieira Burkert; Tatiana Bolivar Lebedeff; Tha\u00eds Philipsen Gr\u00fctzmann<\/span><\/p>\n<p>&nbsp;<\/p>\n<p><span style=\"color: #000000;\"><strong>Artigo<\/strong>: <a href=\"https:\/\/cti.ufpel.edu.br\/siepe\/arquivos\/2024\/MD_03552.pdf\"><em>De volunt\u00e1ria \u00e0 atriz: a experi\u00eancia no MathLibras<\/em><\/a><\/span><\/p>\n<p><span style=\"color: #000000;\"><strong>Autores<\/strong>: Therena da Luz Obelheiro; Fl\u00e1via da Silva Schaun; Nat\u00e1lia Vieira Pereira; Tatiana Bolivar Lebedeff; Tha\u00eds Philipsen Gr\u00fctzmann<\/span><\/p>\n<p>&nbsp;<\/p>\n<p><span style=\"color: #000080;\"><strong>XI Congresso de Extens\u00e3o e Cultura \u2013 CEC\/SIIEPE<\/strong><\/span><\/p>\n<p><span style=\"color: #000000;\"><strong>Artigo<\/strong>: <em><a href=\"https:\/\/wp.ufpel.edu.br\/mathlibras\/files\/2025\/05\/2024-Anais-CEC-Educacao-Gabriel.pdf\">MathLibras online &#8211; a expans\u00e3o no projeto a partir do YouTube<\/a><\/em><\/span><\/p>\n<p><span style=\"color: #000000;\"><strong>Autores<\/strong>: Gabriel Henrique Possignolo Gomes; Kelvin Wendel Bohn; Andriw Vieira Burkert; Ruan Piedras da Silveira; Tatiana Bolivar Lebedeff; Tha\u00eds Philipsen Gr\u00fctzmann<\/span><\/p>\n<p>&nbsp;<\/p>\n<p><span style=\"color: #000000;\"><strong>Artigo<\/strong>: <em><a href=\"https:\/\/wp.ufpel.edu.br\/mathlibras\/files\/2025\/05\/2024-Anais-CEC-Educacao-Ruan.pdf\">Narrativa visual e processo criativo: a conta\u00e7\u00e3o de hist\u00f3rias por meio de imagens<\/a><\/em><\/span><\/p>\n<p><span style=\"color: #000000;\"><strong>Autores<\/strong>: Ruan Piedras da Silveira; Gabriel Henrique Possignolo Gomes; Kelvin Wendel Bohn; Andriw Vieira Burkert; Tatiana Bolivar Lebedeff; Tha\u00eds Philipsen Gr\u00fctzmann<\/span><\/p>\n<p>&nbsp;<\/p>\n<p><span style=\"color: #000000;\"><strong>Artigo<\/strong>: <em><a href=\"https:\/\/wp.ufpel.edu.br\/mathlibras\/files\/2025\/05\/2024-Anais-CEC-Educacao-Andriw.pdf\">Animado a comunica\u00e7\u00e3o em Libras no MathLibras<\/a><\/em><\/span><\/p>\n<p><span style=\"color: #000000;\"><strong>Autores<\/strong>: Andriw Vieira Burkert; Gabriel Henrique Possignolo Gomes; Kelvin Wendel Bohn; Ruan Piedras da Silveira; Tatiana Bolivar Lebedeff; Tha\u00eds Philipsen Gr\u00fctzmann<\/span><\/p>\n<p>&nbsp;<\/p>\n<p><span style=\"color: #000080;\"><strong>X Congresso de Ensino de Gradua\u00e7\u00e3o \u2013 CEG\/SIIEPE<\/strong><\/span><\/p>\n<p><strong>Artigo<\/strong>: <em><a href=\"https:\/\/cti.ufpel.edu.br\/siiepe\/arquivos\/2024\/G3_01848.pdf\">Colorindo o gloss\u00e1rio: aplica\u00e7\u00e3o de Color Grading nos v\u00eddeos do projeto MathLibras<\/a><\/em><\/p>\n<p><strong>Autores<\/strong>: Gabriel Henrique Possignolo Gomes; Kelvin Wendel Bohn; Andriw Vieira Burkert; Ruan Piedras da Silveira; Tatiana Bolivar Lebedeff; Tha\u00eds Philipsen Gr\u00fctzmann<\/p>\n<p>&nbsp;<\/p>\n<p><span style=\"color: #000000;\"><strong>Artigo<\/strong>: <em><a href=\"https:\/\/cti.ufpel.edu.br\/siiepe\/arquivos\/2024\/G3_02124.pdf\">Narrativa visual e composi\u00e7\u00e3o: ilustra\u00e7\u00e3o da girafa para conta\u00e7\u00e3o de hist\u00f3rias<\/a><\/em><\/span><\/p>\n<p><span style=\"color: #000000;\"><strong>Autores<\/strong>: Ruan Piedras da Silveira; Gabriel Henrique Possignolo Gomes; Kelvin Wendel Bohn; Andriw Vieira Burkert; Tatiana Bolivar Lebedeff; Tha\u00eds Philipsen Gr\u00fctzmann<\/span><\/p>\n<p>&nbsp;<\/p>\n<p><span style=\"color: #000080;\"><strong>XXVI Encontro de P\u00f3s-Gradua\u00e7\u00e3o \u2013 ENP\u00d3S\/SIIEPE<\/strong><\/span><\/p>\n<p><span style=\"color: #000000;\"><strong>Artigo<\/strong>: <em><a href=\"https:\/\/cti.ufpel.edu.br\/siiepe\/arquivos\/2024\/LA_02903.pdf\">An\u00e1lise tradut\u00f3ria no projeto MathLibras<\/a><\/em><\/span><\/p>\n<p><span style=\"color: #000000;\"><strong>Autores<\/strong>: M\u00f4nica Mendes Garcia; Tatiana Bolivar Lebedeff; Tha\u00eds Philipsen Gr\u00fctzmann<\/span><\/p>\n<p>&nbsp;<\/p>\n<p><span style=\"color: #000000;\"><strong>Artigo<\/strong>: <em><a href=\"https:\/\/cti.ufpel.edu.br\/siiepe\/arquivos\/2024\/MD_02271.pdf\">Panorama sobre o ensino de matem\u00e1tica em Libras no YouTube<\/a><\/em><\/span><\/p>\n<p><span style=\"color: #000000;\"><strong>Autores<\/strong>: Juliane Alves Ribeiro de Moura; Tha\u00eds Philipsen Gr\u00fctzmann<\/span><\/p>\n<p>&nbsp;<\/p>\n<p><span style=\"color: #000080; font-size: 14pt;\"><strong>7\u00ba JEL &#8211; Jornada de Estudos da Linguagem &#8211; UFPel<\/strong><\/span><\/p>\n<p><span style=\"color: #000080;\"><strong>03 a 05 de dezembro &#8211; Pelotas\/RS<\/strong><\/span><\/p>\n<p><span style=\"color: #000000;\"><strong>Artigo<\/strong>: <a href=\"https:\/\/wp.ufpel.edu.br\/mathlibras\/files\/2025\/05\/ANAIS-DA-7-JEL-MONICA.pdf\"><em>Tradu\u00e7\u00e3o no projeto MathLibras: a import\u00e2ncia da rela\u00e7\u00e3o entre o Portugu\u00eas e a Libras <\/em><\/a><\/span><\/p>\n<p><span style=\"color: #000000;\"><strong>Autores<\/strong>: M\u00f4nica Mendes Garcia; Tha\u00eds Philipsen Gr\u00fctzmann<\/span><\/p>\n<p>&nbsp;<\/p>\n<p><span style=\"color: #000000;\"><strong>Artigo<\/strong>: <a href=\"https:\/\/wp.ufpel.edu.br\/mathlibras\/files\/2025\/05\/ANAIS-DA-7-JEL-THAIS.pdf\"><em>A literatura infantil e o MathLibras: uma primeira aproxima\u00e7\u00e3o<\/em><\/a><\/span><\/p>\n<p><span style=\"color: #000000;\"><strong>Autores<\/strong>: Tha\u00eds Philipsen Gr\u00fctzmann; Tatiana Bolivar Lebedeff<\/span><\/p>\n<p>&nbsp;<\/p>\n","protected":false},"excerpt":{"rendered":"<p>Publica\u00e7\u00f5es sobre o\u00a0MathLibras \u2013 2024 \u2013 &nbsp; Revista ANIMUS &#8211; Revista Interamericana de Comunica\u00e7\u00e3o Midi\u00e1tica Artigo: A narrativa da imagem e a did\u00e1tica da frontalidade: o exemplo do MathLibras\u00a0 Autores: Tha\u00eds Philipsen Gr\u00fctzmann; Adryan Chaves Copello; Tatiana Bolivar Lebedeff Santa Maria, v. 23, n. 51, e023003, 2024. DOI: https:\/\/doi.org\/10.5902\/2175497774936 &nbsp; Revista Espa\u00e7o &#8211; INES Artigo: [&hellip;]<\/p>\n","protected":false},"author":839,"featured_media":0,"parent":0,"menu_order":0,"comment_status":"closed","ping_status":"closed","template":"","meta":{"footnotes":""},"class_list":["post-1376","page","type-page","status-publish","hentry"],"_links":{"self":[{"href":"https:\/\/wp.ufpel.edu.br\/mathlibras\/wp-json\/wp\/v2\/pages\/1376","targetHints":{"allow":["GET"]}}],"collection":[{"href":"https:\/\/wp.ufpel.edu.br\/mathlibras\/wp-json\/wp\/v2\/pages"}],"about":[{"href":"https:\/\/wp.ufpel.edu.br\/mathlibras\/wp-json\/wp\/v2\/types\/page"}],"author":[{"embeddable":true,"href":"https:\/\/wp.ufpel.edu.br\/mathlibras\/wp-json\/wp\/v2\/users\/839"}],"replies":[{"embeddable":true,"href":"https:\/\/wp.ufpel.edu.br\/mathlibras\/wp-json\/wp\/v2\/comments?post=1376"}],"version-history":[{"count":20,"href":"https:\/\/wp.ufpel.edu.br\/mathlibras\/wp-json\/wp\/v2\/pages\/1376\/revisions"}],"predecessor-version":[{"id":1654,"href":"https:\/\/wp.ufpel.edu.br\/mathlibras\/wp-json\/wp\/v2\/pages\/1376\/revisions\/1654"}],"wp:attachment":[{"href":"https:\/\/wp.ufpel.edu.br\/mathlibras\/wp-json\/wp\/v2\/media?parent=1376"}],"curies":[{"name":"wp","href":"https:\/\/api.w.org\/{rel}","templated":true}]}}