{"id":121,"date":"2018-04-10T15:34:46","date_gmt":"2018-04-10T18:34:46","guid":{"rendered":"https:\/\/wp.ufpel.edu.br\/mathlibras\/?page_id=121"},"modified":"2018-04-10T15:36:48","modified_gmt":"2018-04-10T18:36:48","slug":"ppgl","status":"publish","type":"page","link":"https:\/\/wp.ufpel.edu.br\/mathlibras\/ppgl\/","title":{"rendered":"PPGL"},"content":{"rendered":"<p><span style=\"font-size: 14pt;color: #000080\"><strong>Programa de P\u00f3s-Gradua\u00e7\u00e3o em Letras &#8211; PPGL &#8211; Mestrado Acad\u00eamico<\/strong><\/span><\/p>\n<p><span style=\"font-size: 14pt\"><strong>Site<\/strong>:\u00a0<a href=\"https:\/\/wp.ufpel.edu.br\/ppgl\/\">https:\/\/wp.ufpel.edu.br\/ppgl\/<\/a><\/span><\/p>\n","protected":false},"excerpt":{"rendered":"<p>Programa de P\u00f3s-Gradua\u00e7\u00e3o em Letras &#8211; PPGL &#8211; Mestrado Acad\u00eamico Site:\u00a0https:\/\/wp.ufpel.edu.br\/ppgl\/<\/p>\n","protected":false},"author":839,"featured_media":0,"parent":0,"menu_order":0,"comment_status":"closed","ping_status":"closed","template":"","meta":{"footnotes":""},"class_list":["post-121","page","type-page","status-publish","hentry"],"_links":{"self":[{"href":"https:\/\/wp.ufpel.edu.br\/mathlibras\/wp-json\/wp\/v2\/pages\/121","targetHints":{"allow":["GET"]}}],"collection":[{"href":"https:\/\/wp.ufpel.edu.br\/mathlibras\/wp-json\/wp\/v2\/pages"}],"about":[{"href":"https:\/\/wp.ufpel.edu.br\/mathlibras\/wp-json\/wp\/v2\/types\/page"}],"author":[{"embeddable":true,"href":"https:\/\/wp.ufpel.edu.br\/mathlibras\/wp-json\/wp\/v2\/users\/839"}],"replies":[{"embeddable":true,"href":"https:\/\/wp.ufpel.edu.br\/mathlibras\/wp-json\/wp\/v2\/comments?post=121"}],"version-history":[{"count":2,"href":"https:\/\/wp.ufpel.edu.br\/mathlibras\/wp-json\/wp\/v2\/pages\/121\/revisions"}],"predecessor-version":[{"id":128,"href":"https:\/\/wp.ufpel.edu.br\/mathlibras\/wp-json\/wp\/v2\/pages\/121\/revisions\/128"}],"wp:attachment":[{"href":"https:\/\/wp.ufpel.edu.br\/mathlibras\/wp-json\/wp\/v2\/media?parent=121"}],"curies":[{"name":"wp","href":"https:\/\/api.w.org\/{rel}","templated":true}]}}