{"id":102,"date":"2018-04-10T10:57:22","date_gmt":"2018-04-10T13:57:22","guid":{"rendered":"https:\/\/wp.ufpel.edu.br\/mathlibras\/?page_id=102"},"modified":"2025-08-05T19:46:18","modified_gmt":"2025-08-05T22:46:18","slug":"ppgemat","status":"publish","type":"page","link":"https:\/\/wp.ufpel.edu.br\/mathlibras\/ppgemat\/","title":{"rendered":"PPGEMAT"},"content":{"rendered":"<p><span style=\"color: #000080; font-size: 14pt;\"><strong>Programa de P\u00f3s-Gradua\u00e7\u00e3o em Educa\u00e7\u00e3o Matem\u00e1tica &#8211; Mestrado e Doutorado Acad\u00eamico<\/strong><\/span><\/p>\n<p><span style=\"font-size: 14pt;\"><strong>Site<\/strong>:\u00a0<a href=\"https:\/\/wp.ufpel.edu.br\/ppgemat\/\">https:\/\/wp.ufpel.edu.br\/ppgemat\/<\/a><\/span><\/p>\n<p><span style=\"font-size: 12pt;\"><strong>Endere\u00e7o<\/strong>: Campus Anglo &#8211; Rua Gomes Carneiro, 1 \u2013 Centro.\u00a0<\/span><span style=\"font-size: 12pt;\">Pelotas\/RS, CEP: 96010-610. Sala 306B.\u00a0<\/span><\/p>\n","protected":false},"excerpt":{"rendered":"<p>Programa de P\u00f3s-Gradua\u00e7\u00e3o em Educa\u00e7\u00e3o Matem\u00e1tica &#8211; Mestrado e Doutorado Acad\u00eamico Site:\u00a0https:\/\/wp.ufpel.edu.br\/ppgemat\/ Endere\u00e7o: Campus Anglo &#8211; Rua Gomes Carneiro, 1 \u2013 Centro.\u00a0Pelotas\/RS, CEP: 96010-610. Sala 306B.\u00a0<\/p>\n","protected":false},"author":839,"featured_media":0,"parent":0,"menu_order":0,"comment_status":"closed","ping_status":"closed","template":"","meta":{"footnotes":""},"class_list":["post-102","page","type-page","status-publish","hentry"],"_links":{"self":[{"href":"https:\/\/wp.ufpel.edu.br\/mathlibras\/wp-json\/wp\/v2\/pages\/102","targetHints":{"allow":["GET"]}}],"collection":[{"href":"https:\/\/wp.ufpel.edu.br\/mathlibras\/wp-json\/wp\/v2\/pages"}],"about":[{"href":"https:\/\/wp.ufpel.edu.br\/mathlibras\/wp-json\/wp\/v2\/types\/page"}],"author":[{"embeddable":true,"href":"https:\/\/wp.ufpel.edu.br\/mathlibras\/wp-json\/wp\/v2\/users\/839"}],"replies":[{"embeddable":true,"href":"https:\/\/wp.ufpel.edu.br\/mathlibras\/wp-json\/wp\/v2\/comments?post=102"}],"version-history":[{"count":8,"href":"https:\/\/wp.ufpel.edu.br\/mathlibras\/wp-json\/wp\/v2\/pages\/102\/revisions"}],"predecessor-version":[{"id":1722,"href":"https:\/\/wp.ufpel.edu.br\/mathlibras\/wp-json\/wp\/v2\/pages\/102\/revisions\/1722"}],"wp:attachment":[{"href":"https:\/\/wp.ufpel.edu.br\/mathlibras\/wp-json\/wp\/v2\/media?parent=102"}],"curies":[{"name":"wp","href":"https:\/\/api.w.org\/{rel}","templated":true}]}}