{"id":26,"date":"2011-03-30T12:01:02","date_gmt":"2011-03-30T15:01:02","guid":{"rendered":"https:\/\/wp.ufpel.edu.br\/mateusteixeira\/"},"modified":"2016-07-29T11:31:49","modified_gmt":"2016-07-29T14:31:49","slug":"disciplinas","status":"publish","type":"page","link":"https:\/\/wp.ufpel.edu.br\/mateusteixeira\/disciplinas\/","title":{"rendered":"Disciplinas"},"content":{"rendered":"<p>Aqui s\u00e3o apresentadas as disciplinas que est\u00e3o sendo ministradas no semestre corrente. Use o menu acima para acessar as informa\u00e7\u00f5es de cada disciplina.<\/p>\n","protected":false},"excerpt":{"rendered":"<p>Aqui s\u00e3o apresentadas as disciplinas que est\u00e3o sendo ministradas no semestre corrente. Use o menu acima para acessar as informa\u00e7\u00f5es de cada disciplina.<\/p>\n","protected":false},"author":98,"featured_media":0,"parent":0,"menu_order":0,"comment_status":"closed","ping_status":"closed","template":"","meta":{"footnotes":""},"class_list":["post-26","page","type-page","status-publish","hentry"],"publishpress_future_action":{"enabled":false,"date":"2026-04-22 18:38:35","action":"change-status","newStatus":"draft","terms":[],"taxonomy":"","extraData":[]},"publishpress_future_workflow_manual_trigger":{"enabledWorkflows":[]},"_links":{"self":[{"href":"https:\/\/wp.ufpel.edu.br\/mateusteixeira\/wp-json\/wp\/v2\/pages\/26","targetHints":{"allow":["GET"]}}],"collection":[{"href":"https:\/\/wp.ufpel.edu.br\/mateusteixeira\/wp-json\/wp\/v2\/pages"}],"about":[{"href":"https:\/\/wp.ufpel.edu.br\/mateusteixeira\/wp-json\/wp\/v2\/types\/page"}],"author":[{"embeddable":true,"href":"https:\/\/wp.ufpel.edu.br\/mateusteixeira\/wp-json\/wp\/v2\/users\/98"}],"replies":[{"embeddable":true,"href":"https:\/\/wp.ufpel.edu.br\/mateusteixeira\/wp-json\/wp\/v2\/comments?post=26"}],"version-history":[{"count":5,"href":"https:\/\/wp.ufpel.edu.br\/mateusteixeira\/wp-json\/wp\/v2\/pages\/26\/revisions"}],"predecessor-version":[{"id":968,"href":"https:\/\/wp.ufpel.edu.br\/mateusteixeira\/wp-json\/wp\/v2\/pages\/26\/revisions\/968"}],"wp:attachment":[{"href":"https:\/\/wp.ufpel.edu.br\/mateusteixeira\/wp-json\/wp\/v2\/media?parent=26"}],"curies":[{"name":"wp","href":"https:\/\/api.w.org\/{rel}","templated":true}]}}