{"id":2,"date":"2011-02-10T14:49:26","date_gmt":"2011-02-10T14:49:26","guid":{"rendered":"https:\/\/wp.ufpel.edu.br\/mateusteixeira\/?page_id=2"},"modified":"2011-06-27T13:02:10","modified_gmt":"2011-06-27T16:02:10","slug":"sobre","status":"publish","type":"page","link":"https:\/\/wp.ufpel.edu.br\/mateusteixeira\/sobre\/","title":{"rendered":"Sobre"},"content":{"rendered":"<p>Formei-me em Meteorologia, pela <a href=\"http:\/\/www.ufpel.edu.br\" target=\"_blank\">Universidade Federal de Pelotas<\/a> (UFPel), em 2002, ingressando na p\u00f3s-gradua\u00e7\u00e3o em Meteorologia do <a href=\"http:\/\/www.inpe.br\" target=\"_blank\">Instituto Nacional de Pesquisas Espaciais<\/a> (INPE) &#8211; localizado em S\u00e3o Jos\u00e9 dos Campos &#8211; neste mesmo ano, onde realizei os meus estudos de mestrado e doutorado, finalizando-os em 2004 e 2009, respectivamente.<\/p>\n<p>Os meus estudos de p\u00f3s-gradua\u00e7\u00e3o tiveram como foco principal a obten\u00e7\u00e3o de padr\u00f5es atmosf\u00e9ricos de escala sin\u00f3tica (mestrado e doutorado) e de mesoescala (doutorado) associados a eventos de chuva intensa nas regi\u00f5es sul (mestrado e doutorado) e sudeste (doutorado) do Brasil.<\/p>\n<p>Tenho pequena experi\u00eancia na \u00e1rea operacional da Meteorologia, tendo\u00a0 trabalhado como Meteorologista no <a href=\"http:\/\/www.ipmet.unesp.br\" target=\"_blank\">Instituto de Pesquisas Meteorol\u00f3gicas<\/a> (IPMet) da <a href=\"http:\/\/www.unesp.br\">Universidade Estadual Paulista<\/a> (UNESP) no per\u00edodo de setembro de 2007 a junho de 2010. Neste instituto, realizei atividades de previs\u00e3o de tempo, em especial, previs\u00e3o de tempestades, tendo como principal ferramenta de suporte o <a href=\"http:\/\/en.wikipedia.org\/wiki\/Weather_radar\" target=\"_blank\">Radar Meteorol\u00f3gico Doppler<\/a>. Al\u00e9m disso, participei de pesquisas relacionadas \u00e0 identifica\u00e7\u00e3o de ambientes atmosf\u00e9ricos prop\u00edcios \u00e0 forma\u00e7\u00e3o de tempestades sobre o estado de S\u00e3o Paulo.<\/p>\n<p>Atualmente, como docente da <a href=\"https:\/\/wp.ufpel.edu.br\/meteoro\/\" target=\"_blank\">Faculdade de Meteorologia<\/a> da UFPel, tenho ministrado disciplinas para os cursos de Geografia (Bacharelado) e Meteorologia. Ademais, realizo atividades de pesquisa em Climatologia e Meteorologia Sin\u00f3tica\/Din\u00e2mica, nas quais procuro envolver os alunos de gradua\u00e7\u00e3o do curso de Meteorologia.<\/p>\n<p>Curr\u00edculo Lattes: <a href=\"http:\/\/lattes.cnpq.br\/0531249234182600\">http:\/\/lattes.cnpq.br\/0531249234182600<\/a><\/p>\n","protected":false},"excerpt":{"rendered":"<p>Formei-me em Meteorologia, pela Universidade Federal de Pelotas (UFPel), em 2002, ingressando na p\u00f3s-gradua\u00e7\u00e3o em Meteorologia do Instituto Nacional de Pesquisas Espaciais (INPE) &#8211; localizado em S\u00e3o Jos\u00e9 dos Campos &#8211; neste mesmo ano, onde realizei os meus estudos de mestrado e doutorado, finalizando-os em 2004 e 2009, respectivamente. Os meus estudos de p\u00f3s-gradua\u00e7\u00e3o tiveram [&hellip;]<\/p>\n","protected":false},"author":98,"featured_media":0,"parent":0,"menu_order":0,"comment_status":"closed","ping_status":"open","template":"","meta":{"footnotes":""},"class_list":["post-2","page","type-page","status-publish","hentry"],"publishpress_future_action":{"enabled":false,"date":"2026-04-22 20:39:03","action":"change-status","newStatus":"draft","terms":[],"taxonomy":"","extraData":[]},"publishpress_future_workflow_manual_trigger":{"enabledWorkflows":[]},"_links":{"self":[{"href":"https:\/\/wp.ufpel.edu.br\/mateusteixeira\/wp-json\/wp\/v2\/pages\/2","targetHints":{"allow":["GET"]}}],"collection":[{"href":"https:\/\/wp.ufpel.edu.br\/mateusteixeira\/wp-json\/wp\/v2\/pages"}],"about":[{"href":"https:\/\/wp.ufpel.edu.br\/mateusteixeira\/wp-json\/wp\/v2\/types\/page"}],"author":[{"embeddable":true,"href":"https:\/\/wp.ufpel.edu.br\/mateusteixeira\/wp-json\/wp\/v2\/users\/98"}],"replies":[{"embeddable":true,"href":"https:\/\/wp.ufpel.edu.br\/mateusteixeira\/wp-json\/wp\/v2\/comments?post=2"}],"version-history":[{"count":6,"href":"https:\/\/wp.ufpel.edu.br\/mateusteixeira\/wp-json\/wp\/v2\/pages\/2\/revisions"}],"predecessor-version":[{"id":7,"href":"https:\/\/wp.ufpel.edu.br\/mateusteixeira\/wp-json\/wp\/v2\/pages\/2\/revisions\/7"}],"wp:attachment":[{"href":"https:\/\/wp.ufpel.edu.br\/mateusteixeira\/wp-json\/wp\/v2\/media?parent=2"}],"curies":[{"name":"wp","href":"https:\/\/api.w.org\/{rel}","templated":true}]}}