{"id":1861,"date":"2021-07-23T17:53:38","date_gmt":"2021-07-23T20:53:38","guid":{"rendered":"https:\/\/wp.ufpel.edu.br\/mateusteixeira\/?page_id=1861"},"modified":"2022-02-10T14:41:22","modified_gmt":"2022-02-10T17:41:22","slug":"informacoes-das-ofertas-do-curso-de-meteorologia","status":"publish","type":"page","link":"https:\/\/wp.ufpel.edu.br\/mateusteixeira\/comunicados-do-colegiado-do-curso-de-meteorologia\/informacoes-das-ofertas-do-curso-de-meteorologia\/","title":{"rendered":"Informa\u00e7\u00f5es das ofertas do Curso de Meteorologia &#8211; Semestre 2021\/2"},"content":{"rendered":"<p>Prezados estudantes do Curso de Meteorologia,<\/p>\n<p>Enviamos, recentemente, mensagem sobre o in\u00edcio deste semestre acad\u00eamico de 2021\/2 (ano civil 2022).<\/p>\n<p>Os hor\u00e1rios das disciplinas podem ser consultados <a href=\"https:\/\/wp.ufpel.edu.br\/mateusteixeira\/files\/2022\/02\/Hora\u0301rio-2021-2-1.pdf\">aqui<\/a>.<\/p>\n<p>As cores indicam:<\/p>\n<ul>\n<li><span style=\"background-color: #3366ff\">Azul<\/span>: disciplina ofertada pelo Departamento de Meteorologia<\/li>\n<li><span style=\"background-color: #ff0000\">Vermelho<\/span>: disciplina ofertada pelo Departamento de F\u00edsica ou Matem\u00e1tica ou Ecologia, Zoologia e Gen\u00e9tica<\/li>\n<li><span style=\"background-color: #99cc00\">Verde<\/span>: disciplina optativa<\/li>\n<\/ul>\n<p>Em caso de d\u00favidas, envie mensagem para o e-mail do Colegiado do Curso de Meteorologia: gradmet@ufpel.edu.br.<\/p>\n<p>Atenciosamente,<\/p>\n<p>Mateus da Silva Teixeira<\/p>\n<p>Coordenador do Curso de Meteorologia<\/p>\n","protected":false},"excerpt":{"rendered":"<p>Prezados estudantes do Curso de Meteorologia, Enviamos, recentemente, mensagem sobre o in\u00edcio deste semestre acad\u00eamico de 2021\/2 (ano civil 2022). Os hor\u00e1rios das disciplinas podem ser consultados aqui. As cores indicam: Azul: disciplina ofertada pelo Departamento de Meteorologia Vermelho: disciplina ofertada pelo Departamento de F\u00edsica ou Matem\u00e1tica ou Ecologia, Zoologia e Gen\u00e9tica Verde: disciplina optativa [&hellip;]<\/p>\n","protected":false},"author":98,"featured_media":0,"parent":1857,"menu_order":0,"comment_status":"closed","ping_status":"closed","template":"","meta":{"footnotes":""},"class_list":["post-1861","page","type-page","status-publish","hentry"],"publishpress_future_action":{"enabled":false,"date":"2026-04-23 01:54:08","action":"change-status","newStatus":"draft","terms":[],"taxonomy":"","extraData":[]},"publishpress_future_workflow_manual_trigger":{"enabledWorkflows":[]},"_links":{"self":[{"href":"https:\/\/wp.ufpel.edu.br\/mateusteixeira\/wp-json\/wp\/v2\/pages\/1861","targetHints":{"allow":["GET"]}}],"collection":[{"href":"https:\/\/wp.ufpel.edu.br\/mateusteixeira\/wp-json\/wp\/v2\/pages"}],"about":[{"href":"https:\/\/wp.ufpel.edu.br\/mateusteixeira\/wp-json\/wp\/v2\/types\/page"}],"author":[{"embeddable":true,"href":"https:\/\/wp.ufpel.edu.br\/mateusteixeira\/wp-json\/wp\/v2\/users\/98"}],"replies":[{"embeddable":true,"href":"https:\/\/wp.ufpel.edu.br\/mateusteixeira\/wp-json\/wp\/v2\/comments?post=1861"}],"version-history":[{"count":10,"href":"https:\/\/wp.ufpel.edu.br\/mateusteixeira\/wp-json\/wp\/v2\/pages\/1861\/revisions"}],"predecessor-version":[{"id":1916,"href":"https:\/\/wp.ufpel.edu.br\/mateusteixeira\/wp-json\/wp\/v2\/pages\/1861\/revisions\/1916"}],"up":[{"embeddable":true,"href":"https:\/\/wp.ufpel.edu.br\/mateusteixeira\/wp-json\/wp\/v2\/pages\/1857"}],"wp:attachment":[{"href":"https:\/\/wp.ufpel.edu.br\/mateusteixeira\/wp-json\/wp\/v2\/media?parent=1861"}],"curies":[{"name":"wp","href":"https:\/\/api.w.org\/{rel}","templated":true}]}}