{"id":1837,"date":"2021-07-02T20:39:33","date_gmt":"2021-07-02T23:39:33","guid":{"rendered":"https:\/\/wp.ufpel.edu.br\/mateusteixeira\/?page_id=1837"},"modified":"2021-12-03T17:42:09","modified_gmt":"2021-12-03T20:42:09","slug":"curso-de-meteorologia-basica-e-uso-de-informacoes-meteorologicas","status":"publish","type":"page","link":"https:\/\/wp.ufpel.edu.br\/mateusteixeira\/curso-de-meteorologia-basica-e-uso-de-informacoes-meteorologicas\/","title":{"rendered":"Curso de Meteorologia B\u00e1sica e Uso de Informa\u00e7\u00f5es Meteorol\u00f3gicas &#8211; segunda turma 2021"},"content":{"rendered":"<div class=\"page\" title=\"Page 1\">\n<div class=\"layoutArea\">\n<div class=\"column\">\n<p>As informac\u0327o\u0303es meteorolo\u0301gicas, tanto diagno\u0301sticas quanto progno\u0301sticas encontram-se disponi\u0301veis a\u0300 comunidade em geral em diversos si\u0301tios da Internet. Entretanto, a alta disponibilidade de informac\u0327a\u0303o na\u0303o esta\u0301 ligada diretamente a uma facilidade de interpretac\u0327a\u0303o e aplicac\u0327a\u0303o. Isto impacta de maneira importante setores que dependem fortemente de informac\u0327o\u0303es do tempo. Desta forma, e\u0301 importante que as pessoas que necessitem dessas informac\u0327o\u0303es tenham um conhecimento ba\u0301sico a respeito delas, inclusive de suas limitac\u0327o\u0303es.<\/p>\n<p>Os agentes que atuam na protec\u0327a\u0303o das pessoas, como Defesa Civil e Corpo de Bombeiros, por exemplo, precisam estar atualizados sobre as condic\u0327o\u0303es vindouras do tempo para planejar suas atividades.<\/p>\n<p>Com a preocupa\u00e7\u00e3o de colaborar com a comunidade, a Faculdade de Meteorologia vem oferecer um curso para fornecer conhecimentos b\u00e1sicos de Meteorologia e para apresentar os principais produtos meteorol\u00f3gicos dispon\u00edveis.<\/p>\n<p>Por meio desse curso prop\u00f5e-se, portanto,<\/p>\n<div class=\"page\" title=\"Page 1\">\n<div class=\"layoutArea\">\n<div class=\"column\">\n<ol>\n<li>Apresentar os principais sistemas meteorolo\u0301gicos que provocam mudanc\u0327a de tempo no estado do RS,<\/li>\n<li>Apresentar, resumidamente, os meios de observac\u0327a\u0303o da atmosfera,<\/li>\n<li>Apresentar os principais produtos e ferramentas meteorolo\u0301gicas disponi\u0301veis no Centro de Pesquisas e Previso\u0303es Meteorolo\u0301gicas da FMET\/UFPel;<\/li>\n<\/ol>\n<p>A primeira turma do curso ocorreu no dia 13\/08\/2021, e agora, a segunda turma ocorrer\u00e1 no dia <strong>03\/12\/2021<\/strong>.<\/p>\n<p>As vagas s\u00e3o <strong>limitadas em 50 participantes<\/strong> e aqueles que n\u00e3o participaram da primeira turma.<\/p>\n<p>As inscri\u00e7\u00f5es estar\u00e3o abertas de <strong>11 a 22\/11\/2021<\/strong>, ou at\u00e9 as vagas se esgotarem.<\/p>\n<p><span style=\"color: #ff0000\"><strong><span style=\"color: #000000\">INSCRI\u00c7\u00d5ES ENCERRADAS!<\/span><br \/>\n<\/strong><\/span><\/p>\n<p><span style=\"text-decoration: underline\">Em breve<\/span>, os inscritos receber\u00e3o uma confirma\u00e7\u00e3o da inscri\u00e7\u00e3o e maiores instru\u00e7\u00f5es para a participa\u00e7\u00e3o no curso.<\/p>\n<p>A programa\u00e7\u00e3o completa deste primeiro curso pode ser conferida <a href=\"https:\/\/wp.ufpel.edu.br\/mateusteixeira\/files\/2021\/11\/programacao_curso_metBasica_agentesProtCivil_divulgacao_turma02-1.pdf\">aqui<\/a>. Ele ocorrer\u00e1 de forma completamente remota.<\/p>\n<p>D\u00favidas poder\u00e3o ser enviadas para o e-mail <a href=\"mailto:mateus.teixeira@ufpel.edu.br\">mateus.teixeira@ufpel.edu.br<\/a>.<\/p>\n<p>Um bom curso a todos!<\/p>\n<\/div>\n<p>&nbsp;<\/p>\n<p><span style=\"text-decoration: underline\">Materiais do curso (slides das apresenta\u00e7\u00f5es)<\/span>:<\/p>\n<table style=\"border-collapse: collapse;width: 100%\" border=\"1\">\n<tbody>\n<tr>\n<td style=\"width: 60.8079%\"><strong>Palestra<\/strong><\/td>\n<td style=\"width: 39.1921%\"><strong>Prof. palestrante<\/strong><\/td>\n<\/tr>\n<tr>\n<td style=\"width: 60.8079%\"><a href=\"https:\/\/wp.ufpel.edu.br\/mateusteixeira\/files\/2021\/12\/Conceitos-ba\u0301sicos-de-meteorologia-e-climatologia_Graciela.pdf\">Conceitos b\u00e1sicos de meteorologia e climatologia<\/a><\/td>\n<td style=\"width: 39.1921%\">Graciela Redies Fischer<\/td>\n<\/tr>\n<tr>\n<td style=\"width: 60.8079%\"><a href=\"https:\/\/wp.ufpel.edu.br\/mateusteixeira\/files\/2021\/12\/Curso_Met_Basica_DefCivil_2021_Andre.pdf\">Sistemas e fen\u00f4menos meteorol\u00f3gicos observados na regi\u00e3o sul do Brasil<\/a><\/td>\n<td style=\"width: 39.1921%\">Andr\u00e9 Becker Nunes<\/td>\n<\/tr>\n<tr>\n<td style=\"width: 60.8079%\"><a href=\"https:\/\/wp.ufpel.edu.br\/mateusteixeira\/files\/2021\/12\/Curso_def_civil_estacoes_meteorologicas.pdf\">Esta\u00e7\u00f5es meteorol\u00f3gicas: convencionais e autom\u00e1ticas<\/a><\/td>\n<td style=\"width: 39.1921%\">Eliana Veleda Klering<\/td>\n<\/tr>\n<tr>\n<td style=\"width: 60.8079%\"><a href=\"https:\/\/wp.ufpel.edu.br\/mateusteixeira\/files\/2021\/12\/Satelites_Meteorologicos_curso_Met_Basica.pdf\">Sat\u00e9lites Meteorol\u00f3gicos<\/a><\/td>\n<td style=\"width: 39.1921%\">Mateus da Silva Teixeira<\/td>\n<\/tr>\n<tr>\n<td style=\"width: 60.8079%\"><a href=\"https:\/\/wp.ufpel.edu.br\/mateusteixeira\/files\/2021\/12\/Def_Civil_Dez2021_Calvetti.pdf\">Radares Meteorol\u00f3gicos<\/a><\/td>\n<td style=\"width: 39.1921%\">Leonardo Calvetti<\/td>\n<\/tr>\n<tr>\n<td style=\"width: 60.8079%\"><a href=\"https:\/\/wp.ufpel.edu.br\/mateusteixeira\/files\/2021\/12\/Aula_Defesa_civil_Final_Marcelo_Fabricio.pptx\">Previs\u00e3o Num\u00e9rica do Tempo<\/a><\/td>\n<td style=\"width: 39.1921%\">Marcelo F\u00e9lix Alonso\/Fabr\u00edcio Pereira Harter<\/td>\n<\/tr>\n<\/tbody>\n<\/table>\n<\/div>\n<\/div>\n<\/div>\n<\/div>\n<\/div>\n","protected":false},"excerpt":{"rendered":"<p>As informac\u0327o\u0303es meteorolo\u0301gicas, tanto diagno\u0301sticas quanto progno\u0301sticas encontram-se disponi\u0301veis a\u0300 comunidade em geral em diversos si\u0301tios da Internet. Entretanto, a alta disponibilidade de informac\u0327a\u0303o na\u0303o esta\u0301 ligada diretamente a uma facilidade de interpretac\u0327a\u0303o e aplicac\u0327a\u0303o. Isto impacta de maneira importante setores que dependem fortemente de informac\u0327o\u0303es do tempo. Desta forma, e\u0301 importante que as pessoas [&hellip;]<\/p>\n","protected":false},"author":98,"featured_media":0,"parent":0,"menu_order":0,"comment_status":"closed","ping_status":"closed","template":"","meta":{"footnotes":""},"class_list":["post-1837","page","type-page","status-publish","hentry"],"publishpress_future_action":{"enabled":false,"date":"2026-04-22 01:02:14","action":"change-status","newStatus":"draft","terms":[],"taxonomy":"","extraData":[]},"publishpress_future_workflow_manual_trigger":{"enabledWorkflows":[]},"_links":{"self":[{"href":"https:\/\/wp.ufpel.edu.br\/mateusteixeira\/wp-json\/wp\/v2\/pages\/1837","targetHints":{"allow":["GET"]}}],"collection":[{"href":"https:\/\/wp.ufpel.edu.br\/mateusteixeira\/wp-json\/wp\/v2\/pages"}],"about":[{"href":"https:\/\/wp.ufpel.edu.br\/mateusteixeira\/wp-json\/wp\/v2\/types\/page"}],"author":[{"embeddable":true,"href":"https:\/\/wp.ufpel.edu.br\/mateusteixeira\/wp-json\/wp\/v2\/users\/98"}],"replies":[{"embeddable":true,"href":"https:\/\/wp.ufpel.edu.br\/mateusteixeira\/wp-json\/wp\/v2\/comments?post=1837"}],"version-history":[{"count":23,"href":"https:\/\/wp.ufpel.edu.br\/mateusteixeira\/wp-json\/wp\/v2\/pages\/1837\/revisions"}],"predecessor-version":[{"id":1908,"href":"https:\/\/wp.ufpel.edu.br\/mateusteixeira\/wp-json\/wp\/v2\/pages\/1837\/revisions\/1908"}],"wp:attachment":[{"href":"https:\/\/wp.ufpel.edu.br\/mateusteixeira\/wp-json\/wp\/v2\/media?parent=1837"}],"curies":[{"name":"wp","href":"https:\/\/api.w.org\/{rel}","templated":true}]}}