{"id":9,"date":"2018-02-20T10:13:48","date_gmt":"2018-02-20T13:13:48","guid":{"rendered":"https:\/\/wp.ufpel.edu.br\/materiallibrasisf\/?page_id=9"},"modified":"2018-06-26T16:05:52","modified_gmt":"2018-06-26T19:05:52","slug":"material-libras-basico-i","status":"publish","type":"page","link":"https:\/\/wp.ufpel.edu.br\/materiallibrasisf\/material-libras-basico-i\/","title":{"rendered":"Material Libras B\u00e1sico I &#8211; T3 &#8211; 9:00 &#8211; 12:00"},"content":{"rendered":"<p><a href=\"https:\/\/wp.ufpel.edu.br\/materiallibrasisf\/files\/2018\/06\/Plano-de-ensino-LIBRAS-B\u00e1sico-1-Prof\u00aa-Nathaly-1.doc\">Plano de ensino &#8211; LIBRAS B\u00e1sico 1 &#8211; Prof\u00aa Nathaly<\/a><\/p>\n<p><a href=\"https:\/\/wp.ufpel.edu.br\/materiallibrasisf\/files\/2018\/06\/Aula-1-Esteri\u00f3tipos-sobre-a-LIBRAS.pptx\">Aula 1 &#8211; Esteri\u00f3tipos sobre a LIBRAS<\/a><\/p>\n<p><a href=\"https:\/\/wp.ufpel.edu.br\/materiallibrasisf\/files\/2018\/06\/Aula-1-Alfabeto-e-Sauda\u00e7\u00f5es.pptx\">Aula 1- Alfabeto e Sauda\u00e7\u00f5es<\/a><\/p>\n<p>&nbsp;<\/p>\n","protected":false},"excerpt":{"rendered":"<p>Plano de ensino &#8211; LIBRAS B\u00e1sico 1 &#8211; Prof\u00aa Nathaly Aula 1 &#8211; Esteri\u00f3tipos sobre a LIBRAS Aula 1- Alfabeto e Sauda\u00e7\u00f5es &nbsp;<\/p>\n","protected":false},"author":728,"featured_media":0,"parent":0,"menu_order":0,"comment_status":"closed","ping_status":"closed","template":"","meta":{"footnotes":""},"class_list":["post-9","page","type-page","status-publish","hentry"],"_links":{"self":[{"href":"https:\/\/wp.ufpel.edu.br\/materiallibrasisf\/wp-json\/wp\/v2\/pages\/9","targetHints":{"allow":["GET"]}}],"collection":[{"href":"https:\/\/wp.ufpel.edu.br\/materiallibrasisf\/wp-json\/wp\/v2\/pages"}],"about":[{"href":"https:\/\/wp.ufpel.edu.br\/materiallibrasisf\/wp-json\/wp\/v2\/types\/page"}],"author":[{"embeddable":true,"href":"https:\/\/wp.ufpel.edu.br\/materiallibrasisf\/wp-json\/wp\/v2\/users\/728"}],"replies":[{"embeddable":true,"href":"https:\/\/wp.ufpel.edu.br\/materiallibrasisf\/wp-json\/wp\/v2\/comments?post=9"}],"version-history":[{"count":18,"href":"https:\/\/wp.ufpel.edu.br\/materiallibrasisf\/wp-json\/wp\/v2\/pages\/9\/revisions"}],"predecessor-version":[{"id":134,"href":"https:\/\/wp.ufpel.edu.br\/materiallibrasisf\/wp-json\/wp\/v2\/pages\/9\/revisions\/134"}],"wp:attachment":[{"href":"https:\/\/wp.ufpel.edu.br\/materiallibrasisf\/wp-json\/wp\/v2\/media?parent=9"}],"curies":[{"name":"wp","href":"https:\/\/api.w.org\/{rel}","templated":true}]}}