{"id":14,"date":"2018-02-20T10:16:40","date_gmt":"2018-02-20T13:16:40","guid":{"rendered":"https:\/\/wp.ufpel.edu.br\/materiallibrasisf\/?page_id=14"},"modified":"2018-07-24T21:02:15","modified_gmt":"2018-07-25T00:02:15","slug":"material-libras-basico-ii","status":"publish","type":"page","link":"https:\/\/wp.ufpel.edu.br\/materiallibrasisf\/material-libras-basico-ii\/","title":{"rendered":"Material Libras B\u00e1sico I- T4- 18:30 \u00e0s 21:30"},"content":{"rendered":"<p><a href=\"https:\/\/wp.ufpel.edu.br\/materiallibrasisf\/files\/2018\/07\/Ambientes-Dom\u00e9sticos-Espa\u00e7os-urbanos-Meios-de-transporte-Situa\u00e7\u00f5es.pptx\">Ambientes Dom\u00e9sticos-Espa\u00e7os urbanos-Meios de transporte-Situa\u00e7\u00f5es<\/a><\/p>\n<p><a href=\"https:\/\/wp.ufpel.edu.br\/materiallibrasisf\/files\/2018\/07\/AULA-8-animais-natureza-cores-verbos.pptx\">\u00a0animais- natureza- cores-verbos<\/a><\/p>\n<p><a href=\"https:\/\/wp.ufpel.edu.br\/materiallibrasisf\/files\/2018\/07\/Conhecimentos-al\u00e9m-dos-sinais.pptx\">Conhecimentos al\u00e9m dos sinais<\/a><\/p>\n<p><a href=\"https:\/\/wp.ufpel.edu.br\/materiallibrasisf\/files\/2018\/07\/REVIS\u00c3O-T4-PRIMEIRA-PROVA.pptx\">REVIS\u00c3O T4- PRIMEIRA PROVA<\/a><\/p>\n<p><a href=\"https:\/\/wp.ufpel.edu.br\/materiallibrasisf\/files\/2018\/07\/ALIMENTOS.pptx\">AULA 4<\/a><\/p>\n<p><a href=\"https:\/\/wp.ufpel.edu.br\/materiallibrasisf\/files\/2018\/07\/Aula-3.pptx\">Aula 3<\/a><\/p>\n<p><a href=\"https:\/\/wp.ufpel.edu.br\/materiallibrasisf\/files\/2018\/06\/Aula-1-Teoria.pptx\">Aula 1- Teoria<\/a><\/p>\n<p><a href=\"https:\/\/wp.ufpel.edu.br\/materiallibrasisf\/files\/2018\/06\/Aula-1-Sauda\u00e7\u00f5es-e-alfabeto.pptx\">Aula 1- Sauda\u00e7\u00f5es e alfabeto<\/a><\/p>\n<p><a href=\"https:\/\/wp.ufpel.edu.br\/materiallibrasisf\/files\/2018\/06\/Aula-2.-1.pptx\">Aula 2.<\/a><\/p>\n<p><a href=\"https:\/\/wp.ufpel.edu.br\/materiallibrasisf\/files\/2018\/06\/Plano-de-ensino-Libras-IsF-T4.doc\">Plano de ensino Libras IsF T4<\/a><\/p>\n<p>&nbsp;<\/p>\n<p>&nbsp;<\/p>\n","protected":false},"excerpt":{"rendered":"<p>Ambientes Dom\u00e9sticos-Espa\u00e7os urbanos-Meios de transporte-Situa\u00e7\u00f5es \u00a0animais- natureza- cores-verbos Conhecimentos al\u00e9m dos sinais REVIS\u00c3O T4- PRIMEIRA PROVA AULA 4 Aula 3 Aula 1- Teoria Aula 1- Sauda\u00e7\u00f5es e alfabeto Aula 2. Plano de ensino Libras IsF T4 &nbsp; &nbsp;<\/p>\n","protected":false},"author":728,"featured_media":0,"parent":0,"menu_order":0,"comment_status":"closed","ping_status":"closed","template":"","meta":{"footnotes":""},"class_list":["post-14","page","type-page","status-publish","hentry"],"_links":{"self":[{"href":"https:\/\/wp.ufpel.edu.br\/materiallibrasisf\/wp-json\/wp\/v2\/pages\/14","targetHints":{"allow":["GET"]}}],"collection":[{"href":"https:\/\/wp.ufpel.edu.br\/materiallibrasisf\/wp-json\/wp\/v2\/pages"}],"about":[{"href":"https:\/\/wp.ufpel.edu.br\/materiallibrasisf\/wp-json\/wp\/v2\/types\/page"}],"author":[{"embeddable":true,"href":"https:\/\/wp.ufpel.edu.br\/materiallibrasisf\/wp-json\/wp\/v2\/users\/728"}],"replies":[{"embeddable":true,"href":"https:\/\/wp.ufpel.edu.br\/materiallibrasisf\/wp-json\/wp\/v2\/comments?post=14"}],"version-history":[{"count":26,"href":"https:\/\/wp.ufpel.edu.br\/materiallibrasisf\/wp-json\/wp\/v2\/pages\/14\/revisions"}],"predecessor-version":[{"id":190,"href":"https:\/\/wp.ufpel.edu.br\/materiallibrasisf\/wp-json\/wp\/v2\/pages\/14\/revisions\/190"}],"wp:attachment":[{"href":"https:\/\/wp.ufpel.edu.br\/materiallibrasisf\/wp-json\/wp\/v2\/media?parent=14"}],"curies":[{"name":"wp","href":"https:\/\/api.w.org\/{rel}","templated":true}]}}