{"id":51,"date":"2017-05-05T11:35:35","date_gmt":"2017-05-05T14:35:35","guid":{"rendered":"https:\/\/wp.ufpel.edu.br\/materialiengenharia\/?page_id=51"},"modified":"2017-05-05T11:43:32","modified_gmt":"2017-05-05T14:43:32","slug":"melhoria-e-otimizacao-de-produtos","status":"publish","type":"page","link":"https:\/\/wp.ufpel.edu.br\/materialiengenharia\/nosso-trabalho\/melhoria-e-otimizacao-de-produtos\/","title":{"rendered":"Melhoria e Otimiza\u00e7\u00e3o de Produtos"},"content":{"rendered":"<p>A Engenharia de Materiais tem grande participa\u00e7\u00e3o na fabrica\u00e7\u00e3o, pois bons materiais s\u00e3o essenciais para a fabrica\u00e7\u00e3o de qualquer produto. E com isso trabalhamos para a melhoria e otimiza\u00e7\u00e3o de processos produtivos como:<\/p>\n<ul>\n<li style=\"font-weight: 400\"><span style=\"font-weight: 400\">Adequa\u00e7\u00e3o de par\u00e2metros de processamento<\/span><\/li>\n<li style=\"font-weight: 400\"><span style=\"font-weight: 400\">Aprimoramento das composi\u00e7\u00f5es qu\u00edmicas<\/span><\/li>\n<li style=\"font-weight: 400\"><span style=\"font-weight: 400\">Avalia\u00e7\u00e3o dos materiais para a fabrica\u00e7\u00e3o<\/span><\/li>\n<li style=\"font-weight: 400\"><span style=\"font-weight: 400\">Aumento do desempenho do produto<\/span><\/li>\n<li style=\"font-weight: 400\"><span style=\"font-weight: 400\">Ganho em produtividade e confiabilidade em processos de fabrica\u00e7\u00e3o<\/span><\/li>\n<li style=\"font-weight: 400\"><span style=\"font-weight: 400\">Redu\u00e7\u00e3o de desperd\u00edcio e ganho de qualidade<\/span><\/li>\n<\/ul>\n","protected":false},"excerpt":{"rendered":"<p>A Engenharia de Materiais tem grande participa\u00e7\u00e3o na fabrica\u00e7\u00e3o, pois bons materiais s\u00e3o essenciais para a fabrica\u00e7\u00e3o de qualquer produto. E com isso trabalhamos para a melhoria e otimiza\u00e7\u00e3o de processos produtivos como: Adequa\u00e7\u00e3o de par\u00e2metros de processamento Aprimoramento das composi\u00e7\u00f5es qu\u00edmicas Avalia\u00e7\u00e3o dos materiais para a fabrica\u00e7\u00e3o Aumento do desempenho do produto Ganho em [&hellip;]<\/p>\n","protected":false},"author":727,"featured_media":0,"parent":41,"menu_order":2,"comment_status":"closed","ping_status":"closed","template":"","meta":{"footnotes":""},"class_list":["post-51","page","type-page","status-publish","hentry","post"],"_links":{"self":[{"href":"https:\/\/wp.ufpel.edu.br\/materialiengenharia\/wp-json\/wp\/v2\/pages\/51","targetHints":{"allow":["GET"]}}],"collection":[{"href":"https:\/\/wp.ufpel.edu.br\/materialiengenharia\/wp-json\/wp\/v2\/pages"}],"about":[{"href":"https:\/\/wp.ufpel.edu.br\/materialiengenharia\/wp-json\/wp\/v2\/types\/page"}],"author":[{"embeddable":true,"href":"https:\/\/wp.ufpel.edu.br\/materialiengenharia\/wp-json\/wp\/v2\/users\/727"}],"replies":[{"embeddable":true,"href":"https:\/\/wp.ufpel.edu.br\/materialiengenharia\/wp-json\/wp\/v2\/comments?post=51"}],"version-history":[{"count":3,"href":"https:\/\/wp.ufpel.edu.br\/materialiengenharia\/wp-json\/wp\/v2\/pages\/51\/revisions"}],"predecessor-version":[{"id":62,"href":"https:\/\/wp.ufpel.edu.br\/materialiengenharia\/wp-json\/wp\/v2\/pages\/51\/revisions\/62"}],"up":[{"embeddable":true,"href":"https:\/\/wp.ufpel.edu.br\/materialiengenharia\/wp-json\/wp\/v2\/pages\/41"}],"wp:attachment":[{"href":"https:\/\/wp.ufpel.edu.br\/materialiengenharia\/wp-json\/wp\/v2\/media?parent=51"}],"curies":[{"name":"wp","href":"https:\/\/api.w.org\/{rel}","templated":true}]}}