{"id":290,"date":"2018-09-21T21:23:33","date_gmt":"2018-09-22T00:23:33","guid":{"rendered":"https:\/\/wp.ufpel.edu.br\/materialiengenharia\/pagina-inicial\/"},"modified":"2018-09-23T11:52:38","modified_gmt":"2018-09-23T14:52:38","slug":"pagina-inicial","status":"publish","type":"page","link":"https:\/\/wp.ufpel.edu.br\/materialiengenharia\/","title":{"rendered":"P\u00e1gina Inicial"},"content":{"rendered":"<div id=\"pl-290\"  class=\"panel-layout\" ><div id=\"pg-290-0\"  class=\"panel-grid panel-no-style\" ><div id=\"pgc-290-0-0\"  class=\"panel-grid-cell\" ><div id=\"panel-290-0-0-0\" class=\"so-panel widget widget_circleicon-widget panel-first-child panel-last-child\" data-index=\"0\" >\t\t<div class=\"circle-icon-box circle-icon-position-top circle-icon-hide-box circle-icon-size-small \">\n\t\t\t\t\t\t\t<div class=\"circle-icon-wrapper\">\n\t\t\t\t\t\t\t\t\t\t<a href=\"https:\/\/wp.ufpel.edu.br\/materialiengenharia\/equipe\/equipe\/\" class=\"link-icon\" target=\"_blank\">\t\t\t\t\t<div class=\"circle-icon\" >\n\t\t\t\t\t\t\t\t\t\t\t\t\t<div\n\t\t\t\t\t\t\t\tclass=\"fa fa-circle-o-notch\"\n\t\t\t\t\t\t\t\tstyle=\"color: #ffffff\"\t\t\t\t\t\t\t><\/div>\n\t\t\t\t\t\t\t\t\t\t\t<\/div>\n\t\t\t\t\t<\/a>\t\t\t\t<\/div>\n\t\t\t\n\t\t\t\t\t\t\t<a\n\t\t\t\t\thref=\"https:\/\/wp.ufpel.edu.br\/materialiengenharia\/equipe\/equipe\/\"\n\t\t\t\t\tclass=\"link-title\" target=&quot;_blank&quot;\t\t\t\t>\n\t\t\t\t\t\t\t\t\t\t<h4 >\n\t\t\t\t\tEquipe\t\t\t\t<\/h4>\n\t\t\t\t\t\t\t\t\t\t<\/a>\n\t\t\t\n\t\t\t\t\t\t\t<p class=\"text\" >\n\t\t\t\tA Materiali Engenharia \u00e9 composta, exclusivamente, por graduandos dos cursos da Universidade Federal de Pelotas. Graduandos com espirito e alma empreendedoras. L\u00edderes!\t\t\t<\/p>\n\t\t\t\t\t\t\t\t\t\t<a\n\t\t\t\t\thref=\"https:\/\/wp.ufpel.edu.br\/materialiengenharia\/equipe\/equipe\/\"\n\t\t\t\t\tclass=\"more-button\"\n\t\t\t\t\ttarget=&quot;_blank&quot;\t\t\t\t>\n\t\t\t\t\tConhe\u00e7a nossos membros\t\t\t\t\t<i><\/i>\n\t\t\t\t<\/a>\n\t\t\t\t\t<\/div>\n\t\t<\/div><\/div><div id=\"pgc-290-0-1\"  class=\"panel-grid-cell\" ><div id=\"panel-290-0-1-0\" class=\"so-panel widget widget_circleicon-widget panel-first-child panel-last-child\" data-index=\"1\" >\t\t<div class=\"circle-icon-box circle-icon-position-top circle-icon-hide-box circle-icon-size-large \">\n\t\t\t\t\t\t\t<div class=\"circle-icon-wrapper\">\n\t\t\t\t\t\t\t\t\t\t<a href=\"#\" class=\"link-icon\" target=\"_blank\">\t\t\t\t\t<div class=\"circle-icon\" >\n\t\t\t\t\t\t\t\t\t\t\t\t\t<div\n\t\t\t\t\t\t\t\tclass=\"fa fa-circle-o-notch\"\n\t\t\t\t\t\t\t\tstyle=\"color: #ffffff\"\t\t\t\t\t\t\t><\/div>\n\t\t\t\t\t\t\t\t\t\t\t<\/div>\n\t\t\t\t\t<\/a>\t\t\t\t<\/div>\n\t\t\t\n\t\t\t\t\t\t\t<a\n\t\t\t\t\thref=\"#\"\n\t\t\t\t\tclass=\"link-title\" target=&quot;_blank&quot;\t\t\t\t>\n\t\t\t\t\t\t\t\t\t\t<h4 >\n\t\t\t\t\tProjetos\t\t\t\t<\/h4>\n\t\t\t\t\t\t\t\t\t\t<\/a>\n\t\t\t\n\t\t\t\t\t\t\t<p class=\"text\" >\n\t\t\t\tTexto\t\t\t<\/p>\n\t\t\t\t\t\t\t\t\t\t<a\n\t\t\t\t\thref=\"#\"\n\t\t\t\t\tclass=\"more-button\"\n\t\t\t\t\ttarget=&quot;_blank&quot;\t\t\t\t>\n\t\t\t\t\tConhe\u00e7a nossos projetos\t\t\t\t\t<i><\/i>\n\t\t\t\t<\/a>\n\t\t\t\t\t<\/div>\n\t\t<\/div><\/div><div id=\"pgc-290-0-2\"  class=\"panel-grid-cell\" ><div id=\"panel-290-0-2-0\" class=\"so-panel widget widget_circleicon-widget panel-first-child panel-last-child\" data-index=\"2\" >\t\t<div class=\"circle-icon-box circle-icon-position-top circle-icon-hide-box circle-icon-size-small \">\n\t\t\t\t\t\t\t<div class=\"circle-icon-wrapper\">\n\t\t\t\t\t\t\t\t\t\t<a href=\"https:\/\/wp.ufpel.edu.br\/materialiengenharia\/introducao\/quem-somos\/\" class=\"link-icon\" target=\"_blank\">\t\t\t\t\t<div class=\"circle-icon\" >\n\t\t\t\t\t\t\t\t\t\t\t\t\t<div\n\t\t\t\t\t\t\t\tclass=\"fa fa-circle-o-notch\"\n\t\t\t\t\t\t\t\t\t\t\t\t\t\t\t><\/div>\n\t\t\t\t\t\t\t\t\t\t\t<\/div>\n\t\t\t\t\t<\/a>\t\t\t\t<\/div>\n\t\t\t\n\t\t\t\t\t\t\t<a\n\t\t\t\t\thref=\"https:\/\/wp.ufpel.edu.br\/materialiengenharia\/introducao\/quem-somos\/\"\n\t\t\t\t\tclass=\"link-title\" target=&quot;_blank&quot;\t\t\t\t>\n\t\t\t\t\t\t\t\t\t\t<h4 >\n\t\t\t\t\tMiss\u00e3o\t\t\t\t<\/h4>\n\t\t\t\t\t\t\t\t\t\t<\/a>\n\t\t\t\n\t\t\t\t\t\t\t<p class=\"text\" >\n\t\t\t\tTemos a preten\u00e7\u00e3o de mudar o modo como se enxerga e fala de ci\u00eancia. Nossa vit\u00f3ria \u00e9 o desenvolvimento social e cientifico da comunidade. Para a comunidade. \t\t\t<\/p>\n\t\t\t\t\t\t\t\t\t\t<a\n\t\t\t\t\thref=\"https:\/\/wp.ufpel.edu.br\/materialiengenharia\/introducao\/quem-somos\/\"\n\t\t\t\t\tclass=\"more-button\"\n\t\t\t\t\ttarget=&quot;_blank&quot;\t\t\t\t>\n\t\t\t\t\tBot\u00e3o de teste\t\t\t\t\t<i><\/i>\n\t\t\t\t<\/a>\n\t\t\t\t\t<\/div>\n\t\t<\/div><\/div><\/div><div id=\"pg-290-1\"  class=\"panel-grid panel-has-style\" ><div class=\"wide-grey panel-row-style panel-row-style-for-290-1\" ><div id=\"pgc-290-1-0\"  class=\"panel-grid-cell\" ><div id=\"panel-290-1-0-0\" class=\"so-panel widget widget_headline-widget panel-first-child panel-last-child\" data-index=\"3\" ><div class=\"panel-widget-style panel-widget-style-for-290-1-0-0\" >\t\t<h1>#ENEJ2019 - N\u00d3S VAMOS! <\/h1>\n\t\t<div class=\"decoration\"><div class=\"decoration-inside\"><\/div><\/div>\n\t\t<h3>Empreendedores? Somos L\u00edderes!<\/h3>\n\t\t<\/div><\/div><\/div><\/div><\/div><div id=\"pg-290-2\"  class=\"panel-grid panel-has-style\" ><div class=\"siteorigin-panels-stretch panel-row-style panel-row-style-for-290-2\" data-stretch-type=\"full\" ><div id=\"pgc-290-2-0\"  class=\"panel-grid-cell\" ><div id=\"panel-290-2-0-0\" class=\"so-panel widget widget_siteorigin-panels-postloop panel-first-child panel-last-child\" data-index=\"4\" ><h3 class=\"widget-title\"><span class=\"vantage-carousel-title\"><span class=\"vantage-carousel-title-text\">\u00daltimos posts<\/span><a href=\"#\" class=\"next\" title=\"Pr\u00f3ximo\"><span class=\"vantage-icon-arrow-right\"><\/span><\/a><a href=\"#\" class=\"previous\" title=\"Anterior\"><span class=\"vantage-icon-arrow-left\"><\/span><\/a><\/span><\/h3><div class=\"vantage-carousel-wrapper\">\n\t\n\t<ul\n\t\tclass=\"vantage-carousel\"\n\t\tdata-query=\"{&quot;post_status&quot;:&quot;publish&quot;,&quot;posts_per_page&quot;:4,&quot;post_type&quot;:&quot;post&quot;,&quot;date_type&quot;:&quot;specific&quot;,&quot;date_query&quot;:{&quot;after&quot;:&quot;&quot;,&quot;before&quot;:&quot;&quot;,&quot;inclusive&quot;:true},&quot;date_query_relative&quot;:&quot;{\\&quot;from\\&quot;:[],\\&quot;to\\&quot;:[]}&quot;,&quot;orderby&quot;:&quot;date&quot;,&quot;order&quot;:&quot;DESC&quot;,&quot;post__not_in&quot;:[290,290],&quot;paged&quot;:1,&quot;fields&quot;:&quot;all&quot;,&quot;lazy_load_term_meta&quot;:true}\"\n\t\tdata-ajax-url=\"https:\/\/wp.ufpel.edu.br\/materialiengenharia\/wp-admin\/admin-ajax.php?vantage_carousel_nonce=2945fe9ca5\"\n\t>\n\t\t\t\t\t<li class=\"carousel-entry\">\n\t\t\t\t<div class=\"thumbnail\">\n\t\t\t\t\t\t\t\t\t\t\t<a href=\"https:\/\/wp.ufpel.edu.br\/materialiengenharia\/2018\/06\/11\/duvidas-no-seu-primeiro-curriculo\/\" style=\"background-image: url(https:\/\/wp.ufpel.edu.br\/materialiengenharia\/files\/2018\/06\/post-curriculo.png)\">\n\t\t\t\t\t\t<\/a>\n\t\t\t\t\t\t\t\t\t<\/div>\n\t\t\t\t\t\t\t\t<h3><a href=\"https:\/\/wp.ufpel.edu.br\/materialiengenharia\/2018\/06\/11\/duvidas-no-seu-primeiro-curriculo\/\">D\u00favidas no seu primeiro Curr\u00edculo?<\/a><\/h3>\n\t\t\t<\/li>\n\t\t\t\t\t<li class=\"carousel-entry\">\n\t\t\t\t<div class=\"thumbnail\">\n\t\t\t\t\t\t\t\t\t\t\t<a href=\"https:\/\/wp.ufpel.edu.br\/materialiengenharia\/2018\/05\/07\/engenheiro-de-materiais\/\" style=\"background-image: url(https:\/\/wp.ufpel.edu.br\/materialiengenharia\/files\/2018\/05\/01.engenheiro-de-materiais.png)\">\n\t\t\t\t\t\t<\/a>\n\t\t\t\t\t\t\t\t\t<\/div>\n\t\t\t\t\t\t\t\t<h3><a href=\"https:\/\/wp.ufpel.edu.br\/materialiengenharia\/2018\/05\/07\/engenheiro-de-materiais\/\">Engenheiro de Materiais?<\/a><\/h3>\n\t\t\t<\/li>\n\t\t\t\t\t<li class=\"carousel-entry\">\n\t\t\t\t<div class=\"thumbnail\">\n\t\t\t\t\t\t\t\t\t\t\t<a href=\"https:\/\/wp.ufpel.edu.br\/materialiengenharia\/2018\/05\/02\/bisfenol-a\/\" style=\"background-image: url(https:\/\/wp.ufpel.edu.br\/materialiengenharia\/files\/2018\/05\/02.Bisfenol-A.png)\">\n\t\t\t\t\t\t<\/a>\n\t\t\t\t\t\t\t\t\t<\/div>\n\t\t\t\t\t\t\t\t<h3><a href=\"https:\/\/wp.ufpel.edu.br\/materialiengenharia\/2018\/05\/02\/bisfenol-a\/\">Bisfenol A<\/a><\/h3>\n\t\t\t<\/li>\n\t\t\t\t\t<li class=\"carousel-entry\">\n\t\t\t\t<div class=\"thumbnail\">\n\t\t\t\t\t\t\t\t\t\t\t<a href=\"https:\/\/wp.ufpel.edu.br\/materialiengenharia\/2018\/04\/25\/pd-em-residuos-solidos\/\" style=\"background-image: url(https:\/\/wp.ufpel.edu.br\/materialiengenharia\/files\/2018\/04\/03.Pesquisa-e-Desensolvimento-em-Res\u00edduos-S\u00f3lidos.png)\">\n\t\t\t\t\t\t<\/a>\n\t\t\t\t\t\t\t\t\t<\/div>\n\t\t\t\t\t\t\t\t<h3><a href=\"https:\/\/wp.ufpel.edu.br\/materialiengenharia\/2018\/04\/25\/pd-em-residuos-solidos\/\">P&amp;D em Res\u00edduos S\u00f3lidos<\/a><\/h3>\n\t\t\t<\/li>\n\t\t\t<\/ul>\n<\/div>\n<\/div><\/div><div id=\"pgc-290-2-1\"  class=\"panel-grid-cell\" ><div id=\"panel-290-2-1-0\" class=\"so-panel widget widget_media_image panel-first-child panel-last-child\" data-index=\"5\" ><img loading=\"lazy\" decoding=\"async\" width=\"294\" height=\"294\" src=\"https:\/\/wp.ufpel.edu.br\/materialiengenharia\/files\/2018\/09\/logo-crej-1-400x400.png\" class=\"image wp-image-385  attachment-332x294 size-332x294\" alt=\"\" style=\"max-width: 100%; height: auto;\" \/><\/div><\/div><div id=\"pgc-290-2-2\"  class=\"panel-grid-cell\" ><div id=\"panel-290-2-2-0\" class=\"so-panel widget widget_media_image panel-first-child panel-last-child\" data-index=\"6\" ><img loading=\"lazy\" decoding=\"async\" width=\"399\" height=\"294\" src=\"https:\/\/wp.ufpel.edu.br\/materialiengenharia\/files\/2018\/09\/LogoBJ-1-768x565.png\" class=\"image wp-image-386  attachment-399x294 size-399x294\" alt=\"\" style=\"max-width: 100%; height: auto;\" srcset=\"https:\/\/wp.ufpel.edu.br\/materialiengenharia\/files\/2018\/09\/LogoBJ-1-768x565.png 768w, https:\/\/wp.ufpel.edu.br\/materialiengenharia\/files\/2018\/09\/LogoBJ-1-800x589.png 800w, https:\/\/wp.ufpel.edu.br\/materialiengenharia\/files\/2018\/09\/LogoBJ-1.png 818w\" sizes=\"auto, (max-width: 399px) 100vw, 399px\" \/><\/div><\/div><\/div><\/div><div id=\"pg-290-3\"  class=\"panel-grid panel-no-style\" ><div id=\"pgc-290-3-0\"  class=\"panel-grid-cell\" ><div id=\"panel-290-3-0-0\" class=\"so-panel widget widget_sow-button panel-first-child panel-last-child\" data-index=\"7\" ><div\n\t\t\t\n\t\t\tclass=\"so-widget-sow-button so-widget-sow-button-flat-4ed3962abf4c-232\"\n\t\t\t\n\t\t><div class=\"ow-button-base ow-button-align-center\"\n>\n\t\t\t<a\n\t\t\t\tclass=\"sowb-button ow-icon-placement-left ow-button-hover\" target=\"_blank\" rel=\"noopener noreferrer\" \t>\n\t\t<span>\n\t\t\t\t\t\t\t<div class=\"sow-icon-image\" style=\"background-image: url(https:\/\/wp.ufpel.edu.br\/materialiengenharia\/files\/2018\/09\/Dc2QjKTVMAAHGvC-400x400.png)\"><\/div>\n\t\t\t\t\n\t\t\tUFPel\t\t<\/span>\n\t\t\t<\/a>\n\t<\/div>\n<\/div><\/div><\/div><div id=\"pgc-290-3-1\"  class=\"panel-grid-cell\" ><div id=\"panel-290-3-1-0\" class=\"so-panel widget widget_sow-button panel-first-child panel-last-child\" data-index=\"8\" ><div\n\t\t\t\n\t\t\tclass=\"so-widget-sow-button so-widget-sow-button-flat-132621eefe16-232\"\n\t\t\t\n\t\t><div class=\"ow-button-base ow-button-align-center\"\n>\n\t\t\t<a\n\t\t\t\tclass=\"sowb-button ow-icon-placement-left ow-button-hover\" target=\"_blank\" rel=\"noopener noreferrer\" \t>\n\t\t<span>\n\t\t\t\t\t\t\t<div class=\"sow-icon-image\" style=\"background-image: url(https:\/\/wp.ufpel.edu.br\/materialiengenharia\/files\/2018\/09\/simbolos-materiali-400x400.png)\"><\/div>\n\t\t\t\t\n\t\t\tEngenharia de Materiais\t\t<\/span>\n\t\t\t<\/a>\n\t<\/div>\n<\/div><\/div><\/div><div id=\"pgc-290-3-2\"  class=\"panel-grid-cell\" ><div id=\"panel-290-3-2-0\" class=\"so-panel widget widget_sow-button panel-first-child panel-last-child\" data-index=\"9\" ><div\n\t\t\t\n\t\t\tclass=\"so-widget-sow-button so-widget-sow-button-flat-4ed3962abf4c-232\"\n\t\t\t\n\t\t><div class=\"ow-button-base ow-button-align-center\"\n>\n\t\t\t<a\n\t\t\t\tclass=\"sowb-button ow-icon-placement-left ow-button-hover\" \t>\n\t\t<span>\n\t\t\t\t\t\t\t<div class=\"sow-icon-image\" style=\"background-image: url(https:\/\/wp.ufpel.edu.br\/materialiengenharia\/files\/2018\/09\/1-1.png)\"><\/div>\n\t\t\t\t\n\t\t\tCCAF\t\t<\/span>\n\t\t\t<\/a>\n\t<\/div>\n<\/div><\/div><\/div><div id=\"pgc-290-3-3\"  class=\"panel-grid-cell\" ><div id=\"panel-290-3-3-0\" class=\"so-panel widget widget_sow-button panel-first-child panel-last-child\" data-index=\"10\" ><div\n\t\t\t\n\t\t\tclass=\"so-widget-sow-button so-widget-sow-button-flat-4ed3962abf4c-232\"\n\t\t\t\n\t\t><div class=\"ow-button-base ow-button-align-center\"\n>\n\t\t\t<a\n\t\t\t\tclass=\"sowb-button ow-icon-placement-left ow-button-hover\" \t>\n\t\t<span>\n\t\t\t\t\t\t\t<div class=\"sow-icon-image\" style=\"background-image: url(https:\/\/wp.ufpel.edu.br\/materialiengenharia\/files\/2018\/09\/kisspng-c70-fullerene-buckminsterfullerene-carbon-hexagon-5aed9230c6d638.6155451215255188968144-400x400.jpg)\"><\/div>\n\t\t\t\t\n\t\t\tNovonano\t\t<\/span>\n\t\t\t<\/a>\n\t<\/div>\n<\/div><\/div><\/div><div id=\"pgc-290-3-4\"  class=\"panel-grid-cell\" ><div id=\"panel-290-3-4-0\" class=\"so-panel widget widget_sow-button panel-first-child panel-last-child\" data-index=\"11\" ><div\n\t\t\t\n\t\t\tclass=\"so-widget-sow-button so-widget-sow-button-flat-4ed3962abf4c-232\"\n\t\t\t\n\t\t><div class=\"ow-button-base ow-button-align-center\"\n>\n\t\t\t<a\n\t\t\t\tclass=\"sowb-button ow-icon-placement-left ow-button-hover\" \t>\n\t\t<span>\n\t\t\t\t\t\t\t<div class=\"sow-icon-image\" style=\"background-image: url(https:\/\/wp.ufpel.edu.br\/materialiengenharia\/files\/2018\/09\/CHEMICAL_Liquids_Polymers_Hero-400x362.png)\"><\/div>\n\t\t\t\t\n\t\t\tLabPol\t\t<\/span>\n\t\t\t<\/a>\n\t<\/div>\n<\/div><\/div><\/div><div id=\"pgc-290-3-5\"  class=\"panel-grid-cell\" ><div id=\"panel-290-3-5-0\" class=\"so-panel widget widget_sow-button panel-first-child panel-last-child\" data-index=\"12\" ><div\n\t\t\t\n\t\t\tclass=\"so-widget-sow-button so-widget-sow-button-flat-4ed3962abf4c-232\"\n\t\t\t\n\t\t><div class=\"ow-button-base ow-button-align-center\"\n>\n\t\t\t<a\n\t\t\t\tclass=\"sowb-button ow-icon-placement-left ow-button-hover\" \t>\n\t\t<span>\n\t\t\t\t\t\t\t<div class=\"sow-icon-image\" style=\"background-image: url(https:\/\/wp.ufpel.edu.br\/materialiengenharia\/files\/2018\/09\/anticorrosivos-400x300.png)\"><\/div>\n\t\t\t\t\n\t\t\tLapem\t\t<\/span>\n\t\t\t<\/a>\n\t<\/div>\n<\/div><\/div><\/div><\/div><\/div>","protected":false},"excerpt":{"rendered":"","protected":false},"author":727,"featured_media":0,"parent":0,"menu_order":0,"comment_status":"closed","ping_status":"closed","template":"home-panels.php","meta":{"footnotes":""},"class_list":["post-290","page","type-page","status-publish","hentry","post","post-with-thumbnail","post-with-thumbnail-large"],"_links":{"self":[{"href":"https:\/\/wp.ufpel.edu.br\/materialiengenharia\/wp-json\/wp\/v2\/pages\/290","targetHints":{"allow":["GET"]}}],"collection":[{"href":"https:\/\/wp.ufpel.edu.br\/materialiengenharia\/wp-json\/wp\/v2\/pages"}],"about":[{"href":"https:\/\/wp.ufpel.edu.br\/materialiengenharia\/wp-json\/wp\/v2\/types\/page"}],"author":[{"embeddable":true,"href":"https:\/\/wp.ufpel.edu.br\/materialiengenharia\/wp-json\/wp\/v2\/users\/727"}],"replies":[{"embeddable":true,"href":"https:\/\/wp.ufpel.edu.br\/materialiengenharia\/wp-json\/wp\/v2\/comments?post=290"}],"version-history":[{"count":39,"href":"https:\/\/wp.ufpel.edu.br\/materialiengenharia\/wp-json\/wp\/v2\/pages\/290\/revisions"}],"predecessor-version":[{"id":396,"href":"https:\/\/wp.ufpel.edu.br\/materialiengenharia\/wp-json\/wp\/v2\/pages\/290\/revisions\/396"}],"wp:attachment":[{"href":"https:\/\/wp.ufpel.edu.br\/materialiengenharia\/wp-json\/wp\/v2\/media?parent=290"}],"curies":[{"name":"wp","href":"https:\/\/api.w.org\/{rel}","templated":true}]}}