{"id":28,"date":"2017-05-05T11:11:30","date_gmt":"2017-05-05T14:11:30","guid":{"rendered":"https:\/\/wp.ufpel.edu.br\/materialiengenharia\/?page_id=28"},"modified":"2018-04-10T12:41:21","modified_gmt":"2018-04-10T15:41:21","slug":"nossa-historia","status":"publish","type":"page","link":"https:\/\/wp.ufpel.edu.br\/materialiengenharia\/introducao\/nossa-historia\/","title":{"rendered":"Nossa Hist\u00f3ria"},"content":{"rendered":"<p style=\"text-align: justify\"><span style=\"font-weight: 400\">A Materiali Engenharia foi fundada em 2016, por membros do curso de Engenharia de \u00a0Materiais da Universidade Federal de Pelotas. P<\/span>ioneira em seu segmento de mercado na institui\u00e7\u00e3o, consagra-se tamb\u00e9m, por ser uma das primeiras empresas focadas no ramo de Engenharia de Materiais na cidade de Pelotas.<\/p>\n<p style=\"text-align: justify\">.<\/p>\n","protected":false},"excerpt":{"rendered":"<p>A Materiali Engenharia foi fundada em 2016, por membros do curso de Engenharia de \u00a0Materiais da Universidade Federal de Pelotas. Pioneira em seu segmento de mercado na institui\u00e7\u00e3o, consagra-se tamb\u00e9m, por ser uma das primeiras empresas focadas no ramo de Engenharia de Materiais na cidade de Pelotas. .<\/p>\n","protected":false},"author":727,"featured_media":0,"parent":22,"menu_order":0,"comment_status":"closed","ping_status":"closed","template":"","meta":{"footnotes":""},"class_list":["post-28","page","type-page","status-publish","hentry","post"],"_links":{"self":[{"href":"https:\/\/wp.ufpel.edu.br\/materialiengenharia\/wp-json\/wp\/v2\/pages\/28","targetHints":{"allow":["GET"]}}],"collection":[{"href":"https:\/\/wp.ufpel.edu.br\/materialiengenharia\/wp-json\/wp\/v2\/pages"}],"about":[{"href":"https:\/\/wp.ufpel.edu.br\/materialiengenharia\/wp-json\/wp\/v2\/types\/page"}],"author":[{"embeddable":true,"href":"https:\/\/wp.ufpel.edu.br\/materialiengenharia\/wp-json\/wp\/v2\/users\/727"}],"replies":[{"embeddable":true,"href":"https:\/\/wp.ufpel.edu.br\/materialiengenharia\/wp-json\/wp\/v2\/comments?post=28"}],"version-history":[{"count":4,"href":"https:\/\/wp.ufpel.edu.br\/materialiengenharia\/wp-json\/wp\/v2\/pages\/28\/revisions"}],"predecessor-version":[{"id":156,"href":"https:\/\/wp.ufpel.edu.br\/materialiengenharia\/wp-json\/wp\/v2\/pages\/28\/revisions\/156"}],"up":[{"embeddable":true,"href":"https:\/\/wp.ufpel.edu.br\/materialiengenharia\/wp-json\/wp\/v2\/pages\/22"}],"wp:attachment":[{"href":"https:\/\/wp.ufpel.edu.br\/materialiengenharia\/wp-json\/wp\/v2\/media?parent=28"}],"curies":[{"name":"wp","href":"https:\/\/api.w.org\/{rel}","templated":true}]}}