{"id":129,"date":"2017-09-25T09:20:26","date_gmt":"2017-09-25T12:20:26","guid":{"rendered":"https:\/\/wp.ufpel.edu.br\/materialiengenharia\/?page_id=129"},"modified":"2018-04-11T10:04:28","modified_gmt":"2018-04-11T13:04:28","slug":"novidades","status":"publish","type":"page","link":"https:\/\/wp.ufpel.edu.br\/materialiengenharia\/novidades\/","title":{"rendered":"Novidades"},"content":{"rendered":"<p><img loading=\"lazy\" decoding=\"async\" class=\"size-full wp-image-186 aligncenter\" src=\"https:\/\/wp.ufpel.edu.br\/materialiengenharia\/files\/2018\/04\/01.Sejam-Bem-Vindos-Calouros.png\" alt=\"\" width=\"800\" height=\"800\" srcset=\"https:\/\/wp.ufpel.edu.br\/materialiengenharia\/files\/2018\/04\/01.Sejam-Bem-Vindos-Calouros.png 800w, https:\/\/wp.ufpel.edu.br\/materialiengenharia\/files\/2018\/04\/01.Sejam-Bem-Vindos-Calouros-400x400.png 400w, https:\/\/wp.ufpel.edu.br\/materialiengenharia\/files\/2018\/04\/01.Sejam-Bem-Vindos-Calouros-768x768.png 768w, https:\/\/wp.ufpel.edu.br\/materialiengenharia\/files\/2018\/04\/01.Sejam-Bem-Vindos-Calouros-300x300.png 300w\" sizes=\"auto, (max-width: 800px) 100vw, 800px\" \/><\/p>\n<p style=\"text-align: justify\"><strong>Parab\u00e9ns Calouros da UFPel!<\/strong><br \/>\nSabemos que a etapa do vestibular foi \u00e1rdua e dif\u00edcil. No entanto, uma nova fase surge com o ingresso na universidade. In\u00fameras oportunidades de crescimento acad\u00eamico e pessoal aparecem, e buscar novos objetivos e metas \u00e9 fundamental para n\u00e3o nos confortar e sempre evoluir. Se sua vontade \u00e9 de mudar e impactar o meio ao seu redor com um sonho grande, como e qual ser\u00e1 o seu pr\u00f3ximo passo?<br \/>\nN\u00f3s somos a Materiali Engenharia, empresa Junior do curso de<span class=\"text_exposed_show\">\u00a0Engenharia de Materiais da Universidade Federal de Pelotas, fundada em 2016\/17. Mesmo com uma curta hist\u00f3ria contamos com um portif\u00f3lio repleto de conquistas. Com o objetivo de impulsionar o empreendedorismo no ambiente em que estamos inseridos, realizamos projetos reais, que impactam e interferem no mundo real, saindo do campo te\u00f3rico das salas de aula e partindo para o trabalho pr\u00e1tico da vida real. Contamos atualmente com 5 setores de execu\u00e7\u00e3o, os quais possibilita voc\u00ea a trabalhar seus pontos fortes e fracos dentro do mercado de trabalho, desde RH e Administrativo, at\u00e9 planejamento e execu\u00e7\u00e3o de projetos.<br \/>\nDisseminamos a cultura empreendedora de todo o Movimento Empresa J\u00fanior brasileiro e acreditamos que atrav\u00e9s de valores s\u00f3lidos podemos mudar a realidade do Brasil utilizando nosso conhecimento e a estrutura que a Universidade tem para oferecer.<br \/>\nEstamos ansiosos para compartilhar o nosso prop\u00f3sito com cada universit\u00e1rio.<\/span><\/p>\n<div class=\"text_exposed_show\">\n<p>Ficou interessado? Ent\u00e3o, aguardem nosso Processo Seletivo 2018!!!<\/p>\n<\/div>\n","protected":false},"excerpt":{"rendered":"<p>Parab\u00e9ns Calouros da UFPel! Sabemos que a etapa do vestibular foi \u00e1rdua e dif\u00edcil. No entanto, uma nova fase surge com o ingresso na universidade. In\u00fameras oportunidades de crescimento acad\u00eamico e pessoal aparecem, e buscar novos objetivos e metas \u00e9 fundamental para n\u00e3o nos confortar e sempre evoluir. Se sua vontade \u00e9 de mudar e [&hellip;]<\/p>\n","protected":false},"author":727,"featured_media":0,"parent":0,"menu_order":0,"comment_status":"closed","ping_status":"closed","template":"","meta":{"footnotes":""},"class_list":["post-129","page","type-page","status-publish","hentry","post"],"_links":{"self":[{"href":"https:\/\/wp.ufpel.edu.br\/materialiengenharia\/wp-json\/wp\/v2\/pages\/129","targetHints":{"allow":["GET"]}}],"collection":[{"href":"https:\/\/wp.ufpel.edu.br\/materialiengenharia\/wp-json\/wp\/v2\/pages"}],"about":[{"href":"https:\/\/wp.ufpel.edu.br\/materialiengenharia\/wp-json\/wp\/v2\/types\/page"}],"author":[{"embeddable":true,"href":"https:\/\/wp.ufpel.edu.br\/materialiengenharia\/wp-json\/wp\/v2\/users\/727"}],"replies":[{"embeddable":true,"href":"https:\/\/wp.ufpel.edu.br\/materialiengenharia\/wp-json\/wp\/v2\/comments?post=129"}],"version-history":[{"count":4,"href":"https:\/\/wp.ufpel.edu.br\/materialiengenharia\/wp-json\/wp\/v2\/pages\/129\/revisions"}],"predecessor-version":[{"id":190,"href":"https:\/\/wp.ufpel.edu.br\/materialiengenharia\/wp-json\/wp\/v2\/pages\/129\/revisions\/190"}],"wp:attachment":[{"href":"https:\/\/wp.ufpel.edu.br\/materialiengenharia\/wp-json\/wp\/v2\/media?parent=129"}],"curies":[{"name":"wp","href":"https:\/\/api.w.org\/{rel}","templated":true}]}}