{"id":8,"date":"2014-11-19T17:42:56","date_gmt":"2014-11-19T19:42:56","guid":{"rendered":"https:\/\/wp.ufpel.edu.br\/matematicanoturno\/?page_id=8"},"modified":"2026-03-21T18:51:58","modified_gmt":"2026-03-21T21:51:58","slug":"docentes","status":"publish","type":"page","link":"https:\/\/wp.ufpel.edu.br\/matematicanoturno\/docentes\/","title":{"rendered":"Corpo Docente"},"content":{"rendered":"<table style=\"height: 792px;\" width=\"606\">\n<tbody>\n<tr>\n<td style=\"width: 325px;\" width=\"208\">NOME<\/td>\n<td style=\"width: 179px;\" width=\"188\">CARGO<\/td>\n<td style=\"width: 93px;\" width=\"113\">TITULA\u00c7\u00c2O<\/td>\n<\/tr>\n<tr>\n<td style=\"width: 325px;\">Andr\u00e9 Luis Andrejew Ferreira<\/td>\n<td style=\"width: 179px;\">Professor Associado<\/td>\n<td style=\"width: 93px;\">Doutorado<\/td>\n<\/tr>\n<tr>\n<td style=\"width: 325px;\">Andrea Morgado<\/td>\n<td style=\"width: 179px;\">Professora Associada<\/td>\n<td style=\"width: 93px;\">Doutorado<\/td>\n<\/tr>\n<tr>\n<td style=\"width: 325px;\">Andrei Bourchtein<\/td>\n<td style=\"width: 179px;\">Professor Titular<\/td>\n<td style=\"width: 93px;\">Doutorado<\/td>\n<\/tr>\n<tr>\n<td style=\"width: 325px;\">Christian Michel da Cunha Garcia<\/td>\n<td style=\"width: 179px;\">Professor Adjunto<\/td>\n<td style=\"width: 93px;\">Doutorado<\/td>\n<\/tr>\n<tr>\n<td style=\"width: 325px;\">Cicero Nachtigall<\/td>\n<td style=\"width: 179px;\">Professor Associado<\/td>\n<td style=\"width: 93px;\">Doutorado<\/td>\n<\/tr>\n<tr>\n<td style=\"width: 325px;\">Cl\u00e1udio Zen Petersen<\/td>\n<td style=\"width: 179px;\">Professor Associado<\/td>\n<td style=\"width: 93px;\">Doutorado<\/td>\n<\/tr>\n<tr>\n<td style=\"width: 325px;\">Daniela Buske<\/td>\n<td style=\"width: 179px;\">Professora Titular<\/td>\n<td style=\"width: 93px;\">Doutorado<\/td>\n<\/tr>\n<tr>\n<td style=\"width: 325px;\">Daniela Stevanin Hoffmann<\/td>\n<td style=\"width: 179px;\">Professora Associada<\/td>\n<td style=\"width: 93px;\">Doutorado<\/td>\n<\/tr>\n<tr>\n<td style=\"width: 325px;\">Denise Nascimento Silveira<\/td>\n<td style=\"width: 179px;\">Professora Associada<\/td>\n<td style=\"width: 93px;\">Doutorado<\/td>\n<\/tr>\n<tr>\n<td style=\"width: 325px;\">Diogo Franco Rios<\/td>\n<td style=\"width: 179px;\">Professor Adjunto<\/td>\n<td style=\"width: 93px;\">Doutorado<\/td>\n<\/tr>\n<tr>\n<td style=\"width: 325px;\">Fabr\u00edcio Bandeira Cabral<\/td>\n<td style=\"width: 179px;\">Professor Titular<\/td>\n<td style=\"width: 93px;\">Doutorado<\/td>\n<\/tr>\n<tr>\n<td style=\"width: 325px;\">Fernanda Kr\u00fcger Tomaschewski<\/td>\n<td style=\"width: 179px;\">Professora Adjunta<\/td>\n<td style=\"width: 93px;\">Doutorado<\/td>\n<\/tr>\n<tr>\n<td style=\"width: 325px;\">Giovanni da Silva Nunes<\/td>\n<td style=\"width: 179px;\">Professor Titular<\/td>\n<td style=\"width: 93px;\">Doutorado<\/td>\n<\/tr>\n<tr>\n<td style=\"width: 325px;\">Jairo Val\u00f5es de Alencar Ramalho<\/td>\n<td style=\"width: 179px;\">Professor Associado<\/td>\n<td style=\"width: 93px;\">Doutorado<\/td>\n<\/tr>\n<tr>\n<td style=\"width: 325px;\">Leslie Darlen Perez Fernandez<\/td>\n<td style=\"width: 179px;\">Professor Adjunto<\/td>\n<td style=\"width: 93px;\">Doutorado<\/td>\n<\/tr>\n<tr>\n<td style=\"width: 325px;\">Lisandra de Oliveira Sauer<\/td>\n<td style=\"width: 179px;\">Professora Titular<\/td>\n<td style=\"width: 93px;\">Doutorado<\/td>\n<\/tr>\n<tr>\n<td style=\"width: 325px;\">Luciana Chimendes Cabrera<\/td>\n<td style=\"width: 179px;\">Professora Associada<\/td>\n<td style=\"width: 93px;\">Doutorado<\/td>\n<\/tr>\n<tr>\n<td style=\"width: 325px;\">Marta Pozzobon<\/td>\n<td style=\"width: 179px;\">Professora Adjunta<\/td>\n<td style=\"width: 93px;\">Doutorado<\/td>\n<\/tr>\n<tr>\n<td style=\"width: 325px;\">Mauricio Braga de Paula<\/td>\n<td style=\"width: 179px;\">Professor Adjunto<\/td>\n<td style=\"width: 93px;\">Doutorado<\/td>\n<\/tr>\n<tr>\n<td style=\"width: 325px;\">Maur\u00edcio Zahn<\/td>\n<td style=\"width: 179px;\">Professor Associado<\/td>\n<td style=\"width: 93px;\">Doutorado<\/td>\n<\/tr>\n<tr>\n<td style=\"width: 325px;\">Neide Pizzolato Angelo<\/td>\n<td style=\"width: 179px;\">Professor Associado<\/td>\n<td style=\"width: 93px;\">Doutorado<\/td>\n<\/tr>\n<tr>\n<td style=\"width: 325px;\">Patr\u00edcia da Concei\u00e7\u00e3o Fantinel<\/td>\n<td style=\"width: 179px;\">Professora Associada<\/td>\n<td style=\"width: 93px;\">Doutorado<\/td>\n<\/tr>\n<tr>\n<td style=\"width: 325px;\">Poliana Kenderli Pacini Selau<\/td>\n<td style=\"width: 179px;\">Professora Adjunta<\/td>\n<td style=\"width: 93px;\">Doutorado<\/td>\n<\/tr>\n<tr>\n<td style=\"width: 325px;\">Pollyane Vieira da Silva<\/td>\n<td style=\"width: 179px;\">Professora Adjunta<\/td>\n<td style=\"width: 93px;\">Doutorado<\/td>\n<\/tr>\n<tr>\n<td style=\"width: 325px;\">R\u00e9gis Sperotto de Quadros<\/td>\n<td style=\"width: 179px;\">Professor Associado<\/td>\n<td style=\"width: 93px;\">Doutorado<\/td>\n<\/tr>\n<tr>\n<td style=\"width: 325px;\">Rejane Pergher<\/td>\n<td style=\"width: 179px;\">Professora Associada<\/td>\n<td style=\"width: 93px;\">Doutorado<\/td>\n<\/tr>\n<tr>\n<td style=\"width: 325px;\">Rita de Cassia de Souza Soares Ramos<\/td>\n<td style=\"width: 179px;\">Professora Adjunta<\/td>\n<td style=\"width: 93px;\">Doutorado<\/td>\n<\/tr>\n<tr>\n<td style=\"width: 325px;\">Rozane Alves<\/td>\n<td style=\"width: 179px;\">Professora Associada<\/td>\n<td style=\"width: 93px;\">Doutorado<\/td>\n<\/tr>\n<tr>\n<td style=\"width: 325px;\">Sabrina Bobsin Salazar<\/td>\n<td style=\"width: 179px;\">Professora Associada<\/td>\n<td style=\"width: 93px;\">Doutorado<\/td>\n<\/tr>\n<\/tbody>\n<\/table>\n<p><\/p>\n","protected":false},"excerpt":{"rendered":"<p>NOME CARGO TITULA\u00c7\u00c2O Andr\u00e9 Luis Andrejew Ferreira Professor Associado Doutorado Andrea Morgado Professora Associada Doutorado Andrei Bourchtein Professor Titular Doutorado Christian Michel da Cunha Garcia Professor Adjunto Doutorado Cicero Nachtigall Professor Associado Doutorado Cl\u00e1udio Zen Petersen Professor Associado Doutorado Daniela Buske Professora Titular Doutorado Daniela Stevanin Hoffmann Professora Associada Doutorado Denise Nascimento Silveira Professora Associada [&hellip;]<\/p>\n","protected":false},"author":466,"featured_media":0,"parent":0,"menu_order":2,"comment_status":"closed","ping_status":"closed","template":"","meta":{"jetpack_post_was_ever_published":false,"footnotes":""},"class_list":["post-8","page","type-page","status-publish","hentry"],"jetpack_sharing_enabled":true,"jetpack_shortlink":"https:\/\/wp.me\/P7sk8J-8","_links":{"self":[{"href":"https:\/\/wp.ufpel.edu.br\/matematicanoturno\/wp-json\/wp\/v2\/pages\/8","targetHints":{"allow":["GET"]}}],"collection":[{"href":"https:\/\/wp.ufpel.edu.br\/matematicanoturno\/wp-json\/wp\/v2\/pages"}],"about":[{"href":"https:\/\/wp.ufpel.edu.br\/matematicanoturno\/wp-json\/wp\/v2\/types\/page"}],"author":[{"embeddable":true,"href":"https:\/\/wp.ufpel.edu.br\/matematicanoturno\/wp-json\/wp\/v2\/users\/466"}],"replies":[{"embeddable":true,"href":"https:\/\/wp.ufpel.edu.br\/matematicanoturno\/wp-json\/wp\/v2\/comments?post=8"}],"version-history":[{"count":3,"href":"https:\/\/wp.ufpel.edu.br\/matematicanoturno\/wp-json\/wp\/v2\/pages\/8\/revisions"}],"predecessor-version":[{"id":3378,"href":"https:\/\/wp.ufpel.edu.br\/matematicanoturno\/wp-json\/wp\/v2\/pages\/8\/revisions\/3378"}],"wp:attachment":[{"href":"https:\/\/wp.ufpel.edu.br\/matematicanoturno\/wp-json\/wp\/v2\/media?parent=8"}],"curies":[{"name":"wp","href":"https:\/\/api.w.org\/{rel}","templated":true}]}}