{"id":778,"date":"2016-06-13T21:31:50","date_gmt":"2016-06-14T00:31:50","guid":{"rendered":"https:\/\/wp.ufpel.edu.br\/matematicanoturno\/?page_id=778"},"modified":"2016-06-13T21:40:43","modified_gmt":"2016-06-14T00:40:43","slug":"ingresso-como-portador-de-diploma","status":"publish","type":"page","link":"https:\/\/wp.ufpel.edu.br\/matematicanoturno\/quero-ser-aluno\/ingresso-como-portador-de-diploma\/","title":{"rendered":"Ingresso como Portador de Diploma"},"content":{"rendered":"<p>\u00c9 uma forma\u00a0de ingresso na UFPel para quem j\u00e1 \u00e9 graduado por qualquer Institui\u00e7\u00e3o de Ensino Superior (IES).\u00a0<strong>Conforme a\u00a0<\/strong><a href=\"https:\/\/wp.ufpel.edu.br\/scs\/files\/2016\/03\/Resolu%C3%A7%C3%A3o-COCEPE-052016.pdf\"><span style=\"color: #0000ff\">resolu\u00e7\u00e3o 05\/2016<\/span>,<\/a><strong>\u00a0 para solicitar ingresso por esta modalidade, o aluno precisa\u00a0possuir aproveitamento de pelo menos tr\u00eas disciplinas do primeiro semestre do curso pretendido. Este crit\u00e9rio n\u00e3o se aplica quando as vagas s\u00e3o oriundas de processos seletivos regulares da UFPel \u2013 PAVE e SISU \u2013 o que \u00e9 especificado em cada edital publicado para esta modalidade.<\/strong><\/p>\n<p>Candidatos que j\u00e1 conclu\u00edram curso superior poder\u00e3o se inscrever, mediante a exist\u00eancia de vagas, sempre que houver processo seletivo, regido por edital publicado em jornais de circula\u00e7\u00e3o local e na p\u00e1gina de publica\u00e7\u00f5es da\u00a0CRA, onde ser\u00e3o divulgados as datas, hor\u00e1rios, locais e documenta\u00e7\u00e3o exigida. A comprova\u00e7\u00e3o da conclus\u00e3o de curso de gradua\u00e7\u00e3o dever\u00e1 ser apresentada no ato da Inscri\u00e7\u00e3o.<\/p>\n<p>Para o ingresso nesta modalidade ser\u00e1 cobrada taxa no valor de R$ 100,00.<\/p>\n<p>A oferta de vagas para ingresso como Portador de T\u00edtulo \u00e9 espor\u00e1dica, n\u00e3o est\u00e1 prevista no Calend\u00e1rio Acad\u00eamico e atende aos interesses da UFPel.<\/p>\n<p>Obs. 1: O aproveitamento de disciplinas est\u00e1 condicionado \u00e0 compatibilidade de 75% da carga hor\u00e1ria e do conte\u00fado da disciplina. H\u00e1 a possibilidade de aproveitamento de disciplinas dos candidatos mediante complementa\u00e7\u00e3o de estudos quando exigida pelos colegiados de curso e aprovada pela Unidade.<\/p>\n<p>Obs. 2: Os colegiados de curso podem, em cada processo seletivo, utilizar crit\u00e9rios de sele\u00e7\u00e3o diferentes aos da Resolu\u00e7\u00e3o 05\/2016 do COCEPE, desde que apresentem justificativa pr\u00e9via com raz\u00f5es objetivas ao COCEPE. Devem os candidatos, portanto, ficar atentos ao edital publicado antes de cada processo.<\/p>\n<p><em>Fonte: <\/em><span style=\"color: #0000ff\"><a style=\"color: #0000ff\" href=\"https:\/\/wp.ufpel.edu.br\/scs\/files\/2010\/12\/2010_14.pdf\"><em>Regulamento do Ensino de Gradua\u00e7\u00e3o<\/em><\/a><\/span> <em>e <\/em><span style=\"color: #0000ff\"><a style=\"color: #0000ff\" href=\"https:\/\/wp.ufpel.edu.br\/scs\/files\/2016\/03\/Resolu%C3%A7%C3%A3o-COCEPE-052016.pdf\"><em>Resolu\u00e7\u00e3o 05\/2016<\/em><\/a><\/span><\/p>\n","protected":false},"excerpt":{"rendered":"<p>\u00c9 uma forma\u00a0de ingresso na UFPel para quem j\u00e1 \u00e9 graduado por qualquer Institui\u00e7\u00e3o de Ensino Superior (IES).\u00a0Conforme a\u00a0resolu\u00e7\u00e3o 05\/2016,\u00a0 para solicitar ingresso por esta modalidade, o aluno precisa\u00a0possuir aproveitamento de pelo menos tr\u00eas disciplinas do primeiro semestre do curso pretendido. Este crit\u00e9rio n\u00e3o se aplica quando as vagas s\u00e3o oriundas de processos seletivos regulares [&hellip;]<\/p>\n","protected":false},"author":466,"featured_media":0,"parent":758,"menu_order":0,"comment_status":"closed","ping_status":"closed","template":"","meta":{"jetpack_post_was_ever_published":false,"footnotes":""},"class_list":["post-778","page","type-page","status-publish","hentry"],"jetpack_sharing_enabled":true,"jetpack_shortlink":"https:\/\/wp.me\/P7sk8J-cy","_links":{"self":[{"href":"https:\/\/wp.ufpel.edu.br\/matematicanoturno\/wp-json\/wp\/v2\/pages\/778","targetHints":{"allow":["GET"]}}],"collection":[{"href":"https:\/\/wp.ufpel.edu.br\/matematicanoturno\/wp-json\/wp\/v2\/pages"}],"about":[{"href":"https:\/\/wp.ufpel.edu.br\/matematicanoturno\/wp-json\/wp\/v2\/types\/page"}],"author":[{"embeddable":true,"href":"https:\/\/wp.ufpel.edu.br\/matematicanoturno\/wp-json\/wp\/v2\/users\/466"}],"replies":[{"embeddable":true,"href":"https:\/\/wp.ufpel.edu.br\/matematicanoturno\/wp-json\/wp\/v2\/comments?post=778"}],"version-history":[{"count":4,"href":"https:\/\/wp.ufpel.edu.br\/matematicanoturno\/wp-json\/wp\/v2\/pages\/778\/revisions"}],"predecessor-version":[{"id":789,"href":"https:\/\/wp.ufpel.edu.br\/matematicanoturno\/wp-json\/wp\/v2\/pages\/778\/revisions\/789"}],"up":[{"embeddable":true,"href":"https:\/\/wp.ufpel.edu.br\/matematicanoturno\/wp-json\/wp\/v2\/pages\/758"}],"wp:attachment":[{"href":"https:\/\/wp.ufpel.edu.br\/matematicanoturno\/wp-json\/wp\/v2\/media?parent=778"}],"curies":[{"name":"wp","href":"https:\/\/api.w.org\/{rel}","templated":true}]}}