{"id":758,"date":"2016-06-13T21:21:27","date_gmt":"2016-06-14T00:21:27","guid":{"rendered":"https:\/\/wp.ufpel.edu.br\/matematicanoturno\/?page_id=758"},"modified":"2023-06-16T13:07:31","modified_gmt":"2023-06-16T16:07:31","slug":"quero-ser-aluno","status":"publish","type":"page","link":"https:\/\/wp.ufpel.edu.br\/matematicanoturno\/quero-ser-aluno\/","title":{"rendered":"Quero Ingressar no CLMN"},"content":{"rendered":"\n<p>Dentre as op\u00e7\u00f5es de ingresso para tornar-se aluno do Curso de Licenciatura em Matem\u00e1tica Noturno (CLMN) est\u00e3o:<\/p>\n\n\n\n<p><strong>SISU<\/strong> &#8211; O estudante interessado em concorrer a uma vaga (das 45) no CLMN no primeiro semestre de cada ano deve, obrigatoriamente, inscrever-se e fazer as provas do Exame Nacional do Ensino M\u00e9dio &#8211; ENEM.<\/p>\n\n\n\n<p><strong>PAVE\/UFPel<\/strong> &#8211; Al\u00e9m do ENEM o estudante interessado em concorrer a uma vaga (das 5) no CLMN no primeiro semestre de cada ano pode se inscrever no Programa de Avalia\u00e7\u00e3o da Vida Escolar &#8211; PAVE.<\/p>\n\n\n\n<p>H\u00e1 ainda o ingresso por mobilidade acad\u00eamica de <span style=\"color: #0000ff;\"><a style=\"color: #0000ff;\" href=\"https:\/\/wp.ufpel.edu.br\/cra\/reopcao\/\" target=\"_blank\" rel=\"noopener noreferrer\">Reop\u00e7\u00e3o<\/a><\/span><\/p>\n\n\n\n<p>Via processo seletivo complementar:<\/p>\n\n\n\n<ul class=\"wp-block-list\">\n<li><span style=\"color: #0000ff;\"><a style=\"color: #0000ff;\" href=\"https:\/\/wp.ufpel.edu.br\/cra\/transferencia-voluntaria\/\" target=\"_blank\" rel=\"noopener noreferrer\">Transfer\u00eancia Volunt\u00e1ria<\/a><\/span><\/li>\n\n\n\n<li><span style=\"color: #0000ff;\"><a style=\"color: #0000ff;\" href=\"https:\/\/wp.ufpel.edu.br\/cra\/reingresso\/\" target=\"_blank\" rel=\"noopener noreferrer\">Reingresso<\/a><\/span><\/li>\n\n\n\n<li><span style=\"color: #0000ff;\"><a style=\"color: #0000ff;\" href=\"https:\/\/wp.ufpel.edu.br\/cra\/portador-de-diploma\/\" target=\"_blank\" rel=\"noopener noreferrer\">Ingresso como Portador de Diploma<\/a><\/span><\/li>\n\n\n\n<li><span style=\"color: #0000ff;\"><a style=\"color: #0000ff;\" href=\"https:\/\/wp.ufpel.edu.br\/cra\/formas-de-ingresso\/retomada-de-estudos\/\" target=\"_blank\" rel=\"noopener\">Retomada de estudos<\/a><\/span><\/li>\n<\/ul>\n\n\n\n<p>Ou via <span style=\"color: #0000ff;\"><a style=\"color: #0000ff;\" href=\"https:\/\/wp.ufpel.edu.br\/cra\/formas-de-ingresso\/nota-do-enem\/\" target=\"_blank\" rel=\"noopener\">Nota do ENEM<\/a><\/span>, <span style=\"color: #0000ff;\"><a style=\"color: #0000ff;\" href=\"https:\/\/wp.ufpel.edu.br\/cra\/formas-de-ingresso\/\" target=\"_blank\" rel=\"noopener\">Vestibular Simplificado<\/a><\/span>, <span style=\"color: #000000;\"><a href=\"https:\/\/wp.ufpel.edu.br\/cra\/transferencia-compulsoria\/\" target=\"_blank\" rel=\"noopener noreferrer\"><span style=\"color: #0000ff;\">Transfer\u00eancia Compuls\u00f3ria<\/span>,<\/a>&nbsp;<span style=\"color: #0000ff;\"><a style=\"color: #0000ff;\" href=\"https:\/\/wp.ufpel.edu.br\/cra\/processo-seletivo-especial\/\" target=\"_blank\" rel=\"noopener noreferrer\">Processo Seletivo Especial<\/a><\/span> ou <span style=\"color: #0000ff;\"><a style=\"color: #0000ff;\" href=\"https:\/\/wp.ufpel.edu.br\/cra\/atividades-isoladas\/\" target=\"_blank\" rel=\"noopener noreferrer\">Regime Especial<\/a><\/span>.<\/span><\/p>\n\n\n\n<p>Acesse o <strong>SIMULADOR DE INGRESSO<\/strong> <span style=\"color: #0000ff;\"><a style=\"color: #0000ff;\" rel=\"noopener\" href=\"https:\/\/wp.ufpel.edu.br\/cra\/guia-de-inscricao\/\" target=\"_blank\">aqui<\/a><\/span> para um aux\u00edlio mais individualizado, caso tenha d\u00favidas quanto as cotas que possa concorrer acesse o <strong>SIMULADOR DE COTAS<\/strong> <span style=\"color: #0000ff;\"><a style=\"color: #0000ff;\" rel=\"noopener\" href=\"https:\/\/wp.ufpel.edu.br\/cra\/simulador-de-cotas\/\" target=\"_blank\">aqui<\/a><\/span><\/p>\n\n\n\n<p>(Aten\u00e7\u00e3o! Se voc\u00ea se enquadrar dentro das categorias contempladas na Lei de Cotas,\u00a0<strong>\u00e9 preciso comprovar que voc\u00ea atende aos requisitos<\/strong>.\u00a0Quando as cotas raciais lembre que visam a acabar com a desigualdade racial e o racismo estrutural resultantes de anos de escravid\u00e3o, que ainda excluem pessoas negras e ind\u00edgenas da universidade. Portanto, elas n\u00e3o s\u00e3o destinadas a qualquer individuo que se autodeclare negro, pois o procedimento de heteroidentifica\u00e7\u00e3o utilizar\u00e1 exclusivamente o crit\u00e9rio fenot\u00edpico para aferi\u00e7\u00e3o da condi\u00e7\u00e3o declarada pelo candidato).<\/p>\n","protected":false},"excerpt":{"rendered":"<p>Dentre as op\u00e7\u00f5es de ingresso para tornar-se aluno do Curso de Licenciatura em Matem\u00e1tica Noturno (CLMN) est\u00e3o: SISU &#8211; O estudante interessado em concorrer a uma vaga (das 45) no CLMN no primeiro semestre de cada ano deve, obrigatoriamente, inscrever-se e fazer as provas do Exame Nacional do Ensino M\u00e9dio &#8211; ENEM. PAVE\/UFPel &#8211; Al\u00e9m [&hellip;]<\/p>\n","protected":false},"author":466,"featured_media":0,"parent":0,"menu_order":0,"comment_status":"closed","ping_status":"closed","template":"","meta":{"jetpack_post_was_ever_published":false,"footnotes":""},"class_list":["post-758","page","type-page","status-publish","hentry"],"jetpack_sharing_enabled":true,"jetpack_shortlink":"https:\/\/wp.me\/P7sk8J-ce","_links":{"self":[{"href":"https:\/\/wp.ufpel.edu.br\/matematicanoturno\/wp-json\/wp\/v2\/pages\/758","targetHints":{"allow":["GET"]}}],"collection":[{"href":"https:\/\/wp.ufpel.edu.br\/matematicanoturno\/wp-json\/wp\/v2\/pages"}],"about":[{"href":"https:\/\/wp.ufpel.edu.br\/matematicanoturno\/wp-json\/wp\/v2\/types\/page"}],"author":[{"embeddable":true,"href":"https:\/\/wp.ufpel.edu.br\/matematicanoturno\/wp-json\/wp\/v2\/users\/466"}],"replies":[{"embeddable":true,"href":"https:\/\/wp.ufpel.edu.br\/matematicanoturno\/wp-json\/wp\/v2\/comments?post=758"}],"version-history":[{"count":26,"href":"https:\/\/wp.ufpel.edu.br\/matematicanoturno\/wp-json\/wp\/v2\/pages\/758\/revisions"}],"predecessor-version":[{"id":2969,"href":"https:\/\/wp.ufpel.edu.br\/matematicanoturno\/wp-json\/wp\/v2\/pages\/758\/revisions\/2969"}],"wp:attachment":[{"href":"https:\/\/wp.ufpel.edu.br\/matematicanoturno\/wp-json\/wp\/v2\/media?parent=758"}],"curies":[{"name":"wp","href":"https:\/\/api.w.org\/{rel}","templated":true}]}}