{"id":431,"date":"2015-03-09T20:01:29","date_gmt":"2015-03-09T23:01:29","guid":{"rendered":"https:\/\/wp.ufpel.edu.br\/matematicanoturno\/?page_id=431"},"modified":"2015-03-09T20:01:29","modified_gmt":"2015-03-09T23:01:29","slug":"aprendizagens-contemporaneas","status":"publish","type":"page","link":"https:\/\/wp.ufpel.edu.br\/matematicanoturno\/disciplinas-optativas\/aprendizagens-contemporaneas\/","title":{"rendered":"Aprendizagens Contempor\u00e2neas"},"content":{"rendered":"<h4>Aprendizagens Contempor\u00e2neas<\/h4>\n<table>\n<tbody>\n<tr>\n<td width=\"101\">Curso<\/td>\n<td width=\"536\">Licenciatura em Matem\u00e1tica<\/td>\n<\/tr>\n<tr>\n<td width=\"101\">Disciplina<\/td>\n<td width=\"536\">Aprendizagens contempor\u00e2neas<\/td>\n<\/tr>\n<tr>\n<td width=\"101\">Car\u00e1ter<\/td>\n<td width=\"536\">Te\u00f3rico\/ Pr\u00e1tico<\/td>\n<\/tr>\n<tr>\n<td width=\"101\">Pr\u00e9-requisito<\/td>\n<td width=\"536\">Fundamentos Psicol\u00f3gicos da Educa\u00e7\u00e3o<\/td>\n<\/tr>\n<tr>\n<td width=\"101\">C\u00f3digo<\/td>\n<td width=\"536\">0360236<\/td>\n<\/tr>\n<tr>\n<td width=\"101\">Depto.<\/td>\n<td width=\"536\">Departamento de Fundamentos da Educa\u00e7\u00e3o\/FaE<\/td>\n<\/tr>\n<tr>\n<td width=\"101\">CHT<\/td>\n<td width=\"536\">68<\/td>\n<\/tr>\n<tr>\n<td width=\"101\">Cr\u00e9ditos<\/td>\n<td width=\"536\">04<\/td>\n<\/tr>\n<tr>\n<td width=\"101\">Natureza<\/td>\n<td width=\"536\">68 te\u00f3ricas<\/td>\n<\/tr>\n<tr>\n<td width=\"101\">Prof. Resp.<\/td>\n<td width=\"536\"><\/td>\n<\/tr>\n<tr>\n<td width=\"101\">Objetivos<\/td>\n<td width=\"536\">\n<p>Capacitar o aluno a aplicar os conhecimentos da Psicologia.<\/p>\n<p>Relacionar as teorias psicol\u00f3gicas com a educa\u00e7\u00e3o.<\/p>\n<p>Refletir sobre a rela\u00e7\u00e3o professor\/aluno.<\/p>\n<p>Aprofundar conhecimentos sobre a etapa da pr\u00e9- adolesc\u00eancia e adolesc\u00eancia.<\/p>\n<p>&nbsp;<\/td>\n<\/tr>\n<tr>\n<td width=\"101\">Ementa<\/td>\n<td width=\"536\">Estudar aspectos cognitivos, afetivos e sociais que interferem e potencializam o processo de aprendizagem nas fases da pr\u00e9-adolesc\u00eancia e adolesc\u00eancia, que constituem outras subjetividades, na atualidade. Objetiva-se visibilizar a interfer\u00eancia e os efeitos, de alguns dispositivos midi\u00e1ticos utilizados por pr\u00e9-adolescentes e adolescentes que introduzem novos \u201ch\u00e1bitos\u201d cotidianos, instituindo outros modos de cogni\u00e7\u00e3o e inter-rela\u00e7\u00e3o, no contempor\u00e2neo; bem como disponibilizar, ao professor em forma\u00e7\u00e3o subs\u00eddios de interven\u00e7\u00e3o na sala de aula, atrav\u00e9s de jogos psicodram\u00e1ticos.<\/td>\n<\/tr>\n<tr>\n<td width=\"101\">Programa<\/td>\n<td width=\"536\">\n<p>Aprendizagem:<\/p>\n<p>&#8211; Aprendizagens intermediadas pela m\u00eddia:vari\u00e1veis individuais e sociais que interferem na aprendizagem<\/p>\n<p>&#8211; Teoria Psicodram\u00e1tica<\/p>\n<p>&#8211; Psicodrama Psicopedag\u00f3gico<\/p>\n<p>&#8211; Jogos Dram\u00e1ticos<\/p>\n<p>Adolesc\u00eancia:<\/p>\n<p>-. Desenvolvimento emocional<\/p>\n<p>-. Desenvolvimento cognitivo<\/p>\n<p>&#8211; Socializa\u00e7\u00e3o (os grupos de amigos, a fam\u00edlia, a m\u00eddia, etc)<\/p>\n<p>Adolesc\u00eancia x Escola:<\/p>\n<p>&#8211; Aspectos gerais<\/p>\n<p>&#8211; Produ\u00e7\u00e3o de Subjetividade Capital\u00edstica e Escola e suas interfer\u00eancias na aprendizagem.<\/p>\n<p>&#8211; Intera\u00e7\u00f5es professor x aluno:<\/p>\n<p>&#8211; Influ\u00eancia educativa da m\u00eddia na aprendizagem: linguagem escrita dos e-mails, torpedos celulares, msn, as programa\u00e7\u00f5es da TV, as m\u00fasicas, os jogos virtuais, ORKUT, Gazzag, etc<\/p>\n<p>Alguns \u201cdist\u00farbios de comportamentos\u201d que afetam no processo de aprendizagem<\/p>\n<p>&#8211; Viol\u00eancia e Agressividade<\/p>\n<p>&#8211; Transtornos Alimentares e f\u00edsico (anorexia, bulimia, obesidade, vigorexia&#8230;)<\/p>\n<p>&#8211; Sexualidade (gravidez, AIDS&#8230;)<\/p>\n<p>&#8211; Drogas e Depress\u00e3o<\/p>\n<p>&nbsp;<\/td>\n<\/tr>\n<tr>\n<td width=\"101\">Bibliografia<\/td>\n<td width=\"536\">\n<p>B\u00e1sica<\/p>\n<p>AGUIAR, Mois\u00e9s. Teatro Espont\u00e2neo e Psicodrama. S\u00e3o Paulo: Agora, 1998. 150p.<\/p>\n<p>BECKER, F. Modelos pedag\u00f3gicos e modelos epistemol\u00f3gicos. Paix\u00e3o de Aprender. Porto Alegre, v. 5, p.18-23, 1993.<\/p>\n<p>BIAGGIO, Angela M. B. Psicologia do Desenvolvimento. Petr\u00f3polis: Vozes, 1975.<\/p>\n<p>BOCK, Ana M. B., FURTADO, Odair, TEIXEIRA, Maria L. T. Psicologias uma Introdu\u00e7\u00e3o ao Estudo de Psicologia. 13 ed. S\u00e3o Paulo: Saraiva, 2002.<\/p>\n<p>&nbsp;<\/p>\n<p>Complementar<\/p>\n<p>COLL, C\u00e9sar, PALACIOS, Jesus, MARCHESI, \u00c1lvaro (orgs.). Desenvolvimento Psicol\u00f3gico e Educa\u00e7\u00e3o \u2013 Psicologia Evolutiva. Trad. Marcos A. G. Domingues. Porto Alegre: Artes M\u00e9dicas, 1995.<\/p>\n<p>DELEUZE, Gilles. Cr\u00edtica e cl\u00ednica. Rio de Janeiro: Ed.34, 1997.<\/p>\n<p>______. (1972-1990) Conversa\u00e7\u00f5es. Tradu\u00e7\u00e3o de Peter P\u00e1l Pelbart. Rio de Janeiro: Ed.34, 1996a.<\/p>\n<p>DELEUZE, G., GUATTARI, F. Mil plat\u00f4s: capitalismo e esquizofrenia. v. 2. S\u00e3o Paulo: Ed. 34, 1995.<\/p>\n<p>D\u00cdAZ, Ester. Michel Foucault: los modos de subjetivaci\u00f3n. Buenos Aires: Almagesto, 1993. 85p.<\/p>\n<p>FALC\u00c3O, G\u00e9rson Marinho. Psicologia da Aprendizagem. 10 ed. S\u00e3o Paulo: Editora \u00c1tica, 2001.<\/p>\n<p>FOUCAULT, Michel. Vigiar e punir. Petr\u00f3polis: Vozes, 1977.<\/p>\n<p>______. Microf\u00edsica do poder 6.ed. Rio de Janeiro: Graal, 1986. 295p.<\/p>\n<p>FRANCISCO FILHO, Geraldo. A Psicologia no Contexto Educacional. Campinas: Editora \u00c1tomo, 2002.<\/p>\n<p>MARTINS, Jo\u00e3o Batista. Psicologia e Educa\u00e7\u00e3o \u2013 Tecendo Caminhos. S\u00e3o Carlos: Rima, 2002.<\/p>\n<p>MONTEIRO, F. Regina. Jogos dram\u00e1ticos. 3\u00aaed. S\u00e3o Paulo: Agora, 1994.110p.<\/p>\n<p>\u00ad\u00ad\u00ad\u00ad\u00ad__________(Org).T\u00e9cnicas Fundamentais do Psicodrama. S\u00e3o Paulo: Agora, 1993.170p.<\/p>\n<p>MORENO, J. L. Psicodrama. 12\u00aaed. S\u00e3o Paulo: Cultrix, 1997. 492p.<\/p>\n<p>__________. Fundamentos do Psicodrama. S\u00e3o Paulo: Summus, 1983.\u00a0\u00a0 254p<\/p>\n<p>PATTO, Maria Helena Souza Patto (org.). Introdu\u00e7\u00e3o \u00e0 Psicologia Escolar. 2 ed., S\u00e3o Paulo: T.A. Queiroz, Editor, Ltda., 1991.<\/p>\n<p>PIAGET, Jean. Seis Estudos de Psicologia. Trad. Maria Alice Magalh\u00e3es D\u2019 Amorim. Rio de Janeiro: Editora Forense Universit\u00e1ria Ltda., 1986.<\/p>\n<p>PINTO, Gerusa R., RIBEIRO, Lourdes E. O Real do Construtivismo \u2013 Pr\u00e1ticas Pedag\u00f3gicas e Experi\u00eancias Inovadoras. 10 ed. Belo Horizonte: Editora Fapi Ltda., v. 1, sd.<\/p>\n<p>WITTER, Geraldina Porto, LOM\u00d4NACO, Jos\u00e9 Fernando Bitencourt. Psicologia da Aprendizagem. S\u00e3o Paulo: EPU, 1984.<\/p>\n<p>RAPPAPORT, Clara R. (et al). Psicologia do Desenvolvimento. S\u00e3o Paulo: EPU, v. 1, 2, 3, 4, 1981-1982.<\/p>\n<p>ROSA, Merval. Psicologia Evolutiva. Petr\u00f3polis: Vozes, v.1, 2, 3, 4, 1986.<\/p>\n<p>SALVADOR, Coll C\u00e9sar e outros. Psicologia do Ensino. Trad. Cristina Maria de Oliveira. Porto Alegre: ARTMED Editora, 2000.<\/p>\n<p>_________. Psicologia da Educa\u00e7\u00e3o. Trad. Cristina Maria de Oliveira. Porto Alegre: ARTMED Editora, 1999.<\/p>\n<p>SHEEHAN, Elaine. Ansiedade, fobias e s\u00edndrome do p\u00e2nico \u2013 esclarecendo d\u00favidas. S\u00e3o Paulo: \u00c1gora, 1996.<\/p>\n<p>TANAMACHI, Elenita, PROEN\u00c7A, Marilene, ROCHA, Marisa (org.) Psicologia e Educa\u00e7\u00e3o \u2013 desafios te\u00f3ricos-pr\u00e1ticos. S\u00e3o Paulo: Casa do Psic\u00f3logo, 2000.<\/p>\n<p>TIBA, I\u00e7ami. Disciplina: limite na medida certa. 6 ed. S\u00e3o Paulo: Editora Gente, 1996.<\/p>\n<p>__________. Puberdade e adolesc\u00eancia \u2013Desenvolvimento Biopsicossocial. 3 Ed: S\u00e3o Paulo, Agora, 1985.<\/p>\n<p>VIGOTSKII, L. S., LURIA, A. R., LEONTIEV, A. N. Linguagem, Desenvolvimento e Aprendizagem. Trad. Maria da Penha Villalobos. 3 ed. S\u00e3o Paulo: \u00cdcone: Editora da Universidade de S\u00e3o Paulo, 1988.<\/p>\n<p><a href=\"http:\/\/www.bullying.com.br\">http:\/\/www.bullying.com.br<\/a><\/p>\n<p><a href=\"http:\/\/www.educacional.com.br\/reportagens\/bullying\/default.asp\">www.educacional.com.br\/reportagens\/bullying\/default.asp<\/a><\/p>\n<p><a href=\"http:\/\/www.abcdocorposalutar.com.br\/artigo.php?codArt=506\">www.abcdocorposalutar.com.br\/artigo.php?codArt=506<\/a><\/p>\n<p><a href=\"http:\/\/www1.folha.uol.com.br\/folha\/informatica\/ult124u18582.shtml\">http:\/\/www1.folha.uol.com.br\/folha\/informatica\/ult124u18582.shtml<\/a><\/p>\n<p><a href=\"http:\/\/www1.folha.uol.com.br\/folha\/educacao\/ult305u12552.shtml\">http:\/\/www1.folha.uol.com.br\/folha\/educacao\/ult305u12552.shtml<\/a><\/p>\n<p>&nbsp;<\/td>\n<\/tr>\n<\/tbody>\n<\/table>\n<p>&nbsp;<\/p>\n<p>&nbsp;<\/p>\n","protected":false},"excerpt":{"rendered":"<p>Aprendizagens Contempor\u00e2neas Curso Licenciatura em Matem\u00e1tica Disciplina Aprendizagens contempor\u00e2neas Car\u00e1ter Te\u00f3rico\/ Pr\u00e1tico Pr\u00e9-requisito Fundamentos Psicol\u00f3gicos da Educa\u00e7\u00e3o C\u00f3digo 0360236 Depto. Departamento de Fundamentos da Educa\u00e7\u00e3o\/FaE CHT 68 Cr\u00e9ditos 04 Natureza 68 te\u00f3ricas Prof. Resp. Objetivos Capacitar o aluno a aplicar os conhecimentos da Psicologia. Relacionar as teorias psicol\u00f3gicas com a educa\u00e7\u00e3o. Refletir sobre a rela\u00e7\u00e3o [&hellip;]<\/p>\n","protected":false},"author":466,"featured_media":0,"parent":363,"menu_order":0,"comment_status":"closed","ping_status":"closed","template":"page-sem-sidebar.php","meta":{"jetpack_post_was_ever_published":false,"footnotes":""},"class_list":["post-431","page","type-page","status-publish","hentry"],"jetpack_sharing_enabled":true,"jetpack_shortlink":"https:\/\/wp.me\/P7sk8J-6X","_links":{"self":[{"href":"https:\/\/wp.ufpel.edu.br\/matematicanoturno\/wp-json\/wp\/v2\/pages\/431","targetHints":{"allow":["GET"]}}],"collection":[{"href":"https:\/\/wp.ufpel.edu.br\/matematicanoturno\/wp-json\/wp\/v2\/pages"}],"about":[{"href":"https:\/\/wp.ufpel.edu.br\/matematicanoturno\/wp-json\/wp\/v2\/types\/page"}],"author":[{"embeddable":true,"href":"https:\/\/wp.ufpel.edu.br\/matematicanoturno\/wp-json\/wp\/v2\/users\/466"}],"replies":[{"embeddable":true,"href":"https:\/\/wp.ufpel.edu.br\/matematicanoturno\/wp-json\/wp\/v2\/comments?post=431"}],"version-history":[{"count":1,"href":"https:\/\/wp.ufpel.edu.br\/matematicanoturno\/wp-json\/wp\/v2\/pages\/431\/revisions"}],"predecessor-version":[{"id":432,"href":"https:\/\/wp.ufpel.edu.br\/matematicanoturno\/wp-json\/wp\/v2\/pages\/431\/revisions\/432"}],"up":[{"embeddable":true,"href":"https:\/\/wp.ufpel.edu.br\/matematicanoturno\/wp-json\/wp\/v2\/pages\/363"}],"wp:attachment":[{"href":"https:\/\/wp.ufpel.edu.br\/matematicanoturno\/wp-json\/wp\/v2\/media?parent=431"}],"curies":[{"name":"wp","href":"https:\/\/api.w.org\/{rel}","templated":true}]}}