{"id":427,"date":"2015-03-09T19:48:33","date_gmt":"2015-03-09T22:48:33","guid":{"rendered":"https:\/\/wp.ufpel.edu.br\/matematicanoturno\/?page_id=427"},"modified":"2015-03-09T19:48:33","modified_gmt":"2015-03-09T22:48:33","slug":"pensando-a-educacao-brasileira","status":"publish","type":"page","link":"https:\/\/wp.ufpel.edu.br\/matematicanoturno\/disciplinas-optativas\/pensando-a-educacao-brasileira\/","title":{"rendered":"Pensando a Educa\u00e7\u00e3o Brasileira"},"content":{"rendered":"<h4>Pensando a Educa\u00e7\u00e3o Brasileira<\/h4>\n<table>\n<tbody>\n<tr>\n<td width=\"89\">Curso<\/td>\n<td width=\"548\">Licenciatura em Matem\u00e1tica<\/td>\n<\/tr>\n<tr>\n<td width=\"89\">Disciplina<\/td>\n<td width=\"548\">Pensando a Educa\u00e7\u00e3o Brasileira<\/td>\n<\/tr>\n<tr>\n<td width=\"89\">Car\u00e1ter<\/td>\n<td width=\"548\">Optativa<\/td>\n<\/tr>\n<tr>\n<td width=\"89\">Pr\u00e9-requisito<\/td>\n<td width=\"548\">&#8211;<\/td>\n<\/tr>\n<tr>\n<td width=\"89\">C\u00f3digo<\/td>\n<td width=\"548\">0360247<\/td>\n<\/tr>\n<tr>\n<td width=\"89\">Depto.<\/td>\n<td width=\"548\">DFE\/FaE<\/td>\n<\/tr>\n<tr>\n<td width=\"89\">CHT<\/td>\n<td width=\"548\">68<\/td>\n<\/tr>\n<tr>\n<td width=\"89\">Cr\u00e9ditos<\/td>\n<td width=\"548\">04<\/td>\n<\/tr>\n<tr>\n<td width=\"89\">Natureza<\/td>\n<td width=\"548\">68 Te\u00f3ricas<\/td>\n<\/tr>\n<tr>\n<td width=\"89\">Prof. Resp.<\/td>\n<td width=\"548\"><\/td>\n<\/tr>\n<tr>\n<td width=\"89\">Objetivos<\/td>\n<td width=\"548\">\n<p>Propiciar aos alunos uma vis\u00e3o abrangente da realidade educacional brasileira, atrav\u00e9s da leitura e interpreta\u00e7\u00e3o de v\u00e1rios autores, entre eles: Paulo Freire, Florestan Fernandes, Darcy Ribeiro, An\u00edsio Teixeira, Demerval Saviani.<\/p>\n<p>Construir uma cr\u00edtica \u00e0 realidade hist\u00f3rica, \u00e0 educa\u00e7\u00e3o brasileira.<\/p>\n<p>Organizar um arcabou\u00e7o de novos caminhos e a\u00e7\u00f5es, para o cotidiano pedag\u00f3gico.<\/td>\n<\/tr>\n<tr>\n<td width=\"89\">Ementa<\/td>\n<td width=\"548\">\n<p>&nbsp;<\/p>\n<p>O estudo das estruturas educacionais brasileiras dentro de uma an\u00e1lise do processo hist\u00f3rico, n\u00e3o apenas estudando os cl\u00e1ssicos per\u00edodos definidos pela historiografia, o colonial, o imperial e o republicano, mas sim, articulando os mesmos com a realidade atual. Al\u00e9m disso possibilitar um conhecimento te\u00f3rico salientando as institui\u00e7\u00f5es educacionais e o papel do Estado. Estudar comparativamente a educa\u00e7\u00e3o nacional com acontecimentos mundiais, tendo como foco a educa\u00e7\u00e3o brasileira, particularizando o papel dos intelectuais na educa\u00e7\u00e3o.<\/td>\n<\/tr>\n<tr>\n<td width=\"89\">Programa<\/td>\n<td width=\"548\">O mais flex\u00edvel poss\u00edvel, sendo sempre discutido, montado, desmontado coletivamente, conforme o andar, o anseio e necessidade da turma. Nessa montagem, faz-se necess\u00e1rio Ter coragem, \u00a0 para criticar esse modelo cristalizado, e quem sabe ent\u00e3o encontrar maneiras que abram horizontes mais amplos, capazes de gerar pessoas livres, posicionadas, aut\u00f4nomas, criativas e cr\u00edticas.<\/td>\n<\/tr>\n<tr>\n<td width=\"89\">Bibliografia<\/td>\n<td width=\"548\">\n<p>B\u00e1sica<\/p>\n<p>Almeida, Jos\u00e9 A . Pires de. Hist\u00f3ria da Instru\u00e7\u00e3o P\u00fablica no Brasil (1500-1889). Hist\u00f3ria e Legisla\u00e7\u00e3o. S\u00e3o Paulo, Inep\/Mec, 1989.<\/p>\n<p>ALVES, Rubens. Conversas com quem gosta de ensinar. 17\u00aa ed, S\u00e3o Paulo, Cortez, 1986.<\/p>\n<p>Azevedo, Fernando.A cultura Brasileira. 4\u00aa ede. S\u00e3o Paulo, Melhoramentos, 1964.<\/p>\n<p>BASTOS, Maria Helena C\u00e2mara &amp; STEPHANOU, Maria. Hist\u00f3rias e Mem\u00f3rias da Educa\u00e7\u00e3o no Brasil. 3 volumes. Petr\u00f3polis, Vozes, 2004\/5.<\/p>\n<p>&nbsp;<\/p>\n<p>Complementar<\/p>\n<p>BERGER, Manfredo. Educa\u00e7\u00e3o e Depend\u00eancia. 3\u00aa ed. S\u00e3o Paulo, Difel, 1980.<\/p>\n<p>CUNHA, Lu\u00eds Ant\u00f4nio. A Universidade Tempor\u00e2. RJ, Francisco Alves, 1986.<\/p>\n<p>CURY, Carlos Jamil. Ideologia e Educa\u00e7\u00e3o Brasileira. 4\u00aa ed. S\u00e3o Paulo, Cortez, 1988.<\/p>\n<p>FREIRE, Paulo. Educa\u00e7\u00e3o como pr\u00e1tica da liberdade. RJ, Paz e Terra, 1967.<\/p>\n<p>____________ Pedagogia do oprimido. RJ , Paz e Terra, 1974.<\/p>\n<p>____________ A import\u00e2ncia do ato de ler. S\u00e3o Paulo, Cortez, 1982.<\/p>\n<p>FREITAS, Marcos Cezar de (Org) Hist\u00f3ria Social da Inf\u00e2ncia no Brasil. S\u00e3o Paulo, Cortez, 1997.<\/p>\n<p>GADOTTI, Moacyr. Pensamento Pedag\u00f3gico Brasileiro. S\u00e3o Paulo, \u00c1tica, 1990.<\/p>\n<p>GHIRALDELL, Paulo. Hist\u00f3ria da Educa\u00e7\u00e3o. S\u00e3o Paulo, Cortez, 1990.<\/p>\n<p>HILSDORF, Maria Lucia Spedo. Hist\u00f3ria da educa\u00e7\u00e3o brasileira: leiuturas. S\u00e2o Paulo, Thomson, 2003.<\/p>\n<p>LIB\u00c2NEO, Jos\u00e9 Carlos. Democratiza\u00e7\u00e3o da Escola P\u00fablica. A pedagogia cr\u00edtico social dos conte\u00fados, 11\u00aa ed. S\u00e2o Paulo, Edic\u00f5es Loyola, 1993.<\/p>\n<p>LIMA, Lauro de Oliveira. Est\u00f3rias da Educa\u00e7\u00e3o no Brasil: de Pombal a Passarinho. 3\u00aa ed. RJ, ed. Bras\u00edlia, s\/d.<\/p>\n<p>MENDES, Dumerval Trigueiro (Org) Filosofia da Educa\u00e7\u00e3o Brasileira. 2\u00aa ed RJ, Civiliza\u00e7\u00e3o Brasileira, 1985.<\/p>\n<p>NISKIER, Arnaldo. Educa\u00e7\u00e3o Brasileira (500 anos de hist\u00f3ria). S\u00e3o Paulo, Melhoramentos, 1989.<\/p>\n<p>PEIXOTO, Ana Maria. Educa\u00e7\u00e3o no Brasil anos Vinte. S P, Ed. Loyola,1983.<\/p>\n<p>RIBEIRO, Maria Luisa Santos. Hist\u00f3ria da Educa\u00e7\u00e3o Brasileira, 12\u00aa ed, S\u00e3o Paulo, Cortez, 1992.<\/p>\n<p>ROMANELLI, Ota\u00edza. Hist\u00f3ria da Educa\u00e7\u00e3o no Brasil. Petr\u00f3polis, Vozes, 1989.<\/p>\n<p>SAVIANI, Demerval. Educa\u00e7\u00e3o brasileira: estrutura e sistema. 6\u00aa ed. S\u00e3o Paulo, Cortez, 1987.<\/p>\n<p>Educa\u00e7\u00e3o: do senso comum \u00e0 consci\u00eancia filos\u00f3fica. 11\u00aa ed. Campinas, Ed. Associados, 1993.<\/p>\n<p>TEIXEIRA, Anisio. Ensino Superior no Brasil: an\u00e1lise e interpreta\u00e7\u00e3o de sua evolu\u00e7\u00e3o at\u00e9 1969.Rio de Janeiro, Ed. Funda\u00e7\u00e3o Get\u00falio Vargas, 1989.<\/p>\n<p>Educa\u00e7\u00e3o n\u00e3o \u00e9 privil\u00e9gio. Rio de Janeiro, Jos\u00e9 Olympio, 1957.<\/p>\n<p>XAVIER, Maria Elizabete. Capitalismo e escola no Brasil. Campinas, Papirus, 1989.<\/p>\n<p>XAVIER, Maria Elizabete et alii. Hist\u00f3ria da Educa\u00e7\u00e3o. A escola no Brasil. S\u00e3o Paulo, FTD, 1994.<\/td>\n<\/tr>\n<\/tbody>\n<\/table>\n<p>&nbsp;<\/p>\n<p>&nbsp;<\/p>\n<p>&nbsp;<\/p>\n","protected":false},"excerpt":{"rendered":"<p>Pensando a Educa\u00e7\u00e3o Brasileira Curso Licenciatura em Matem\u00e1tica Disciplina Pensando a Educa\u00e7\u00e3o Brasileira Car\u00e1ter Optativa Pr\u00e9-requisito &#8211; C\u00f3digo 0360247 Depto. DFE\/FaE CHT 68 Cr\u00e9ditos 04 Natureza 68 Te\u00f3ricas Prof. Resp. Objetivos Propiciar aos alunos uma vis\u00e3o abrangente da realidade educacional brasileira, atrav\u00e9s da leitura e interpreta\u00e7\u00e3o de v\u00e1rios autores, entre eles: Paulo Freire, Florestan Fernandes, [&hellip;]<\/p>\n","protected":false},"author":466,"featured_media":0,"parent":363,"menu_order":0,"comment_status":"closed","ping_status":"closed","template":"page-sem-sidebar.php","meta":{"jetpack_post_was_ever_published":false,"footnotes":""},"class_list":["post-427","page","type-page","status-publish","hentry"],"jetpack_sharing_enabled":true,"jetpack_shortlink":"https:\/\/wp.me\/P7sk8J-6T","_links":{"self":[{"href":"https:\/\/wp.ufpel.edu.br\/matematicanoturno\/wp-json\/wp\/v2\/pages\/427","targetHints":{"allow":["GET"]}}],"collection":[{"href":"https:\/\/wp.ufpel.edu.br\/matematicanoturno\/wp-json\/wp\/v2\/pages"}],"about":[{"href":"https:\/\/wp.ufpel.edu.br\/matematicanoturno\/wp-json\/wp\/v2\/types\/page"}],"author":[{"embeddable":true,"href":"https:\/\/wp.ufpel.edu.br\/matematicanoturno\/wp-json\/wp\/v2\/users\/466"}],"replies":[{"embeddable":true,"href":"https:\/\/wp.ufpel.edu.br\/matematicanoturno\/wp-json\/wp\/v2\/comments?post=427"}],"version-history":[{"count":1,"href":"https:\/\/wp.ufpel.edu.br\/matematicanoturno\/wp-json\/wp\/v2\/pages\/427\/revisions"}],"predecessor-version":[{"id":428,"href":"https:\/\/wp.ufpel.edu.br\/matematicanoturno\/wp-json\/wp\/v2\/pages\/427\/revisions\/428"}],"up":[{"embeddable":true,"href":"https:\/\/wp.ufpel.edu.br\/matematicanoturno\/wp-json\/wp\/v2\/pages\/363"}],"wp:attachment":[{"href":"https:\/\/wp.ufpel.edu.br\/matematicanoturno\/wp-json\/wp\/v2\/media?parent=427"}],"curies":[{"name":"wp","href":"https:\/\/api.w.org\/{rel}","templated":true}]}}