{"id":421,"date":"2015-03-09T19:45:37","date_gmt":"2015-03-09T22:45:37","guid":{"rendered":"https:\/\/wp.ufpel.edu.br\/matematicanoturno\/?page_id=421"},"modified":"2015-03-09T19:45:37","modified_gmt":"2015-03-09T22:45:37","slug":"desenho-geometrico","status":"publish","type":"page","link":"https:\/\/wp.ufpel.edu.br\/matematicanoturno\/disciplinas-optativas\/desenho-geometrico\/","title":{"rendered":"Desenho Geom\u00e9trico"},"content":{"rendered":"<h4>Desenho Geom\u00e9trico<\/h4>\n<table>\n<tbody>\n<tr>\n<td width=\"89\">Curso<\/td>\n<td width=\"548\">Licenciatura em Matem\u00e1tica<\/td>\n<\/tr>\n<tr>\n<td width=\"89\">Disciplina<\/td>\n<td width=\"548\">DESENHO GEOM\u00c9TRICO<\/td>\n<\/tr>\n<tr>\n<td width=\"89\">Car\u00e1ter<\/td>\n<td width=\"548\">Optativa<\/td>\n<\/tr>\n<tr>\n<td width=\"89\">Pr\u00e9-requisito<\/td>\n<td width=\"548\">&#8211;<\/td>\n<\/tr>\n<tr>\n<td width=\"89\">C\u00f3digo<\/td>\n<td width=\"548\">0080041<\/td>\n<\/tr>\n<tr>\n<td width=\"89\">Depto.<\/td>\n<td width=\"548\">DTGC<\/td>\n<\/tr>\n<tr>\n<td width=\"89\">CHT<\/td>\n<td width=\"548\">68 horas<\/td>\n<\/tr>\n<tr>\n<td width=\"89\">Cr\u00e9ditos<\/td>\n<td width=\"548\">04<\/td>\n<\/tr>\n<tr>\n<td width=\"89\">Natureza<\/td>\n<td width=\"548\">34 te\u00f3ricas \/ 34 Pr\u00e1tica<\/td>\n<\/tr>\n<tr>\n<td width=\"89\">Prof. Resp.<\/td>\n<td width=\"548\"><\/td>\n<\/tr>\n<tr>\n<td width=\"89\">Objetivos<\/td>\n<td width=\"548\">\n<p>Estudar a resolu\u00e7\u00e3o de problemas geom\u00e9tricos planos utilizando para isto o Desenho Geom\u00e9trico; conduzir o aluno a um racioc\u00ednio alg\u00e9brico em paralelo a resolu\u00e7\u00e3o gr\u00e1fica dos problemas propostos.<\/p>\n<p>&nbsp;<\/td>\n<\/tr>\n<tr>\n<td width=\"89\">Ementa<\/td>\n<td width=\"548\">Constru\u00e7\u00f5es Geom\u00e9tricas envolvendo \u00e2ngulos, retas, tri\u00e2ngulos, c\u00edrculos, c\u00f4nicas, executados com instrumentos. Fundamenta\u00e7\u00e3o Matem\u00e1tica.<\/td>\n<\/tr>\n<tr>\n<td width=\"89\">Programa<\/td>\n<td width=\"548\">\n<p><strong>A Geometria e o Desenho Geom\u00e9trico, Paralelas e Perpendiculares, segmentos<\/strong><\/p>\n<p>&#8211; Introdu\u00e7\u00e3o<\/p>\n<p>&#8230; O problema Geom\u00e9trico<\/p>\n<p>&#8230; A resolu\u00e7\u00e3o geom\u00e9trica atrav\u00e9s do desenho geom\u00e9trico<\/p>\n<p>&#8211; No\u00e7\u00f5es e proposi\u00e7\u00f5es primitivas<\/p>\n<p>Ponto<\/p>\n<p>Reta<\/p>\n<p>Plano<\/p>\n<p>&#8211; Paralelas e perpendiculares<\/p>\n<p>&#8211; Segmentos<\/p>\n<p>Divis\u00e3o<\/p>\n<p>Segmentos proporcionais<\/p>\n<p>&nbsp;<\/p>\n<p><strong>\u00c2ngulos e Tri\u00e2ngulos<\/strong><\/p>\n<p>&#8211; \u00c2ngulos<\/p>\n<p>Transporte<\/p>\n<p>Opera\u00e7\u00f5es<\/p>\n<p>&#8211; Tri\u00e2ngulos<\/p>\n<p>Equil\u00e1teros<\/p>\n<p>Is\u00f3sceles<\/p>\n<p>Escaleno<\/p>\n<p>Ret\u00e2ngulos<\/p>\n<p>Problemas Gerais<\/p>\n<p>&nbsp;<\/p>\n<p><strong>Circunfer\u00eancia<\/strong><\/p>\n<p>&#8211; Problemas Gerais &#8211; Restabelecimento do centro de uma circunfer\u00eancia<\/p>\n<p>&#8211; Dvis\u00e3o da circunfer\u00eancia em n partes iguais, pol\u00edgonos inscritos.<\/p>\n<p>Pol\u00edgonos e figuras estreladas, diagonais.<\/p>\n<p>&#8211; Retifica\u00e7\u00e3o da circunfer\u00eancia e arcos de circunfer\u00eancia<\/p>\n<p>&nbsp;<\/p>\n<p><strong>Curvas C\u00f4nicas<\/strong><\/p>\n<p>&nbsp;<\/p>\n<p>&#8211; A elipse<\/p>\n<p>Problemas fundamentais<\/p>\n<p>Tra\u00e7ados por pontos<\/p>\n<p>Tra\u00e7ados pelos c\u00edrculos principais<\/p>\n<p>Tra\u00e7ado pelo ret\u00e2ngulo<\/p>\n<p>Tra\u00e7ado pelo paralelogramo<\/p>\n<p>Tra\u00e7ado por dois di\u00e2metros conjugados<\/p>\n<p>&nbsp;<\/p>\n<p>&#8211; A par\u00e1bola<\/p>\n<p>Tra\u00e7ado por pontos<\/p>\n<p>Tra\u00e7ado pelo ret\u00e2ngulo<\/p>\n<p>Tra\u00e7ado sem usar o ret\u00e2ngulo<\/p>\n<p>&nbsp;<\/p>\n<p>&#8211; A hip\u00e9rbole<\/p>\n<p>Problema fundamental<\/p>\n<p>Tra\u00e7ado das ass\u00edntotas<\/p>\n<p>Tra\u00e7ado por pontos<\/p>\n<p>Tra\u00e7ado sem usar focos<\/p>\n<p>Tra\u00e7ado pelos ret\u00e2ngulos<\/p>\n<p>&nbsp;<\/td>\n<\/tr>\n<tr>\n<td width=\"89\">Bibliografia<\/td>\n<td width=\"548\">\n<p>B\u00e1sica<\/p>\n<p>RIVERA, F\u00e9lix, NEVES, Juarenze, GON\u00c7ALVES, Dinei. Tra\u00e7ados em Desenho Geom\u00e9trico. Editora da FURG: Rio Grande, 1986.<\/p>\n<p>&nbsp;<\/p>\n<p>&nbsp;<\/td>\n<\/tr>\n<\/tbody>\n<\/table>\n<h4><\/h4>\n<p>&nbsp;<\/p>\n<p>&nbsp;<\/p>\n","protected":false},"excerpt":{"rendered":"<p>Desenho Geom\u00e9trico Curso Licenciatura em Matem\u00e1tica Disciplina DESENHO GEOM\u00c9TRICO Car\u00e1ter Optativa Pr\u00e9-requisito &#8211; C\u00f3digo 0080041 Depto. DTGC CHT 68 horas Cr\u00e9ditos 04 Natureza 34 te\u00f3ricas \/ 34 Pr\u00e1tica Prof. Resp. Objetivos Estudar a resolu\u00e7\u00e3o de problemas geom\u00e9tricos planos utilizando para isto o Desenho Geom\u00e9trico; conduzir o aluno a um racioc\u00ednio alg\u00e9brico em paralelo a resolu\u00e7\u00e3o [&hellip;]<\/p>\n","protected":false},"author":466,"featured_media":0,"parent":363,"menu_order":0,"comment_status":"closed","ping_status":"closed","template":"page-sem-sidebar.php","meta":{"jetpack_post_was_ever_published":false,"footnotes":""},"class_list":["post-421","page","type-page","status-publish","hentry"],"jetpack_sharing_enabled":true,"jetpack_shortlink":"https:\/\/wp.me\/P7sk8J-6N","_links":{"self":[{"href":"https:\/\/wp.ufpel.edu.br\/matematicanoturno\/wp-json\/wp\/v2\/pages\/421","targetHints":{"allow":["GET"]}}],"collection":[{"href":"https:\/\/wp.ufpel.edu.br\/matematicanoturno\/wp-json\/wp\/v2\/pages"}],"about":[{"href":"https:\/\/wp.ufpel.edu.br\/matematicanoturno\/wp-json\/wp\/v2\/types\/page"}],"author":[{"embeddable":true,"href":"https:\/\/wp.ufpel.edu.br\/matematicanoturno\/wp-json\/wp\/v2\/users\/466"}],"replies":[{"embeddable":true,"href":"https:\/\/wp.ufpel.edu.br\/matematicanoturno\/wp-json\/wp\/v2\/comments?post=421"}],"version-history":[{"count":1,"href":"https:\/\/wp.ufpel.edu.br\/matematicanoturno\/wp-json\/wp\/v2\/pages\/421\/revisions"}],"predecessor-version":[{"id":422,"href":"https:\/\/wp.ufpel.edu.br\/matematicanoturno\/wp-json\/wp\/v2\/pages\/421\/revisions\/422"}],"up":[{"embeddable":true,"href":"https:\/\/wp.ufpel.edu.br\/matematicanoturno\/wp-json\/wp\/v2\/pages\/363"}],"wp:attachment":[{"href":"https:\/\/wp.ufpel.edu.br\/matematicanoturno\/wp-json\/wp\/v2\/media?parent=421"}],"curies":[{"name":"wp","href":"https:\/\/api.w.org\/{rel}","templated":true}]}}