{"id":419,"date":"2015-03-09T19:44:42","date_gmt":"2015-03-09T22:44:42","guid":{"rendered":"https:\/\/wp.ufpel.edu.br\/matematicanoturno\/?page_id=419"},"modified":"2015-03-09T19:44:42","modified_gmt":"2015-03-09T22:44:42","slug":"variaveis-complexas","status":"publish","type":"page","link":"https:\/\/wp.ufpel.edu.br\/matematicanoturno\/disciplinas-optativas\/variaveis-complexas\/","title":{"rendered":"Vari\u00e1veis Complexas"},"content":{"rendered":"<h4>Vari\u00e1veis Complexas<\/h4>\n<table>\n<tbody>\n<tr>\n<td width=\"89\">Curso<\/td>\n<td width=\"548\">Licenciatura em Matem\u00e1tica<\/td>\n<\/tr>\n<tr>\n<td width=\"89\">Disciplina<\/td>\n<td width=\"548\">VARI\u00c1VEIS COMPLEXAS<\/td>\n<\/tr>\n<tr>\n<td width=\"89\">Car\u00e1ter<\/td>\n<td width=\"548\">Optativa<\/td>\n<\/tr>\n<tr>\n<td width=\"89\">Pr\u00e9-requisito<\/td>\n<td width=\"548\">Calculo III (100018)<\/td>\n<\/tr>\n<tr>\n<td width=\"89\">C\u00f3digo<\/td>\n<td width=\"548\">0100085<\/td>\n<\/tr>\n<tr>\n<td width=\"89\">Depto.<\/td>\n<td width=\"548\">DME<\/td>\n<\/tr>\n<tr>\n<td width=\"89\">CHT<\/td>\n<td width=\"548\">68 horas<\/td>\n<\/tr>\n<tr>\n<td width=\"89\">Cr\u00e9ditos<\/td>\n<td width=\"548\">04<\/td>\n<\/tr>\n<tr>\n<td width=\"89\">Natureza<\/td>\n<td width=\"548\">34 te\u00f3ricas \/ 34 Pr\u00e1tica<\/td>\n<\/tr>\n<tr>\n<td width=\"89\">Prof. Resp.<\/td>\n<td width=\"548\"><\/td>\n<\/tr>\n<tr>\n<td width=\"89\">Objetivos<\/td>\n<td width=\"548\">\n<p>Estudar conceito dos n\u00fameros complexos e opera\u00e7\u00f5es com eles<\/p>\n<p>Desenvolver conceitos de fun\u00e7\u00e3o de uma vari\u00e1vel complexa, de limite e continuidade dessa fun\u00e7\u00e3o<\/p>\n<p>Introduzir e estudar conceitos de diferenciabilidade e regularidade de fun\u00e7\u00f5es de uma vari\u00e1vel complexa; mostrar diferen\u00e7a estes em compara\u00e7\u00e3o com os de fun\u00e7\u00f5es reais<\/p>\n<p>Estudar propriedades principais de fun\u00e7\u00f5es complexas diferenci\u00e1veis<\/p>\n<p>Desenvolver no\u00e7\u00f5es de pontos singulares e res\u00edduos<\/p>\n<p>Estudar desenvolvimento de fun\u00e7\u00f5es regulares em anel em s\u00e9rie de Laurent<\/p>\n<p>Aplicar teorema de res\u00edduos para c\u00e1lculo de integrais<\/td>\n<\/tr>\n<tr>\n<td width=\"89\">Ementa<\/td>\n<td width=\"548\">N\u00fameros Complexos. Fun\u00e7\u00f5es Complexas de uma Vari\u00e1vel Complexa. Deriva\u00e7\u00e3o. Integra\u00e7\u00e3o. Teorema dos Res\u00edduos e Aplica\u00e7\u00f5es.<\/td>\n<\/tr>\n<tr>\n<td width=\"89\">Programa<\/td>\n<td width=\"548\">\n<p><strong>Introdu\u00e7\u00e3o.<\/strong><\/p>\n<p>&#8211; N\u00fameros complexos e opera\u00e7\u00f5es com eles.<\/p>\n<p>&#8211; Proje\u00e7\u00e3o estereogr\u00e1fica dos n\u00fameros complexos.<\/p>\n<p>&#8211; Conjuntos e curvas no plano complexo.<\/p>\n<p>&#8211; Fun\u00e7\u00f5es de uma vari\u00e1vel complexa.<\/p>\n<p>&#8211; Fun\u00e7\u00f5es dependentes de par\u00e2metro.<\/p>\n<p>&#8211; S\u00e9ries funcionais; s\u00e9ries de pot\u00eancias.<\/p>\n<p>&#8211; Integral de fun\u00e7\u00e3o complexa; integrais dependentes de um par\u00e2metro.<\/p>\n<p>&nbsp;<\/p>\n<p><strong>Fun\u00e7\u00f5es regulares e suas propriedades<\/strong>.<\/p>\n<p>&#8211; Fun\u00e7\u00f5es diferenci\u00e1veis e regulares.<\/p>\n<p>&#8211; Teorema de Cauchy; teorema de Goursat.<\/p>\n<p>&#8211; F\u00f3rmula integral de Cauchy; crit\u00e9rio principal de regularidade.<\/p>\n<p>&#8211; Diferenciabilidade infinita de fun\u00e7\u00e3o regular.<\/p>\n<p>&#8211; Fun\u00e7\u00f5es harm\u00f4nicas e harm\u00f4nicas conjugadas.<\/p>\n<p>&#8211; Primitiva de fun\u00e7\u00e3o regular.<\/p>\n<p>&#8211; Condi\u00e7\u00f5es de regularidade.<\/p>\n<p>&#8211; Princ\u00edpio de unicidade de fun\u00e7\u00e3o regular.<\/p>\n<p>&#8211; Conceito de prolongamento anal\u00edtico de fun\u00e7\u00e3o em regi\u00e3o.<\/p>\n<p>&#8211; Conceito de fun\u00e7\u00e3o anal\u00edtica multivalente; superf\u00edcie de Riemann.<\/p>\n<p>&nbsp;<\/p>\n<p><strong>Pontos singulares, s\u00e9rie de Laurent e res\u00edduos<\/strong>.<\/p>\n<p>&#8211; Ponto singular na fronteira de c\u00edrculo de converg\u00eancia.<\/p>\n<p>&#8211; Condi\u00e7\u00e3o suficiente de ponto singular de fronteira.<\/p>\n<p>&#8211; Desenvolvimento de fun\u00e7\u00e3o em s\u00e9rie de Laurent.<\/p>\n<p>&#8211; Classifica\u00e7\u00e3o de pontos singulares: pontos singulares remov\u00edveis, polos, pontos singulares essenciais.<\/p>\n<p>&#8211; Conceito de res\u00edduo; teorema principal de res\u00edduos.<\/p>\n<p>&#8211; C\u00e1lculo de res\u00edduos. Aplica\u00e7\u00e3o do teorema de res\u00edduos nas integrais impr\u00f3prias.<\/p>\n<p>&#8211; Lema de Jordan.<\/p>\n<p>&#8211; Tipos principais de integrais calculadas atrav\u00e9s de res\u00edduos.<\/td>\n<\/tr>\n<tr>\n<td width=\"89\">Bibliografia<\/td>\n<td width=\"548\">\n<p>B\u00e1sica<\/p>\n<p>\u00c1vila, Geraldo. Vari\u00e1veis Complexas e aplica\u00e7\u00f5es. 3\u00aa Ed., Editora LTC, RJ, 2008.<\/p>\n<p>Churchill R.V. Vari\u00e1veis complexas e suas aplica\u00e7\u00f5es<\/p>\n<p>Medeiros, Jos\u00e9 Luis Adauto da Justa. Introdu\u00e7\u00e3o \u00e0s Vari\u00e1veis Complexas. Ed. McGraw -Hill<\/p>\n<p>Shokranian, Salahoddin. Vari\u00e1vel Complexa 1. Ed. Da UnB, 2002.<\/p>\n<p>&nbsp;<\/p>\n<p>Complementar<\/p>\n<p>Silverman, Richard A. Complex Analysis with applications. Prentice Hall, Inc, 1974.<\/p>\n<p>Colwell P., Matheus C. Introdu\u00e7\u00e3o \u00e0s vari\u00e1veis complexas<\/p>\n<p>Spiegel M.R. Vari\u00e1veis complexas. Cole\u00e7\u00e3o Schaum<\/p>\n<p>&nbsp;<\/td>\n<\/tr>\n<\/tbody>\n<\/table>\n<p>&nbsp;<\/p>\n<p>&nbsp;<\/p>\n","protected":false},"excerpt":{"rendered":"<p>Vari\u00e1veis Complexas Curso Licenciatura em Matem\u00e1tica Disciplina VARI\u00c1VEIS COMPLEXAS Car\u00e1ter Optativa Pr\u00e9-requisito Calculo III (100018) C\u00f3digo 0100085 Depto. DME CHT 68 horas Cr\u00e9ditos 04 Natureza 34 te\u00f3ricas \/ 34 Pr\u00e1tica Prof. Resp. Objetivos Estudar conceito dos n\u00fameros complexos e opera\u00e7\u00f5es com eles Desenvolver conceitos de fun\u00e7\u00e3o de uma vari\u00e1vel complexa, de limite e continuidade dessa [&hellip;]<\/p>\n","protected":false},"author":466,"featured_media":0,"parent":363,"menu_order":0,"comment_status":"closed","ping_status":"closed","template":"page-sem-sidebar.php","meta":{"jetpack_post_was_ever_published":false,"footnotes":""},"class_list":["post-419","page","type-page","status-publish","hentry"],"jetpack_sharing_enabled":true,"jetpack_shortlink":"https:\/\/wp.me\/P7sk8J-6L","_links":{"self":[{"href":"https:\/\/wp.ufpel.edu.br\/matematicanoturno\/wp-json\/wp\/v2\/pages\/419","targetHints":{"allow":["GET"]}}],"collection":[{"href":"https:\/\/wp.ufpel.edu.br\/matematicanoturno\/wp-json\/wp\/v2\/pages"}],"about":[{"href":"https:\/\/wp.ufpel.edu.br\/matematicanoturno\/wp-json\/wp\/v2\/types\/page"}],"author":[{"embeddable":true,"href":"https:\/\/wp.ufpel.edu.br\/matematicanoturno\/wp-json\/wp\/v2\/users\/466"}],"replies":[{"embeddable":true,"href":"https:\/\/wp.ufpel.edu.br\/matematicanoturno\/wp-json\/wp\/v2\/comments?post=419"}],"version-history":[{"count":1,"href":"https:\/\/wp.ufpel.edu.br\/matematicanoturno\/wp-json\/wp\/v2\/pages\/419\/revisions"}],"predecessor-version":[{"id":420,"href":"https:\/\/wp.ufpel.edu.br\/matematicanoturno\/wp-json\/wp\/v2\/pages\/419\/revisions\/420"}],"up":[{"embeddable":true,"href":"https:\/\/wp.ufpel.edu.br\/matematicanoturno\/wp-json\/wp\/v2\/pages\/363"}],"wp:attachment":[{"href":"https:\/\/wp.ufpel.edu.br\/matematicanoturno\/wp-json\/wp\/v2\/media?parent=419"}],"curies":[{"name":"wp","href":"https:\/\/api.w.org\/{rel}","templated":true}]}}