{"id":417,"date":"2015-03-09T19:43:57","date_gmt":"2015-03-09T22:43:57","guid":{"rendered":"https:\/\/wp.ufpel.edu.br\/matematicanoturno\/?page_id=417"},"modified":"2015-03-09T19:43:57","modified_gmt":"2015-03-09T22:43:57","slug":"trigonometria","status":"publish","type":"page","link":"https:\/\/wp.ufpel.edu.br\/matematicanoturno\/disciplinas-optativas\/trigonometria\/","title":{"rendered":"Trigonometria"},"content":{"rendered":"<h4>Trigonometria<\/h4>\n<table>\n<tbody>\n<tr>\n<td width=\"89\">Curso<\/td>\n<td width=\"548\">Licenciatura em Matem\u00e1tica<\/td>\n<\/tr>\n<tr>\n<td width=\"89\">Disciplina<\/td>\n<td width=\"548\">Trigonometria<\/td>\n<\/tr>\n<tr>\n<td width=\"89\">Car\u00e1ter<\/td>\n<td width=\"548\">Optativa<\/td>\n<\/tr>\n<tr>\n<td width=\"89\">Pr\u00e9-requisito<\/td>\n<td width=\"548\">&#8211;<\/td>\n<\/tr>\n<tr>\n<td width=\"89\">C\u00f3digo<\/td>\n<td width=\"548\">0100159<\/td>\n<\/tr>\n<tr>\n<td width=\"89\">Depto.<\/td>\n<td width=\"548\">DME<\/td>\n<\/tr>\n<tr>\n<td width=\"89\">CHT<\/td>\n<td width=\"548\">68 horas<\/td>\n<\/tr>\n<tr>\n<td width=\"89\">Cr\u00e9ditos<\/td>\n<td width=\"548\">04<\/td>\n<\/tr>\n<tr>\n<td width=\"89\">Natureza<\/td>\n<td width=\"548\">34 te\u00f3ricas \/ 34 Pr\u00e1ticas<\/td>\n<\/tr>\n<tr>\n<td width=\"89\">Prof. Resp.<\/td>\n<td width=\"548\"><\/td>\n<\/tr>\n<tr>\n<td width=\"89\">Objetivos<\/td>\n<td width=\"548\">\n<p>Reconhecer a import\u00e2ncia do estudo da trigonometria para o desenvolvimento dos conhecimentos matem\u00e1ticos.<\/p>\n<p>Aprofundar os estudos relativos \u00e0 trigonometria no tri\u00e2ngulo ret\u00e2ngulo e tri\u00e2ngulo quaisquer.<\/p>\n<p>Identificar, diferenciar e calcular diferentes fun\u00e7\u00f5es circulares.<\/p>\n<p>Produzir transforma\u00e7\u00f5es trigonom\u00e9tricas a partir das f\u00f3rmulas fundamentais da trigonometria.<\/p>\n<p>Resolver equa\u00e7\u00f5es e inequa\u00e7\u00f5es trigonom\u00e9tricas.<\/p>\n<p>Interpretar resultados obtidos a partir do uso do instrumental fornecido pelos fundamentos trigonom\u00e9tricos.<\/td>\n<\/tr>\n<tr>\n<td width=\"89\">Ementa<\/td>\n<td width=\"548\">\n<p>Sistemas de Coordenadas no Plano. A trigonometria do Tri\u00e2ngulo Ret\u00e2ngulo. Extens\u00f5es das Fun\u00e7\u00f5es Trigonom\u00e9tricas. As leis do Seno e do coseno. Equa\u00e7\u00f5es Trigonom\u00e9tricas. Formulas de adi\u00e7\u00e3o da trigonometria.<\/p>\n<p>&nbsp;<\/td>\n<\/tr>\n<tr>\n<td width=\"89\">Programa<\/td>\n<td width=\"548\">\n<p>&nbsp;<\/p>\n<p>Introdu\u00e7\u00e3o: A trigonometria em tri\u00e2ngulo ret\u00e2ngulo<\/p>\n<p>&nbsp;<\/p>\n<p>Arcos e \u00e2ngulos<\/p>\n<p>Arcos de circunfer\u00eancia<\/p>\n<p>Medidas de arcos<\/p>\n<p>\u00c2ngulos de duas semi-retas<\/p>\n<p>Medidas de \u00e2ngulos<\/p>\n<p>Ciclo trigonom\u00e9trico<\/p>\n<p>&nbsp;<\/p>\n<p>Fun\u00e7\u00f5es circulares<\/p>\n<p>No\u00e7\u00f5es gerais<\/p>\n<p>Fun\u00e7\u00f5es peri\u00f3dicas<\/p>\n<p>Fun\u00e7\u00e3o seno<\/p>\n<p>Fun\u00e7\u00e3o cosseno<\/p>\n<p>Fun\u00e7\u00e3o tangente<\/p>\n<p>Fun\u00e7\u00e3o cotangente<\/p>\n<p>Fun\u00e7\u00e3o secante<\/p>\n<p>Fun\u00e7\u00e3o cossecante<\/p>\n<p>&nbsp;<\/p>\n<p>Rela\u00e7\u00f5es fundamentais<\/p>\n<p>Introdu\u00e7\u00e3o<\/p>\n<p>Rela\u00e7\u00f5es fundamentais<\/p>\n<p>Identidades<\/p>\n<p>Demonstra\u00e7\u00e3o de identidades<\/p>\n<p>&nbsp;<\/p>\n<p>Redu\u00e7\u00e3o ao 1\u00ba quadrante<\/p>\n<p>Redu\u00e7\u00e3o do 2\u00ba ao 1\u00ba quadrante<\/p>\n<p>Redu\u00e7\u00e3o do 3\u00ba ao 1\u00ba quadrante<\/p>\n<p>Redu\u00e7\u00e3o do 4\u00ba ao 1\u00ba quadrante<\/p>\n<p>Identidades<\/p>\n<p>Fun\u00e7\u00f5es pares e \u00edmpares<\/p>\n<p>&nbsp;<\/p>\n<p>Arcos not\u00e1veis<\/p>\n<p>&nbsp;<\/p>\n<p>Transforma\u00e7\u00f5es<\/p>\n<p>F\u00f3rmulas de adi\u00e7\u00e3o<\/p>\n<p>F\u00f3rmulas de multiplica\u00e7\u00e3o<\/p>\n<p>F\u00f3rmulas de divis\u00e3o<\/p>\n<p>Tangente de arco metade<\/p>\n<p>Transforma\u00e7\u00e3o em produto<\/p>\n<p>&nbsp;<\/p>\n<p>Equa\u00e7\u00f5es trigonom\u00e9tricas<\/p>\n<p>&nbsp;<\/p>\n<p>Inequa\u00e7\u00f5es trigonom\u00e9tricas<\/p>\n<p>&nbsp;<\/p>\n<p>Tri\u00e2ngulos ret\u00e2ngulos<\/p>\n<p>&nbsp;<\/p>\n<p>Tri\u00e2ngulos quaisquer.<\/p>\n<p>&nbsp;<\/td>\n<\/tr>\n<tr>\n<td width=\"89\">Bibliografia<\/td>\n<td width=\"548\">\n<p>B\u00e1sica<\/p>\n<p>GIOVANNI, Jos\u00e9 Ruy, BONJORNO, Jos\u00e9 Roberto. Matem\u00e1tica. S\u00e3o Paulo: FTD, 1992.<\/p>\n<p>IEZZI, Gelson. Fundamentos de matem\u00e1tica elementar. 6.ed. S\u00e3o Paulo: Atual, 1985. v.3.<\/p>\n<p>&nbsp;<\/p>\n<p>Complementar<\/p>\n<p>Antunes, Fernando do Coltro. Matem\u00e1tica por assunto. \u00a0 S\u00e3o Paulo: Scipione , 1988. v.3.<\/p>\n<p>CARMO, Manfredo Perdig\u00e3o do et al. Trigonometria; n\u00fameros complexos. Rio de Janeiro: SBM, 1992.<\/td>\n<\/tr>\n<\/tbody>\n<\/table>\n<p>&nbsp;<\/p>\n<p>&nbsp;<\/p>\n","protected":false},"excerpt":{"rendered":"<p>Trigonometria Curso Licenciatura em Matem\u00e1tica Disciplina Trigonometria Car\u00e1ter Optativa Pr\u00e9-requisito &#8211; C\u00f3digo 0100159 Depto. DME CHT 68 horas Cr\u00e9ditos 04 Natureza 34 te\u00f3ricas \/ 34 Pr\u00e1ticas Prof. Resp. Objetivos Reconhecer a import\u00e2ncia do estudo da trigonometria para o desenvolvimento dos conhecimentos matem\u00e1ticos. Aprofundar os estudos relativos \u00e0 trigonometria no tri\u00e2ngulo ret\u00e2ngulo e tri\u00e2ngulo quaisquer. Identificar, [&hellip;]<\/p>\n","protected":false},"author":466,"featured_media":0,"parent":363,"menu_order":0,"comment_status":"closed","ping_status":"closed","template":"page-sem-sidebar.php","meta":{"jetpack_post_was_ever_published":false,"footnotes":""},"class_list":["post-417","page","type-page","status-publish","hentry"],"jetpack_sharing_enabled":true,"jetpack_shortlink":"https:\/\/wp.me\/P7sk8J-6J","_links":{"self":[{"href":"https:\/\/wp.ufpel.edu.br\/matematicanoturno\/wp-json\/wp\/v2\/pages\/417","targetHints":{"allow":["GET"]}}],"collection":[{"href":"https:\/\/wp.ufpel.edu.br\/matematicanoturno\/wp-json\/wp\/v2\/pages"}],"about":[{"href":"https:\/\/wp.ufpel.edu.br\/matematicanoturno\/wp-json\/wp\/v2\/types\/page"}],"author":[{"embeddable":true,"href":"https:\/\/wp.ufpel.edu.br\/matematicanoturno\/wp-json\/wp\/v2\/users\/466"}],"replies":[{"embeddable":true,"href":"https:\/\/wp.ufpel.edu.br\/matematicanoturno\/wp-json\/wp\/v2\/comments?post=417"}],"version-history":[{"count":1,"href":"https:\/\/wp.ufpel.edu.br\/matematicanoturno\/wp-json\/wp\/v2\/pages\/417\/revisions"}],"predecessor-version":[{"id":418,"href":"https:\/\/wp.ufpel.edu.br\/matematicanoturno\/wp-json\/wp\/v2\/pages\/417\/revisions\/418"}],"up":[{"embeddable":true,"href":"https:\/\/wp.ufpel.edu.br\/matematicanoturno\/wp-json\/wp\/v2\/pages\/363"}],"wp:attachment":[{"href":"https:\/\/wp.ufpel.edu.br\/matematicanoturno\/wp-json\/wp\/v2\/media?parent=417"}],"curies":[{"name":"wp","href":"https:\/\/api.w.org\/{rel}","templated":true}]}}