{"id":415,"date":"2015-03-09T19:43:13","date_gmt":"2015-03-09T22:43:13","guid":{"rendered":"https:\/\/wp.ufpel.edu.br\/matematicanoturno\/?page_id=415"},"modified":"2015-03-09T19:43:13","modified_gmt":"2015-03-09T22:43:13","slug":"topologia-i","status":"publish","type":"page","link":"https:\/\/wp.ufpel.edu.br\/matematicanoturno\/disciplinas-optativas\/topologia-i\/","title":{"rendered":"Topologia I"},"content":{"rendered":"<h4>Topologia I<\/h4>\n<table>\n<tbody>\n<tr>\n<td width=\"89\">Curso<\/td>\n<td width=\"549\">Licenciatura em Matem\u00e1tica<\/td>\n<\/tr>\n<tr>\n<td width=\"89\">Disciplina<\/td>\n<td width=\"549\">TOPOLOGIA I<\/td>\n<\/tr>\n<tr>\n<td width=\"89\">Car\u00e1ter<\/td>\n<td width=\"549\">Optativa<\/td>\n<\/tr>\n<tr>\n<td width=\"89\">Pr\u00e9-requisito<\/td>\n<td width=\"549\">Analise real I (0100166)<\/td>\n<\/tr>\n<tr>\n<td width=\"89\">C\u00f3digo<\/td>\n<td width=\"549\">0100168<\/td>\n<\/tr>\n<tr>\n<td width=\"89\">Depto.<\/td>\n<td width=\"549\">DME<\/td>\n<\/tr>\n<tr>\n<td width=\"89\">CHT<\/td>\n<td width=\"549\">68 horas<\/td>\n<\/tr>\n<tr>\n<td width=\"89\">Cr\u00e9ditos<\/td>\n<td width=\"549\">04<\/td>\n<\/tr>\n<tr>\n<td width=\"89\">Natureza<\/td>\n<td width=\"549\">34 te\u00f3ricas \/ 34 Pr\u00e1tica<\/td>\n<\/tr>\n<tr>\n<td width=\"89\">Prof. Resp.<\/td>\n<td width=\"549\"><\/td>\n<\/tr>\n<tr>\n<td width=\"89\">Objetivos<\/td>\n<td width=\"549\">\n<p>Conhecer no\u00e7\u00f5es b\u00e1sicas sobre a generaliza\u00e7\u00e3o de conceitos e resultados da An\u00e1lise Real, que se apoiam em propriedades dos n\u00fameros reais relacionadas ao conceito de dist\u00e2ncia. Perceber a amplia\u00e7\u00e3o dos conceitos abordados em analogia aos j\u00e1 vistos em An\u00e1lise Real e estabelecer conex\u00f5es existentes entre eles.<\/p>\n<p>Habilitar o estudante para a compreens\u00e3o de conceitos e resultados b\u00e1sicos sobre:<\/p>\n<p>&#8211; Espa\u00e7os M\u00e9tricos;<\/p>\n<p>&#8211; Converg\u00eancia em espa\u00e7os m\u00e9tricos;<\/p>\n<p>&#8211; Continuidade em espa\u00e7os m\u00e9tricos.<\/p>\n<p>&nbsp;<\/td>\n<\/tr>\n<tr>\n<td width=\"89\">Ementa<\/td>\n<td width=\"549\">Espa\u00e7os M\u00e9tricos. Operadores em P(E). Seq\u00fc\u00eancias. Limites de Fun\u00e7\u00f5es. Continuidade. Continuidade Uniforme.<\/td>\n<\/tr>\n<tr>\n<td width=\"89\">Programa<\/td>\n<td width=\"549\">\n<p><strong> Refer\u00eancias e Terminologia<\/strong><\/p>\n<p>&#8211; Produto Cartesiano, Rela\u00e7\u00f5es e Fun\u00e7\u00f5es;<\/p>\n<p>&#8211; Conjunto de \u00cdndices, Uni\u00f5es, Interse\u00e7\u00f5es e Produtos\u00a0\u00a0 Cartesianos arbitr\u00e1rios;<\/p>\n<p>&#8211; Conjunto Finito, Infinito, Enumer\u00e1vel e N\u00e3o-enumer\u00e1vel;<\/p>\n<p>&#8211; Rela\u00e7\u00f5es de Equival\u00eancia e de Ordem;<\/p>\n<p>&#8211; N\u00fameros Reais e No\u00e7\u00f5es Topol\u00f3gicas na Reta;<\/p>\n<p>&#8211; Espa\u00e7os Vetoriais (conceito e exemplos).<\/p>\n<p><strong> M\u00e9trica e Espa\u00e7o M\u00e9trico<\/strong><\/p>\n<p>&#8211; Defini\u00e7\u00f5es e Exemplos;<\/p>\n<p>= M\u00e9trica, Espa\u00e7o M\u00e9trico, Subespa\u00e7o e M\u00e9trica Induzida;<\/p>\n<p>= Exemplos: Espa\u00e7os Euclidianos, Espa\u00e7os Normados, de Fun\u00e7\u00f5es Limitadas, etc.<\/p>\n<p>&#8211; Dist\u00e2ncias e Di\u00e2metro de um Conjunto;<\/p>\n<p>&#8211; Isometria, Pseudom\u00e9trica;<\/p>\n<p>= No\u00e7\u00f5es Topol\u00f3gicas em Espa\u00e7os M\u00e9tricos:<\/p>\n<p>= Bola Aberta, Bola Fechada e Vizinhan\u00e7a (exemplos e propriedades);<\/p>\n<p>= Ponto Interior, Conjunto Aberto, Conjunto Fechado;<\/p>\n<p>= Ponto Aderente, Ponto de Acumula\u00e7\u00e3o;<\/p>\n<p>= Espa\u00e7o M\u00e9trico como Espa\u00e7o Topol\u00f3gico.<\/p>\n<p>&nbsp;<\/p>\n<p><strong>Sequ\u00eancias:<\/strong><\/p>\n<p>&#8211; Defini\u00e7\u00e3o, Subsequ\u00eancia, Sequ\u00eancia convergente;<\/p>\n<p>&#8211; Exemplos;<\/p>\n<p>&#8211; No\u00e7\u00f5es Topol\u00f3gicas e Limites.<\/p>\n<p>&nbsp;<\/p>\n<p><strong>Fun\u00e7\u00f5es Cont\u00ednuas<\/strong><\/p>\n<p>&#8211; Defini\u00e7\u00e3o e Exemplos;<\/p>\n<p>&#8211; No\u00e7\u00f5es Topol\u00f3gicas, Sequ\u00eancias e continuidade;<\/p>\n<p>&#8211; \u00c1lgebra das Fun\u00e7\u00f5es Cont\u00ednuas;<\/p>\n<p>&#8211; Homeomorfismo;<\/p>\n<p>&#8211; Continuidade Uniforme;<\/p>\n<p>&#8211; Continuidade das Transforma\u00e7\u00f5es Lineares;<\/p>\n<p>&#8211; M\u00e9tricas e Normas Equivalentes.<\/td>\n<\/tr>\n<tr>\n<td width=\"89\">Bibliografia<\/td>\n<td width=\"549\">\n<p>B\u00e1sica<\/p>\n<p>DOMINGUES, Hygino H. Espa\u00e7os M\u00e9tricos e Introdu\u00e7\u00e3o \u00e0 Topologia. S\u00e3o Paulo, Atual, 1982.<\/p>\n<p>LIMA, Elon L. Elementos de Topologia Geral. \u00a0 2. ed. Rio de Janeiro, Livros T\u00e9cnicos e Cient\u00edficos, 1976. (Instituto de Matem\u00e1tica Pura a Aplicada- IMPA, Col. Elementos de Matem\u00e1tica).<\/p>\n<p>_____. Espa\u00e7os M\u00e9tricos. Rio de Janeiro, Instituto de Matem\u00e1tica Pura e Aplicada-IMPA, CNPq, Livros T\u00e9cnicos e Cient\u00edficos, 1977. (Projeto Euclides).<\/p>\n<p>&nbsp;<\/p>\n<p>Complementar<\/p>\n<p>D\u2019AMBROSIO, Ubiratan. M\u00e9todos da Topologia: introdu\u00e7\u00e3o e aplica\u00e7\u00e3o. Rio de Janeiro, Livros T\u00e9cnicos e Cient\u00edficos, 1977.<\/p>\n<p>H\u00d6NIG, Chaim S. Aplica\u00e7\u00f5es da Topologia \u00e0 An\u00e1lise. Rio de Janeiro, Instituto de Matem\u00e1tica Pura e Aplicada- IMPA, CNPq, Edgard Bl\u00fccher, 1976. ( Projeto Euclides ).<\/p>\n<p>LIPSCHUTZ, S. Topologia Geral: resumo da Teoria. S\u00e3o Paulo, McGraw-Hill do Brasil, 1973.<\/td>\n<\/tr>\n<\/tbody>\n<\/table>\n<p>&nbsp;<\/p>\n<p>&nbsp;<\/p>\n","protected":false},"excerpt":{"rendered":"<p>Topologia I Curso Licenciatura em Matem\u00e1tica Disciplina TOPOLOGIA I Car\u00e1ter Optativa Pr\u00e9-requisito Analise real I (0100166) C\u00f3digo 0100168 Depto. DME CHT 68 horas Cr\u00e9ditos 04 Natureza 34 te\u00f3ricas \/ 34 Pr\u00e1tica Prof. Resp. Objetivos Conhecer no\u00e7\u00f5es b\u00e1sicas sobre a generaliza\u00e7\u00e3o de conceitos e resultados da An\u00e1lise Real, que se apoiam em propriedades dos n\u00fameros reais [&hellip;]<\/p>\n","protected":false},"author":466,"featured_media":0,"parent":363,"menu_order":0,"comment_status":"closed","ping_status":"closed","template":"page-sem-sidebar.php","meta":{"jetpack_post_was_ever_published":false,"footnotes":""},"class_list":["post-415","page","type-page","status-publish","hentry"],"jetpack_sharing_enabled":true,"jetpack_shortlink":"https:\/\/wp.me\/P7sk8J-6H","_links":{"self":[{"href":"https:\/\/wp.ufpel.edu.br\/matematicanoturno\/wp-json\/wp\/v2\/pages\/415","targetHints":{"allow":["GET"]}}],"collection":[{"href":"https:\/\/wp.ufpel.edu.br\/matematicanoturno\/wp-json\/wp\/v2\/pages"}],"about":[{"href":"https:\/\/wp.ufpel.edu.br\/matematicanoturno\/wp-json\/wp\/v2\/types\/page"}],"author":[{"embeddable":true,"href":"https:\/\/wp.ufpel.edu.br\/matematicanoturno\/wp-json\/wp\/v2\/users\/466"}],"replies":[{"embeddable":true,"href":"https:\/\/wp.ufpel.edu.br\/matematicanoturno\/wp-json\/wp\/v2\/comments?post=415"}],"version-history":[{"count":1,"href":"https:\/\/wp.ufpel.edu.br\/matematicanoturno\/wp-json\/wp\/v2\/pages\/415\/revisions"}],"predecessor-version":[{"id":416,"href":"https:\/\/wp.ufpel.edu.br\/matematicanoturno\/wp-json\/wp\/v2\/pages\/415\/revisions\/416"}],"up":[{"embeddable":true,"href":"https:\/\/wp.ufpel.edu.br\/matematicanoturno\/wp-json\/wp\/v2\/pages\/363"}],"wp:attachment":[{"href":"https:\/\/wp.ufpel.edu.br\/matematicanoturno\/wp-json\/wp\/v2\/media?parent=415"}],"curies":[{"name":"wp","href":"https:\/\/api.w.org\/{rel}","templated":true}]}}