{"id":407,"date":"2015-03-09T19:23:05","date_gmt":"2015-03-09T22:23:05","guid":{"rendered":"https:\/\/wp.ufpel.edu.br\/matematicanoturno\/?page_id=407"},"modified":"2015-03-09T19:23:05","modified_gmt":"2015-03-09T22:23:05","slug":"laboratorio-iv","status":"publish","type":"page","link":"https:\/\/wp.ufpel.edu.br\/matematicanoturno\/disciplinas-optativas\/laboratorio-iv\/","title":{"rendered":"Laborat\u00f3rio IV"},"content":{"rendered":"<h4>Laborat\u00f3rio IV<\/h4>\n<table>\n<tbody>\n<tr>\n<td width=\"89\">Curso<\/td>\n<td width=\"548\">Licenciatura em Matem\u00e1tica<\/td>\n<\/tr>\n<tr>\n<td width=\"89\">Disciplina<\/td>\n<td width=\"548\">Laborat\u00f3rio de Ensino de Matem\u00e1tica IV<\/td>\n<\/tr>\n<tr>\n<td width=\"89\">Car\u00e1ter<\/td>\n<td width=\"548\">Optativa<\/td>\n<\/tr>\n<tr>\n<td width=\"89\">Pr\u00e9-requisito<\/td>\n<td width=\"548\">&#8211;<\/td>\n<\/tr>\n<tr>\n<td width=\"89\">C\u00f3digo<\/td>\n<td width=\"548\">0100276<\/td>\n<\/tr>\n<tr>\n<td width=\"89\">Depto.<\/td>\n<td width=\"548\">DME<\/td>\n<\/tr>\n<tr>\n<td width=\"89\">CHT<\/td>\n<td width=\"548\">68 horas semanais<\/td>\n<\/tr>\n<tr>\n<td width=\"89\">Cr\u00e9ditos<\/td>\n<td width=\"548\">04 cr\u00e9ditos<\/td>\n<\/tr>\n<tr>\n<td width=\"89\">\n<p>Natureza<\/p>\n<p>Ano\/sem<\/td>\n<td width=\"548\">\n<p>68 aulas pr\u00e1ticas<\/p>\n<p>&nbsp;<\/td>\n<\/tr>\n<tr>\n<td width=\"89\">Prof. Resp.<\/td>\n<td width=\"548\"><\/td>\n<\/tr>\n<tr>\n<td width=\"89\">Objetivos<\/td>\n<td width=\"548\">\n<p>Propiciar ao aluno oportunidade de desenvolver sistem\u00e1ticas e formas de representa\u00e7\u00e3o na resolu\u00e7\u00e3o de problemas de Matem\u00e1tica Finita.<\/p>\n<p>Introduzir informalmente o racioc\u00ednio dedutivo atrav\u00e9s da linguagem do cotidiano.<\/p>\n<p>&nbsp;<\/td>\n<\/tr>\n<tr>\n<td width=\"89\">Ementa<\/td>\n<td width=\"548\">An\u00e1lise e resolu\u00e7\u00e3o de problemas n\u00e3o triviais que envolvam conte\u00fados de matem\u00e1tica do Ensino Fundamental e M\u00e9dio.<\/td>\n<\/tr>\n<tr>\n<td width=\"89\">Programa<\/td>\n<td width=\"548\">\n<p><strong>Problemas de Sistem\u00e1tica e Representa\u00e7\u00e3o<\/strong><\/p>\n<p>&#8211; Quadrados M\u00e1gicos<\/p>\n<p>&#8211; Problemas com resolu\u00e7\u00e3o por grafos<\/p>\n<p>= Problemas topol\u00f3gicos<\/p>\n<p>= Problemas de minimiza\u00e7\u00e3o de percursos<\/p>\n<p>=.Problemas em tabuleiros de xadrez<\/p>\n<p>= Problemas com resolu\u00e7\u00e3o por algoritmos<\/p>\n<p>= Resolu\u00e7\u00e3o por \u00e1rvores de possibilidades<\/p>\n<p>= Divertimentos Matem\u00e1ticos<\/p>\n<p>&#8211; Problemas Ol\u00edmpicos<\/p>\n<p>&nbsp;<\/p>\n<p><strong>Natureza do Racioc\u00ednio Dedutivo<\/strong><\/p>\n<p>&#8211; Senten\u00e7as condicionais<\/p>\n<p>&#8211; Senten\u00e7as equivalentes<\/p>\n<p>&#8211; Conectivos e\/ou<\/p>\n<p>&#8211; Quantificadores<\/p>\n<p>&#8211; Nega\u00e7\u00e3o de afirma\u00e7\u00f5es<\/p>\n<p>&#8211; Regras de infer\u00eancia<\/p>\n<p>&#8211; Dedu\u00e7\u00f5es<\/p>\n<p>&nbsp;<\/td>\n<\/tr>\n<tr>\n<td width=\"89\">Bibliografia<\/td>\n<td width=\"548\">\n<p>B\u00e1sica<\/p>\n<p>Polya, G. A arte de resolver problemas. Editora Interci\u00eancia. RJ, 1986<\/p>\n<p>Bezerra, L. H. et all. Introdu\u00e7\u00e3o \u00e0 Matem\u00e1tica. Editora da UFSC, Florian\u00f3polis, 1994<\/p>\n<p>Salkind, C. T. Competi\u00e7\u00f5es Matem\u00e1ticas Editora Interci\u00eancia. RJ, 1989<\/p>\n<p>&nbsp;<\/p>\n<p>Complementar<\/p>\n<p>Snape, C. &amp; Scott, H. Enigmas Matem\u00e1ticos. Gradiva Publica\u00e7\u00f5es Ltda.Lisboa,1994<\/p>\n<p>Olimp\u00edadas Brasileiras de Matem\u00e1tica 1\u00aa a 8\u00aa &#8211; Problemas e resolu\u00e7\u00f5es. Comiss\u00e3o de Olimp\u00edadas da SBM. SBM &#8211; RJ<\/p>\n<p>Cole\u00e7\u00e3o &#8220;O prazer da Matem\u00e1tica&#8221;, Gradiva Publica\u00e7\u00f5es Ltda., Lisboa<\/p>\n<p>&nbsp;<\/td>\n<\/tr>\n<\/tbody>\n<\/table>\n<p><\/p>\n","protected":false},"excerpt":{"rendered":"<p>Laborat\u00f3rio IV Curso Licenciatura em Matem\u00e1tica Disciplina Laborat\u00f3rio de Ensino de Matem\u00e1tica IV Car\u00e1ter Optativa Pr\u00e9-requisito &#8211; C\u00f3digo 0100276 Depto. DME CHT 68 horas semanais Cr\u00e9ditos 04 cr\u00e9ditos Natureza Ano\/sem 68 aulas pr\u00e1ticas &nbsp; Prof. Resp. Objetivos Propiciar ao aluno oportunidade de desenvolver sistem\u00e1ticas e formas de representa\u00e7\u00e3o na resolu\u00e7\u00e3o de problemas de Matem\u00e1tica Finita. [&hellip;]<\/p>\n","protected":false},"author":466,"featured_media":0,"parent":363,"menu_order":0,"comment_status":"closed","ping_status":"closed","template":"page-sem-sidebar.php","meta":{"jetpack_post_was_ever_published":false,"footnotes":""},"class_list":["post-407","page","type-page","status-publish","hentry"],"jetpack_sharing_enabled":true,"jetpack_shortlink":"https:\/\/wp.me\/P7sk8J-6z","_links":{"self":[{"href":"https:\/\/wp.ufpel.edu.br\/matematicanoturno\/wp-json\/wp\/v2\/pages\/407","targetHints":{"allow":["GET"]}}],"collection":[{"href":"https:\/\/wp.ufpel.edu.br\/matematicanoturno\/wp-json\/wp\/v2\/pages"}],"about":[{"href":"https:\/\/wp.ufpel.edu.br\/matematicanoturno\/wp-json\/wp\/v2\/types\/page"}],"author":[{"embeddable":true,"href":"https:\/\/wp.ufpel.edu.br\/matematicanoturno\/wp-json\/wp\/v2\/users\/466"}],"replies":[{"embeddable":true,"href":"https:\/\/wp.ufpel.edu.br\/matematicanoturno\/wp-json\/wp\/v2\/comments?post=407"}],"version-history":[{"count":1,"href":"https:\/\/wp.ufpel.edu.br\/matematicanoturno\/wp-json\/wp\/v2\/pages\/407\/revisions"}],"predecessor-version":[{"id":408,"href":"https:\/\/wp.ufpel.edu.br\/matematicanoturno\/wp-json\/wp\/v2\/pages\/407\/revisions\/408"}],"up":[{"embeddable":true,"href":"https:\/\/wp.ufpel.edu.br\/matematicanoturno\/wp-json\/wp\/v2\/pages\/363"}],"wp:attachment":[{"href":"https:\/\/wp.ufpel.edu.br\/matematicanoturno\/wp-json\/wp\/v2\/media?parent=407"}],"curies":[{"name":"wp","href":"https:\/\/api.w.org\/{rel}","templated":true}]}}