{"id":405,"date":"2015-03-09T19:22:16","date_gmt":"2015-03-09T22:22:16","guid":{"rendered":"https:\/\/wp.ufpel.edu.br\/matematicanoturno\/?page_id=405"},"modified":"2015-03-09T19:22:16","modified_gmt":"2015-03-09T22:22:16","slug":"introducao-a-probabilidade-e-a-estatistica","status":"publish","type":"page","link":"https:\/\/wp.ufpel.edu.br\/matematicanoturno\/disciplinas-optativas\/introducao-a-probabilidade-e-a-estatistica\/","title":{"rendered":"Introdu\u00e7\u00e3o a Probabilidade e a Estat\u00edstica"},"content":{"rendered":"<h4>Introdu\u00e7\u00e3o a Probabilidade e a Estat\u00edstica<\/h4>\n<table>\n<tbody>\n<tr>\n<td width=\"89\">Curso<\/td>\n<td width=\"548\">Licenciatura em Matem\u00e1tica<\/td>\n<\/tr>\n<tr>\n<td width=\"89\">Disciplina<\/td>\n<td width=\"548\">Introdu\u00e7\u00e3o a Probabilidade e a Estat\u00edstica<\/td>\n<\/tr>\n<tr>\n<td width=\"89\">Car\u00e1ter<\/td>\n<td width=\"548\">Optativa<\/td>\n<\/tr>\n<tr>\n<td width=\"89\">Pr\u00e9-requisito<\/td>\n<td width=\"548\">C\u00e1lculo II (0100017)e Matem\u00e1tica Discreta A (0100233)<\/td>\n<\/tr>\n<tr>\n<td width=\"89\">C\u00f3digo<\/td>\n<td width=\"548\">0100275<\/td>\n<\/tr>\n<tr>\n<td width=\"89\">Depto.<\/td>\n<td width=\"548\">DME<\/td>\n<\/tr>\n<tr>\n<td width=\"89\">CHT<\/td>\n<td width=\"548\">68 horas semanais<\/td>\n<\/tr>\n<tr>\n<td width=\"89\">Cr\u00e9ditos<\/td>\n<td width=\"548\">04 cr\u00e9ditos<\/td>\n<\/tr>\n<tr>\n<td width=\"89\">\n<p>Natureza<\/p>\n<p>Ano\/sem<\/td>\n<td width=\"548\">\n<p>34 h te\u00f3ricas \/ 34 h Exerc\u00edcios<\/p>\n<p>&nbsp;<\/td>\n<\/tr>\n<tr>\n<td width=\"89\">Prof. Resp.<\/td>\n<td width=\"548\"><\/td>\n<\/tr>\n<tr>\n<td width=\"89\">Objetivos<\/td>\n<td width=\"548\">\n<p>Geral: Dar ao aluno o embasamento necess\u00e1rio para a organiza\u00e7\u00e3o, descri\u00e7\u00e3o, an\u00e1lise e interpreta\u00e7\u00e3o sistem\u00e1tica de dados oriundos de estudos ou experimentos em diversas \u00e1reas do conhecimento.<\/p>\n<p>&nbsp;<\/p>\n<p>Espec\u00edficos:<\/p>\n<p>Estudar as principais medidas estat\u00edsticas usadas na an\u00e1lise de um conjunto de dados;<\/p>\n<p>Desenvolver o entendimento b\u00e1sico dos resultados e conceitos em Probabilidade;<\/p>\n<p>Calcular probabilidades de medidas associadas a vari\u00e1veis aleat\u00f3rias;<\/p>\n<p>Estudar alguns modelos \u00fateis de vari\u00e1veis aleat\u00f3rias;<\/p>\n<p>Estudar os conceitos b\u00e1sicos de processos inferenciais.<\/p>\n<p>&nbsp;<\/td>\n<\/tr>\n<tr>\n<td width=\"89\">Ementa<\/td>\n<td width=\"548\">\n<p>Estat\u00edstica Descritiva: origens dos dados estat\u00edsticos; resumo de um conjunto de dados; medidas de posi\u00e7\u00e3o e de dispers\u00e3o; distribui\u00e7\u00e3o de freq\u00fc\u00eancias; representa\u00e7\u00e3o de dados em tabelas e gr\u00e1ficos. Introdu\u00e7\u00e3o \u00e0 Probabilidade: conceitos e teoremas fundamentais; vari\u00e1veis aleat\u00f3rias e distribui\u00e7\u00f5es de probabilidade discretas e cont\u00ednuas, univariadas e bivariadas; valor esperado e momentos. Infer\u00eancia Estat\u00edstica: estima\u00e7\u00e3o; testes de hip\u00f3tese.<\/p>\n<p>&nbsp;<\/td>\n<\/tr>\n<tr>\n<td width=\"89\">Programa<\/td>\n<td width=\"548\">\n<p><strong>Estat\u00edstica B\u00e1sica<\/strong><\/p>\n<p>&#8211; O que \u00e9 Estat\u00edstica?<\/p>\n<p>&#8211; Organiza\u00e7\u00e3o de Dados;<\/p>\n<p>&#8211; Medidas de Posi\u00e7\u00e3o (ou de Tend\u00eancia Central);<\/p>\n<p>&#8211; Medidas de Dispers\u00e3o;<\/p>\n<p>&#8211; Aspectos Computacionais e o Uso de Computadores em Estat\u00edstica;<\/p>\n<p>&#8211; Dados Classificados.<\/p>\n<p>&nbsp;<\/p>\n<p><strong>Probabilidade<\/strong><\/p>\n<p>&#8211; Introdu\u00e7\u00e3o (fen\u00f4meno aleat\u00f3rio e determin\u00edsmo)<\/p>\n<p>&#8211; Espa\u00e7o Amostral e Probabilidade de Laplace;<\/p>\n<p>&#8211; Espa\u00e7os de Probabilidade;<\/p>\n<p>&#8211; Probabilidade Condicional e Independ\u00eancia.<\/p>\n<p>&nbsp;<\/p>\n<p><strong>Vari\u00e1veis Aleat\u00f3rias e Distribui\u00e7\u00f5es de Probabilidade<\/strong><\/p>\n<p>Introdu\u00e7\u00e3o (Conceito, uma classifica\u00e7\u00e3o e relacionamento com a infer\u00eancia estat\u00edstica);<\/p>\n<p>Distribui\u00e7\u00e3o de Probabilidade de uma Vari\u00e1vel Aleat\u00f3ria Discreta;<\/p>\n<p>Principais Modelos Discretos Uniforme; Bernoulli; Binomial; Geom\u00e9trico; Poisson; \u00a0 Hipergeom\u00e9trico;<\/p>\n<p>&#8211; Distribui\u00e7\u00e3o de Probabilidade de uma Vari\u00e1vel Aleat\u00f3ria Cont\u00ednua;<\/p>\n<p>&#8211; Principais Modelos Cont\u00ednuos: Uniforme; Exponencial; Normal; Gama; Beta;<\/p>\n<p>&#8211; Esperan\u00e7a e Momentos.<\/p>\n<p>&nbsp;<\/p>\n<p><strong>Vari\u00e1veis Aleat\u00f3rias Bidimensionais<\/strong><\/p>\n<p>&#8211; Introdu\u00e7\u00e3o (exemplos motivadores);<\/p>\n<p>&#8211; Fun\u00e7\u00e3o de Distribui\u00e7\u00e3o de Probabilidade Conjunta;<\/p>\n<p>&#8211; Distribui\u00e7\u00f5es Marginais e Condicionais;<\/p>\n<p>&#8211; Associa\u00e7\u00e3o entre Vari\u00e1veis<\/p>\n<p>= Vari\u00e1veis Aleat\u00f3rias Independentes;<\/p>\n<p>= Correla\u00e7\u00e3o entre Vari\u00e1veis Aleat\u00f3rias;<\/p>\n<p>= Covari\u00e2ncia de duas Vari\u00e1veis Aleat\u00f3rias.<\/p>\n<p>&nbsp;<\/p>\n<p><strong>Estima\u00e7\u00e3o<\/strong><\/p>\n<p>&#8211; Introdu\u00e7\u00e3o (exemplos motivadores);<\/p>\n<p>&#8211; Estimadores e Estimativas<\/p>\n<p>&#8211; Distribui\u00e7\u00f5es Amostrais e o Teorema Central do Limite;<\/p>\n<p>&#8211; Estima\u00e7\u00e3o atrav\u00e9s de Intervalo.<\/p>\n<p>&nbsp;<\/p>\n<p><strong>Testes de Hip\u00f3tese<\/strong><\/p>\n<p>&#8211; Introdu\u00e7\u00e3o (exemplos motivadores)<\/p>\n<p>&#8211; Teste para a M\u00e9dia da Popula\u00e7\u00e3o;<\/p>\n<p>&#8211; Etapas para um Teste de Hip\u00f3tese;<\/p>\n<p>&#8211; Teste para a M\u00e9dia com Vari\u00e2ncia Desconhecida;<\/p>\n<p>&#8211; N\u00edvel Descritivo;<\/p>\n<p>&#8211; Teste Qui-Quadrado<\/p>\n<p>&nbsp;<\/td>\n<\/tr>\n<tr>\n<td width=\"89\">Bibliografia<\/td>\n<td width=\"548\">\n<p>B\u00e1sica<\/p>\n<p>CASTRO, Lauro S. Viveiros de. Pontos de Estat\u00edstica. Rio de Janeiro. Editora Cient\u00edfica. 1970.<\/p>\n<p>COSTA NETO, P. L. Q. Estat\u00edstica. S\u00e3o Paulo: Edgar Blucher, 1977.<\/p>\n<p>GARRET, Henry. Estat\u00edstica na Psicologia e na Educa\u00e7\u00e3o. Rio de Janeiro. Editora Fundo de Cultura. 1962.<\/p>\n<p>GRANER, E. A. Estat\u00edstica. S\u00e3o Paulo: Edi\u00e7\u00e3o melhoramentos, 1977.<\/p>\n<p>HOEL, P.G. &#8211; Estat\u00edstica Elementar. Editora Fundo de Cultura. Rio de Janeiro, RJ. 1963.<\/p>\n<p>LIPSCHUTZ, S. Probabilidade. S\u00e3o Paulo: Mc Graw-Hill do Brasil, 1978.<\/p>\n<p>MACHADO, A. A. et al. Curso de estat\u00edstica. Pelotas: UFPel, 1979. v.1, v.2.<\/p>\n<p>&nbsp;<\/p>\n<p>Complementar<\/p>\n<p>MAGALH\u00c3ES, Marcos \u00a0 N. e LIMA, Ant\u00f4nio C. P. No\u00e7\u00f5es de Probabilidade e Estat\u00edstica. S\u00e3o Paulo, EDUSP, 2002.<\/p>\n<p>MEM\u00d3RIA, J. M. P. Curso de estat\u00edstica aplicada \u00e0 pesquisa cient\u00edfica. Minas Gerais: UFV, 1973.<\/p>\n<p>MENDENHALL, William. Probabilidade e Estat\u00edstica. Rio de Janeiro, Editora Campus, 1985.<\/p>\n<p>PIMENTEL GOMES, F. Inicia\u00e7\u00e3o \u00e0 estat\u00edstica. 3.ed. S\u00e3o Paulo: Livraria Nobel, 1970.<\/p>\n<p>SILVEIRA Jr. et al. Curso de estat\u00edstica. v.2. Pelotas: Editora Universit\u00e1ria, 1992.<\/p>\n<p>SPIEGEL, M. E. Probabilidade e estat\u00edstica. S\u00e3o Paulo: Mc Graw-Hill, 1968.<\/td>\n<\/tr>\n<\/tbody>\n<\/table>\n<p><\/p>\n","protected":false},"excerpt":{"rendered":"<p>Introdu\u00e7\u00e3o a Probabilidade e a Estat\u00edstica Curso Licenciatura em Matem\u00e1tica Disciplina Introdu\u00e7\u00e3o a Probabilidade e a Estat\u00edstica Car\u00e1ter Optativa Pr\u00e9-requisito C\u00e1lculo II (0100017)e Matem\u00e1tica Discreta A (0100233) C\u00f3digo 0100275 Depto. DME CHT 68 horas semanais Cr\u00e9ditos 04 cr\u00e9ditos Natureza Ano\/sem 34 h te\u00f3ricas \/ 34 h Exerc\u00edcios &nbsp; Prof. Resp. Objetivos Geral: Dar ao aluno [&hellip;]<\/p>\n","protected":false},"author":466,"featured_media":0,"parent":363,"menu_order":0,"comment_status":"closed","ping_status":"closed","template":"page-sem-sidebar.php","meta":{"jetpack_post_was_ever_published":false,"footnotes":""},"class_list":["post-405","page","type-page","status-publish","hentry"],"jetpack_sharing_enabled":true,"jetpack_shortlink":"https:\/\/wp.me\/P7sk8J-6x","_links":{"self":[{"href":"https:\/\/wp.ufpel.edu.br\/matematicanoturno\/wp-json\/wp\/v2\/pages\/405","targetHints":{"allow":["GET"]}}],"collection":[{"href":"https:\/\/wp.ufpel.edu.br\/matematicanoturno\/wp-json\/wp\/v2\/pages"}],"about":[{"href":"https:\/\/wp.ufpel.edu.br\/matematicanoturno\/wp-json\/wp\/v2\/types\/page"}],"author":[{"embeddable":true,"href":"https:\/\/wp.ufpel.edu.br\/matematicanoturno\/wp-json\/wp\/v2\/users\/466"}],"replies":[{"embeddable":true,"href":"https:\/\/wp.ufpel.edu.br\/matematicanoturno\/wp-json\/wp\/v2\/comments?post=405"}],"version-history":[{"count":1,"href":"https:\/\/wp.ufpel.edu.br\/matematicanoturno\/wp-json\/wp\/v2\/pages\/405\/revisions"}],"predecessor-version":[{"id":406,"href":"https:\/\/wp.ufpel.edu.br\/matematicanoturno\/wp-json\/wp\/v2\/pages\/405\/revisions\/406"}],"up":[{"embeddable":true,"href":"https:\/\/wp.ufpel.edu.br\/matematicanoturno\/wp-json\/wp\/v2\/pages\/363"}],"wp:attachment":[{"href":"https:\/\/wp.ufpel.edu.br\/matematicanoturno\/wp-json\/wp\/v2\/media?parent=405"}],"curies":[{"name":"wp","href":"https:\/\/api.w.org\/{rel}","templated":true}]}}