{"id":403,"date":"2015-03-09T19:20:11","date_gmt":"2015-03-09T22:20:11","guid":{"rendered":"https:\/\/wp.ufpel.edu.br\/matematicanoturno\/?page_id=403"},"modified":"2015-03-09T19:20:11","modified_gmt":"2015-03-09T22:20:11","slug":"instrumentos-de-avaliacao","status":"publish","type":"page","link":"https:\/\/wp.ufpel.edu.br\/matematicanoturno\/disciplinas-optativas\/instrumentos-de-avaliacao\/","title":{"rendered":"Instrumentos de Avalia\u00e7\u00e3o"},"content":{"rendered":"<h4>Instrumentos de Avalia\u00e7\u00e3o<\/h4>\n<table>\n<tbody>\n<tr>\n<td width=\"89\">Curso<\/td>\n<td width=\"548\">Licenciatura em Matem\u00e1tica<\/td>\n<\/tr>\n<tr>\n<td width=\"89\">Disciplina<\/td>\n<td width=\"548\">Instrumentos de Avalia\u00e7\u00e3o<\/td>\n<\/tr>\n<tr>\n<td width=\"89\">Car\u00e1ter<\/td>\n<td width=\"548\">Optativa<\/td>\n<\/tr>\n<tr>\n<td width=\"89\">Pr\u00e9-requisito<\/td>\n<td width=\"548\">Matem\u00e1tica Discreta A (0100233)<\/td>\n<\/tr>\n<tr>\n<td width=\"89\">C\u00f3digo<\/td>\n<td width=\"548\">0100274<\/td>\n<\/tr>\n<tr>\n<td width=\"89\">Depto.<\/td>\n<td width=\"548\">DME<\/td>\n<\/tr>\n<tr>\n<td width=\"89\">CHT<\/td>\n<td width=\"548\">68 horas semanais<\/td>\n<\/tr>\n<tr>\n<td width=\"89\">Cr\u00e9ditos<\/td>\n<td width=\"548\">04 cr\u00e9ditos<\/td>\n<\/tr>\n<tr>\n<td width=\"89\">Natureza<\/td>\n<td width=\"548\">34 aulas te\u00f3ricas \/ 34 aulas Pr\u00e1ticas<\/td>\n<\/tr>\n<tr>\n<td width=\"89\">Prof. Resp.<\/td>\n<td width=\"548\"><\/td>\n<\/tr>\n<tr>\n<td width=\"89\">Objetivos<\/td>\n<td width=\"548\">\n<p>Posicionar-se com esp\u00edrito cr\u00edtico frente ao conhecimento, seja cient\u00edfico ou n\u00e3o.<\/p>\n<p>Analisar aspectos relacionados com a ci\u00eancia e o m\u00e9todo cient\u00edfico.<\/p>\n<p>Conhecer os processos metodol\u00f3gicos empregados na pesquisa. Elaborar trabalhos de cunho cient\u00edfico.<\/td>\n<\/tr>\n<tr>\n<td width=\"89\">Ementa<\/td>\n<td width=\"548\">Etapas do Projeto da Pesquisa. Instrumentos de Coleta de Dados. Opera\u00e7\u00f5es L\u00f3gicas no Conhecimento Cient\u00edfico. Pesquisa Experimental. O Papel da Estat\u00edstica. Amostragem. Infer\u00eancia Estat\u00edstica: Teoria de estima\u00e7\u00e3o e Teste Hip\u00f3tese. Uso de Softwares<\/td>\n<\/tr>\n<tr>\n<td width=\"89\">Programa<\/td>\n<td width=\"548\">\n<p>Quest\u00f5es relacionadas com metodologia do estudo<\/p>\n<p>An\u00e1lise de textos<\/p>\n<p>&nbsp;<\/p>\n<p>Quest\u00f5es relacionadas com fundamenta\u00e7\u00e3o epistemol\u00f3gica<\/p>\n<p>Caracteriza\u00e7\u00e3o da ci\u00eancia<\/p>\n<p>A Matem\u00e1tica dentro do quadro das ci\u00eancias formais<\/p>\n<p>Objetividade e subjetividade nas ci\u00eancias<\/p>\n<p>O m\u00e9todo cient\u00edfico e as ci\u00eancias<\/p>\n<p>&nbsp;<\/p>\n<p>Quest\u00f5es relacionadas com a metodologia da pesquisa<\/p>\n<p>No\u00e7\u00f5es e tipos de pesquisas<\/p>\n<p>Estruturas das pesquisas<\/p>\n<p>Pesquisa descritiva e pesquisa experimental<\/p>\n<p>Elabora\u00e7\u00e3o de projeto de pesquisa<\/p>\n<p>O aspecto formal da apresenta\u00e7\u00e3o do trabalho cient\u00edfico<\/p>\n<p>&nbsp;<\/p>\n<p>Mensura\u00e7\u00e3o Educacional<\/p>\n<p>Caracter\u00edsticas Essenciais da Mensura\u00e7\u00e3o<\/p>\n<p>O desenvolvimento da mensura\u00e7\u00e3o educacional<\/p>\n<p>&nbsp;<\/p>\n<p>T\u00f3picos de Estat\u00edstica<\/p>\n<p>Amostragem.<\/p>\n<p>Infer\u00eancia Estat\u00edstica:<\/p>\n<p>Teoria de estima\u00e7\u00e3o<\/p>\n<p>Teste Hip\u00f3tese.<\/p>\n<p>Interpreta\u00e7\u00e3o dos resultados dos Testes<\/p>\n<p>Medidas de Correla\u00e7\u00e3o<\/p>\n<p>&nbsp;<\/p>\n<p>Experimenta\u00e7\u00e3o e avalia\u00e7\u00e3o do Teste constru\u00eddo pelo professor<\/p>\n<p>Montagem de Teste<\/p>\n<p>Analise dos resultados<\/td>\n<\/tr>\n<tr>\n<td width=\"89\">Bibliografia<\/td>\n<td width=\"548\">\n<p>B\u00e1sica<\/p>\n<p>NOLL, Victor H. Introdu\u00e7\u00e3o \u00e0s medidas educacionais. Pioneira. S\u00e3o Paulo.<\/p>\n<p>&nbsp;<\/p>\n<p>Complementar<\/p>\n<p>WONNACOTT, T. H. e WONNACOTT, R. J. Introdu\u00e7\u00e3o a Estat\u00edstica. LTC.<\/td>\n<\/tr>\n<\/tbody>\n<\/table>\n<p><\/p>\n","protected":false},"excerpt":{"rendered":"<p>Instrumentos de Avalia\u00e7\u00e3o Curso Licenciatura em Matem\u00e1tica Disciplina Instrumentos de Avalia\u00e7\u00e3o Car\u00e1ter Optativa Pr\u00e9-requisito Matem\u00e1tica Discreta A (0100233) C\u00f3digo 0100274 Depto. DME CHT 68 horas semanais Cr\u00e9ditos 04 cr\u00e9ditos Natureza 34 aulas te\u00f3ricas \/ 34 aulas Pr\u00e1ticas Prof. Resp. Objetivos Posicionar-se com esp\u00edrito cr\u00edtico frente ao conhecimento, seja cient\u00edfico ou n\u00e3o. Analisar aspectos relacionados com [&hellip;]<\/p>\n","protected":false},"author":466,"featured_media":0,"parent":363,"menu_order":0,"comment_status":"closed","ping_status":"closed","template":"page-sem-sidebar.php","meta":{"jetpack_post_was_ever_published":false,"footnotes":""},"class_list":["post-403","page","type-page","status-publish","hentry"],"jetpack_sharing_enabled":true,"jetpack_shortlink":"https:\/\/wp.me\/P7sk8J-6v","_links":{"self":[{"href":"https:\/\/wp.ufpel.edu.br\/matematicanoturno\/wp-json\/wp\/v2\/pages\/403","targetHints":{"allow":["GET"]}}],"collection":[{"href":"https:\/\/wp.ufpel.edu.br\/matematicanoturno\/wp-json\/wp\/v2\/pages"}],"about":[{"href":"https:\/\/wp.ufpel.edu.br\/matematicanoturno\/wp-json\/wp\/v2\/types\/page"}],"author":[{"embeddable":true,"href":"https:\/\/wp.ufpel.edu.br\/matematicanoturno\/wp-json\/wp\/v2\/users\/466"}],"replies":[{"embeddable":true,"href":"https:\/\/wp.ufpel.edu.br\/matematicanoturno\/wp-json\/wp\/v2\/comments?post=403"}],"version-history":[{"count":1,"href":"https:\/\/wp.ufpel.edu.br\/matematicanoturno\/wp-json\/wp\/v2\/pages\/403\/revisions"}],"predecessor-version":[{"id":404,"href":"https:\/\/wp.ufpel.edu.br\/matematicanoturno\/wp-json\/wp\/v2\/pages\/403\/revisions\/404"}],"up":[{"embeddable":true,"href":"https:\/\/wp.ufpel.edu.br\/matematicanoturno\/wp-json\/wp\/v2\/pages\/363"}],"wp:attachment":[{"href":"https:\/\/wp.ufpel.edu.br\/matematicanoturno\/wp-json\/wp\/v2\/media?parent=403"}],"curies":[{"name":"wp","href":"https:\/\/api.w.org\/{rel}","templated":true}]}}