{"id":401,"date":"2015-03-09T19:19:06","date_gmt":"2015-03-09T22:19:06","guid":{"rendered":"https:\/\/wp.ufpel.edu.br\/matematicanoturno\/?page_id=401"},"modified":"2015-03-09T19:19:06","modified_gmt":"2015-03-09T22:19:06","slug":"geometria-euclidiana","status":"publish","type":"page","link":"https:\/\/wp.ufpel.edu.br\/matematicanoturno\/disciplinas-optativas\/geometria-euclidiana\/","title":{"rendered":"Geometria Euclidiana"},"content":{"rendered":"<h4>Geometria Euclidiana<\/h4>\n<table>\n<tbody>\n<tr>\n<td width=\"89\">Curso<\/td>\n<td width=\"548\">Licenciatura em Matem\u00e1tica<\/td>\n<\/tr>\n<tr>\n<td width=\"89\">Disciplina<\/td>\n<td width=\"548\">Geometria Euclidiana<\/td>\n<\/tr>\n<tr>\n<td width=\"89\">Car\u00e1ter<\/td>\n<td width=\"548\">Optativa<\/td>\n<\/tr>\n<tr>\n<td width=\"89\">Pr\u00e9-requisito<\/td>\n<td width=\"548\">Introdu\u00e7\u00e3o a L\u00f3gica (0100227)<\/td>\n<\/tr>\n<tr>\n<td width=\"89\">C\u00f3digo<\/td>\n<td width=\"548\">0100185<\/td>\n<\/tr>\n<tr>\n<td width=\"89\">Depto.<\/td>\n<td width=\"548\">DME<\/td>\n<\/tr>\n<tr>\n<td width=\"89\">CHT<\/td>\n<td width=\"548\">68 horas<\/td>\n<\/tr>\n<tr>\n<td width=\"89\">Cr\u00e9ditos<\/td>\n<td width=\"548\">04<\/td>\n<\/tr>\n<tr>\n<td width=\"89\">Natureza<\/td>\n<td width=\"548\">34 te\u00f3ricas \/ 34 Pr\u00e1tica<\/td>\n<\/tr>\n<tr>\n<td width=\"89\">Prof. Resp.<\/td>\n<td width=\"548\"><\/td>\n<\/tr>\n<tr>\n<td width=\"89\">Objetivos<\/td>\n<td width=\"548\">Ao final do curso, o aluno dever\u00e1 ter conhecimento geral dos aspectos formais da geometria Euclidiana do plano e do Espa\u00e7o.<\/td>\n<\/tr>\n<tr>\n<td width=\"89\">Ementa<\/td>\n<td width=\"548\">Estrutura l\u00f3gico-dedutiva. Axiomas de Incid\u00eancia e Ordem. Circunfer\u00eancias e \u00c2ngulos. Congru\u00eancia de Tri\u00e2ngulos. Teorema do \u00c2ngulo Externo e suas conseq\u00fc\u00eancias. Axioma das Paralelas. Semelhan\u00e7a de Tri\u00e2ngulos. \u00c1reas. Retas e Planos no Espa\u00e7o. Postulado da Separa\u00e7\u00e3o. Superf\u00edc\u00edes Esf\u00e9ricas e Cil\u00edndricas. Cones. Prismas e Pir\u00e2mides.<\/td>\n<\/tr>\n<tr>\n<td width=\"89\">Programa<\/td>\n<td width=\"548\">\n<p>Estrutura l\u00f3gico-dedutiva<\/p>\n<p>Axiomas de incid\u00eancia e ordem<\/p>\n<p>&#8211; Geometrias Finitas<\/p>\n<p>&#8211; Conjuntos convexos<\/p>\n<p>Circunfer\u00eancia<\/p>\n<p>&#8211; Defini\u00e7\u00e3o, elementos e propriedades.<\/p>\n<p>\u00c2ngulos<\/p>\n<p>&#8211; Defini\u00e7\u00e3o<\/p>\n<p>&#8211; Axiomas de medi\u00e7\u00e3o de \u00e2ngulos<\/p>\n<p>&#8211; Suplemento<\/p>\n<p>&#8211; \u00c2ngulos em circunfer\u00eancia<\/p>\n<p>&#8211; Perpendicularismo<\/p>\n<p>Congru\u00eancia de tri\u00e2ngulos<\/p>\n<p>&#8211; Defini\u00e7\u00e3o<\/p>\n<p>&#8211; Axiomas<\/p>\n<p>&#8211; Teoremas sobre congru\u00eancia<\/p>\n<p>&#8211; Tri\u00e2ngulos is\u00f3sceles<\/p>\n<p>O teorema do \u00e2ngulo externo<\/p>\n<p>&#8211; Teorema do \u00e2ngulo externo<\/p>\n<p>&#8211; Teorema da unicidade da perpendicular<\/p>\n<p>&#8211; Desigualdades no tri\u00e2ngulo<\/p>\n<p>O axioma das paralelas<\/p>\n<p>&#8211; Axioma das paralelas<\/p>\n<p>&#8211; Teoremas sobre \u00e2ngulos alternos internos<\/p>\n<p>&#8211; Soma das medidas dos \u00e2ngulos internos do tri\u00e2ngulo<\/p>\n<p>&#8211; Paralelogramos &#8211; defini\u00e7\u00e3o e propriedades<\/p>\n<p>&#8211; Teorema de Tales<\/p>\n<p>Semelhan\u00e7a de tri\u00e2ngulos<\/p>\n<p>&#8211; Defini\u00e7\u00e3o<\/p>\n<p>&#8211; Teoremas sobre semelhan\u00e7as<\/p>\n<p>&#8211; Teorema de Pit\u00e1goras<\/p>\n<p>Circunfer\u00eancia e C\u00edrculo<\/p>\n<p>&#8211; Teoremas sobre tang\u00eancia e cordas<\/p>\n<p>&#8211; Pot\u00eancia de ponto<\/p>\n<p>&#8211; Teoremas sobre \u00e2ngulos em circunfer\u00eancia<\/p>\n<p>&#8211; Teoremas sobre inscri\u00e7\u00e3o e circunscri\u00e7\u00e3o de tri\u00e2ngulos e quadril\u00e1teros<\/p>\n<p>&#8211; Inscri\u00e7\u00e3o e circunscri\u00e7\u00e3o de pol\u00edgonos regulares<\/p>\n<p>&#8211; Comprimento de circunfer\u00eancia<\/p>\n<p>\u00c1rea<\/p>\n<p>&#8211; Axiomas de medi\u00e7\u00e3o de \u00e1reas<\/p>\n<p>&#8211; \u00c1reas de pol\u00edgonos<\/p>\n<p>&#8211; \u00c1rea do c\u00edrculo<\/p>\n<p>A geometria do espa\u00e7o<\/p>\n<p>&#8211; Pontos, retas e planos<\/p>\n<p>&#8211; Esferas<\/p>\n<p>&#8211; Postulado da separa\u00e7\u00e3o do espa\u00e7o<\/p>\n<p>&#8211; Conjuntos convexos<\/p>\n<p>&#8211; Postulados sobre rela\u00e7\u00f5es entre pontos, retas, planos e esferas do espa\u00e7o<\/p>\n<p>&#8211; Prismas e pir\u00e2mides<\/p>\n<p>&#8211; Cilindros e cones<\/p>\n<p>&nbsp;<\/td>\n<\/tr>\n<tr>\n<td width=\"89\">Bibliografia<\/td>\n<td width=\"548\">\n<p>B\u00e1sica<\/p>\n<p>BARBOSA, Jo\u00e3o Lucas Marques. Geometria euclidiana plana. 2.ed.Rio de Janeiro, SBM, 1997.<\/p>\n<p>&nbsp;<\/p>\n<p>Complementar<\/p>\n<p>CASTRUCCI, Benedito. Fundamentos de Geometria; estudo axiom\u00e1tico do plano euclidiano. Rio de Janeiro: Livros T\u00e9cnicos e Cient\u00edficos, 1978.<\/p>\n<p>RODRIGUES, Ant\u00f4nio. Modelos did\u00e1ticos de geometria euclidiana. Porto Alegre: URGS, 1978.<\/p>\n<p>RUOFF, \u00c9rika Brigitta Ledergerber. Isometrias e ornamentos no plano euclidiano. S\u00e3o Paulo: Atual Ed. Univ. S.P., 1982.<\/td>\n<\/tr>\n<\/tbody>\n<\/table>\n<p><\/p>\n","protected":false},"excerpt":{"rendered":"<p>Geometria Euclidiana Curso Licenciatura em Matem\u00e1tica Disciplina Geometria Euclidiana Car\u00e1ter Optativa Pr\u00e9-requisito Introdu\u00e7\u00e3o a L\u00f3gica (0100227) C\u00f3digo 0100185 Depto. DME CHT 68 horas Cr\u00e9ditos 04 Natureza 34 te\u00f3ricas \/ 34 Pr\u00e1tica Prof. Resp. Objetivos Ao final do curso, o aluno dever\u00e1 ter conhecimento geral dos aspectos formais da geometria Euclidiana do plano e do Espa\u00e7o. [&hellip;]<\/p>\n","protected":false},"author":466,"featured_media":0,"parent":363,"menu_order":0,"comment_status":"closed","ping_status":"closed","template":"page-sem-sidebar.php","meta":{"jetpack_post_was_ever_published":false,"footnotes":""},"class_list":["post-401","page","type-page","status-publish","hentry"],"jetpack_sharing_enabled":true,"jetpack_shortlink":"https:\/\/wp.me\/P7sk8J-6t","_links":{"self":[{"href":"https:\/\/wp.ufpel.edu.br\/matematicanoturno\/wp-json\/wp\/v2\/pages\/401","targetHints":{"allow":["GET"]}}],"collection":[{"href":"https:\/\/wp.ufpel.edu.br\/matematicanoturno\/wp-json\/wp\/v2\/pages"}],"about":[{"href":"https:\/\/wp.ufpel.edu.br\/matematicanoturno\/wp-json\/wp\/v2\/types\/page"}],"author":[{"embeddable":true,"href":"https:\/\/wp.ufpel.edu.br\/matematicanoturno\/wp-json\/wp\/v2\/users\/466"}],"replies":[{"embeddable":true,"href":"https:\/\/wp.ufpel.edu.br\/matematicanoturno\/wp-json\/wp\/v2\/comments?post=401"}],"version-history":[{"count":1,"href":"https:\/\/wp.ufpel.edu.br\/matematicanoturno\/wp-json\/wp\/v2\/pages\/401\/revisions"}],"predecessor-version":[{"id":402,"href":"https:\/\/wp.ufpel.edu.br\/matematicanoturno\/wp-json\/wp\/v2\/pages\/401\/revisions\/402"}],"up":[{"embeddable":true,"href":"https:\/\/wp.ufpel.edu.br\/matematicanoturno\/wp-json\/wp\/v2\/pages\/363"}],"wp:attachment":[{"href":"https:\/\/wp.ufpel.edu.br\/matematicanoturno\/wp-json\/wp\/v2\/media?parent=401"}],"curies":[{"name":"wp","href":"https:\/\/api.w.org\/{rel}","templated":true}]}}