{"id":399,"date":"2015-03-09T19:18:05","date_gmt":"2015-03-09T22:18:05","guid":{"rendered":"https:\/\/wp.ufpel.edu.br\/matematicanoturno\/?page_id=399"},"modified":"2015-03-09T19:18:05","modified_gmt":"2015-03-09T22:18:05","slug":"geometria-diferencial-i","status":"publish","type":"page","link":"https:\/\/wp.ufpel.edu.br\/matematicanoturno\/disciplinas-optativas\/geometria-diferencial-i\/","title":{"rendered":"Geometria Diferencial I"},"content":{"rendered":"<h4>Geometria Diferencial I<\/h4>\n<table>\n<tbody>\n<tr>\n<td width=\"89\">Curso<\/td>\n<td width=\"548\">Licenciatura em Matem\u00e1tica<\/td>\n<\/tr>\n<tr>\n<td width=\"89\">Disciplina<\/td>\n<td width=\"548\">Geometria Diferencial I<\/td>\n<\/tr>\n<tr>\n<td width=\"89\">Car\u00e1ter<\/td>\n<td width=\"548\">Optativa<\/td>\n<\/tr>\n<tr>\n<td width=\"89\">Pr\u00e9-requisito<\/td>\n<td width=\"548\">Equa\u00e7\u00f5es Diferencias Ordin\u00e1rias(0100257) \u00c1lgebra Linear I (0100170)<\/td>\n<\/tr>\n<tr>\n<td width=\"89\">C\u00f3digo<\/td>\n<td width=\"548\">0100172<\/td>\n<\/tr>\n<tr>\n<td width=\"89\">Depto.<\/td>\n<td width=\"548\">DME<\/td>\n<\/tr>\n<tr>\n<td width=\"89\">CHT<\/td>\n<td width=\"548\">68 horas<\/td>\n<\/tr>\n<tr>\n<td width=\"89\">Cr\u00e9ditos<\/td>\n<td width=\"548\">04<\/td>\n<\/tr>\n<tr>\n<td width=\"89\">Natureza<\/td>\n<td width=\"548\">34 te\u00f3ricas \/ 34 Pr\u00e1tica<\/td>\n<\/tr>\n<tr>\n<td width=\"89\">Prof. Resp.<\/td>\n<td width=\"548\"><\/td>\n<\/tr>\n<tr>\n<td width=\"89\">Objetivos<\/td>\n<td width=\"548\">Oferecer ao estudante no\u00e7\u00f5es b\u00e1sicas da teoria local de Curvas e Superf\u00edcies no Espa\u00e7o Euclidiano, usando m\u00e9todos do C\u00e1lculo Diferencial.<\/td>\n<\/tr>\n<tr>\n<td width=\"89\">Ementa<\/td>\n<td width=\"548\">Curvas Planas em Coordenadas Retil\u00edneas. Aplica\u00e7\u00f5es Geom\u00e9tricas e F\u00edsicas das Derivadas. Teoria do Contato. Ass\u00edntotas. Singulares. Curvas Reversas. No\u00e7\u00f5es sobre Superf\u00edcies. Envolventes.<\/td>\n<\/tr>\n<tr>\n<td width=\"89\">Programa<\/td>\n<td width=\"548\">\n<p>Preliminares<\/p>\n<p>&#8211; T\u00f3picos de \u00c1lgebra Linear e Espa\u00e7os M\u00e9tricos<\/p>\n<p>&#8211; T\u00f3picos de C\u00e1lculo Diferencial em Rn<\/p>\n<p>Curvas no Plano<\/p>\n<p>&#8211; Curvas Parametrizadas Diferenci\u00e1veis<\/p>\n<p>&#8211; Vetor Tangente e Normal, Curvas Regulares<\/p>\n<p>&#8211; Reparametriza\u00e7\u00e3o<\/p>\n<p>&#8211; Orienta\u00e7\u00e3o<\/p>\n<p>&#8211; Comprimento de Arco<\/p>\n<p>&#8211; Teoria Local, F\u00f3rmulas de Frenet<\/p>\n<p>&#8211; Teorema Fundamental<\/p>\n<p>&#8211; Convexidade Local<\/p>\n<p>&#8211; Evolutas e Involutas<\/p>\n<p>&#8211; Curvatura Total<\/p>\n<p>&#8211; Defini\u00e7\u00e3o Impl\u00edcita de Curvas Planas<\/p>\n<p>-Envolvente de uma Fam\u00edlia de Curvas.<\/p>\n<p>&nbsp;<\/p>\n<p>Curvas no Espa\u00e7o<\/p>\n<p>&#8211; Curvas Parametrizadas Diferenci\u00e1veis<\/p>\n<p>&#8211; Vetor Tangente e Normal, Curvas Regulares<\/p>\n<p>&#8211; Reparametriza\u00e7\u00e3o<\/p>\n<p>&#8211; Orienta\u00e7\u00e3o<\/p>\n<p>&#8211; Bases<\/p>\n<p>&#8211; Teoria Local, F\u00f3rmulas de Frenet<\/p>\n<p>&#8211; Curvatura, Tor\u00e7\u00e3o e H\u00e9lices<\/p>\n<p>Representa\u00e7\u00e3o Can\u00f4nica<\/p>\n<p>Teorema Fundamental<\/p>\n<p>&nbsp;<\/p>\n<p>Superf\u00edcies<\/p>\n<p>&#8211; Superf\u00edcies Parametrizadas Regulares<\/p>\n<p>&#8211; Reparametriza\u00e7\u00e3o<\/p>\n<p>&#8211; Plano Tangente, Vetor Normal, Primeira Forma Quadr\u00e1tica, \u00c1rea<\/p>\n<p>&#8211; Segunda Forma Quadr\u00e1tica, Curvatura Normal<\/p>\n<p>&#8211; Curvatura e Curvas na Superf\u00edcie<\/p>\n<p>&#8211; Classifica\u00e7\u00e3o dos Pontos de uma Superf\u00edcie.<\/td>\n<\/tr>\n<tr>\n<td width=\"89\">Bibliografia<\/td>\n<td width=\"548\">\n<p>B\u00e1sica<\/p>\n<p>CARMO, Manfredo P. Elementos de geometria diferencial. Rio de Janeiro, Ao Livro T\u00e9cnico e Universidade de Bras\u00edlia, 1971 ( Instituto de Matem\u00e1tica Pura e Aplicada &#8211; IMPA, Col. Elementos de Matem\u00e1tica)<\/p>\n<p>&nbsp;<\/p>\n<p>Complementar.<\/p>\n<p>RODRIGUES, L\u00facio. Introdu\u00e7\u00e3o \u00e0 geometria diferencial. 11\u00b0 Col\u00f3quio de Matem\u00e1tica. Po\u00e7os de Caldas, Instituto de Matem\u00e1tica Pura e Aplicada &#8211; IMPA, 1977.<\/p>\n<p>TENENBLAT, Keti. Introdu\u00e7\u00e3o \u00e0 geometria diferencial. Bras\u00edlia, Universidade de Bras\u00edlia, 1988.<\/p>\n<p>VALLADARES, Renato. Introdu\u00e7\u00e3o \u00e0 geometria diferencial. Niter\u00f3i, Universidade Federal Fluminense, 1979.<\/p>\n<p>&nbsp;<\/td>\n<\/tr>\n<\/tbody>\n<\/table>\n<p><\/p>\n","protected":false},"excerpt":{"rendered":"<p>Geometria Diferencial I Curso Licenciatura em Matem\u00e1tica Disciplina Geometria Diferencial I Car\u00e1ter Optativa Pr\u00e9-requisito Equa\u00e7\u00f5es Diferencias Ordin\u00e1rias(0100257) \u00c1lgebra Linear I (0100170) C\u00f3digo 0100172 Depto. DME CHT 68 horas Cr\u00e9ditos 04 Natureza 34 te\u00f3ricas \/ 34 Pr\u00e1tica Prof. Resp. Objetivos Oferecer ao estudante no\u00e7\u00f5es b\u00e1sicas da teoria local de Curvas e Superf\u00edcies no Espa\u00e7o Euclidiano, usando [&hellip;]<\/p>\n","protected":false},"author":466,"featured_media":0,"parent":363,"menu_order":0,"comment_status":"closed","ping_status":"closed","template":"page-sem-sidebar.php","meta":{"jetpack_post_was_ever_published":false,"footnotes":""},"class_list":["post-399","page","type-page","status-publish","hentry"],"jetpack_sharing_enabled":true,"jetpack_shortlink":"https:\/\/wp.me\/P7sk8J-6r","_links":{"self":[{"href":"https:\/\/wp.ufpel.edu.br\/matematicanoturno\/wp-json\/wp\/v2\/pages\/399","targetHints":{"allow":["GET"]}}],"collection":[{"href":"https:\/\/wp.ufpel.edu.br\/matematicanoturno\/wp-json\/wp\/v2\/pages"}],"about":[{"href":"https:\/\/wp.ufpel.edu.br\/matematicanoturno\/wp-json\/wp\/v2\/types\/page"}],"author":[{"embeddable":true,"href":"https:\/\/wp.ufpel.edu.br\/matematicanoturno\/wp-json\/wp\/v2\/users\/466"}],"replies":[{"embeddable":true,"href":"https:\/\/wp.ufpel.edu.br\/matematicanoturno\/wp-json\/wp\/v2\/comments?post=399"}],"version-history":[{"count":1,"href":"https:\/\/wp.ufpel.edu.br\/matematicanoturno\/wp-json\/wp\/v2\/pages\/399\/revisions"}],"predecessor-version":[{"id":400,"href":"https:\/\/wp.ufpel.edu.br\/matematicanoturno\/wp-json\/wp\/v2\/pages\/399\/revisions\/400"}],"up":[{"embeddable":true,"href":"https:\/\/wp.ufpel.edu.br\/matematicanoturno\/wp-json\/wp\/v2\/pages\/363"}],"wp:attachment":[{"href":"https:\/\/wp.ufpel.edu.br\/matematicanoturno\/wp-json\/wp\/v2\/media?parent=399"}],"curies":[{"name":"wp","href":"https:\/\/api.w.org\/{rel}","templated":true}]}}