{"id":395,"date":"2015-03-09T19:16:01","date_gmt":"2015-03-09T22:16:01","guid":{"rendered":"https:\/\/wp.ufpel.edu.br\/matematicanoturno\/?page_id=395"},"modified":"2015-03-09T19:16:01","modified_gmt":"2015-03-09T22:16:01","slug":"conjuntos-difusos","status":"publish","type":"page","link":"https:\/\/wp.ufpel.edu.br\/matematicanoturno\/disciplinas-optativas\/conjuntos-difusos\/","title":{"rendered":"Conjuntos Difusos"},"content":{"rendered":"<h4>Conjuntos Difusos<\/h4>\n<table>\n<tbody>\n<tr>\n<td width=\"89\">Curso<\/td>\n<td width=\"548\">Licenciatura em Matem\u00e1tica<\/td>\n<\/tr>\n<tr>\n<td width=\"89\">Disciplina<\/td>\n<td width=\"548\">Conjuntos Difusos<\/td>\n<\/tr>\n<tr>\n<td width=\"89\">Car\u00e1ter<\/td>\n<td width=\"548\">Optativa<\/td>\n<\/tr>\n<tr>\n<td width=\"89\">Pr\u00e9-requisito<\/td>\n<td width=\"548\">Introdu\u00e7\u00e3o a L\u00f3gica (0100227)<\/td>\n<\/tr>\n<tr>\n<td width=\"89\">C\u00f3digo<\/td>\n<td width=\"548\">0100272<\/td>\n<\/tr>\n<tr>\n<td width=\"89\">Depto.<\/td>\n<td width=\"548\">DME<\/td>\n<\/tr>\n<tr>\n<td width=\"89\">CHT<\/td>\n<td width=\"548\">68 horas-aulas<\/td>\n<\/tr>\n<tr>\n<td width=\"89\">Cr\u00e9ditos<\/td>\n<td width=\"548\">04 cr\u00e9ditos<\/td>\n<\/tr>\n<tr>\n<td width=\"89\">Natureza<\/td>\n<td width=\"548\">34 horas te\u00f3ricas e 34 pr\u00e1ticas<\/td>\n<\/tr>\n<tr>\n<td width=\"89\">Prof. Resp.<\/td>\n<td width=\"548\"><\/td>\n<\/tr>\n<tr>\n<td width=\"89\">Objetivos<\/td>\n<td width=\"548\">Prover o aluno de habilidades no uso da l\u00f3gica difusa e suas aplicabilidades, bem como de condi\u00e7\u00f5es para que ele possa avaliar a necessidade do tratamento impreciso nos conceitos.<\/td>\n<\/tr>\n<tr>\n<td width=\"89\">Ementa<\/td>\n<td width=\"548\">Conjuntos Difusos: Defini\u00e7\u00f5es; Caracter\u00edsticas B\u00e1sicas; Propriedades; Formato dos Conjuntos; Opera\u00e7\u00f5es L\u00f3gicas; t-norm e t-conorm; Hedges; Rela\u00e7\u00f5es e Composi\u00e7\u00f5es Difusas. Sistemas Difusos: Base de Regras, M\u00f3dulos de Infer\u00eancia, Fusifica\u00e7\u00e3o, Defusifica\u00e7\u00e3o; Controle Nebuloso; Aplica\u00e7\u00f5es.<\/td>\n<\/tr>\n<tr>\n<td width=\"89\">Programa<\/td>\n<td width=\"548\">\n<p>Fundamenta\u00e7\u00e3o Te\u00f3rica<\/p>\n<p>&#8211; De Conjuntos Cl\u00e1ssicos a Conjuntos Difusos: Uma Mudan\u00e7a de Paradigma<\/p>\n<p>&#8211; Aritm\u00e9tica Difusa<\/p>\n<p>&#8211; Rela\u00e7\u00f5es Difusas<\/p>\n<p>&#8211; Teoria da Possibilidade<\/p>\n<p>&#8211; L\u00f3gica Difusa<\/p>\n<p>&#8211; Informa\u00e7\u00e3o Baseada em Incerteza<\/p>\n<p>&nbsp;<\/p>\n<p>Aplica\u00e7\u00f5es<\/p>\n<p>&#8211; Racioc\u00ednio Aproximado: Sistemas Especialistas Difusos<\/p>\n<p>&#8211; Sistemas Difusos: Controladores e Sistemas Din\u00e2micos<\/p>\n<p>&#8211; Reconhecimento de Padr\u00f5es<\/p>\n<p>&#8211; Banco de Dados Difusos e Sistemas de Coleta de Informa\u00e7\u00e3o<\/p>\n<p>&#8211; Aplica\u00e7\u00f5es na Tomada de Decis\u00f5es<\/td>\n<\/tr>\n<tr>\n<td width=\"89\">Bibliografia<\/td>\n<td width=\"548\">\n<p>B\u00e1sica<\/p>\n<p>Klir, George &amp; Yuan, Bo, Fuzzy Sets and Fuzzy Logic: Theory and Applications, Prentice Hall, USA, 1995. ISBN: 0 &#8211; 13 &#8211; 101171 &#8211; 5<\/p>\n<p>&nbsp;<\/p>\n<p>Complementar<\/p>\n<p>Ross, Timothy J., Fuzzy Logic with Engineering Applications, McGraw-Hill, USA, 1995. ISBN: 0 &#8211; 07 &#8211; 053917 &#8211; 0<\/p>\n<p>Kandel, Abraham, Fuzzy Mathematical Techniques With Applications, Addison &#8211; Wesley, Reading, MA, USA, 1986.<\/p>\n<p>Zimmermann, H. J., Fuzzy Set Theory and Its Applications, Kluwer, Boston, USA, 1985.<\/p>\n<p>Kaufmann, Arnold &amp; Gupta, Madan, Introduction to Fuzzy Arithmetic, Theory and Applications, Van Nostrand Reinhold, USA, 1991. ISBN: 0 &#8211; 442 &#8211; 00899 &#8211; 6<\/p>\n<p>Cox, Earl, The Fuzzy Systems Handbook (with IBM Disk with C++ Source Code), Academic Press, USA, 1994. ISBN: 0 &#8211; 12 &#8211; 194270 &#8211; 8<\/p>\n<p>Zadeh, L. A. &amp; Kacprzyk, J., (Editors), Fuzzy Logic for the Management of Uncertainty, John Wiley, New York, 1992.<\/p>\n<p>Dubois, D. &amp; Prade, H., Fuzzy Sets and Systems, Theory and Applications, Academic Press, New York, 1980.<\/p>\n<p>Yager, R. R., Essentials of Fuzzy Modeling and Control, John Wiley, New York, 1994.<\/p>\n<p>Harris, C. J., (Editor), Advances in Intelligent Control, Taylor Francis, UK, 1994. ISBN: 0 &#8211; 7484 &#8211; 0066 4<\/p>\n<p>Hirota, K., (Editor), Industrial Applications of Fuzzy Technology, Springer &#8211; Verlag, New York, 1993.<\/p>\n<p>Terano, T., Asai, K. &amp; Sugeno, M., Applied Fuzzy Systems, AP Professional, New York, 1994<\/p>\n<p>Deboeck, Guido J., Trading on the Edge, Neural, Genetic and Fuzzy Systems for Chaotic Financial Markets, John Wiley &amp; Sons, USA, 1994, ISBN: 0 &#8211; 471 &#8211; 31100 &#8211; 6<\/p>\n<p>Jamshidi, Mohammad &amp; Ross, Timothy (Editors), Fuzzy Logic and Control, Software and Hardware Implementations, Prentice Hall, USA, 1993 ISBN: 0 &#8211; 13 &#8211; 334251 &#8211; 4<\/p>\n<p>Kosko, Bart, Fuzzy Thinking, The New Science of Fuzzy Logic, Hyperion, New York, 1993. ISBN: 0 &#8211; 7868 &#8211; 8021 \u2013 X<\/td>\n<\/tr>\n<\/tbody>\n<\/table>\n<p>&nbsp;<\/p>\n<p>&nbsp;<\/p>\n","protected":false},"excerpt":{"rendered":"<p>Conjuntos Difusos Curso Licenciatura em Matem\u00e1tica Disciplina Conjuntos Difusos Car\u00e1ter Optativa Pr\u00e9-requisito Introdu\u00e7\u00e3o a L\u00f3gica (0100227) C\u00f3digo 0100272 Depto. DME CHT 68 horas-aulas Cr\u00e9ditos 04 cr\u00e9ditos Natureza 34 horas te\u00f3ricas e 34 pr\u00e1ticas Prof. Resp. Objetivos Prover o aluno de habilidades no uso da l\u00f3gica difusa e suas aplicabilidades, bem como de condi\u00e7\u00f5es para que [&hellip;]<\/p>\n","protected":false},"author":466,"featured_media":0,"parent":363,"menu_order":0,"comment_status":"closed","ping_status":"closed","template":"page-sem-sidebar.php","meta":{"jetpack_post_was_ever_published":false,"footnotes":""},"class_list":["post-395","page","type-page","status-publish","hentry"],"jetpack_sharing_enabled":true,"jetpack_shortlink":"https:\/\/wp.me\/P7sk8J-6n","_links":{"self":[{"href":"https:\/\/wp.ufpel.edu.br\/matematicanoturno\/wp-json\/wp\/v2\/pages\/395","targetHints":{"allow":["GET"]}}],"collection":[{"href":"https:\/\/wp.ufpel.edu.br\/matematicanoturno\/wp-json\/wp\/v2\/pages"}],"about":[{"href":"https:\/\/wp.ufpel.edu.br\/matematicanoturno\/wp-json\/wp\/v2\/types\/page"}],"author":[{"embeddable":true,"href":"https:\/\/wp.ufpel.edu.br\/matematicanoturno\/wp-json\/wp\/v2\/users\/466"}],"replies":[{"embeddable":true,"href":"https:\/\/wp.ufpel.edu.br\/matematicanoturno\/wp-json\/wp\/v2\/comments?post=395"}],"version-history":[{"count":1,"href":"https:\/\/wp.ufpel.edu.br\/matematicanoturno\/wp-json\/wp\/v2\/pages\/395\/revisions"}],"predecessor-version":[{"id":396,"href":"https:\/\/wp.ufpel.edu.br\/matematicanoturno\/wp-json\/wp\/v2\/pages\/395\/revisions\/396"}],"up":[{"embeddable":true,"href":"https:\/\/wp.ufpel.edu.br\/matematicanoturno\/wp-json\/wp\/v2\/pages\/363"}],"wp:attachment":[{"href":"https:\/\/wp.ufpel.edu.br\/matematicanoturno\/wp-json\/wp\/v2\/media?parent=395"}],"curies":[{"name":"wp","href":"https:\/\/api.w.org\/{rel}","templated":true}]}}