{"id":393,"date":"2015-03-09T19:15:02","date_gmt":"2015-03-09T22:15:02","guid":{"rendered":"https:\/\/wp.ufpel.edu.br\/matematicanoturno\/?page_id=393"},"modified":"2015-03-09T19:15:02","modified_gmt":"2015-03-09T22:15:02","slug":"analise-real-ii","status":"publish","type":"page","link":"https:\/\/wp.ufpel.edu.br\/matematicanoturno\/disciplinas-optativas\/analise-real-ii\/","title":{"rendered":"An\u00e1lise Real II"},"content":{"rendered":"<h4>An\u00e1lise Real II<\/h4>\n<table>\n<tbody>\n<tr>\n<td width=\"89\">Curso<\/td>\n<td width=\"548\">Licenciatura em Matem\u00e1tica<\/td>\n<\/tr>\n<tr>\n<td width=\"89\">Disciplina<\/td>\n<td width=\"548\">AN\u00c1LISE REAL II<\/td>\n<\/tr>\n<tr>\n<td width=\"89\">Car\u00e1ter<\/td>\n<td width=\"548\">Optativa<\/td>\n<\/tr>\n<tr>\n<td width=\"89\">Pr\u00e9-requisito<\/td>\n<td width=\"548\">Analise real I (0100166)<\/td>\n<\/tr>\n<tr>\n<td width=\"89\">C\u00f3digo<\/td>\n<td width=\"548\">0100167<\/td>\n<\/tr>\n<tr>\n<td width=\"89\">Depto.<\/td>\n<td width=\"548\">DME<\/td>\n<\/tr>\n<tr>\n<td width=\"89\">CHT<\/td>\n<td width=\"548\">68 horas<\/td>\n<\/tr>\n<tr>\n<td width=\"89\">Cr\u00e9ditos<\/td>\n<td width=\"548\">04<\/td>\n<\/tr>\n<tr>\n<td width=\"89\">Natureza<\/td>\n<td width=\"548\">34 te\u00f3ricas \/ 34 Pr\u00e1tica<\/td>\n<\/tr>\n<tr>\n<td width=\"89\">Prof. Resp.<\/td>\n<td width=\"548\"><\/td>\n<\/tr>\n<tr>\n<td width=\"89\">Objetivos<\/td>\n<td width=\"548\">Aprofundar o estudo de teoria de n\u00fameros reais e de fun\u00e7\u00f5es de uma vari\u00e1vel real.<\/td>\n<\/tr>\n<tr>\n<td width=\"89\">Ementa<\/td>\n<td width=\"548\">Diferenciabilidade de Fun\u00e7\u00f5es Reais: Teorema de Rolle e o primeiro Teorema do Valor M\u00e9dio. A Integral de Riemann. Equa\u00e7\u00f5es Diferenciais.<\/td>\n<\/tr>\n<tr>\n<td width=\"89\">Programa<\/td>\n<td width=\"548\">\n<p>Fun\u00e7\u00f5es diferenci\u00e1veis<\/p>\n<p>&#8211; Conceito de derivada e de diferencial e sua liga\u00e7\u00e3o<\/p>\n<p>&#8211; Regras de deriva\u00e7\u00e3o e diferencia\u00e7\u00e3o (derivada de soma, produto, quociente, de fun\u00e7\u00e3o -inversa). Tabela de derivadas<\/p>\n<p>&#8211; Diferencia\u00e7\u00e3o de fun\u00e7\u00e3o composta. Invari\u00e2ncia de forma de primeira diferencial<\/p>\n<p>&#8211; Derivadas de ordem superior. F\u00f3rmula de Leibniz<\/p>\n<p>&#8211; Diferenciais de ordem superior<\/p>\n<p>&#8211; Teoremas principais de c\u00e1lculo diferencial: teorema de Fermat, de Rolle, de Lagrange, de Cauchy<\/p>\n<p>&#8211; F\u00f3rmula de Taylor. Formas diferentes de resto<\/p>\n<p>&#8211; Regra de L\u2019Hospital<\/p>\n<p>&#8211; Condi\u00e7\u00e3o de fun\u00e7\u00e3o constante. Condi\u00e7\u00e3o de fun\u00e7\u00e3o mon\u00f3tona<\/p>\n<p>&#8211; Extremos de uma fun\u00e7\u00e3o. Condi\u00e7\u00f5es necess\u00e1rias. Condi\u00e7\u00f5es suficientes. Valores m\u00e1ximos e m\u00ednimos de uma fun\u00e7\u00e3o<\/p>\n<p>&#8211; Concavidade de uma fun\u00e7\u00e3o<\/p>\n<p>&#8211; Pontos de inflex\u00e3o<\/p>\n<p>&#8211; Assintotas<\/p>\n<p>&#8211; Constru\u00e7\u00e3o de gr\u00e1ficos<\/p>\n<p>&nbsp;<\/p>\n<p>Integral indefinida<\/p>\n<p>&#8211; Primitiva e suas propriedades<\/p>\n<p>&#8211; Mudan\u00e7a de vari\u00e1veis em integral indefinida<\/p>\n<p>&#8211; M\u00e9todo de integra\u00e7\u00e3o por partes<\/p>\n<p>&nbsp;<\/p>\n<p>Integral definida<\/p>\n<p>&#8211; Conceito de integral definida<\/p>\n<p>&#8211; Somas de Darboux e suas propriedades<\/p>\n<p>&#8211; Crit\u00e9rios de integrabilidade<\/p>\n<p>&#8211; Classes de fun\u00e7\u00f5es integr\u00e1veis<\/p>\n<p>&#8211; Propriedades de integral definida<\/p>\n<p>&#8211; Integral com limite vari\u00e1vel e suas propriedades. F\u00f3rmula de Newton-Leibniz<\/p>\n<p>&#8211; Mudan\u00e7a de vari\u00e1vel em integral definida<\/p>\n<p>&#8211; Integra\u00e7\u00e3o por partes em integral definida<\/p>\n<p>&#8211; Teoremas de valor m\u00e9dio<\/p>\n<p>&#8211; C\u00e1lculos aproximados de integral definida<\/p>\n<p>&nbsp;<\/p>\n<p>Aplica\u00e7\u00f5es geom\u00e9tricas de integral definida<\/p>\n<p>&#8211; Conceito de curva retific\u00e1vel. Propriedade de aditividade<\/p>\n<p>&#8211; C\u00e1lculo de comprimento de uma curva retific\u00e1vel por meio de limite<\/p>\n<p>&#8211; Comprimento de curva suave<\/p>\n<p>&#8211; C\u00e1lculo de \u00e1reas e volumes de rota\u00e7\u00e3o<\/td>\n<\/tr>\n<tr>\n<td width=\"89\">Bibliografia<\/td>\n<td width=\"548\">\n<p>B\u00e1sica<\/p>\n<p>Lima E.L. Curso de an\u00e1lise. Vol.1<\/p>\n<p>&nbsp;<\/p>\n<p>Complementar<\/p>\n<p>Almay P. Elementos de c\u00e1lculo diferencial e integral. Vol. 2,3.<\/p>\n<p>Ilyin, Pozniak. Fundamentals of real analysis. Vol.1.<\/p>\n<p>&nbsp;<\/td>\n<\/tr>\n<\/tbody>\n<\/table>\n<p><\/p>\n","protected":false},"excerpt":{"rendered":"<p>An\u00e1lise Real II Curso Licenciatura em Matem\u00e1tica Disciplina AN\u00c1LISE REAL II Car\u00e1ter Optativa Pr\u00e9-requisito Analise real I (0100166) C\u00f3digo 0100167 Depto. DME CHT 68 horas Cr\u00e9ditos 04 Natureza 34 te\u00f3ricas \/ 34 Pr\u00e1tica Prof. Resp. Objetivos Aprofundar o estudo de teoria de n\u00fameros reais e de fun\u00e7\u00f5es de uma vari\u00e1vel real. Ementa Diferenciabilidade de Fun\u00e7\u00f5es [&hellip;]<\/p>\n","protected":false},"author":466,"featured_media":0,"parent":363,"menu_order":0,"comment_status":"closed","ping_status":"closed","template":"page-sem-sidebar.php","meta":{"jetpack_post_was_ever_published":false,"footnotes":""},"class_list":["post-393","page","type-page","status-publish","hentry"],"jetpack_sharing_enabled":true,"jetpack_shortlink":"https:\/\/wp.me\/P7sk8J-6l","_links":{"self":[{"href":"https:\/\/wp.ufpel.edu.br\/matematicanoturno\/wp-json\/wp\/v2\/pages\/393","targetHints":{"allow":["GET"]}}],"collection":[{"href":"https:\/\/wp.ufpel.edu.br\/matematicanoturno\/wp-json\/wp\/v2\/pages"}],"about":[{"href":"https:\/\/wp.ufpel.edu.br\/matematicanoturno\/wp-json\/wp\/v2\/types\/page"}],"author":[{"embeddable":true,"href":"https:\/\/wp.ufpel.edu.br\/matematicanoturno\/wp-json\/wp\/v2\/users\/466"}],"replies":[{"embeddable":true,"href":"https:\/\/wp.ufpel.edu.br\/matematicanoturno\/wp-json\/wp\/v2\/comments?post=393"}],"version-history":[{"count":1,"href":"https:\/\/wp.ufpel.edu.br\/matematicanoturno\/wp-json\/wp\/v2\/pages\/393\/revisions"}],"predecessor-version":[{"id":394,"href":"https:\/\/wp.ufpel.edu.br\/matematicanoturno\/wp-json\/wp\/v2\/pages\/393\/revisions\/394"}],"up":[{"embeddable":true,"href":"https:\/\/wp.ufpel.edu.br\/matematicanoturno\/wp-json\/wp\/v2\/pages\/363"}],"wp:attachment":[{"href":"https:\/\/wp.ufpel.edu.br\/matematicanoturno\/wp-json\/wp\/v2\/media?parent=393"}],"curies":[{"name":"wp","href":"https:\/\/api.w.org\/{rel}","templated":true}]}}