{"id":383,"date":"2015-03-09T19:06:20","date_gmt":"2015-03-09T22:06:20","guid":{"rendered":"https:\/\/wp.ufpel.edu.br\/matematicanoturno\/?page_id=383"},"modified":"2015-03-09T19:06:20","modified_gmt":"2015-03-09T22:06:20","slug":"inteligencia-artificial-ii","status":"publish","type":"page","link":"https:\/\/wp.ufpel.edu.br\/matematicanoturno\/disciplinas-optativas\/inteligencia-artificial-ii\/","title":{"rendered":"Intelig\u00eancia Artificial II"},"content":{"rendered":"<h4>Intelig\u00eancia Artificial II<\/h4>\n<table>\n<tbody>\n<tr>\n<td width=\"89\">Curso<\/td>\n<td width=\"548\">3800<\/td>\n<\/tr>\n<tr>\n<td width=\"89\">Disciplina<\/td>\n<td width=\"548\">Intelig\u00eancia Artificial II<\/td>\n<\/tr>\n<tr>\n<td width=\"89\">Car\u00e1ter<\/td>\n<td width=\"548\">Optativa<\/td>\n<\/tr>\n<tr>\n<td width=\"89\">Pr\u00e9-requisito<\/td>\n<td width=\"548\">Intelig\u00eancia Artificial I (0750019)<\/td>\n<\/tr>\n<tr>\n<td width=\"89\">C\u00f3digo<\/td>\n<td width=\"548\">0750020<\/td>\n<\/tr>\n<tr>\n<td width=\"89\">Depto.<\/td>\n<td width=\"548\">Inform\u00e1tica<\/td>\n<\/tr>\n<tr>\n<td width=\"89\">CHT<\/td>\n<td width=\"548\">68 h<\/td>\n<\/tr>\n<tr>\n<td width=\"89\">Cr\u00e9ditos<\/td>\n<td width=\"548\">04<\/td>\n<\/tr>\n<tr>\n<td width=\"89\">Natureza<\/td>\n<td width=\"548\">04 te\u00f3ricas<\/td>\n<\/tr>\n<tr>\n<td width=\"89\">Prof. Resp.<\/td>\n<td width=\"548\"><\/td>\n<\/tr>\n<tr>\n<td width=\"89\">Objetivos<\/td>\n<td width=\"548\">O objetivo da disciplina \u00e9 capacitar o aluno a compreender os conceitos e t\u00e9cnicas avan\u00e7adas da Intelig\u00eancia Artificial, avaliar e empregar estas t\u00e9cnicas na modelagem e solu\u00e7\u00e3o de problemas no \u00e2mbito da Intelig\u00eancia Artificial.<\/td>\n<\/tr>\n<tr>\n<td width=\"89\">Ementa<\/td>\n<td width=\"548\">Linhas de estudo da Intelig\u00eancia Artificial (IA). IA conexionista. Computa\u00e7\u00e3o evolutiva. Agentes inteligentes. Aprendizagem de m\u00e1quina. Redes Bayesianas. Processamento de linguagem natural.<\/td>\n<\/tr>\n<tr>\n<td width=\"89\">Programa<\/td>\n<td width=\"548\">\n<p>\u00b7 Hist\u00f3rico da IA, sub-\u00e1reas e aplica\u00e7\u00f5es<\/p>\n<p>\u00b7 Sistemas Multiagentes<\/p>\n<p>\u00b7 Programa\u00e7\u00e3o Evolutiva e Algoritmos Gen\u00e9ticos<\/p>\n<p>\u00b7 Redes Neurais<\/p>\n<p>&nbsp;<\/td>\n<\/tr>\n<tr>\n<td width=\"89\">Bibliografia<\/td>\n<td width=\"548\">\n<p>B\u00e1sica<\/p>\n<p>RUSSELL, Stuart, NORVIG, Peter. Artifical Intelligence a modern approach. New Jersey: Prentice-Hall, 1995.<\/p>\n<p>&nbsp;<\/p>\n<p>Complementar<\/p>\n<p>LUGGER, George F., Stubblefield, William A. Artificial Intelligence: structures and strategies for complex problem solving. Harlow: Addisson Wesley Longman, 1988.<\/p>\n<p>RICH, Elaine. Intelig\u00eancia Artificial. S\u00e3o Paulo: McGraw-Hill, 1988.<\/p>\n<p>WINSTON, Patrick. Fundamentos de Intelig\u00eancia Artificial. S\u00e3o Paulo: Makron Books, 1992.<\/p>\n<p>BIGUS, Joseph, BIGUS Jennifer. Constructing intelligent agents with Java. New York: John Wiley &amp; Sons, 1998.<\/p>\n<p>NILSSON, Nils. Artiificial Intelligence: A New Sysnthesys. San Francisco: Morgan Kaufmann, 1998<\/p>\n<p>RUMBAUGH, James Object-Oriented Modeling and Design. Prentice-Hall, 1991.<\/p>\n<p>TORSUN,I. S. Foundations of intelligent knowledge-based systems. London: Academic Press, 1995.<\/td>\n<\/tr>\n<\/tbody>\n<\/table>\n<p><\/p>\n","protected":false},"excerpt":{"rendered":"<p>Intelig\u00eancia Artificial II Curso 3800 Disciplina Intelig\u00eancia Artificial II Car\u00e1ter Optativa Pr\u00e9-requisito Intelig\u00eancia Artificial I (0750019) C\u00f3digo 0750020 Depto. Inform\u00e1tica CHT 68 h Cr\u00e9ditos 04 Natureza 04 te\u00f3ricas Prof. Resp. Objetivos O objetivo da disciplina \u00e9 capacitar o aluno a compreender os conceitos e t\u00e9cnicas avan\u00e7adas da Intelig\u00eancia Artificial, avaliar e empregar estas t\u00e9cnicas na [&hellip;]<\/p>\n","protected":false},"author":466,"featured_media":0,"parent":363,"menu_order":0,"comment_status":"closed","ping_status":"closed","template":"page-sem-sidebar.php","meta":{"jetpack_post_was_ever_published":false,"footnotes":""},"class_list":["post-383","page","type-page","status-publish","hentry"],"jetpack_sharing_enabled":true,"jetpack_shortlink":"https:\/\/wp.me\/P7sk8J-6b","_links":{"self":[{"href":"https:\/\/wp.ufpel.edu.br\/matematicanoturno\/wp-json\/wp\/v2\/pages\/383","targetHints":{"allow":["GET"]}}],"collection":[{"href":"https:\/\/wp.ufpel.edu.br\/matematicanoturno\/wp-json\/wp\/v2\/pages"}],"about":[{"href":"https:\/\/wp.ufpel.edu.br\/matematicanoturno\/wp-json\/wp\/v2\/types\/page"}],"author":[{"embeddable":true,"href":"https:\/\/wp.ufpel.edu.br\/matematicanoturno\/wp-json\/wp\/v2\/users\/466"}],"replies":[{"embeddable":true,"href":"https:\/\/wp.ufpel.edu.br\/matematicanoturno\/wp-json\/wp\/v2\/comments?post=383"}],"version-history":[{"count":1,"href":"https:\/\/wp.ufpel.edu.br\/matematicanoturno\/wp-json\/wp\/v2\/pages\/383\/revisions"}],"predecessor-version":[{"id":384,"href":"https:\/\/wp.ufpel.edu.br\/matematicanoturno\/wp-json\/wp\/v2\/pages\/383\/revisions\/384"}],"up":[{"embeddable":true,"href":"https:\/\/wp.ufpel.edu.br\/matematicanoturno\/wp-json\/wp\/v2\/pages\/363"}],"wp:attachment":[{"href":"https:\/\/wp.ufpel.edu.br\/matematicanoturno\/wp-json\/wp\/v2\/media?parent=383"}],"curies":[{"name":"wp","href":"https:\/\/api.w.org\/{rel}","templated":true}]}}