{"id":375,"date":"2015-03-09T18:57:26","date_gmt":"2015-03-09T21:57:26","guid":{"rendered":"https:\/\/wp.ufpel.edu.br\/matematicanoturno\/?page_id=375"},"modified":"2015-03-09T18:57:26","modified_gmt":"2015-03-09T21:57:26","slug":"termodinamica","status":"publish","type":"page","link":"https:\/\/wp.ufpel.edu.br\/matematicanoturno\/disciplinas-optativas\/termodinamica\/","title":{"rendered":"Termodin\u00e2mica"},"content":{"rendered":"<h4>Termodin\u00e2mica<\/h4>\n<table>\n<tbody>\n<tr>\n<td width=\"92\">Curso<\/td>\n<td width=\"537\">Licenciatura em Matem\u00e1tica<\/td>\n<\/tr>\n<tr>\n<td width=\"92\">Disciplina<\/td>\n<td width=\"537\">Termodin\u00e2mica<\/td>\n<\/tr>\n<tr>\n<td width=\"92\">Car\u00e1ter<\/td>\n<td width=\"537\">Optativa<\/td>\n<\/tr>\n<tr>\n<td width=\"92\">Pr\u00e9-requisito<\/td>\n<td width=\"537\">F\u00edsica B\u00e1sica III (0090115)e C\u00e1lculo III (0100018)<\/td>\n<\/tr>\n<tr>\n<td width=\"92\">C\u00f3digo<\/td>\n<td width=\"537\">0090118<\/td>\n<\/tr>\n<tr>\n<td width=\"92\">Depto.<\/td>\n<td width=\"537\">F\u00edsica<\/td>\n<\/tr>\n<tr>\n<td width=\"92\">CHT<\/td>\n<td width=\"537\">68 h<\/td>\n<\/tr>\n<tr>\n<td width=\"92\">Cr\u00e9ditos<\/td>\n<td width=\"537\">04(quatro)<\/td>\n<\/tr>\n<tr>\n<td width=\"92\">Natureza<\/td>\n<td width=\"537\">04 aulas te\u00f3ricas<\/td>\n<\/tr>\n<tr>\n<td width=\"92\">Prof. Resp.<\/td>\n<td width=\"537\"><\/td>\n<\/tr>\n<tr>\n<td width=\"92\">Objetivos<\/td>\n<td width=\"537\">\n<p>GERAIS: Proporcionar aos alunos conhecimentos b\u00e1sicos de termodin\u00e2mica, atrav\u00e9s de um tratamento rigoroso, formando a base para estudos nos campos das Ci\u00eancias Exatas e Aplicadas.<\/p>\n<p>ESPEC\u00cdFICOS: Dar o embasamento para o prosseguimento de estudos posteriores em F\u00edsica.<\/td>\n<\/tr>\n<tr>\n<td width=\"92\">Ementa<\/td>\n<td width=\"537\">Conceitos B\u00e1sicos da Termodin\u00e2mica; A Primeira Lei da Termodin\u00e2mica; A Segunda Lei da Termodin\u00e2mica e Entropia; Potenciais Termodin\u00e2micos, Rela\u00e7\u00f5es de Maxwell e Rela\u00e7\u00f5es Termodin\u00e2micas Gerais; Mudan\u00e7as de Estado F\u00edsico; Introdu\u00e7\u00e3o \u00e0 Termodin\u00e2mica na Linguagem das Vari\u00e1veis Extensivas; No\u00e7\u00f5es de Termodin\u00e2mica Estat\u00edstica.<\/td>\n<\/tr>\n<tr>\n<td width=\"92\">Programa<\/td>\n<td width=\"537\">\n<p>CONCEITOS B\u00c1SICOS DA TERMODIN\u00c2MICA<\/p>\n<p>Equil\u00edbrio Termodin\u00e2mico<\/p>\n<p>Vari\u00e1veis de Equil\u00edbrio: Vari\u00e1veis Intensivas e Extensivas<\/p>\n<p>Processos Termodin\u00e2micos<\/p>\n<p>Energia Interna, Trabalho e Calor<\/p>\n<p>Modelo de G\u00e1s Ideal e sua Aplica\u00e7\u00e3o ao Ar Seco e \u00damido. No\u00e7\u00e3o de Temperatura Virtual. Introdu\u00e7\u00e3o ao Uso de C\u00e1lculo em V\u00e1rias Vari\u00e1veis \u00e0 Termodin\u00e2mica.<\/p>\n<p>Elementos de Teoria Cin\u00e9tica dos Gases. Teorema da Equiparti\u00e7\u00e3o e Distribui\u00e7\u00e3o das Velocidades Moleculares. Caminho Livre M\u00e9dio.<\/p>\n<p>Processos Quasest\u00e1ticos e Revers\u00edveis. Trabalho em Transforma\u00e7\u00f5es Quasest\u00e1ticas em Fluidos.<\/p>\n<p>&nbsp;<\/p>\n<p>A PRIMEIRA LEI DA TERMODIN\u00c2MICA<\/p>\n<p>Experi\u00eancia de Joule<\/p>\n<p>A Primeira Lei da Termodin\u00e2mica e Aplica\u00e7\u00f5es<\/p>\n<p>Calores Espec\u00edficos, Entalpia<\/p>\n<p>Processos Adiab\u00e1ticos. No\u00e7\u00e3o de Temperatura Potencial<\/p>\n<p>&nbsp;<\/p>\n<p>A SEGUNDA LEI DA TERMODIN\u00c2MICA E ENTROPIA<\/p>\n<p>Entropia e seu Significado Microsc\u00f3pico<\/p>\n<p>Maximiza\u00e7\u00e3o da Entropia de um Universo e Equil\u00edbrio Termodin\u00e2mico. Exemplos.<\/p>\n<p>M\u00e1quinas T\u00e9rmicas<\/p>\n<p>Ciclo de Carnot. Teorema de Carnot<\/p>\n<p>Enunciados de Kelvin e Clausius<\/p>\n<p>Escala Termodin\u00e2mica de Temperaturas<\/p>\n<p>Desigualdade de Clausius<\/p>\n<p>&nbsp;<\/p>\n<p>POTENCIAIS TERMODIN\u00c2MICOS, RELA\u00c7\u00d5ES DE MAXWELL E RELA\u00c7\u00d5ES TERMODIN\u00c2MICAS GERAIS<\/p>\n<p>Fun\u00e7\u00f5es de Gibbs, Helmholtz, Entalpia e Potencial Qu\u00edmico<\/p>\n<p>Interpreta\u00e7\u00e3o F\u00edsica das Fun\u00e7\u00f5es Termodin\u00e2micas e de suas Varia\u00e7\u00f5es<\/p>\n<p>Rela\u00e7\u00f5es de Maxwell<\/p>\n<p>Rela\u00e7\u00f5es Termodin\u00e2micas Gerais<\/p>\n<p>&nbsp;<\/p>\n<p>MUDAN\u00c7AS DE ESTADO F\u00cdSICO<\/p>\n<p>Caracteriza\u00e7\u00e3o dos Estados F\u00edsicos<\/p>\n<p>Diagramas de Fase e Leis das Mudan\u00e7as de Fase<\/p>\n<p>Transi\u00e7\u00f5es de Fase sem Calor Latente<\/p>\n<p>Equa\u00e7\u00e3o de Clausius-Clapeyron<\/p>\n<p>&nbsp;<\/p>\n<p>INTRODU\u00c7\u00c3O \u00c0 TERMODIN\u00c2MICA NA LINGUAGEM DAS VARI\u00c1VEIS EXTENSIVAS<\/p>\n<p>&#8211; Fun\u00e7\u00e3o U (S, V, N) e Postulados sobre seu Comportamento<\/p>\n<p>&#8211; Rela\u00e7\u00f5es de Euler e Conseq\u00fc\u00eancias da Extensividade de U (S, V, N)<\/p>\n<p>&#8211; Potenciais Termodin\u00e2micos como Transforma\u00e7\u00f5es de Legendre<\/p>\n<p>&nbsp;<\/p>\n<p>NO\u00c7\u00d5ES DE TERMODIN\u00c2MICA ESTAT\u00cdSTICA<\/p>\n<p>&#8211; Probabilidade Termodin\u00e2mica e Entropia, No\u00e7\u00e3o de Fun\u00e7\u00f5es de Parti\u00e7\u00e3o<\/p>\n<p>&#8211; Aplica\u00e7\u00f5es Simples<\/p>\n<p>&nbsp;<\/td>\n<\/tr>\n<tr>\n<td width=\"92\">Bibliografia<\/td>\n<td width=\"537\">\n<p>B\u00e1sica<\/p>\n<p>FINN, C.B.P. Thermal Physics. London: Chapman and Hall, 1993.<\/p>\n<p>ZEMANSKY, Mark W. Calor e Termodin\u00e2mica. Rio de Janeiro: Editora Guanabara Dois, 1978.<\/p>\n<p>FERMI, E. Thermodynamics. New York: Dover, 1936.<\/p>\n<p>&nbsp;<\/p>\n<p>Complementar<\/p>\n<p>CALLEN, Herbert B. Thermodynamics and na Introduction to Thermostatistics, Second Edition. New York: John Wiley &amp; Sons, 1985.<\/p>\n<p>SALINAS, S.R.A. Introdu\u00e7\u00e3o \u00e0 F\u00edsica Estat\u00edstica. S\u00e3o Paulo: Edusp, 1997.<\/p>\n<p>WALLACE, J. M., HOBBS, P.V., Atmospheric Science, An Introductory Survey. Academic Press, San Diego, 1977.<\/td>\n<\/tr>\n<\/tbody>\n<\/table>\n<p><\/p>\n","protected":false},"excerpt":{"rendered":"<p>Termodin\u00e2mica Curso Licenciatura em Matem\u00e1tica Disciplina Termodin\u00e2mica Car\u00e1ter Optativa Pr\u00e9-requisito F\u00edsica B\u00e1sica III (0090115)e C\u00e1lculo III (0100018) C\u00f3digo 0090118 Depto. F\u00edsica CHT 68 h Cr\u00e9ditos 04(quatro) Natureza 04 aulas te\u00f3ricas Prof. Resp. Objetivos GERAIS: Proporcionar aos alunos conhecimentos b\u00e1sicos de termodin\u00e2mica, atrav\u00e9s de um tratamento rigoroso, formando a base para estudos nos campos das Ci\u00eancias [&hellip;]<\/p>\n","protected":false},"author":466,"featured_media":0,"parent":363,"menu_order":0,"comment_status":"closed","ping_status":"closed","template":"page-sem-sidebar.php","meta":{"jetpack_post_was_ever_published":false,"footnotes":""},"class_list":["post-375","page","type-page","status-publish","hentry"],"jetpack_sharing_enabled":true,"jetpack_shortlink":"https:\/\/wp.me\/P7sk8J-63","_links":{"self":[{"href":"https:\/\/wp.ufpel.edu.br\/matematicanoturno\/wp-json\/wp\/v2\/pages\/375","targetHints":{"allow":["GET"]}}],"collection":[{"href":"https:\/\/wp.ufpel.edu.br\/matematicanoturno\/wp-json\/wp\/v2\/pages"}],"about":[{"href":"https:\/\/wp.ufpel.edu.br\/matematicanoturno\/wp-json\/wp\/v2\/types\/page"}],"author":[{"embeddable":true,"href":"https:\/\/wp.ufpel.edu.br\/matematicanoturno\/wp-json\/wp\/v2\/users\/466"}],"replies":[{"embeddable":true,"href":"https:\/\/wp.ufpel.edu.br\/matematicanoturno\/wp-json\/wp\/v2\/comments?post=375"}],"version-history":[{"count":1,"href":"https:\/\/wp.ufpel.edu.br\/matematicanoturno\/wp-json\/wp\/v2\/pages\/375\/revisions"}],"predecessor-version":[{"id":376,"href":"https:\/\/wp.ufpel.edu.br\/matematicanoturno\/wp-json\/wp\/v2\/pages\/375\/revisions\/376"}],"up":[{"embeddable":true,"href":"https:\/\/wp.ufpel.edu.br\/matematicanoturno\/wp-json\/wp\/v2\/pages\/363"}],"wp:attachment":[{"href":"https:\/\/wp.ufpel.edu.br\/matematicanoturno\/wp-json\/wp\/v2\/media?parent=375"}],"curies":[{"name":"wp","href":"https:\/\/api.w.org\/{rel}","templated":true}]}}