{"id":369,"date":"2015-03-09T18:51:17","date_gmt":"2015-03-09T21:51:17","guid":{"rendered":"https:\/\/wp.ufpel.edu.br\/matematicanoturno\/?page_id=369"},"modified":"2015-03-09T18:51:49","modified_gmt":"2015-03-09T21:51:49","slug":"fisica-basica-iv","status":"publish","type":"page","link":"https:\/\/wp.ufpel.edu.br\/matematicanoturno\/disciplinas-optativas\/fisica-basica-iv\/","title":{"rendered":"F\u00edsica B\u00e1sica IV"},"content":{"rendered":"<h4>F\u00edsica B\u00e1sica IV<\/h4>\n<table>\n<tbody>\n<tr>\n<td width=\"101\">Curso<\/td>\n<td width=\"536\">3800<\/td>\n<\/tr>\n<tr>\n<td width=\"101\">Disciplina<\/td>\n<td width=\"536\">F\u00edsica B\u00e1sica IV<\/td>\n<\/tr>\n<tr>\n<td width=\"101\">Car\u00e1ter<\/td>\n<td width=\"536\">Optativa<\/td>\n<\/tr>\n<tr>\n<td width=\"101\">Pr\u00e9-requisito<\/td>\n<td width=\"536\">F\u00edsica B\u00e1sica III<\/td>\n<\/tr>\n<tr>\n<td width=\"101\">C\u00f3digo<\/td>\n<td width=\"536\">0090116<\/td>\n<\/tr>\n<tr>\n<td width=\"101\">Depto.<\/td>\n<td width=\"536\">F\u00edsica<\/td>\n<\/tr>\n<tr>\n<td width=\"101\">CHT<\/td>\n<td width=\"536\">68 horas\/aulas<\/td>\n<\/tr>\n<tr>\n<td width=\"101\">Cr\u00e9ditos<\/td>\n<td width=\"536\">04 cr\u00e9ditos<\/td>\n<\/tr>\n<tr>\n<td width=\"101\">Natureza<\/td>\n<td width=\"536\">68 te\u00f3ricas<\/td>\n<\/tr>\n<tr>\n<td width=\"101\">Prof. Resp.<\/td>\n<td width=\"536\"><\/td>\n<\/tr>\n<tr>\n<td width=\"101\">Objetivos<\/td>\n<td width=\"536\">A disciplina de F\u00edsica B\u00e1sica IV faz parte do conjunto de disciplinas de F\u00edsica que visam fornecer ao aluno conhecimentos de Eletromagnetismo e \u00d3ptica que lhe permitam acompanhar, em seus cursos, disciplinas que tenham esses conte\u00fados em sua base.<\/td>\n<\/tr>\n<tr>\n<td width=\"101\">Ementa<\/td>\n<td width=\"536\">Equa\u00e7\u00f5es de Maxwell. Ondas Eletromagn\u00e9ticas e Natureza da Luz. Reflex\u00e3o e Refra\u00e7\u00e3o. Interfer\u00eancia e Difra\u00e7\u00e3o.<\/td>\n<\/tr>\n<tr>\n<td width=\"101\">Programa<\/td>\n<td width=\"536\">\n<p>EQUA\u00c7\u00d5ES DE MAXWELL<\/p>\n<p>&#8211; Campos Magn\u00e9ticos Induzidos<\/p>\n<p>&#8211; Corrente de Deslocamento<\/p>\n<p>&#8211; Equa\u00e7\u00f5es de Maxwell<\/p>\n<p>ONDAS ELETROMAGN\u00c9TICAS E NATUREZA DA LUZ<\/p>\n<p>-Radia\u00e7\u00e3o Eletromagn\u00e9tica e Propriedades das Ondas Eletromagn\u00e9ticaas. Espectro -Eletromagn\u00e9tico<\/p>\n<p>-Vetor de Poynting<\/p>\n<p>&#8211; Efeito Doppler<\/p>\n<p>REFLEX\u00c3O E REFRA\u00c7\u00c3O<\/p>\n<p>&#8211; Princ\u00edpios de Fermat e Huygens<\/p>\n<p>&#8211; Leis Fundamentais da Refra\u00e7\u00e3o e Reflex\u00e3o da Luz e Aplica\u00e7\u00f5es \u00e0 \u00d3ptica Geom\u00e9trica<\/p>\n<p>&#8211; Polariza\u00e7\u00e3o<\/p>\n<p>INTERFER\u00caNCIA E DIFRA\u00c7\u00c3O<\/p>\n<p>&#8211; Coer\u00eancia da Luz<\/p>\n<p>&#8211; Interfer\u00eancia<\/p>\n<p>&#8211; No\u00e7\u00e3o de Difra\u00e7\u00e3o de Fraunhofer. Redes de Difra\u00e7\u00e3o<\/p>\n<p>&nbsp;<\/td>\n<\/tr>\n<tr>\n<td width=\"101\">Bibliografia<\/td>\n<td width=\"536\">\n<p>B\u00e1sica<\/p>\n<p>HALLIDAY, D.; RESNICK, R.; WALKER, J. Fundamentos de F\u00edsica 4. Rio de Janeiro: LTC, 1996.<\/p>\n<p>RESNICK, Robert e HALLIDAY, David. F\u00edsica, Volume IV, 2\u00aa Edi\u00e7\u00e3o. Rio de Janeiro: Livros T\u00e9cnicos e Cient\u00edficos Editora S\/A, 1973.<\/p>\n<p>EISBERG, Robert M. F\u00edsica, Volumes IV: Fundamentos e Aplica\u00e7\u00f5es. S\u00e3o Paulo: McGraw-Hill do Brasil, 1982.<\/p>\n<p>&nbsp;<\/p>\n<p>Complementar<\/p>\n<p>ALONSO, Marcelo. F\u00edsica: Um Curso Universit\u00e1rio, Volume III. S\u00e3o Paulo: Edgard Blucher Ltda, 1972.<\/p>\n<p>NUSSENZVEIG, Herch Mois\u00e9s. Curso de F\u00edsica B\u00e1sica, Volume 4. S\u00e3o Paulo: Edgard Blucher Ltda, 1997.<\/td>\n<\/tr>\n<\/tbody>\n<\/table>\n<p>&nbsp;<\/p>\n","protected":false},"excerpt":{"rendered":"<p>F\u00edsica B\u00e1sica IV Curso 3800 Disciplina F\u00edsica B\u00e1sica IV Car\u00e1ter Optativa Pr\u00e9-requisito F\u00edsica B\u00e1sica III C\u00f3digo 0090116 Depto. F\u00edsica CHT 68 horas\/aulas Cr\u00e9ditos 04 cr\u00e9ditos Natureza 68 te\u00f3ricas Prof. Resp. Objetivos A disciplina de F\u00edsica B\u00e1sica IV faz parte do conjunto de disciplinas de F\u00edsica que visam fornecer ao aluno conhecimentos de Eletromagnetismo e \u00d3ptica [&hellip;]<\/p>\n","protected":false},"author":466,"featured_media":0,"parent":363,"menu_order":0,"comment_status":"closed","ping_status":"closed","template":"page-sem-sidebar.php","meta":{"jetpack_post_was_ever_published":false,"footnotes":""},"class_list":["post-369","page","type-page","status-publish","hentry"],"jetpack_sharing_enabled":true,"jetpack_shortlink":"https:\/\/wp.me\/P7sk8J-5X","_links":{"self":[{"href":"https:\/\/wp.ufpel.edu.br\/matematicanoturno\/wp-json\/wp\/v2\/pages\/369","targetHints":{"allow":["GET"]}}],"collection":[{"href":"https:\/\/wp.ufpel.edu.br\/matematicanoturno\/wp-json\/wp\/v2\/pages"}],"about":[{"href":"https:\/\/wp.ufpel.edu.br\/matematicanoturno\/wp-json\/wp\/v2\/types\/page"}],"author":[{"embeddable":true,"href":"https:\/\/wp.ufpel.edu.br\/matematicanoturno\/wp-json\/wp\/v2\/users\/466"}],"replies":[{"embeddable":true,"href":"https:\/\/wp.ufpel.edu.br\/matematicanoturno\/wp-json\/wp\/v2\/comments?post=369"}],"version-history":[{"count":2,"href":"https:\/\/wp.ufpel.edu.br\/matematicanoturno\/wp-json\/wp\/v2\/pages\/369\/revisions"}],"predecessor-version":[{"id":371,"href":"https:\/\/wp.ufpel.edu.br\/matematicanoturno\/wp-json\/wp\/v2\/pages\/369\/revisions\/371"}],"up":[{"embeddable":true,"href":"https:\/\/wp.ufpel.edu.br\/matematicanoturno\/wp-json\/wp\/v2\/pages\/363"}],"wp:attachment":[{"href":"https:\/\/wp.ufpel.edu.br\/matematicanoturno\/wp-json\/wp\/v2\/media?parent=369"}],"curies":[{"name":"wp","href":"https:\/\/api.w.org\/{rel}","templated":true}]}}