{"id":367,"date":"2015-03-09T18:49:29","date_gmt":"2015-03-09T21:49:29","guid":{"rendered":"https:\/\/wp.ufpel.edu.br\/matematicanoturno\/?page_id=367"},"modified":"2015-03-09T18:52:16","modified_gmt":"2015-03-09T21:52:16","slug":"profissao-docente","status":"publish","type":"page","link":"https:\/\/wp.ufpel.edu.br\/matematicanoturno\/disciplinas-optativas\/profissao-docente\/","title":{"rendered":"Profiss\u00e3o Docente"},"content":{"rendered":"<h4>Profiss\u00e3o Docente<\/h4>\n<table>\n<tbody>\n<tr>\n<td width=\"101\">Curso<\/td>\n<td width=\"536\">Licenciatura em Matem\u00e1tica<\/td>\n<\/tr>\n<tr>\n<td width=\"101\">Disciplina<\/td>\n<td width=\"536\">Profiss\u00e3o docente<\/td>\n<\/tr>\n<tr>\n<td width=\"101\">Car\u00e1ter<\/td>\n<td width=\"536\">Optativa<\/td>\n<\/tr>\n<tr>\n<td width=\"101\">Pr\u00e9-requisito<\/td>\n<td width=\"536\">&#8211;<\/td>\n<\/tr>\n<tr>\n<td width=\"101\">C\u00f3digo<\/td>\n<td width=\"536\">0350215<\/td>\n<\/tr>\n<tr>\n<td width=\"101\">Depto.<\/td>\n<td width=\"536\">Departamento de Ensino\/FaE<\/td>\n<\/tr>\n<tr>\n<td width=\"101\">CHT<\/td>\n<td width=\"536\">68 horas semestrais<\/td>\n<\/tr>\n<tr>\n<td width=\"101\">Cr\u00e9ditos<\/td>\n<td width=\"536\">4<\/td>\n<\/tr>\n<tr>\n<td width=\"101\">Natureza<\/td>\n<td width=\"536\">68 horas te\u00f3ricas<\/td>\n<\/tr>\n<tr>\n<td width=\"101\">Prof. Resp.<\/td>\n<td width=\"536\"><\/td>\n<\/tr>\n<tr>\n<td width=\"101\">Objetivos<\/td>\n<td width=\"536\">Discutir quest\u00f5es relativas a historia da profiss\u00e3o docente; analisar aspectos da identidade docente: refletir sobre a quest\u00e3o: como nos tornamos professores\/as?; caracterizar os processos de forma\u00e7\u00e3o docente, os saberes e as compet\u00eancias necess\u00e1rias ao exerc\u00edcio da doc\u00eancia e que s\u00e3o norteadores da pratica pedag\u00f3gica: discutir as representa\u00e7\u00f5es sociais e as imagens e auto-imagens da\/na profiss\u00e3o docente; compreender os ciclos de vida profissional; analisar alguns problemas pr\u00f3prios do trabalho e da a\u00e7\u00e3o docentes.<\/td>\n<\/tr>\n<tr>\n<td width=\"101\">Ementa<\/td>\n<td width=\"536\">Discutir quest\u00f5es relativas \u00e0 hist\u00f3ria da profiss\u00e3o docente; analisar aspectos da identidade docente; refletir sobre a quest\u00e3o: como nos tornamos professores\/as?; caracterizar os processos de forma\u00e7\u00e3o docente, os saberes e as compet\u00eancias necess\u00e1rias ao exerc\u00edcio da doc\u00eancia e que s\u00e3o norteadores da pr\u00e1tica pedag\u00f3gica; discutir as representa\u00e7\u00f5es sociais e as imagens e auto-imagens da\/na profiss\u00e3o docente; compreender os ciclos de vida profissional; analisar alguns problemas pr\u00f3prios do trabalho e da a\u00e7\u00e3o docentes.<\/td>\n<\/tr>\n<tr>\n<td width=\"101\">Programa<\/td>\n<td width=\"536\">\n<p>Historia da Profiss\u00e3o Docente<\/p>\n<p>Identidade Docente<\/p>\n<p>Ciclos da carreira docente<\/p>\n<p>Saberes necess\u00e1rios a pratica educativa<\/td>\n<\/tr>\n<tr>\n<td width=\"101\">Bibliografia<\/td>\n<td width=\"536\">\n<p>B\u00e1sica<\/p>\n<p>FREIRE, Paulo. Pedagogia da Autonomia. Saberes necess\u00e1rios a pratica educativa. S\u00e3o Paulo: Paz e Terra, 1997.<\/p>\n<p>NOVOA, Antonio. Diz-me como ensinas, dir-te-ei quem \u00e9s e vice-versa. In: FAZENDA, Ivani. A pesquisa em educa\u00e7\u00e3o e as transforma\u00e7\u00f5es do conhecimento. 2&#8242; ed. Campinas, SP: Papirus, 1997.<\/p>\n<p>LUDKE, Menga. Forma\u00e7\u00e3o Inicial e constru\u00e7\u00e3o da identidade profissional de professores de 1\u00b0 grau. In: CANDAU, Vera (org.) Magist\u00e9rio: constru\u00e7\u00e3o cotidiana. Petr\u00f3polis, RJ: Vozes, 1997.<\/p>\n<p>&nbsp;<\/p>\n<p>Complementar<\/p>\n<p>HUBERMAN, Michael. 0 ciclo de vida profissional dos professores. In Vidas dede professores. 2&#8242; ed. Porto: Porto Editora, 1995.<\/p>\n<p>SCHON, Donald. Formar professores como profissionais reflexivos. In: N\u00f3voa, Antonio (org.). Os professores e a sua forma\u00e7\u00e3o. Lisboa. D. Quixote, 1995.<\/p>\n<p>TARDIFF, Maurice; LESSARD, Claude; LAHAYE, Louise. Os professores face ao saber: esbo\u00e7o de urna problem\u00e1tica do saber docente. Teoria c\/a Educa\u00e7\u00e3o. Porto Alegre, n\u00b0 04, 1991.<\/p>\n<p>ARROYO, Miguel G. Oficio de Mestre. Imagens e Auto-imagens. 3o ed. Petr\u00f3polis: Vozes, 2001.<\/p>\n<p>TEIXEIRA, In\u00eas Castro. Os professores como sujeitos s\u00f3cio-culturais. In: DAYRELL, Juarez. M\u00faltiplos olhares sabre educa\u00e7\u00e3o e cultura. Ed. da UFMG, 1996.<\/td>\n<\/tr>\n<\/tbody>\n<\/table>\n<p>&nbsp;<\/p>\n","protected":false},"excerpt":{"rendered":"<p>Profiss\u00e3o Docente Curso Licenciatura em Matem\u00e1tica Disciplina Profiss\u00e3o docente Car\u00e1ter Optativa Pr\u00e9-requisito &#8211; C\u00f3digo 0350215 Depto. Departamento de Ensino\/FaE CHT 68 horas semestrais Cr\u00e9ditos 4 Natureza 68 horas te\u00f3ricas Prof. Resp. Objetivos Discutir quest\u00f5es relativas a historia da profiss\u00e3o docente; analisar aspectos da identidade docente: refletir sobre a quest\u00e3o: como nos tornamos professores\/as?; caracterizar os [&hellip;]<\/p>\n","protected":false},"author":466,"featured_media":0,"parent":363,"menu_order":0,"comment_status":"closed","ping_status":"closed","template":"page-sem-sidebar.php","meta":{"jetpack_post_was_ever_published":false,"footnotes":""},"class_list":["post-367","page","type-page","status-publish","hentry"],"jetpack_sharing_enabled":true,"jetpack_shortlink":"https:\/\/wp.me\/P7sk8J-5V","_links":{"self":[{"href":"https:\/\/wp.ufpel.edu.br\/matematicanoturno\/wp-json\/wp\/v2\/pages\/367","targetHints":{"allow":["GET"]}}],"collection":[{"href":"https:\/\/wp.ufpel.edu.br\/matematicanoturno\/wp-json\/wp\/v2\/pages"}],"about":[{"href":"https:\/\/wp.ufpel.edu.br\/matematicanoturno\/wp-json\/wp\/v2\/types\/page"}],"author":[{"embeddable":true,"href":"https:\/\/wp.ufpel.edu.br\/matematicanoturno\/wp-json\/wp\/v2\/users\/466"}],"replies":[{"embeddable":true,"href":"https:\/\/wp.ufpel.edu.br\/matematicanoturno\/wp-json\/wp\/v2\/comments?post=367"}],"version-history":[{"count":2,"href":"https:\/\/wp.ufpel.edu.br\/matematicanoturno\/wp-json\/wp\/v2\/pages\/367\/revisions"}],"predecessor-version":[{"id":372,"href":"https:\/\/wp.ufpel.edu.br\/matematicanoturno\/wp-json\/wp\/v2\/pages\/367\/revisions\/372"}],"up":[{"embeddable":true,"href":"https:\/\/wp.ufpel.edu.br\/matematicanoturno\/wp-json\/wp\/v2\/pages\/363"}],"wp:attachment":[{"href":"https:\/\/wp.ufpel.edu.br\/matematicanoturno\/wp-json\/wp\/v2\/media?parent=367"}],"curies":[{"name":"wp","href":"https:\/\/api.w.org\/{rel}","templated":true}]}}