{"id":34,"date":"2014-11-19T18:50:03","date_gmt":"2014-11-19T20:50:03","guid":{"rendered":"https:\/\/wp.ufpel.edu.br\/matematicanoturno\/?page_id=34"},"modified":"2019-10-15T22:57:57","modified_gmt":"2019-10-16T01:57:57","slug":"historico","status":"publish","type":"page","link":"https:\/\/wp.ufpel.edu.br\/matematicanoturno\/historico\/","title":{"rendered":"Hist\u00f3rico"},"content":{"rendered":"<p>Em junho de 2008, os professores da \u00e1rea de Matem\u00e1tica do Departamento de Matem\u00e1tica e Estat\u00edstica (DME) da UFPel receberam a proposta de amplia\u00e7\u00e3o do curso tendo em vista o Programa de Apoio a Planos de Reestrutura\u00e7\u00e3o e Expans\u00e3o das Universidades Federais (REUNI). Foi decidido em reuni\u00e3o de Departamento a implanta\u00e7\u00e3o da modalidade noturna para o curso de Licenciatura em Matem\u00e1tica, visando atender uma demanda de alunos que desejavam fazer tal curso e encontravam dificuldades de hor\u00e1rio, uma vez que trabalhavam. Assim o CLMN foi implementado em 2008, com a finalidade de atender a demanda de alunos trabalhadores de Pelotas e regi\u00e3o. Com o advento do ingresso via Sistema de Sele\u00e7\u00e3o Unificada (SISU), o curso tem recebido tamb\u00e9m estudantes de outras regi\u00f5es do pa\u00eds.<br \/>\nAs concep\u00e7\u00f5es b\u00e1sicas de ensino que nortearam a cria\u00e7\u00e3o do Curso de Licenciatura em Matem\u00e1tica Noturno foram as que indicavam alguns aspectos importantes na forma\u00e7\u00e3o de um profissional que deve estar preparado para trabalhar numa sociedade em constantes mudan\u00e7as.<\/p>\n","protected":false},"excerpt":{"rendered":"<p>Em junho de 2008, os professores da \u00e1rea de Matem\u00e1tica do Departamento de Matem\u00e1tica e Estat\u00edstica (DME) da UFPel receberam a proposta de amplia\u00e7\u00e3o do curso tendo em vista o Programa de Apoio a Planos de Reestrutura\u00e7\u00e3o e Expans\u00e3o das Universidades Federais (REUNI). Foi decidido em reuni\u00e3o de Departamento a implanta\u00e7\u00e3o da modalidade noturna para [&hellip;]<\/p>\n","protected":false},"author":466,"featured_media":0,"parent":0,"menu_order":1,"comment_status":"closed","ping_status":"closed","template":"","meta":{"jetpack_post_was_ever_published":false,"footnotes":""},"class_list":["post-34","page","type-page","status-publish","hentry"],"jetpack_sharing_enabled":true,"jetpack_shortlink":"https:\/\/wp.me\/P7sk8J-y","_links":{"self":[{"href":"https:\/\/wp.ufpel.edu.br\/matematicanoturno\/wp-json\/wp\/v2\/pages\/34","targetHints":{"allow":["GET"]}}],"collection":[{"href":"https:\/\/wp.ufpel.edu.br\/matematicanoturno\/wp-json\/wp\/v2\/pages"}],"about":[{"href":"https:\/\/wp.ufpel.edu.br\/matematicanoturno\/wp-json\/wp\/v2\/types\/page"}],"author":[{"embeddable":true,"href":"https:\/\/wp.ufpel.edu.br\/matematicanoturno\/wp-json\/wp\/v2\/users\/466"}],"replies":[{"embeddable":true,"href":"https:\/\/wp.ufpel.edu.br\/matematicanoturno\/wp-json\/wp\/v2\/comments?post=34"}],"version-history":[{"count":8,"href":"https:\/\/wp.ufpel.edu.br\/matematicanoturno\/wp-json\/wp\/v2\/pages\/34\/revisions"}],"predecessor-version":[{"id":1598,"href":"https:\/\/wp.ufpel.edu.br\/matematicanoturno\/wp-json\/wp\/v2\/pages\/34\/revisions\/1598"}],"wp:attachment":[{"href":"https:\/\/wp.ufpel.edu.br\/matematicanoturno\/wp-json\/wp\/v2\/media?parent=34"}],"curies":[{"name":"wp","href":"https:\/\/api.w.org\/{rel}","templated":true}]}}