{"id":272,"date":"2014-12-02T16:59:42","date_gmt":"2014-12-02T18:59:42","guid":{"rendered":"https:\/\/wp.ufpel.edu.br\/matematicanoturno\/?page_id=272"},"modified":"2014-12-02T16:59:42","modified_gmt":"2014-12-02T18:59:42","slug":"estagio-de-matematica-ii","status":"publish","type":"page","link":"https:\/\/wp.ufpel.edu.br\/matematicanoturno\/grade-curricular-2\/estagio-de-matematica-ii\/","title":{"rendered":"Est\u00e1gio de Matem\u00e1tica II"},"content":{"rendered":"<h4>Est\u00e1gio de Matem\u00e1tica II<\/h4>\n<table>\n<tbody>\n<tr>\n<td width=\"101\">Curso\/semestre<\/td>\n<td width=\"536\">Licenciatura em Matem\u00e1tica \/ D\u00e9cimo<\/td>\n<\/tr>\n<tr>\n<td width=\"101\">Disciplina<\/td>\n<td width=\"536\">Est\u00e1gio de Matem\u00e1tica II<\/td>\n<\/tr>\n<tr>\n<td width=\"101\">Car\u00e1ter<\/td>\n<td width=\"536\">EO<\/td>\n<\/tr>\n<tr>\n<td width=\"101\">Pr\u00e9-requisito<\/td>\n<td width=\"536\">Teoria e Pratica Pedag\u00f3gica (0350011) e Trabalho de Campo II (0100262)<\/td>\n<\/tr>\n<tr>\n<td width=\"101\">C\u00f3digo<\/td>\n<td width=\"536\">0350214<\/td>\n<\/tr>\n<tr>\n<td width=\"101\">Depto.<\/td>\n<td width=\"536\">\n<p>Departamento de Ensino<\/p>\n<p>(Compartilhado com o DME)<\/td>\n<\/tr>\n<tr>\n<td width=\"101\">CHT<\/td>\n<td width=\"536\">136 horas\/aulas<\/td>\n<\/tr>\n<tr>\n<td width=\"101\">Cr\u00e9ditos<\/td>\n<td width=\"536\">08<\/td>\n<\/tr>\n<tr>\n<td width=\"101\">Natureza<\/td>\n<td width=\"536\">136 Pr\u00e1tica<\/td>\n<\/tr>\n<tr>\n<td width=\"101\">Prof. Resp.<\/td>\n<td width=\"536\"><\/td>\n<\/tr>\n<tr>\n<td width=\"101\">Objetivos<\/td>\n<td width=\"536\">\n<p>Promover a evolu\u00e7\u00e3o das id\u00e9ias relativas aos conhecimentos da matem\u00e1tica que devem ser desenvolvidos na escola, a partir da reflex\u00e3o das pr\u00e1ticas de sala de aula, das atitudes necess\u00e1rias ao futuro professor para o desenvolvimento de um trabalho docente na dire\u00e7\u00e3o de um ensino de matem\u00e1tica de modo contextualizado.<\/p>\n<p>Analisar a\u00e7\u00f5es docentes poss\u00edveis para a sala de aula de matem\u00e1tica que levem em conta a realidade da escola imersa em seus condicionantes estruturais.<\/td>\n<\/tr>\n<tr>\n<td width=\"101\">Ementa<\/td>\n<td width=\"536\">Execu\u00e7\u00e3o do projeto de ensino elaborado na disciplina de Trabalho de Campo II em escola de N\u00edvel M\u00e9dio. Reflex\u00f5es sobre as diferentes concep\u00e7\u00f5es de matem\u00e1tica, presentes nas salas de aula, e sua rela\u00e7\u00e3o com a vida cotidiana. Planejamento e avalia\u00e7\u00e3o do ensino e da aprendizagem no N\u00edvel M\u00e9dio.<\/td>\n<\/tr>\n<tr>\n<td width=\"101\">Programa<\/td>\n<td width=\"536\">\n<p>Projeto de ensino para disciplina de matem\u00e1tica do N\u00edvel M\u00e9dio<\/p>\n<p>Discuss\u00e3o dos projetos elaborados em Trabalho de Campo II<\/p>\n<p>Planejamento da execu\u00e7\u00e3o do projeto<\/p>\n<p>Desenvolvimento do projeto em sala de aula do N\u00edvel M\u00e9dio<\/p>\n<p>Avalia\u00e7\u00e3o do Projeto<\/p>\n<p>Discuss\u00e3o sobre os elementos constituintes dos diferentes processos de aprendizagem desenvolvidos pelos alunos<\/p>\n<p>Discuss\u00e3o e aprofundamento te\u00f3rico sobre os relatos das experi\u00eancias dos estagi\u00e1rios<\/p>\n<p>Constru\u00e7\u00e3o de s\u00edntese dos saberes pedag\u00f3gicos constru\u00eddos durante o semestre.<\/p>\n<p>&nbsp;<\/td>\n<\/tr>\n<tr>\n<td width=\"101\">Bibliografia<\/td>\n<td width=\"536\">\n<p>B\u00e1sica<\/p>\n<p>FREIRE, P. e SCHOR, Ira. Medo e Ousadia, o cotidiano do professor. 5 ed. Rio de Janeiro: Paz e Terra. 1986.<\/p>\n<p>LOPES, Celi e NACARATO, Adair (org). Escrituras e Leituras na educa\u00e7\u00e3o matem\u00e1tica. Belo Horizonte, Aut\u00eantica, 2005.<\/p>\n<p>MACHADO, Silvia Dias et. al. Educa\u00e7\u00e3o Matem\u00e1tica: uma introdu\u00e7\u00e3o. S\u00e3o Paulo, EDUC, 1999.<br \/>\nComplementar<\/p>\n<p>MOREIRA, Pl\u00ednio e DAVID, Maria Manuela. A forma\u00e7\u00e3o matem\u00e1tica do professor, licenciatura e pr\u00e1tica docente escolar. Belo Horizonte, Aut\u00eantica, 2005.<\/p>\n<p>PAIS, Luiz Carlos. Did\u00e1tica da Matem\u00e1tica, uma an\u00e1lise de influ\u00eancia francesa. Belo Horizonte, Aut\u00eantica, 2001.<br \/>\nSANTOS, Boaventura de Sousa. Um discurso sobre as ci\u00eancias. Porto. Editora Porto, 1998.<\/p>\n<p>&nbsp;<\/p>\n<p>&nbsp;<\/td>\n<\/tr>\n<\/tbody>\n<\/table>\n<p><\/p>\n","protected":false},"excerpt":{"rendered":"<p>Est\u00e1gio de Matem\u00e1tica II Curso\/semestre Licenciatura em Matem\u00e1tica \/ D\u00e9cimo Disciplina Est\u00e1gio de Matem\u00e1tica II Car\u00e1ter EO Pr\u00e9-requisito Teoria e Pratica Pedag\u00f3gica (0350011) e Trabalho de Campo II (0100262) C\u00f3digo 0350214 Depto. Departamento de Ensino (Compartilhado com o DME) CHT 136 horas\/aulas Cr\u00e9ditos 08 Natureza 136 Pr\u00e1tica Prof. Resp. Objetivos Promover a evolu\u00e7\u00e3o das id\u00e9ias [&hellip;]<\/p>\n","protected":false},"author":466,"featured_media":0,"parent":166,"menu_order":0,"comment_status":"closed","ping_status":"closed","template":"page-sem-sidebar.php","meta":{"jetpack_post_was_ever_published":false,"footnotes":""},"class_list":["post-272","page","type-page","status-publish","hentry"],"jetpack_sharing_enabled":true,"jetpack_shortlink":"https:\/\/wp.me\/P7sk8J-4o","_links":{"self":[{"href":"https:\/\/wp.ufpel.edu.br\/matematicanoturno\/wp-json\/wp\/v2\/pages\/272","targetHints":{"allow":["GET"]}}],"collection":[{"href":"https:\/\/wp.ufpel.edu.br\/matematicanoturno\/wp-json\/wp\/v2\/pages"}],"about":[{"href":"https:\/\/wp.ufpel.edu.br\/matematicanoturno\/wp-json\/wp\/v2\/types\/page"}],"author":[{"embeddable":true,"href":"https:\/\/wp.ufpel.edu.br\/matematicanoturno\/wp-json\/wp\/v2\/users\/466"}],"replies":[{"embeddable":true,"href":"https:\/\/wp.ufpel.edu.br\/matematicanoturno\/wp-json\/wp\/v2\/comments?post=272"}],"version-history":[{"count":1,"href":"https:\/\/wp.ufpel.edu.br\/matematicanoturno\/wp-json\/wp\/v2\/pages\/272\/revisions"}],"predecessor-version":[{"id":273,"href":"https:\/\/wp.ufpel.edu.br\/matematicanoturno\/wp-json\/wp\/v2\/pages\/272\/revisions\/273"}],"up":[{"embeddable":true,"href":"https:\/\/wp.ufpel.edu.br\/matematicanoturno\/wp-json\/wp\/v2\/pages\/166"}],"wp:attachment":[{"href":"https:\/\/wp.ufpel.edu.br\/matematicanoturno\/wp-json\/wp\/v2\/media?parent=272"}],"curies":[{"name":"wp","href":"https:\/\/api.w.org\/{rel}","templated":true}]}}