{"id":270,"date":"2014-12-02T16:58:59","date_gmt":"2014-12-02T18:58:59","guid":{"rendered":"https:\/\/wp.ufpel.edu.br\/matematicanoturno\/?page_id=270"},"modified":"2017-09-28T18:45:25","modified_gmt":"2017-09-28T21:45:25","slug":"iniciacao-a-pesquisa-no-ensino-da-matematica","status":"publish","type":"page","link":"https:\/\/wp.ufpel.edu.br\/matematicanoturno\/grade-curricular-2\/iniciacao-a-pesquisa-no-ensino-da-matematica\/","title":{"rendered":"Inicia\u00e7\u00e3o a Pesquisa no Ensino da Matem\u00e1tica"},"content":{"rendered":"<h4>Inicia\u00e7\u00e3o a Pesquisa no Ensino de Matem\u00e1tica<\/h4>\n<table>\n<tbody>\n<tr>\n<td width=\"101\">Curso\/semestre<\/td>\n<td width=\"536\">Licenciatura em Matem\u00e1tica \/ D\u00e9cimo<\/td>\n<\/tr>\n<tr>\n<td width=\"101\">Disciplina<\/td>\n<td width=\"536\">Inicia\u00e7\u00e3o a Pesquisa no Ensino de Matem\u00e1tica<\/td>\n<\/tr>\n<tr>\n<td width=\"101\">Car\u00e1ter<\/td>\n<td width=\"536\">ACA \u2013 Obrigat\u00f3rio<\/td>\n<\/tr>\n<tr>\n<td width=\"101\">Pr\u00e9-requisito<\/td>\n<td width=\"536\"><\/td>\n<\/tr>\n<tr>\n<td width=\"101\">C\u00f3digo<\/td>\n<td width=\"536\">100261<\/td>\n<\/tr>\n<tr>\n<td width=\"101\">Depto.<\/td>\n<td width=\"536\">DME<\/td>\n<\/tr>\n<tr>\n<td width=\"101\">CHT<\/td>\n<td width=\"536\">68 horas<\/td>\n<\/tr>\n<tr>\n<td width=\"101\">Cr\u00e9ditos<\/td>\n<td width=\"536\">04<\/td>\n<\/tr>\n<tr>\n<td width=\"101\">Natureza<\/td>\n<td width=\"536\">34 te\u00f3ricas \/ 34 pr\u00e1tica<\/td>\n<\/tr>\n<tr>\n<td width=\"101\">Prof. Resp.<\/td>\n<td width=\"536\"><\/td>\n<\/tr>\n<tr>\n<td width=\"101\">Objetivos<\/td>\n<td width=\"536\">\n<p>Preparar o aluno para seu poss\u00edvel envolvimento em projetos de pesquisa, ensino e extens\u00e3o em matem\u00e1tica.<\/p>\n<p>&nbsp;<\/td>\n<\/tr>\n<tr>\n<td width=\"101\">Ementa<\/td>\n<td width=\"536\">\n<p>An\u00e1lise de artigos sobre pesquisa no ensino de Matem\u00e1tica. An\u00e1lise de disserta\u00e7\u00f5es de mestrado e de teses de doutorado na \u00e1rea do ensino de Matem\u00e1tica. Pesquisa no ensino da Matem\u00e1tica: quantitativa e qualitativa. Elabora\u00e7\u00e3o de Projetos de Pesquisa. Elabora\u00e7\u00e3o de artigos.<\/p>\n<p>&nbsp;<\/td>\n<\/tr>\n<tr>\n<td width=\"101\">Programa<\/td>\n<td width=\"536\">\n<p>Pesquisa em Ensino de Matem\u00e1tica<\/p>\n<p>Pesquisa em ensino vs pesquisa em ensino de matem\u00e1tica<\/p>\n<p>An\u00e1lise quantitativa vs an\u00e1lise qualitativa<\/p>\n<p>Limita\u00e7\u00f5es e possibilidades de pesquisa em ensino de Matem\u00e1tica<\/p>\n<p>&nbsp;<\/p>\n<p>Estudo de pesquisas espec\u00edficas<\/p>\n<p>Sele\u00e7\u00e3o de material bibliogr\u00e1fico &#8211; relat\u00f3rios, disserta\u00e7\u00f5es e teses &#8211; sobre pesquisas em ensino de matem\u00e1tica<\/p>\n<p>Avalia\u00e7\u00e3o do material selecionado<\/p>\n<p>Relev\u00e2ncia para o ensino em geral<\/p>\n<p>Envolvimento da \u00e1rea da matem\u00e1tica<\/p>\n<p>Adequa\u00e7\u00e3o do texto aos objetivos da disciplina de IPEM<\/p>\n<p>Pesquisa quantitativa<\/p>\n<p>Amostragem utilizada e c\u00e1lculos estat\u00edsticos elaborados x conclus\u00f5es da pesquisa<\/p>\n<p>Identifica\u00e7\u00e3o de alternativas poss\u00edveis para o trabalho feito<\/p>\n<p>Pesquisa qualitativa<\/p>\n<p>Argumenta\u00e7\u00e3o utilizada x refer\u00eancias apresentadas<\/p>\n<p>Argumenta\u00e7\u00e3o e informa\u00e7\u00f5es apresentadas x conclus\u00f5es<\/p>\n<p>Possibilidades de extens\u00e3o para pesquisa quantitativa<\/p>\n<p>&nbsp;<\/p>\n<p>Elabora\u00e7\u00e3o de projeto de pesquisa em ensino de matem\u00e1tica<\/p>\n<p>Objetivos<\/p>\n<p>Estabelecimento de tema espec\u00edfico<\/p>\n<p>Especula\u00e7\u00e3o x busca de dados<\/p>\n<p>M\u00e9todo<\/p>\n<p>Escolha m\u00e9todo e instrumentos<\/p>\n<p>Levantamento de informa\u00e7\u00f5es : qualitativas x quantitativas<\/p>\n<p>Manipula\u00e7\u00e3o de informa\u00e7\u00f5es : descri\u00e7\u00f5es e infer\u00eancias<\/p>\n<p>Estabelecimento do espa\u00e7o de pesquisa e da amostra<\/p>\n<p>Estabelecimento de cronograma de trabalho.<\/p>\n<p>&nbsp;<\/td>\n<\/tr>\n<tr>\n<td width=\"101\">Bibliografia<\/td>\n<td width=\"536\">\n<p>B\u00e1sica<\/p>\n<p>CERVO, A. L., BERVIAN, P. A.. Metodologia cient\u00edfica. S\u00e3o Paulo: Ed. McGraw-Hill do Brasil, 1983.<\/p>\n<p>FIORENTINI, D.; LORENZATO, S.. Investiga\u00e7\u00e3o em educa\u00e7\u00e3o matem\u00e1tica: percursos te\u00f3ricos e metodol\u00f3gicos. Campinas: Autores Associados, 2006.<\/p>\n<p>LAKATOS, E. M., MARCONI, M. A. Metodologia cient\u00edfica. S\u00e3o Paulo: Ed. Atlas, 1983.<\/p>\n<p>LAKATOS, E. M., MARCONI, M. A. Fundamentos de metodologia cient\u00edfica. S\u00e3o Paulo: Ed. Atlas, 1985.<\/p>\n<p>&nbsp;<\/p>\n<p>Complementar<\/p>\n<p>VERA, A. Metodologia da pesquisa cient\u00edfica. Porto Alegre: Ed. Globo, 1976.<\/p>\n<p>BARROS, A. J. P. &amp; LEHFELD, N. A. S.. Fundamentos de Metodologia. S\u00e3o Paulo : Ed. McGraw-Hill do Brasil<\/p>\n<p>COSTA, M. Vorraber (Org.); NETO, Alfredo Veiga &#8230; [et al]. Caminhos investigativos II \u2013 Outros m\u00e9todos de pensar e fazer pesquisa em educa\u00e7\u00e3o. Rio de Janeiro: DP&amp;A, 2002<\/td>\n<\/tr>\n<\/tbody>\n<\/table>\n<p>&nbsp;<\/p>\n","protected":false},"excerpt":{"rendered":"<p>Inicia\u00e7\u00e3o a Pesquisa no Ensino de Matem\u00e1tica Curso\/semestre Licenciatura em Matem\u00e1tica \/ D\u00e9cimo Disciplina Inicia\u00e7\u00e3o a Pesquisa no Ensino de Matem\u00e1tica Car\u00e1ter ACA \u2013 Obrigat\u00f3rio Pr\u00e9-requisito C\u00f3digo 100261 Depto. DME CHT 68 horas Cr\u00e9ditos 04 Natureza 34 te\u00f3ricas \/ 34 pr\u00e1tica Prof. Resp. Objetivos Preparar o aluno para seu poss\u00edvel envolvimento em projetos de pesquisa, [&hellip;]<\/p>\n","protected":false},"author":466,"featured_media":0,"parent":166,"menu_order":0,"comment_status":"closed","ping_status":"closed","template":"page-sem-sidebar.php","meta":{"jetpack_post_was_ever_published":false,"footnotes":""},"class_list":["post-270","page","type-page","status-publish","hentry"],"jetpack_sharing_enabled":true,"jetpack_shortlink":"https:\/\/wp.me\/P7sk8J-4m","_links":{"self":[{"href":"https:\/\/wp.ufpel.edu.br\/matematicanoturno\/wp-json\/wp\/v2\/pages\/270","targetHints":{"allow":["GET"]}}],"collection":[{"href":"https:\/\/wp.ufpel.edu.br\/matematicanoturno\/wp-json\/wp\/v2\/pages"}],"about":[{"href":"https:\/\/wp.ufpel.edu.br\/matematicanoturno\/wp-json\/wp\/v2\/types\/page"}],"author":[{"embeddable":true,"href":"https:\/\/wp.ufpel.edu.br\/matematicanoturno\/wp-json\/wp\/v2\/users\/466"}],"replies":[{"embeddable":true,"href":"https:\/\/wp.ufpel.edu.br\/matematicanoturno\/wp-json\/wp\/v2\/comments?post=270"}],"version-history":[{"count":2,"href":"https:\/\/wp.ufpel.edu.br\/matematicanoturno\/wp-json\/wp\/v2\/pages\/270\/revisions"}],"predecessor-version":[{"id":1067,"href":"https:\/\/wp.ufpel.edu.br\/matematicanoturno\/wp-json\/wp\/v2\/pages\/270\/revisions\/1067"}],"up":[{"embeddable":true,"href":"https:\/\/wp.ufpel.edu.br\/matematicanoturno\/wp-json\/wp\/v2\/pages\/166"}],"wp:attachment":[{"href":"https:\/\/wp.ufpel.edu.br\/matematicanoturno\/wp-json\/wp\/v2\/media?parent=270"}],"curies":[{"name":"wp","href":"https:\/\/api.w.org\/{rel}","templated":true}]}}