{"id":2666,"date":"2022-12-20T18:46:31","date_gmt":"2022-12-20T21:46:31","guid":{"rendered":"https:\/\/wp.ufpel.edu.br\/matematicanoturno\/?page_id=2666"},"modified":"2022-12-21T13:31:00","modified_gmt":"2022-12-21T16:31:00","slug":"sou-egresso-do-clmn","status":"publish","type":"page","link":"https:\/\/wp.ufpel.edu.br\/matematicanoturno\/sou-egresso-do-clmn\/","title":{"rendered":"Sou Egresso do CLMN"},"content":{"rendered":"<style>#kt-layout-id_dde4b7-dc > .kt-row-column-wrap{align-content:start;}:where(#kt-layout-id_dde4b7-dc > .kt-row-column-wrap) > .wp-block-kadence-column{justify-content:start;}#kt-layout-id_dde4b7-dc > .kt-row-column-wrap{column-gap:var(--global-kb-gap-md, 2rem);row-gap:var(--global-kb-gap-md, 2rem);max-width:1023px;margin-left:auto;margin-right:auto;padding-top:var( --global-kb-row-default-top, 25px );padding-bottom:var( --global-kb-row-default-bottom, 25px );padding-top:20px;padding-bottom:41px;grid-template-columns:minmax(0, 1fr);}#kt-layout-id_dde4b7-dc > .kt-row-layout-overlay{opacity:0.30;background-image:linear-gradient(180deg,  0%, rgba(0, 181, 226, 0) 100%);}#kt-layout-id_dde4b7-dc a{color:#0000ff;}#kt-layout-id_dde4b7-dc .kt-row-layout-bottom-sep{height:100px;}#kt-layout-id_dde4b7-dc .kt-row-layout-bottom-sep svg{width:100%;}#kt-layout-id_dde4b7-dc .kt-row-layout-bottom-sep svg{fill:#ffffff!important;}#kt-layout-id_dde4b7-dc .kt-row-layout-top-sep{height:100px;}#kt-layout-id_dde4b7-dc .kt-row-layout-top-sep svg{width:100%;}#kt-layout-id_dde4b7-dc .kt-row-layout-top-sep svg{fill:#ffffff!important;}@media all and (max-width: 1024px){#kt-layout-id_dde4b7-dc > .kt-row-column-wrap{grid-template-columns:minmax(0, 1fr);}}@media all and (max-width: 1024px){#kt-layout-id_dde4b7-dc .kt-row-layout-bottom-sep{height:px;}}@media all and (max-width: 1024px){#kt-layout-id_dde4b7-dc .kt-row-layout-bottom-sep svg{width:%;}}@media all and (max-width: 767px){#kt-layout-id_dde4b7-dc > .kt-row-column-wrap{grid-template-columns:minmax(0, 1fr);}#kt-layout-id_dde4b7-dc .kt-row-layout-bottom-sep{height:px;}#kt-layout-id_dde4b7-dc .kt-row-layout-bottom-sep svg{width:%;}}<\/style>\n<div class=\"wp-block-kadence-rowlayout alignnone\"><div id=\"kt-layout-id_dde4b7-dc\" class=\"kt-row-layout-inner kt-layout-id_dde4b7-dc\"><div class=\"kt-row-column-wrap kt-has-1-columns kt-gutter-default kt-v-gutter-default kt-row-valign-top kt-row-layout-equal kt-tab-layout-inherit kt-m-colapse-left-to-right kt-mobile-layout-row\"><style>.kadence-column_8dcce3-70 > .kt-inside-inner-col{padding-top:0px;padding-bottom:0px;}.kadence-column_8dcce3-70 > .kt-inside-inner-col{border-color:rgba(0, 0, 0, 0);border-top-width:0px;border-right-width:0px;border-bottom-width:0px;border-left-width:0px;}.kadence-column_8dcce3-70 > .kt-inside-inner-col,.kadence-column_8dcce3-70 > .kt-inside-inner-col:before{border-top-left-radius:0px;border-top-right-radius:0px;border-bottom-right-radius:0px;border-bottom-left-radius:0px;}.kadence-column_8dcce3-70 > .kt-inside-inner-col{column-gap:var(--global-kb-gap-sm, 1rem);}.kadence-column_8dcce3-70 > .kt-inside-inner-col{flex-direction:column;}.kadence-column_8dcce3-70 > .kt-inside-inner-col > .aligncenter{width:100%;}.kadence-column_8dcce3-70 > .kt-inside-inner-col:before{opacity:0.3;}.kadence-column_8dcce3-70:hover a{color:#0000ff;}.kadence-column_8dcce3-70{position:relative;}@media all and (max-width: 1024px){.kadence-column_8dcce3-70 > .kt-inside-inner-col{flex-direction:column;justify-content:center;}}@media all and (max-width: 767px){.kadence-column_8dcce3-70 > .kt-inside-inner-col{flex-direction:column;justify-content:center;}}<\/style>\n<div class=\"wp-block-kadence-column inner-column-1 kadence-column_8dcce3-70 kb-section-dir-vertical\"><div class=\"kt-inside-inner-col\"><style>.kt-tabs-id_8555df-64 > .kt-tabs-content-wrap > .wp-block-kadence-tab{border-top-width:3px;border-right-width:0px;border-bottom-width:0px;border-left-width:0px;border-color:rgba(51,198,232,0.54);border-top-left-radius:0px;border-top-right-radius:0px;border-bottom-right-radius:0px;border-bottom-left-radius:0px;padding-top:0px;padding-right:0px;padding-bottom:0px;padding-left:0px;min-height:476px;background:#ffffff;}.wp-block-kadence-tabs .kt-tabs-id_8555df-64 > .kt-tabs-title-list li{margin-top:4px;margin-right:8px;margin-bottom:4px;margin-left:2px;}.wp-block-kadence-tabs .kt-tabs-id_8555df-64 > .kt-tabs-title-list li .kt-tab-title, .wp-block-kadence-tabs .kt-tabs-id_8555df-64 > .kt-tabs-content-wrap > .kt-tabs-accordion-title .kt-tab-title{line-height:1.4em;font-family:-apple-system,BlinkMacSystemFont,\"Segoe UI\",Roboto,Oxygen-Sans,Ubuntu,Cantarell,\"Helvetica Neue\",sans-serif, \"Apple Color Emoji\", \"Segoe UI Emoji\", \"Segoe UI Symbol\";font-weight:inherit;font-style:normal;text-transform:uppercase;border-top-width:0px;border-right-width:0px;border-bottom-width:0px;border-left-width:0px;border-top-left-radius:4px;border-top-right-radius:4px;border-bottom-right-radius:0px;border-bottom-left-radius:10px;padding-top:15px;padding-right:5px;padding-bottom:15px;padding-left:10px;color:#000000;background:#fcee4a;}.wp-block-kadence-tabs .kt-tabs-id_8555df-64 > .kt-tabs-content-wrap > .kt-tabs-accordion-title .kt-tab-title{margin-top:4px;margin-right:8px;margin-bottom:4px;margin-left:2px;}.wp-block-kadence-tabs .kt-tabs-id_8555df-64 > .kt-tabs-title-list li .kt-tab-title:hover, .wp-block-kadence-tabs .kt-tabs-id_8555df-64 > .kt-tabs-content-wrap > .kt-tabs-accordion-title .kt-tab-title:hover{border-color:#eeeeee;color:#888888;background:#e2e2e2;}.wp-block-kadence-tabs .kt-tabs-id_8555df-64 > .kt-tabs-title-list li.kt-tab-title-active .kt-tab-title, .wp-block-kadence-tabs .kt-tabs-id_8555df-64 > .kt-tabs-content-wrap > .kt-tabs-accordion-title.kt-tab-title-active .kt-tab-title{border-color:#000000;color:#ffffff;background:#33c6e8;}.wp-block-kadence-tabs .kt-tabs-id_8555df-64{max-width:1024px;}@media all and (min-width: 1025px){.wp-block-kadence-tabs .kt-tabs-id_8555df-64{display:flex;}.wp-block-kadence-tabs .kt-tabs-id_8555df-64 > .kt-tabs-title-list{float:none;width:30%;}.wp-block-kadence-tabs .kt-tabs-id_8555df-64 > .kt-tabs-content-wrap{float:none;width:auto;-webkit-flex:1;flex:1;}}@media all and (min-width: 768px) and (max-width: 1024px){.wp-block-kadence-tabs .kt-tabs-id_8555df-64{display:flex;}.wp-block-kadence-tabs .kt-tabs-id_8555df-64 > .kt-tabs-title-list{float:none;width:30%;}.wp-block-kadence-tabs .kt-tabs-id_8555df-64 > .kt-tabs-content-wrap{float:none;width:auto;-webkit-flex:1;flex:1;}}@media all and (max-width: 767px){.wp-block-kadence-tabs .kt-tabs-id_8555df-64{display:flex;}.wp-block-kadence-tabs .kt-tabs-id_8555df-64 > .kt-tabs-title-list{float:none;width:30%;}.wp-block-kadence-tabs .kt-tabs-id_8555df-64 > .kt-tabs-content-wrap{float:none;width:auto;-webkit-flex:1;flex:1;}}<\/style>\n<div class=\"wp-block-kadence-tabs alignnone\"><div class=\"kt-tabs-wrap kt-tabs-id_8555df-64 kt-tabs-has-3-tabs kt-active-tab-1 kt-tabs-layout-vtabs kt-tabs-tablet-layout-inherit kt-tabs-mobile-layout-inherit kt-tab-alignment-left \" style=\"max-width:1024px\"><ul class=\"kt-tabs-title-list\"><li id=\"tab-strongegressosdoclmnstrong\" class=\"kt-title-item kt-title-item-1 kt-tabs-svg-show-always kt-tabs-icon-side-right kt-tab-title-active\"><a href=\"#tab-strongegressosdoclmnstrong\" data-tab=\"1\" class=\"kt-tab-title kt-tab-title-1 \"><span class=\"kt-title-text\"><strong>egressos DO CLMN<\/strong><\/span><\/a><\/li><li id=\"tab-strongportaldeacompanhamentodoegressostrong\" class=\"kt-title-item kt-title-item-2 kt-tabs-svg-show-always kt-tabs-icon-side-right kt-tab-title-inactive\"><a href=\"#tab-strongportaldeacompanhamentodoegressostrong\" data-tab=\"2\" class=\"kt-tab-title kt-tab-title-2 \"><span class=\"kt-title-text\"><strong>Portal de Acompanhamento do Egresso<\/strong><\/span><\/a><\/li><li id=\"tab-stronginformaesacadmicascrastrong\" class=\"kt-title-item kt-title-item-3 kt-tabs-svg-show-always kt-tabs-icon-side-right kt-tab-title-inactive\"><a href=\"#tab-stronginformaesacadmicascrastrong\" data-tab=\"3\" class=\"kt-tab-title kt-tab-title-3 \"><span class=\"kt-title-text\"><strong>INFORMA\u00c7\u00d5ES ACAD\u00caMICAS (CRA)<\/strong><\/span><\/a><\/li><\/ul><div class=\"kt-tabs-content-wrap\">\n<div class=\"wp-block-kadence-tab kt-tab-inner-content kt-inner-tab-1 kt-inner-tab_9be68c-26\"><div class=\"kt-tab-inner-content-inner\">\n<div class=\"wp-block-buttons is-content-justification-center is-layout-flex wp-container-core-buttons-is-layout-16018d1d wp-block-buttons-is-layout-flex\">\n<div class=\"wp-block-button has-custom-width wp-block-button__width-100 is-style-fill\"><a class=\"wp-block-button__link has-background wp-element-button\" href=\"https:\/\/institucional.ufpel.edu.br\/cursos\/cod\/3820#egressos\" style=\"background-color:#ffffff00\" target=\"_blank\" rel=\"noreferrer noopener\"><img width=\"150\" height=\"112\" data-attachment-id=\"2668\" data-permalink=\"https:\/\/wp.ufpel.edu.br\/matematicanoturno\/sou-egresso-do-clmn\/capelo2\/\" data-orig-file=\"https:\/\/wp.ufpel.edu.br\/matematicanoturno\/files\/2022\/12\/capelo2.png\" data-orig-size=\"1890,1417\" data-comments-opened=\"0\" data-image-meta=\"{&quot;aperture&quot;:&quot;0&quot;,&quot;credit&quot;:&quot;&quot;,&quot;camera&quot;:&quot;&quot;,&quot;caption&quot;:&quot;&quot;,&quot;created_timestamp&quot;:&quot;0&quot;,&quot;copyright&quot;:&quot;&quot;,&quot;focal_length&quot;:&quot;0&quot;,&quot;iso&quot;:&quot;0&quot;,&quot;shutter_speed&quot;:&quot;0&quot;,&quot;title&quot;:&quot;&quot;,&quot;orientation&quot;:&quot;0&quot;}\" data-image-title=\"capelo2\" data-image-description=\"\" data-image-caption=\"\" data-medium-file=\"https:\/\/wp.ufpel.edu.br\/matematicanoturno\/files\/2022\/12\/capelo2-400x300.png\" data-large-file=\"https:\/\/wp.ufpel.edu.br\/matematicanoturno\/files\/2022\/12\/capelo2-1024x768.png\" class=\"wp-image-2668\" style=\"width: 150px;\" src=\"https:\/\/wp.ufpel.edu.br\/matematicanoturno\/files\/2022\/12\/capelo2.png\" alt=\"\" srcset=\"https:\/\/wp.ufpel.edu.br\/matematicanoturno\/files\/2022\/12\/capelo2.png 1890w, https:\/\/wp.ufpel.edu.br\/matematicanoturno\/files\/2022\/12\/capelo2-400x300.png 400w, https:\/\/wp.ufpel.edu.br\/matematicanoturno\/files\/2022\/12\/capelo2-1024x768.png 1024w, https:\/\/wp.ufpel.edu.br\/matematicanoturno\/files\/2022\/12\/capelo2-768x576.png 768w, https:\/\/wp.ufpel.edu.br\/matematicanoturno\/files\/2022\/12\/capelo2-1536x1152.png 1536w\" sizes=\"(max-width: 150px) 100vw, 150px\" \/><\/a><\/div>\n<\/div>\n\n\n\n<p class=\"has-small-font-size\">Conhe\u00e7a os estudantes formados pelo CLMN  <strong>clicando na imagem acima<\/strong>.<\/p>\n<\/div><\/div>\n\n\n\n<div class=\"wp-block-kadence-tab kt-tab-inner-content kt-inner-tab-2 kt-inner-tab_6fd8ac-2c\"><div class=\"kt-tab-inner-content-inner\">\n<p class=\"has-small-font-size\">Prezado Egresso<\/p>\n\n\n\n<p class=\"has-small-font-size\">Inicialmente queremos saber como est\u00e1 sua caminhada profissional, assim pedimos que acessem o portal &#8211;&nbsp;&nbsp; <a rel=\"noreferrer noopener\" href=\"https:\/\/wp.ufpel.edu.br\/egresso\/\" target=\"_blank\">https:\/\/wp.ufpel.edu.br\/egresso\/<\/a>&nbsp; &nbsp;&#8211; e preencha o Cadastro do Egresso. Suas informa\u00e7\u00f5es ser\u00e3o importantes para identificarmos as potenciais melhorias no Curso, em fun\u00e7\u00e3o das mudan\u00e7as e necessidades do mercado de trabalho, al\u00e9m de subsidiar a implementa\u00e7\u00e3o de cursos de forma\u00e7\u00e3o continuada voltados as suas demandas. Contamos com sua participa\u00e7\u00e3o!<\/p>\n\n\n\n<p class=\"has-small-font-size\">Estamos sempre a seu dispor via e-mail, telefone ou por rede social. Mantenha contato!<\/p>\n<\/div><\/div>\n\n\n\n<div class=\"wp-block-kadence-tab kt-tab-inner-content kt-inner-tab-3 kt-inner-tab_25754c-07\"><div class=\"kt-tab-inner-content-inner\">\n<div class=\"wp-block-buttons is-layout-flex wp-block-buttons-is-layout-flex\">\n<div class=\"wp-block-button has-custom-width wp-block-button__width-100\"><a class=\"wp-block-button__link has-background wp-element-button\" href=\"https:\/\/wp.ufpel.edu.br\/cra\/informacoes-academicas\/\" style=\"background-color:#ffffff00\" target=\"_blank\" rel=\"noreferrer noopener\"><img width=\"150\" height=\"112\" data-attachment-id=\"2618\" data-permalink=\"https:\/\/wp.ufpel.edu.br\/matematicanoturno\/ingressei-no-clmn\/cra\/\" data-orig-file=\"https:\/\/wp.ufpel.edu.br\/matematicanoturno\/files\/2022\/12\/cra.png\" data-orig-size=\"1067,800\" data-comments-opened=\"0\" data-image-meta=\"{&quot;aperture&quot;:&quot;0&quot;,&quot;credit&quot;:&quot;&quot;,&quot;camera&quot;:&quot;&quot;,&quot;caption&quot;:&quot;&quot;,&quot;created_timestamp&quot;:&quot;0&quot;,&quot;copyright&quot;:&quot;&quot;,&quot;focal_length&quot;:&quot;0&quot;,&quot;iso&quot;:&quot;0&quot;,&quot;shutter_speed&quot;:&quot;0&quot;,&quot;title&quot;:&quot;&quot;,&quot;orientation&quot;:&quot;0&quot;}\" data-image-title=\"cra\" data-image-description=\"\" data-image-caption=\"\" data-medium-file=\"https:\/\/wp.ufpel.edu.br\/matematicanoturno\/files\/2022\/12\/cra-400x300.png\" data-large-file=\"https:\/\/wp.ufpel.edu.br\/matematicanoturno\/files\/2022\/12\/cra-1024x768.png\" class=\"wp-image-2618\" style=\"width: 150px;\" src=\"https:\/\/wp.ufpel.edu.br\/matematicanoturno\/files\/2022\/12\/cra.png\" alt=\"\" srcset=\"https:\/\/wp.ufpel.edu.br\/matematicanoturno\/files\/2022\/12\/cra.png 1067w, https:\/\/wp.ufpel.edu.br\/matematicanoturno\/files\/2022\/12\/cra-400x300.png 400w, https:\/\/wp.ufpel.edu.br\/matematicanoturno\/files\/2022\/12\/cra-1024x768.png 1024w, https:\/\/wp.ufpel.edu.br\/matematicanoturno\/files\/2022\/12\/cra-768x576.png 768w\" sizes=\"(max-width: 150px) 100vw, 150px\" \/><\/a><\/div>\n<\/div>\n\n\n\n<p class=\"has-small-font-size\">A Coordena\u00e7\u00e3o de Registros Acad\u00eamicos (CRA) \u00e9 o \u00f3rg\u00e3o respons\u00e1vel por realizar o registro da vida acad\u00eamica do estudante dos cursos de gradua\u00e7\u00e3o, desde seu ingresso at\u00e9 sua diploma\u00e7\u00e3o. Acesse o site da CRA <strong>clicando na imagem acima<\/strong> para obter orienta\u00e7\u00f5es sobre apostilamento, solicita\u00e7\u00e3o de certificado de conclus\u00e3o de curso, solicita\u00e7\u00e3o de 2\u00aa via de Diploma, hist\u00f3rico Final,  entre outras informa\u00e7\u00f5es acad\u00eamicas.<\/p>\n\n\n\n<p class=\"has-small-font-size\">Lembre que o prazo para entrega do <a rel=\"noreferrer noopener\" href=\"http:\/\/portal.mec.gov.br\/diplomadigital\/index.php#faq\" target=\"_blank\">diploma digital<\/a> vai de 60 at\u00e9 120 dias ap\u00f3s a cola\u00e7\u00e3o de grau, conforme Portaria MEC n\u00ba 1.095, de 25 de outubro de 2018.<\/p>\n<\/div><\/div>\n<\/div><\/div><\/div>\n<\/div><\/div>\n<\/div><\/div><\/div>\n","protected":false},"excerpt":{"rendered":"","protected":false},"author":466,"featured_media":0,"parent":0,"menu_order":0,"comment_status":"closed","ping_status":"closed","template":"","meta":{"jetpack_post_was_ever_published":false,"footnotes":""},"class_list":["post-2666","page","type-page","status-publish","hentry"],"jetpack_sharing_enabled":true,"jetpack_shortlink":"https:\/\/wp.me\/P7sk8J-H0","_links":{"self":[{"href":"https:\/\/wp.ufpel.edu.br\/matematicanoturno\/wp-json\/wp\/v2\/pages\/2666","targetHints":{"allow":["GET"]}}],"collection":[{"href":"https:\/\/wp.ufpel.edu.br\/matematicanoturno\/wp-json\/wp\/v2\/pages"}],"about":[{"href":"https:\/\/wp.ufpel.edu.br\/matematicanoturno\/wp-json\/wp\/v2\/types\/page"}],"author":[{"embeddable":true,"href":"https:\/\/wp.ufpel.edu.br\/matematicanoturno\/wp-json\/wp\/v2\/users\/466"}],"replies":[{"embeddable":true,"href":"https:\/\/wp.ufpel.edu.br\/matematicanoturno\/wp-json\/wp\/v2\/comments?post=2666"}],"version-history":[{"count":12,"href":"https:\/\/wp.ufpel.edu.br\/matematicanoturno\/wp-json\/wp\/v2\/pages\/2666\/revisions"}],"predecessor-version":[{"id":2790,"href":"https:\/\/wp.ufpel.edu.br\/matematicanoturno\/wp-json\/wp\/v2\/pages\/2666\/revisions\/2790"}],"wp:attachment":[{"href":"https:\/\/wp.ufpel.edu.br\/matematicanoturno\/wp-json\/wp\/v2\/media?parent=2666"}],"curies":[{"name":"wp","href":"https:\/\/api.w.org\/{rel}","templated":true}]}}