{"id":262,"date":"2014-12-02T16:53:49","date_gmt":"2014-12-02T18:53:49","guid":{"rendered":"https:\/\/wp.ufpel.edu.br\/matematicanoturno\/?page_id=262"},"modified":"2014-12-02T16:53:49","modified_gmt":"2014-12-02T18:53:49","slug":"analise-real-i","status":"publish","type":"page","link":"https:\/\/wp.ufpel.edu.br\/matematicanoturno\/grade-curricular-2\/analise-real-i\/","title":{"rendered":"An\u00e1lise Real I"},"content":{"rendered":"<h4>An\u00e1lise Real I<\/h4>\n<table>\n<tbody>\n<tr>\n<td width=\"101\">Curso\/semestre<\/td>\n<td width=\"536\">Licenciatura em Matem\u00e1tica \/ Nono<\/td>\n<\/tr>\n<tr>\n<td width=\"101\">Disciplina<\/td>\n<td width=\"536\">An\u00e1lise Real I<\/td>\n<\/tr>\n<tr>\n<td width=\"101\">Car\u00e1ter<\/td>\n<td width=\"536\">ACA \u2013 Obrigat\u00f3rio<\/td>\n<\/tr>\n<tr>\n<td width=\"101\">Pr\u00e9-requisito<\/td>\n<td width=\"536\">C\u00e1lculo III (0100018)<\/td>\n<\/tr>\n<tr>\n<td width=\"101\">C\u00f3digo<\/td>\n<td width=\"536\">0100166<\/td>\n<\/tr>\n<tr>\n<td width=\"101\">Depto.<\/td>\n<td width=\"536\">DME<\/td>\n<\/tr>\n<tr>\n<td width=\"101\">CHT<\/td>\n<td width=\"536\">102 horas<\/td>\n<\/tr>\n<tr>\n<td width=\"101\">Cr\u00e9ditos<\/td>\n<td width=\"536\">06<\/td>\n<\/tr>\n<tr>\n<td width=\"101\">Natureza<\/td>\n<td width=\"536\">68 te\u00f3ricas \/ 34 pr\u00e1ticas<\/td>\n<\/tr>\n<tr>\n<td width=\"101\">Prof. Resp.<\/td>\n<td width=\"536\"><\/td>\n<\/tr>\n<tr>\n<td width=\"101\">Objetivos<\/td>\n<td width=\"536\">\n<p>Geral<\/p>\n<p>Aprofundar o estudo de teoria de n\u00fameros reais e de fun\u00e7\u00f5es de uma vari\u00e1vel real<\/p>\n<p>&nbsp;<\/p>\n<p>Espec\u00edficos<\/p>\n<p>Representar a teoria dos n\u00fameros reais e conjuntos num\u00e9ricos<\/p>\n<p>Estudar as principais propriedades topol\u00f3gicas dos subconjuntos da reta<\/p>\n<p>Estudar v\u00e1rios tipos de limites e suas propriedades principais<\/p>\n<p>Introduzir fun\u00e7\u00f5es infinitesimais e estudar suas propriedades<\/p>\n<p>Estudar classes de fun\u00e7\u00f5es cont\u00ednuas<\/p>\n<p>Estudar propriedades globais de fun\u00e7\u00f5es cont\u00ednuas<\/p>\n<p>Introduzir conceito de continuidade uniforme<\/p>\n<p>&nbsp;<\/td>\n<\/tr>\n<tr>\n<td width=\"101\">Ementa<\/td>\n<td width=\"536\">\n<p>N\u00fameros e conjuntos reais, principais propriedades topol\u00f3gicas de conjuntos na reta. Teoria de limites: limites de fun\u00e7\u00f5es e seq\u00fc\u00eancias e suas propriedades, fun\u00e7\u00f5es infinitesimais, lema de Bolzano-Weirstrass. Continuidade: conceito e propriedades b\u00e1sicas, continuidade de fun\u00e7\u00f5es elementares e mon\u00f3tonas, classifica\u00e7\u00e3o de descontinuidades, propriedades globais de fun\u00e7\u00f5es continuas, continuidade uniforme.<\/p>\n<p>&nbsp;<\/td>\n<\/tr>\n<tr>\n<td width=\"101\">Programa<\/td>\n<td width=\"536\">\n<p>N\u00fameros reais: Elementos de teoria de conjuntos<\/p>\n<p>N\u00fameros racionais e suas propriedades<\/p>\n<p>Conceito de n\u00famero real. Ordena\u00e7\u00e3o de conjunto dos n\u00fameros reais<\/p>\n<p>Lemas principais<\/p>\n<p>Conjuntos limitados e n\u00e3o limitados. Teorema sobre cota superior exata (supremo)<\/p>\n<p>Conceito de conjunto, de transforma\u00e7\u00e3o, de n\u00famero cardinal<\/p>\n<p>Conjuntos enumer\u00e1veis<\/p>\n<p>Conjuntos n\u00e3o-enumer\u00e1veis. Compara\u00e7\u00e3o de conjuntos<\/p>\n<p>&nbsp;<\/p>\n<p>Teoria de limites<\/p>\n<p>-. Conceito de fun\u00e7\u00e3o, conceito de seq\u00fc\u00eancia. Fun\u00e7\u00f5es elementares<\/p>\n<p>-. Limite de sequ\u00eancia<\/p>\n<p>-. Defini\u00e7\u00e3o de limite de uma fun\u00e7\u00e3o<\/p>\n<p>-. Propriedades de limites<\/p>\n<p>-. Fun\u00e7\u00f5es infinitesimais e suas propriedades<\/p>\n<p>-. Limite de soma, produto e quociente<\/p>\n<p>-. Primeiro limite not\u00e1vel<\/p>\n<p>-. Limite de sequ\u00eancia mon\u00f3tona, limite de fun\u00e7\u00e3o mon\u00f3tona.<\/p>\n<p>-. Lema dos intervalos encaixados<\/p>\n<p>-. Limite de subseq\u00fc\u00eancia. Lema de Bolzano-Weierstrass<\/p>\n<p>&#8211; Segundo limite not\u00e1vel<\/p>\n<p>&#8211; Crit\u00e9rio de converg\u00eancia de Cauchy<\/p>\n<p>&#8211; Conceito de limite superior e inferior<\/p>\n<p>&#8211; Classifica\u00e7\u00e3o de fun\u00e7\u00f5es infinitesimais<\/p>\n<p>Fun\u00e7\u00f5es cont\u00ednuas<\/p>\n<p>&#8211; Conceito de fun\u00e7\u00e3o cont\u00ednua num ponto e num conjunto<\/p>\n<p>&#8211; Continuidade de fun\u00e7\u00f5es mon\u00f3tonas<\/p>\n<p>&#8211; Continuidade de fun\u00e7\u00f5es elementares<\/p>\n<p>&#8211; Continuidade de fun\u00e7\u00f5es compostas<\/p>\n<p>&#8212; Classifica\u00e7\u00e3o de descontinuidades<\/p>\n<p>&#8211; Propriedades de fun\u00e7\u00e3o cont\u00ednua num intervalo (teoremas de Bolzano-Cauchy)<\/p>\n<p>-. Descontinuidades de fun\u00e7\u00f5es mon\u00f3tonas<\/p>\n<p>-. Conjuntos abertos e fechados<\/p>\n<p>-. Conjuntos compactos. Cr\u00edterio de conjunto compacto<\/p>\n<p>-. Propriedades de fun\u00e7\u00f5es cont\u00ednuas em conjuntos compactos. Teoremas de Weierstrass<\/p>\n<p>&#8211; Continuidade uniforme. Teorema de Cantor<\/p>\n<p>&nbsp;<\/td>\n<\/tr>\n<tr>\n<td width=\"101\">Bibliografia<\/td>\n<td width=\"536\">\n<p>B\u00e1sica<\/p>\n<p>Lima E.L. Curso de an\u00e1lise. Vol.1. Cole\u00e7\u00e3o Projeto Euclides, IMPA, RJ.<\/p>\n<p>Figueiredo D. An\u00e1lise I. LTC.<\/p>\n<p>Almay P. Elementos de c\u00e1lculo diferencial e integral. Vol. 1,2.<\/p>\n<p>Rudin W. Principles of mathematical analysis.<\/p>\n<p>&nbsp;<\/p>\n<p>Complementar<\/p>\n<p>Kolmogorov A.N., Fomin V.S. Introductory real analysis.<\/p>\n<p>Ilyin, Pozniak. Fundamentals of real analysis. Vol.1.<\/td>\n<\/tr>\n<\/tbody>\n<\/table>\n<p><\/p>\n","protected":false},"excerpt":{"rendered":"<p>An\u00e1lise Real I Curso\/semestre Licenciatura em Matem\u00e1tica \/ Nono Disciplina An\u00e1lise Real I Car\u00e1ter ACA \u2013 Obrigat\u00f3rio Pr\u00e9-requisito C\u00e1lculo III (0100018) C\u00f3digo 0100166 Depto. DME CHT 102 horas Cr\u00e9ditos 06 Natureza 68 te\u00f3ricas \/ 34 pr\u00e1ticas Prof. Resp. Objetivos Geral Aprofundar o estudo de teoria de n\u00fameros reais e de fun\u00e7\u00f5es de uma vari\u00e1vel real [&hellip;]<\/p>\n","protected":false},"author":466,"featured_media":0,"parent":166,"menu_order":0,"comment_status":"closed","ping_status":"closed","template":"page-sem-sidebar.php","meta":{"jetpack_post_was_ever_published":false,"footnotes":""},"class_list":["post-262","page","type-page","status-publish","hentry"],"jetpack_sharing_enabled":true,"jetpack_shortlink":"https:\/\/wp.me\/P7sk8J-4e","_links":{"self":[{"href":"https:\/\/wp.ufpel.edu.br\/matematicanoturno\/wp-json\/wp\/v2\/pages\/262","targetHints":{"allow":["GET"]}}],"collection":[{"href":"https:\/\/wp.ufpel.edu.br\/matematicanoturno\/wp-json\/wp\/v2\/pages"}],"about":[{"href":"https:\/\/wp.ufpel.edu.br\/matematicanoturno\/wp-json\/wp\/v2\/types\/page"}],"author":[{"embeddable":true,"href":"https:\/\/wp.ufpel.edu.br\/matematicanoturno\/wp-json\/wp\/v2\/users\/466"}],"replies":[{"embeddable":true,"href":"https:\/\/wp.ufpel.edu.br\/matematicanoturno\/wp-json\/wp\/v2\/comments?post=262"}],"version-history":[{"count":1,"href":"https:\/\/wp.ufpel.edu.br\/matematicanoturno\/wp-json\/wp\/v2\/pages\/262\/revisions"}],"predecessor-version":[{"id":263,"href":"https:\/\/wp.ufpel.edu.br\/matematicanoturno\/wp-json\/wp\/v2\/pages\/262\/revisions\/263"}],"up":[{"embeddable":true,"href":"https:\/\/wp.ufpel.edu.br\/matematicanoturno\/wp-json\/wp\/v2\/pages\/166"}],"wp:attachment":[{"href":"https:\/\/wp.ufpel.edu.br\/matematicanoturno\/wp-json\/wp\/v2\/media?parent=262"}],"curies":[{"name":"wp","href":"https:\/\/api.w.org\/{rel}","templated":true}]}}