{"id":258,"date":"2014-12-02T16:51:44","date_gmt":"2014-12-02T18:51:44","guid":{"rendered":"https:\/\/wp.ufpel.edu.br\/matematicanoturno\/?page_id=258"},"modified":"2014-12-02T16:51:44","modified_gmt":"2014-12-02T18:51:44","slug":"estagio-de-matematica-i","status":"publish","type":"page","link":"https:\/\/wp.ufpel.edu.br\/matematicanoturno\/grade-curricular-2\/estagio-de-matematica-i\/","title":{"rendered":"Est\u00e1gio de Matem\u00e1tica I"},"content":{"rendered":"<h4>Est\u00e1gio de Matem\u00e1tica I<\/h4>\n<table>\n<tbody>\n<tr>\n<td width=\"101\">Curso\/semestre<\/td>\n<td width=\"540\">Licenciatura em Matem\u00e1tica \/ Oitavo<\/td>\n<\/tr>\n<tr>\n<td width=\"101\">Disciplina<\/td>\n<td width=\"540\">Est\u00e1gio de Matem\u00e1tica I<\/td>\n<\/tr>\n<tr>\n<td width=\"101\">Car\u00e1ter<\/td>\n<td width=\"540\">EO<\/td>\n<\/tr>\n<tr>\n<td width=\"101\">Pr\u00e9-requisito<\/td>\n<td width=\"540\">Teoria e Pratica Pedag\u00f3gica (0350234) e Trabalho de Campo I (0100254)<\/td>\n<\/tr>\n<tr>\n<td width=\"101\">C\u00f3digo<\/td>\n<td width=\"540\">0350213<\/td>\n<\/tr>\n<tr>\n<td width=\"101\">Depto.<\/td>\n<td width=\"540\">\n<p>Departamento de Ensino<\/p>\n<p>(Compartilhado com o DME)<\/td>\n<\/tr>\n<tr>\n<td width=\"101\">CHT<\/td>\n<td width=\"540\">136 horas<\/td>\n<\/tr>\n<tr>\n<td width=\"101\">Cr\u00e9ditos<\/td>\n<td width=\"540\">08<\/td>\n<\/tr>\n<tr>\n<td width=\"101\">Natureza<\/td>\n<td width=\"540\">136 Pr\u00e1tica<\/td>\n<\/tr>\n<tr>\n<td width=\"101\">Prof. Resp.<\/td>\n<td width=\"540\"><\/td>\n<\/tr>\n<tr>\n<td width=\"101\">Objetivos<\/td>\n<td width=\"540\">\n<p>Promover a evolu\u00e7\u00e3o das id\u00e9ias relativas aos conhecimentos da Matem\u00e1tica que devem ser desenvolvidos na escola, a partir da reflex\u00e3o das pr\u00e1ticas de sala de aula e das atitudes necess\u00e1rias ao futuro professor para o desenvolvimento de um trabalho docente na dire\u00e7\u00e3o de um ensino de matem\u00e1tica.<\/p>\n<p>Analisar a\u00e7\u00f5es docentes poss\u00edveis para a sala de aula.<\/p>\n<p>&nbsp;<\/td>\n<\/tr>\n<tr>\n<td width=\"101\">Ementa<\/td>\n<td width=\"540\">Execu\u00e7\u00e3o do projeto de ensino elaborado na disciplina de Trabalho de Campo I em escola de N\u00edvel Fundamental. Reflex\u00f5es sobre as diferentes concep\u00e7\u00f5es de matem\u00e1tica, presentes nas salas de aula. Planejamento e avalia\u00e7\u00e3o do ensino e da aprendizagem no N\u00edvel Fundamental.<\/td>\n<\/tr>\n<tr>\n<td width=\"101\">Programa<\/td>\n<td width=\"540\">\n<p>Projeto de ensino para disciplina de Matem\u00e1tica do N\u00edvel M\u00e9dio<\/p>\n<p>Discuss\u00e3o dos projetos elaborados em Trabalho de Campo I<\/p>\n<p>Planejamento da execu\u00e7\u00e3o do projeto<\/p>\n<p>Desenvolvimento do projeto em sala de aula do N\u00edvel M\u00e9dio<\/p>\n<p>Avalia\u00e7\u00e3o do Ensino no N\u00edvel M\u00e9dio<\/p>\n<p>Discuss\u00e3o sobre os elementos constituintes dos diferentes processos de aprendizagem desenvolvidos pelos alunos<\/p>\n<p>Discuss\u00e3o e aprofundamento te\u00f3rico sobre os relatos das experi\u00eancias dos estagi\u00e1rios<\/p>\n<p>Desenvolvimento de propostas de reformula\u00e7\u00e3o dos projetos dos alunos<\/p>\n<p>Avalia\u00e7\u00e3o do trabalho desenvolvido<\/p>\n<p>Constru\u00e7\u00e3o de s\u00edntese dos saberes pedag\u00f3gicos constru\u00eddos durante o semestre.<\/td>\n<\/tr>\n<tr>\n<td width=\"101\">Bibliografia<\/td>\n<td width=\"540\">\n<p>B\u00e1sica<\/p>\n<p>FREIRE, Paulo. Pedagogia da Autonomia saberes necess\u00e1rios \u00e0 pr\u00e1tica educativa. 6 ed. Rio de Janeiro: Paz e Terra, 1997.<\/p>\n<p>LOPES, Celi e NACARATO, Adair (org). Escrituras e Leituras na educa\u00e7\u00e3o matem\u00e1tica. Belo Horizonte, Aut\u00eantica, 2005.<\/p>\n<p>&nbsp;<\/p>\n<p>Complementar<\/p>\n<p>MACHADO, Silvia Dias et. al. Educa\u00e7\u00e3o Matem\u00e1tica: uma introdu\u00e7\u00e3o. S\u00e3o Paulo, EDUC, 1999.<br \/>\nMOREIRA, Pl\u00ednio e DAVID, Maria Manuela. A forma\u00e7\u00e3o matem\u00e1tica do professor, licenciatura e pr\u00e1tica docente escolar. Belo Horizonte, Aut\u00eantica, 2005.<br \/>\nPAIS, Luiz Carlos. Did\u00e1tica da Matem\u00e1tica, uma an\u00e1lise de influ\u00eancia francesa. Belo Horizonte, Aut\u00eantica, 2001.<\/p>\n<p>SANTOS, Boaventura de Sousa. Um discurso sobre as ci\u00eancias. Porto. Editora Porto, 1998.<\/td>\n<\/tr>\n<\/tbody>\n<\/table>\n<p><\/p>\n","protected":false},"excerpt":{"rendered":"<p>Est\u00e1gio de Matem\u00e1tica I Curso\/semestre Licenciatura em Matem\u00e1tica \/ Oitavo Disciplina Est\u00e1gio de Matem\u00e1tica I Car\u00e1ter EO Pr\u00e9-requisito Teoria e Pratica Pedag\u00f3gica (0350234) e Trabalho de Campo I (0100254) C\u00f3digo 0350213 Depto. Departamento de Ensino (Compartilhado com o DME) CHT 136 horas Cr\u00e9ditos 08 Natureza 136 Pr\u00e1tica Prof. Resp. Objetivos Promover a evolu\u00e7\u00e3o das id\u00e9ias [&hellip;]<\/p>\n","protected":false},"author":466,"featured_media":0,"parent":166,"menu_order":0,"comment_status":"closed","ping_status":"closed","template":"page-sem-sidebar.php","meta":{"jetpack_post_was_ever_published":false,"footnotes":""},"class_list":["post-258","page","type-page","status-publish","hentry"],"jetpack_sharing_enabled":true,"jetpack_shortlink":"https:\/\/wp.me\/P7sk8J-4a","_links":{"self":[{"href":"https:\/\/wp.ufpel.edu.br\/matematicanoturno\/wp-json\/wp\/v2\/pages\/258","targetHints":{"allow":["GET"]}}],"collection":[{"href":"https:\/\/wp.ufpel.edu.br\/matematicanoturno\/wp-json\/wp\/v2\/pages"}],"about":[{"href":"https:\/\/wp.ufpel.edu.br\/matematicanoturno\/wp-json\/wp\/v2\/types\/page"}],"author":[{"embeddable":true,"href":"https:\/\/wp.ufpel.edu.br\/matematicanoturno\/wp-json\/wp\/v2\/users\/466"}],"replies":[{"embeddable":true,"href":"https:\/\/wp.ufpel.edu.br\/matematicanoturno\/wp-json\/wp\/v2\/comments?post=258"}],"version-history":[{"count":1,"href":"https:\/\/wp.ufpel.edu.br\/matematicanoturno\/wp-json\/wp\/v2\/pages\/258\/revisions"}],"predecessor-version":[{"id":259,"href":"https:\/\/wp.ufpel.edu.br\/matematicanoturno\/wp-json\/wp\/v2\/pages\/258\/revisions\/259"}],"up":[{"embeddable":true,"href":"https:\/\/wp.ufpel.edu.br\/matematicanoturno\/wp-json\/wp\/v2\/pages\/166"}],"wp:attachment":[{"href":"https:\/\/wp.ufpel.edu.br\/matematicanoturno\/wp-json\/wp\/v2\/media?parent=258"}],"curies":[{"name":"wp","href":"https:\/\/api.w.org\/{rel}","templated":true}]}}