{"id":256,"date":"2014-12-02T16:50:24","date_gmt":"2014-12-02T18:50:24","guid":{"rendered":"https:\/\/wp.ufpel.edu.br\/matematicanoturno\/?page_id=256"},"modified":"2014-12-02T16:50:24","modified_gmt":"2014-12-02T18:50:24","slug":"lingua-brasileira-de-sinais-i","status":"publish","type":"page","link":"https:\/\/wp.ufpel.edu.br\/matematicanoturno\/grade-curricular-2\/lingua-brasileira-de-sinais-i\/","title":{"rendered":"Lingua Brasileira de Sinais I"},"content":{"rendered":"<h4>LINGUA BRASILEIRA DE SINAIS I<\/h4>\n<table>\n<tbody>\n<tr>\n<td width=\"89\">Curso<\/td>\n<td width=\"548\">Licenciatura em Matem\u00e1tica\/Oitavo<\/td>\n<\/tr>\n<tr>\n<td width=\"89\">Disciplina<\/td>\n<td width=\"548\">L\u00edngua Brasileira de Sinais I<\/td>\n<\/tr>\n<tr>\n<td width=\"89\">Car\u00e1ter<\/td>\n<td width=\"548\">Obrigat\u00f3rio<\/td>\n<\/tr>\n<tr>\n<td width=\"89\">Pr\u00e9-requisito<\/td>\n<td width=\"548\">&#8211;<\/td>\n<\/tr>\n<tr>\n<td width=\"89\">C\u00f3digo<\/td>\n<td width=\"548\">1310277<\/td>\n<\/tr>\n<tr>\n<td width=\"89\">Depto.<\/td>\n<td width=\"548\">Letras<\/td>\n<\/tr>\n<tr>\n<td width=\"89\">CHT<\/td>\n<td width=\"548\">68 horas<\/td>\n<\/tr>\n<tr>\n<td width=\"89\">Cr\u00e9ditos<\/td>\n<td width=\"548\">04<\/td>\n<\/tr>\n<tr>\n<td width=\"89\">Natureza<\/td>\n<td width=\"548\">68 te\u00f3ricas<\/td>\n<\/tr>\n<tr>\n<td width=\"89\">Prof. Resp.<\/td>\n<td width=\"548\"><\/td>\n<\/tr>\n<tr>\n<td width=\"89\">Objetivos<\/td>\n<td width=\"548\">\n<p>Desenvolver e introduzir elementos da LIBRAS que possibilitem aos alunos dar continuidade \u00e0 constru\u00e7\u00e3o de habilidade e desempenho na comunica\u00e7\u00e3o em L\u00edngua Brasileira de Sinais.<\/p>\n<p>&nbsp;<\/td>\n<\/tr>\n<tr>\n<td width=\"89\">Ementa<\/td>\n<td width=\"548\">Uma introdu\u00e7\u00e3o a L\u00edngua de Sinais, uma comunica\u00e7\u00e3o visual, com sua gram\u00e1tica. Alfabeto manual. Di\u00e1logos com estruturas afirmativas, negativas e interrogativas. Express\u00f5es de quantifica\u00e7\u00e3o e intensidade &#8211; adjetiva\u00e7\u00e3o. Descri\u00e7\u00e3o. Narrativa b\u00e1sica.<\/td>\n<\/tr>\n<tr>\n<td width=\"89\">Programa<\/td>\n<td width=\"548\">\n<p>Alfabeto manual<\/p>\n<p>Sauda\u00e7\u00e3o, apresenta\u00e7\u00e3o<\/p>\n<p>Profiss\u00f5es<\/p>\n<p>Fam\u00edlia<\/p>\n<p>Dias da semana, calend\u00e1rio<\/p>\n<p>N\u00fameros<\/p>\n<p>Tempos: presente, passado e futuro<\/p>\n<p>A\u00e7\u00e3o &#8211; Verbos<\/p>\n<p>Afirmativo, negativo e interrogativo<\/p>\n<p>Adv\u00e9rbios de lugar e preposi\u00e7\u00f5es<\/p>\n<p>Pronomes pessoais<\/p>\n<p>Pronomes com verbos<\/p>\n<p>Pronomes demonstrativos<\/p>\n<p>Cores<\/p>\n<p>Animais<\/p>\n<p>Frutas<\/p>\n<p>Alimenta\u00e7\u00e3o<\/p>\n<p>Bebidas<\/p>\n<p>Dinheiro &#8211; moedas<\/p>\n<p>Rel\u00f3gio &#8211; horas<\/p>\n<p>Figuras geom\u00e9tricas<\/p>\n<p>Singular e plural<\/p>\n<p>Casa<\/p>\n<p>Condi\u00e7\u00f5es clim\u00e1ticas<\/td>\n<\/tr>\n<tr>\n<td width=\"89\">Bibliografia<\/td>\n<td width=\"548\">\n<p>B\u00e1sica<\/p>\n<p>AMORIM, S.L. Comunicando a liberdade: A l\u00edngua das M\u00e3os, Florian\u00f3polis, 2000.<\/p>\n<p>CAPOVILLA, F. Dicion\u00e1rio Tril\u00edngue de Libras, 2001.<\/p>\n<p>FELIPE, T. Integra\u00e7\u00e3o Social e Educa\u00e7\u00e3o de Surdos, Rio de janeiro: Babel Editora, 1993.<\/p>\n<p>&nbsp;<\/p>\n<p>Complementar<\/p>\n<p>LOPES. M. C. Reda\u00e7\u00f5es de Poderes no Espa\u00e7o Multicultural da Escola para Surdos. In. Skliar (ed), 1998, p.105-122.<\/td>\n<\/tr>\n<\/tbody>\n<\/table>\n<p>&nbsp;<\/p>\n","protected":false},"excerpt":{"rendered":"<p>LINGUA BRASILEIRA DE SINAIS I Curso Licenciatura em Matem\u00e1tica\/Oitavo Disciplina L\u00edngua Brasileira de Sinais I Car\u00e1ter Obrigat\u00f3rio Pr\u00e9-requisito &#8211; C\u00f3digo 1310277 Depto. Letras CHT 68 horas Cr\u00e9ditos 04 Natureza 68 te\u00f3ricas Prof. Resp. Objetivos Desenvolver e introduzir elementos da LIBRAS que possibilitem aos alunos dar continuidade \u00e0 constru\u00e7\u00e3o de habilidade e desempenho na comunica\u00e7\u00e3o em [&hellip;]<\/p>\n","protected":false},"author":466,"featured_media":0,"parent":166,"menu_order":0,"comment_status":"closed","ping_status":"closed","template":"page-sem-sidebar.php","meta":{"jetpack_post_was_ever_published":false,"footnotes":""},"class_list":["post-256","page","type-page","status-publish","hentry"],"jetpack_sharing_enabled":true,"jetpack_shortlink":"https:\/\/wp.me\/P7sk8J-48","_links":{"self":[{"href":"https:\/\/wp.ufpel.edu.br\/matematicanoturno\/wp-json\/wp\/v2\/pages\/256","targetHints":{"allow":["GET"]}}],"collection":[{"href":"https:\/\/wp.ufpel.edu.br\/matematicanoturno\/wp-json\/wp\/v2\/pages"}],"about":[{"href":"https:\/\/wp.ufpel.edu.br\/matematicanoturno\/wp-json\/wp\/v2\/types\/page"}],"author":[{"embeddable":true,"href":"https:\/\/wp.ufpel.edu.br\/matematicanoturno\/wp-json\/wp\/v2\/users\/466"}],"replies":[{"embeddable":true,"href":"https:\/\/wp.ufpel.edu.br\/matematicanoturno\/wp-json\/wp\/v2\/comments?post=256"}],"version-history":[{"count":1,"href":"https:\/\/wp.ufpel.edu.br\/matematicanoturno\/wp-json\/wp\/v2\/pages\/256\/revisions"}],"predecessor-version":[{"id":257,"href":"https:\/\/wp.ufpel.edu.br\/matematicanoturno\/wp-json\/wp\/v2\/pages\/256\/revisions\/257"}],"up":[{"embeddable":true,"href":"https:\/\/wp.ufpel.edu.br\/matematicanoturno\/wp-json\/wp\/v2\/pages\/166"}],"wp:attachment":[{"href":"https:\/\/wp.ufpel.edu.br\/matematicanoturno\/wp-json\/wp\/v2\/media?parent=256"}],"curies":[{"name":"wp","href":"https:\/\/api.w.org\/{rel}","templated":true}]}}