{"id":252,"date":"2014-12-02T16:47:21","date_gmt":"2014-12-02T18:47:21","guid":{"rendered":"https:\/\/wp.ufpel.edu.br\/matematicanoturno\/?page_id=252"},"modified":"2014-12-02T16:47:21","modified_gmt":"2014-12-02T18:47:21","slug":"historia-da-matematica","status":"publish","type":"page","link":"https:\/\/wp.ufpel.edu.br\/matematicanoturno\/grade-curricular-2\/historia-da-matematica\/","title":{"rendered":"Hist\u00f3ria da Matem\u00e1tica"},"content":{"rendered":"<h4>Hist\u00f3ria da Matem\u00e1tica<\/h4>\n<table>\n<tbody>\n<tr>\n<td width=\"101\">Curso\/semestre<\/td>\n<td width=\"536\">Licenciatura em Matem\u00e1tica \/ Oitavo<\/td>\n<\/tr>\n<tr>\n<td width=\"101\">Disciplina<\/td>\n<td width=\"536\">Hist\u00f3ria da Matem\u00e1tica<\/td>\n<\/tr>\n<tr>\n<td width=\"101\">Car\u00e1ter<\/td>\n<td width=\"536\">ACA &#8211; Obrigat\u00f3rio<\/td>\n<\/tr>\n<tr>\n<td width=\"101\">Pr\u00e9-requisito<\/td>\n<td width=\"536\">C\u00e1lculo III (100018) e Aritm\u00e9tica (100251)<\/td>\n<\/tr>\n<tr>\n<td width=\"101\">C\u00f3digo<\/td>\n<td width=\"536\">100263<\/td>\n<\/tr>\n<tr>\n<td width=\"101\">Depto.<\/td>\n<td width=\"536\">DME<\/td>\n<\/tr>\n<tr>\n<td width=\"101\">CHT<\/td>\n<td width=\"536\">68 horas<\/td>\n<\/tr>\n<tr>\n<td width=\"101\">Cr\u00e9ditos<\/td>\n<td width=\"536\">04<\/td>\n<\/tr>\n<tr>\n<td width=\"101\">\n<p>Natureza<\/p>\n<p>Ano\/sem<\/td>\n<td width=\"536\">\n<p>68 te\u00f3ricas<\/p>\n<p>&nbsp;<\/p>\n<p>&nbsp;<\/td>\n<\/tr>\n<tr>\n<td width=\"101\">Prof. Resp.<\/td>\n<td width=\"536\"><\/td>\n<\/tr>\n<tr>\n<td width=\"101\">Objetivos<\/td>\n<td width=\"536\">\n<p>Construir uma vis\u00e3o-s\u00edntese do processo hist\u00f3rico matem\u00e1tico, desde a Pr\u00e9-Hist\u00f3ria at\u00e9 os dias de hoje. Desenvolver uma reflex\u00e3o cr\u00edtica a respeito das conquistas e contribui\u00e7\u00f5es realizadas pelos diferentes personagens matem\u00e1ticos. Ampliar o entendimento matem\u00e1tico a partir de um panorama hist\u00f3rico, filos\u00f3fico, social e cient\u00edfico. Reconhecer fatos hist\u00f3ricos marcantes no desenvolvimento da ci\u00eancia matem\u00e1tica . Situar-se em rela\u00e7\u00e3o aos principais fatos que contribu\u00edram para o desenvolvimento matem\u00e1tico no Brasil.<\/p>\n<p>&nbsp;<\/td>\n<\/tr>\n<tr>\n<td width=\"101\">Ementa<\/td>\n<td width=\"536\">\n<p>Uma cronologia da Hist\u00f3ria da Matem\u00e1tica: a Matem\u00e1tica Antiga, a Matem\u00e1tica na Idade M\u00e9dia, a Matem\u00e1tica Moderna, a Matem\u00e1tica Contempor\u00e2nea. T\u00f3picos da Hist\u00f3ria da Matem\u00e1tica: N\u00fameros e Numerais, Computa\u00e7\u00e3o, Geometria, \u00c1lgebra, Trigonometria, C\u00e1lculo, outros t\u00f3picos.<\/p>\n<p>&nbsp;<\/td>\n<\/tr>\n<tr>\n<td width=\"101\">Programa<\/td>\n<td width=\"536\">\n<p>N\u00fameros e numerais<\/p>\n<p>Contagem primitiva<\/p>\n<p>Sistemas de numera\u00e7\u00e3o: agrupamentos simples, agrupamentos multiplicativos, numera\u00e7\u00e3o cifrados, numera\u00e7\u00e3o posicionais<\/p>\n<p>A Matem\u00e1tica na antiguidade<\/p>\n<p>Contribui\u00e7\u00f5es dos eg\u00edpcios e babil\u00f4nios: a matem\u00e1tica indutiva, aritm\u00e9tica simples, geometria pr\u00e1tica, t\u00e1buas matem\u00e1ticas, papiros e cole\u00e7\u00e3o de problemas<\/p>\n<p>Contribui\u00e7\u00f5es dos gregos: geometria dedutiva, Escola Pitag\u00f3rica, geometria da se\u00e7\u00f5es c\u00f4nicas, \u00a0 trigonometria e geometria das se\u00e7\u00f5es c\u00f4nicas<\/p>\n<p>Contribui\u00e7\u00f5es dos chineses: sistema de numera\u00e7\u00e3o decimal, numerais em barra, quadrado m\u00e1gico e Teorema Aritm\u00e9tico de Pascal.<\/p>\n<p>Contribui\u00e7\u00f5es dos hindus: introdu\u00e7\u00e3o do sistema de numera\u00e7\u00e3o indo-ar\u00e1bico, n\u00fameros negativos e inven\u00e7\u00e3o do zero.<\/p>\n<p>&nbsp;<\/p>\n<p>A Matem\u00e1tica na Idade M\u00e9dia<\/p>\n<p>principais contribui\u00e7\u00f5es dos \u00e1rabes<\/p>\n<p>per\u00edodo est\u00e9ril para o saber e a cultura na Europa Ocidental<\/p>\n<p>principais publica\u00e7\u00f5es impressas no mundo Ocidental.<\/p>\n<p>&nbsp;<\/p>\n<p>A Matem\u00e1tica da Modernidade<\/p>\n<p>Impulso na ci\u00eancia: conhecendo Galileu e Kepler<\/p>\n<p>Logaritmos<\/p>\n<p>Teoria dos n\u00fameros<\/p>\n<p>O C\u00e1lculo<\/p>\n<p>Evolu\u00e7\u00e3o da geometria: anal\u00edtica, projetiva e n\u00e3o-euclidiana<\/p>\n<p>O surgimento da Topologia e da An\u00e1lise<\/p>\n<p>As m\u00e1quinas de calcular da modernidade<\/p>\n<p>Teoria dos conjuntos<\/p>\n<p>&nbsp;<\/p>\n<p>A Matem\u00e1tica Contempor\u00e2nea<\/p>\n<p>Geometria N-dimensional e diferencial<\/p>\n<p>Aplica\u00e7\u00f5es atuais da Matem\u00e1tica<\/p>\n<p>Matem\u00e1tica computacional nos dias de hoje<\/p>\n<p>A Matem\u00e1tica Moderna e o grupo Bourbaki<\/p>\n<p>&nbsp;<\/p>\n<p>A Hist\u00f3ria da Matem\u00e1tica no Brasil<\/p>\n<p>As escolas jesu\u00edticas no Brasil<\/p>\n<p>o ensino militar e o ensino de engenharia<\/p>\n<p>a cria\u00e7\u00e3o da Universidade Brasileira<\/p>\n<p>aprecia\u00e7\u00e3o geral sobre a Matem\u00e1tica atual no Brasil<\/p>\n<p>&nbsp;<\/td>\n<\/tr>\n<tr>\n<td width=\"101\">Bibliografia<\/td>\n<td width=\"536\">\n<p>B\u00e1sica<\/p>\n<p>BAUMGART, John K. \u00c1lgebra: t\u00f3picos de hist\u00f3ria da matem\u00e1tica para uso em sala de aula . S\u00e3o Paulo: Atual Editora, 1992.<\/p>\n<p>BOYER, C. Hist\u00f3ria da matem\u00e1tica. S\u00e3o Paulo: Edgar Blucher, 1974.<\/p>\n<p>CASTRO, F. M. de Oliveira. A matem\u00e1tica no Brasil. Campinas: UNICAMP, 1992.<\/p>\n<p>DAVIS, Harold T. Computa\u00e7\u00e3o: t\u00f3picos de hist\u00f3ria da matem\u00e1tica para uso em sala de aula. S\u00e3o Paulo: Atual Editora, 1994.<\/p>\n<p>EVES, Howard. Introdu\u00e7\u00e3o \u00e0 hist\u00f3ria da matem\u00e1tica. Campinas: UNICAMP, 1995.<\/p>\n<p>EVES, Howard. Geometria: t\u00f3picos de hist\u00f3ria da matem\u00e1tica para uso em sala de aula. S\u00e3o Paulo: Atual Editora, 1992.<\/p>\n<p>GUNDLACH, Bernard H. N\u00fameros e numerais: t\u00f3picos de hist\u00f3ria da matem\u00e1tica para uso em sala de aula. S\u00e3o Paulo: Atual Editora, 1992.<\/p>\n<p>IFRAH, G. Os n\u00fameros na hist\u00f3ria de uma grande inven\u00e7\u00e3o. 3.ed. S\u00e3o Paulo: Globo,1989.<\/p>\n<p>KENNEDY, Edward S. Trigonometria: t\u00f3picos de hist\u00f3ria da matem\u00e1tica para uso em sala de aula. S\u00e3o Paulo: Atual Editora, 1992.<\/p>\n<p>&nbsp;<\/p>\n<p>Complementar<\/p>\n<p>TATON, R. Histoire de Calcul. 2.ed. Paris: Editora Universitaires de France,1961.<\/td>\n<\/tr>\n<\/tbody>\n<\/table>\n<p><\/p>\n","protected":false},"excerpt":{"rendered":"<p>Hist\u00f3ria da Matem\u00e1tica Curso\/semestre Licenciatura em Matem\u00e1tica \/ Oitavo Disciplina Hist\u00f3ria da Matem\u00e1tica Car\u00e1ter ACA &#8211; Obrigat\u00f3rio Pr\u00e9-requisito C\u00e1lculo III (100018) e Aritm\u00e9tica (100251) C\u00f3digo 100263 Depto. DME CHT 68 horas Cr\u00e9ditos 04 Natureza Ano\/sem 68 te\u00f3ricas &nbsp; &nbsp; Prof. Resp. Objetivos Construir uma vis\u00e3o-s\u00edntese do processo hist\u00f3rico matem\u00e1tico, desde a Pr\u00e9-Hist\u00f3ria at\u00e9 os dias [&hellip;]<\/p>\n","protected":false},"author":466,"featured_media":0,"parent":166,"menu_order":0,"comment_status":"closed","ping_status":"closed","template":"page-sem-sidebar.php","meta":{"jetpack_post_was_ever_published":false,"footnotes":""},"class_list":["post-252","page","type-page","status-publish","hentry"],"jetpack_sharing_enabled":true,"jetpack_shortlink":"https:\/\/wp.me\/P7sk8J-44","_links":{"self":[{"href":"https:\/\/wp.ufpel.edu.br\/matematicanoturno\/wp-json\/wp\/v2\/pages\/252","targetHints":{"allow":["GET"]}}],"collection":[{"href":"https:\/\/wp.ufpel.edu.br\/matematicanoturno\/wp-json\/wp\/v2\/pages"}],"about":[{"href":"https:\/\/wp.ufpel.edu.br\/matematicanoturno\/wp-json\/wp\/v2\/types\/page"}],"author":[{"embeddable":true,"href":"https:\/\/wp.ufpel.edu.br\/matematicanoturno\/wp-json\/wp\/v2\/users\/466"}],"replies":[{"embeddable":true,"href":"https:\/\/wp.ufpel.edu.br\/matematicanoturno\/wp-json\/wp\/v2\/comments?post=252"}],"version-history":[{"count":1,"href":"https:\/\/wp.ufpel.edu.br\/matematicanoturno\/wp-json\/wp\/v2\/pages\/252\/revisions"}],"predecessor-version":[{"id":253,"href":"https:\/\/wp.ufpel.edu.br\/matematicanoturno\/wp-json\/wp\/v2\/pages\/252\/revisions\/253"}],"up":[{"embeddable":true,"href":"https:\/\/wp.ufpel.edu.br\/matematicanoturno\/wp-json\/wp\/v2\/pages\/166"}],"wp:attachment":[{"href":"https:\/\/wp.ufpel.edu.br\/matematicanoturno\/wp-json\/wp\/v2\/media?parent=252"}],"curies":[{"name":"wp","href":"https:\/\/api.w.org\/{rel}","templated":true}]}}