{"id":245,"date":"2014-12-02T16:43:04","date_gmt":"2014-12-02T18:43:04","guid":{"rendered":"https:\/\/wp.ufpel.edu.br\/matematicanoturno\/?page_id=245"},"modified":"2014-12-02T16:43:04","modified_gmt":"2014-12-02T18:43:04","slug":"calculo-numerico","status":"publish","type":"page","link":"https:\/\/wp.ufpel.edu.br\/matematicanoturno\/grade-curricular-2\/calculo-numerico\/","title":{"rendered":"C\u00e1lculo Num\u00e9rico"},"content":{"rendered":"<h4>C\u00e1lculo Num\u00e9rico<\/h4>\n<table>\n<tbody>\n<tr>\n<td width=\"101\">Curso\/semestre<\/td>\n<td width=\"536\">Licenciatura em Matem\u00e1tica \/ S\u00e9timo<\/td>\n<\/tr>\n<tr>\n<td width=\"101\">Disciplina<\/td>\n<td width=\"536\">C\u00e1lculo Num\u00e9rico<\/td>\n<\/tr>\n<tr>\n<td width=\"101\">Car\u00e1ter<\/td>\n<td width=\"536\">ACA \u2013 Obrigat\u00f3rio<\/td>\n<\/tr>\n<tr>\n<td width=\"101\">Pr\u00e9-requisito<\/td>\n<td width=\"536\">Programa\u00e7\u00e3o em Softwares de Matem\u00e1tica(0100255) e C\u00e1lculo III (0100018)<\/td>\n<\/tr>\n<tr>\n<td width=\"101\">C\u00f3digo<\/td>\n<td width=\"536\">0100260<\/td>\n<\/tr>\n<tr>\n<td width=\"101\">Depto.<\/td>\n<td width=\"536\">DME<\/td>\n<\/tr>\n<tr>\n<td width=\"101\">CHT<\/td>\n<td width=\"536\">68 horas<\/td>\n<\/tr>\n<tr>\n<td width=\"101\">Cr\u00e9ditos<\/td>\n<td width=\"536\">04<\/td>\n<\/tr>\n<tr>\n<td width=\"101\">\n<p>Natureza<\/p>\n<p>Ano\/sem<\/td>\n<td width=\"536\">\n<p>34 te\u00f3ricas \/ 34 pr\u00e1ticas<\/p>\n<p>&nbsp;<\/td>\n<\/tr>\n<tr>\n<td width=\"101\">Prof. Resp.<\/td>\n<td width=\"536\"><\/td>\n<\/tr>\n<tr>\n<td width=\"101\">Objetivos<\/td>\n<td width=\"536\">\n<p>Habilitar o estudante para a compreens\u00e3o e utiliza\u00e7\u00e3o de m\u00e9todos<\/p>\n<p>num\u00e9ricos b\u00e1sicos necess\u00e1rios \u00e0 resolu\u00e7\u00e3o de problemas t\u00e9cnicos, que podem ser modelados matematicamente.<\/p>\n<p>&nbsp;<\/td>\n<\/tr>\n<tr>\n<td width=\"101\">Ementa<\/td>\n<td width=\"536\">\n<p>C\u00e1lculo num\u00e9rico de Ra\u00edzes de Equa\u00e7\u00f5es Alg\u00e9bricas e Transcendentes. Resolu\u00e7\u00e3o num\u00e9rica de Sistemas de Equa\u00e7\u00f5es Lineares. Aproxima\u00e7\u00e3o de Fun\u00e7\u00e3o Interpola\u00e7\u00e3o Polinomial e M\u00e9todo dos M\u00ednimos Quadrados. Resolu\u00e7\u00e3o Num\u00e9rica de Integrais. Resolu\u00e7\u00e3o Num\u00e9rica de Equa\u00e7\u00f5es Diferenciais.<\/p>\n<p>&nbsp;<\/td>\n<\/tr>\n<tr>\n<td width=\"101\">Programa<\/td>\n<td width=\"536\">\n<p>Aritm\u00e9tica de M\u00e1quina e a Condi\u00e7\u00e3o de um Problema<\/p>\n<p>Condi\u00e7\u00e3o de um Problema<\/p>\n<p>Condi\u00e7\u00e3o de um Algoritmo<\/p>\n<p>Instabilidade de Problemas e Algoritmos (breve discuss\u00e3o)<\/p>\n<p>&nbsp;<\/p>\n<p>Resolu\u00e7\u00e3o Num\u00e9rica de Equa\u00e7\u00f5es Alg\u00e9bricas e Transcendentes<\/p>\n<p>Introdu\u00e7\u00e3o ( sobre os tipos de M\u00e9todos Iterativos e Algoritmo geral de implementa\u00e7\u00e3o)<\/p>\n<p>Enumera\u00e7\u00e3o, Localiza\u00e7\u00e3o e Isolamento de ra\u00edzes<\/p>\n<p>Estimadores de Exatid\u00e3o<\/p>\n<p>Ordem de Converg\u00eancia<\/p>\n<p>M\u00e9todos de Quebra<\/p>\n<p>M\u00e9todo da Bisse\u00e7\u00e3o<\/p>\n<p>M\u00e9todo da Falsa Posi\u00e7\u00e3o<\/p>\n<p>M\u00e9todos de Ponto Fixo<\/p>\n<p>M\u00e9todo Iterativo Linear<\/p>\n<p>M\u00e9todo de Newton-Raphson<\/p>\n<p>M\u00e9todo de Schr\u00f6der<\/p>\n<p>M\u00e9todos de M\u00faltiplos Passos<\/p>\n<p>M\u00e9todo da Secante<\/p>\n<p>M\u00e9todo de M\u00fcller<\/p>\n<p>Acelera\u00e7\u00e3o da Converg\u00eancia<\/p>\n<p>Compara\u00e7\u00e3o dos M\u00e9todos<\/p>\n<p>Estudo especial sobre Equa\u00e7\u00f5es Polinomiais<\/p>\n<p>Propriedades<\/p>\n<p>M\u00e9todo de Newton-Raphson para polin\u00f4mios<\/p>\n<p>&nbsp;<\/p>\n<p>Resolu\u00e7\u00e3o de Sistemas de Equa\u00e7\u00f5es Lineares e N\u00e3o-lineares<\/p>\n<p>Introdu\u00e7\u00e3o<\/p>\n<p>Normas de Matrizes<\/p>\n<p>Erros na Resolu\u00e7\u00e3o de Sistemas Lineares<\/p>\n<p>Condicionamento de Sistemas Lineares e Instabilidade<\/p>\n<p>M\u00e9todos Diretos<\/p>\n<p>Elimina\u00e7\u00e3o Gaussiana<\/p>\n<p>Fatora\u00e7\u00e3o (Decomposi\u00e7\u00e3o) LU<\/p>\n<p>Fatora\u00e7\u00e3o de Cholesky<\/p>\n<p>Fatora\u00e7\u00e3o QR<\/p>\n<p>M\u00e9todos Iterativos<\/p>\n<p>Teorema de Cauchy<\/p>\n<p>Interpreta\u00e7\u00e3o geom\u00e9trica de equa\u00e7\u00e3o e solu\u00e7\u00f5es<\/p>\n<p>M\u00e9todo de is\u00f3clinas<\/p>\n<p>Tipos particulares das equa\u00e7\u00f5es e m\u00e9todos da sua resolu\u00e7\u00e3o: equa\u00e7\u00f5es de vari\u00e1veis separ\u00e1veis, equa\u00e7\u00f5es homog\u00eaneas, equa\u00e7\u00f5es lineares, equa\u00e7\u00f5es de diferenciais exatas e redut\u00edveis a essas<\/p>\n<p>Aplica\u00e7\u00f5es aos problemas f\u00edsicos e geom\u00e9tricos<\/p>\n<p>Sistemas N\u00e3o-lineares<\/p>\n<p>M\u00e9todo de Newton<\/p>\n<p>M\u00e9todo de Newton Modificado<\/p>\n<p>M\u00e9todos Quase-Newton<\/p>\n<p>&nbsp;<\/p>\n<p>Interpola\u00e7\u00e3o<\/p>\n<p>Introdu\u00e7\u00e3o ( sobre os tipos de interpola\u00e7\u00e3o)<\/p>\n<p>Interpola\u00e7\u00e3o Polinomial<\/p>\n<p>Polin\u00f4mio Interpolador<\/p>\n<p>Forma de Lagrange do Polin\u00f4mio Interpolador<\/p>\n<p>Forma de Newton do Polin\u00f4mio Interpolador<\/p>\n<p>Forma de Newton-Gregory do Polin\u00f4mio Interpolador<\/p>\n<p>Estudo do Erro na Interpola\u00e7\u00e3o<\/p>\n<p>Grau do Polin\u00f4mio Interpolador<\/p>\n<p>Interpola\u00e7\u00e3o Inversa<\/p>\n<p>Interpola\u00e7\u00e3o usando Splines<\/p>\n<p>&#8211; Introdu\u00e7\u00e3o sobre Fun\u00e7\u00f5es Spline<\/p>\n<p>&#8211; Spline Linear Interpolante<\/p>\n<p>&#8211; Spline C\u00fabica Interpolante<\/p>\n<p>Coment\u00e1rio sobre Aproxima\u00e7\u00e3o de Fun\u00e7\u00f5es<\/p>\n<p>&nbsp;<\/p>\n<p>Ajuste de Fun\u00e7\u00f5es<\/p>\n<p>Introdu\u00e7\u00e3o (sobre o crit\u00e9rio de ajuste)<\/p>\n<p>M\u00e9todo dos Quadrados M\u00ednimos<\/p>\n<p>Caso Discreto<\/p>\n<p>Caso Cont\u00ednuo<\/p>\n<p>Caso N\u00e3o-linear nos Par\u00e2metros<\/p>\n<p>Ajuste com Polin\u00f4mios Ortogonais<\/p>\n<p>An\u00e1lise Harm\u00f4nica (Aproxima\u00e7\u00e3o de Fourier)<\/p>\n<p>&nbsp;<\/p>\n<p>Diferencia\u00e7\u00e3o e Integra\u00e7\u00e3o Num\u00e9rica<\/p>\n<p>Diferencia\u00e7\u00e3o<\/p>\n<p>Diferencia\u00e7\u00e3o com Polin\u00f4mio Interpolador na Forma de Newton<\/p>\n<p>Erros de Truncamento<\/p>\n<p>Outras F\u00f3rmulas de Diferencia\u00e7\u00e3o Num\u00e9rica<\/p>\n<p>Coment\u00e1rios sobre a Instabilidade da Diferencia\u00e7\u00e3o Num\u00e9rica<\/p>\n<p>Integra\u00e7\u00e3o<\/p>\n<p>Introdu\u00e7\u00e3o (sobre os objetivos e metodologias de Integra\u00e7\u00e3o)<\/p>\n<p>F\u00f3rmulas de Newton-Cotes\u00a0\u00a0 F\u00f3rmulas de Gauss<\/p>\n<p>M\u00e9todo de Romberg<\/p>\n<p>Coment\u00e1rios sobre a compara\u00e7\u00e3o dos m\u00e9todos<\/p>\n<p>&nbsp;<\/p>\n<p>Resolu\u00e7\u00e3o Num\u00e9rica de Equa\u00e7\u00f5es Diferenciais Ordin\u00e1rias<\/p>\n<p>Introdu\u00e7\u00e3o (sobre a terminologia de EDO)<\/p>\n<p>Problemas de Valor Inicial<\/p>\n<p>M\u00e9todos de Passo Simples<\/p>\n<p>M\u00e9todos de Passo M\u00faltiplo<\/p>\n<p>M\u00e9todos de Previs\u00e3o-Corre\u00e7\u00e3o<\/p>\n<p>Equa\u00e7\u00f5es de Ordem Superior<\/p>\n<p>Problemas de Valor de Contorno- M\u00e9todo das Diferen\u00e7as Finitas.<\/p>\n<p>&nbsp;<\/td>\n<\/tr>\n<tr>\n<td width=\"101\">Bibliografia<\/td>\n<td width=\"536\">\n<p>B\u00e1sica<\/p>\n<p>BARROSO, L. et alii. C\u00e1lculo Num\u00e9rico. S\u00e3o Paulo, \u00a0 Haper &amp; Row do Brasil, 1987.<\/p>\n<p>CL\u00c1UDIO, Dalc\u00eddio M. M. &amp; MARINS, Jussara M., C\u00e1lculo Num\u00e9rico \u00a0 Computacional Teoria e Pr\u00e1tica. S\u00e3o Paulo, Atlas, 1989.<\/p>\n<p>DEMIDOVICH, B. P. &amp; MARON, I. A. Computational Mathematics. English Translation. Mir Publishers, 1987.<\/p>\n<p>DORN, W. S. &amp; McCRACKEN, D. D. C\u00e1lculo Num\u00e9rico com estudos de casos em FORTRAN IV. \u00a0 \u00a0 E. Campus, 1978.<\/p>\n<p>&nbsp;<\/p>\n<p>Complementar<\/p>\n<p>FORSYTHE, G. E. \u00a0 MALCOM, M. A &amp; MOLER, C. B. Computer Methods for\u00a0\u00a0 Mathematical Computations. New Jersey, Prentice-Hall, Inc., 1977.<\/p>\n<p>HAMMING, R.W. Numerical Methods for Scientists and Engineers. Graw-Hill Book Company, Inc. 1962.<\/p>\n<p>HILDEBRAND, F. J. \u00a0 Introduction to Numerical Analysis. McGraw-Hill Book Company, Inc. 1956.<\/p>\n<p>HUMES, A. F. P. C. et alii. No\u00e7\u00f5es de C\u00e1lculo Num\u00e9rico. S\u00e3o Paulo, McGraw-Hill do Brasil, 1984.<\/p>\n<p>MATHEWS, J. H. Numerical Methods for Mathematics, Science and Engineering. Second Edition. Prentice Hall International, 1992.<\/p>\n<p>RUGIERO, M\u00e1rcia A. G. &amp; LOPES, Vera L. R. C\u00e1lculo Num\u00e9rico aspectos Te\u00f3ricos e Computacionais. 2. ed. S\u00e3o Paulo, Makron Books do Brasil,1996.<\/p>\n<p>SCHEID, Francis. An\u00e1lise Num\u00e9rica. 2. ed. Lisboa, McGraw- Hill de Portugal, 1991.<\/p>\n<p>VALEN\u00c7A, Maria Raquel. M\u00e9todos Num\u00e9ricos. Lisboa, Instituto Nacional de Investiga\u00e7\u00e3o Cient\u00edfica, 1988.<\/td>\n<\/tr>\n<\/tbody>\n<\/table>\n<p><\/p>\n","protected":false},"excerpt":{"rendered":"<p>C\u00e1lculo Num\u00e9rico Curso\/semestre Licenciatura em Matem\u00e1tica \/ S\u00e9timo Disciplina C\u00e1lculo Num\u00e9rico Car\u00e1ter ACA \u2013 Obrigat\u00f3rio Pr\u00e9-requisito Programa\u00e7\u00e3o em Softwares de Matem\u00e1tica(0100255) e C\u00e1lculo III (0100018) C\u00f3digo 0100260 Depto. DME CHT 68 horas Cr\u00e9ditos 04 Natureza Ano\/sem 34 te\u00f3ricas \/ 34 pr\u00e1ticas &nbsp; Prof. Resp. Objetivos Habilitar o estudante para a compreens\u00e3o e utiliza\u00e7\u00e3o de m\u00e9todos [&hellip;]<\/p>\n","protected":false},"author":466,"featured_media":0,"parent":166,"menu_order":0,"comment_status":"closed","ping_status":"closed","template":"page-sem-sidebar.php","meta":{"jetpack_post_was_ever_published":false,"footnotes":""},"class_list":["post-245","page","type-page","status-publish","hentry"],"jetpack_sharing_enabled":true,"jetpack_shortlink":"https:\/\/wp.me\/P7sk8J-3X","_links":{"self":[{"href":"https:\/\/wp.ufpel.edu.br\/matematicanoturno\/wp-json\/wp\/v2\/pages\/245","targetHints":{"allow":["GET"]}}],"collection":[{"href":"https:\/\/wp.ufpel.edu.br\/matematicanoturno\/wp-json\/wp\/v2\/pages"}],"about":[{"href":"https:\/\/wp.ufpel.edu.br\/matematicanoturno\/wp-json\/wp\/v2\/types\/page"}],"author":[{"embeddable":true,"href":"https:\/\/wp.ufpel.edu.br\/matematicanoturno\/wp-json\/wp\/v2\/users\/466"}],"replies":[{"embeddable":true,"href":"https:\/\/wp.ufpel.edu.br\/matematicanoturno\/wp-json\/wp\/v2\/comments?post=245"}],"version-history":[{"count":1,"href":"https:\/\/wp.ufpel.edu.br\/matematicanoturno\/wp-json\/wp\/v2\/pages\/245\/revisions"}],"predecessor-version":[{"id":246,"href":"https:\/\/wp.ufpel.edu.br\/matematicanoturno\/wp-json\/wp\/v2\/pages\/245\/revisions\/246"}],"up":[{"embeddable":true,"href":"https:\/\/wp.ufpel.edu.br\/matematicanoturno\/wp-json\/wp\/v2\/pages\/166"}],"wp:attachment":[{"href":"https:\/\/wp.ufpel.edu.br\/matematicanoturno\/wp-json\/wp\/v2\/media?parent=245"}],"curies":[{"name":"wp","href":"https:\/\/api.w.org\/{rel}","templated":true}]}}