{"id":243,"date":"2014-12-02T16:42:18","date_gmt":"2014-12-02T18:42:18","guid":{"rendered":"https:\/\/wp.ufpel.edu.br\/matematicanoturno\/?page_id=243"},"modified":"2014-12-02T16:42:18","modified_gmt":"2014-12-02T18:42:18","slug":"algebra-para-licenciatura","status":"publish","type":"page","link":"https:\/\/wp.ufpel.edu.br\/matematicanoturno\/grade-curricular-2\/algebra-para-licenciatura\/","title":{"rendered":"\u00c1lgebra para Licenciatura"},"content":{"rendered":"<h4>\u00c1lgebra para Licenciatura<\/h4>\n<table>\n<tbody>\n<tr>\n<td width=\"101\">Curso\/semestre<\/td>\n<td width=\"536\">Licenciatura em Matem\u00e1tica \/S\u00e9timo<\/td>\n<\/tr>\n<tr>\n<td width=\"101\">Disciplina<\/td>\n<td width=\"536\">\u00c1lgebra para Licenciatura<\/td>\n<\/tr>\n<tr>\n<td width=\"101\">Car\u00e1ter<\/td>\n<td width=\"536\">ACA \u2013 Obrigat\u00f3rio<\/td>\n<\/tr>\n<tr>\n<td width=\"101\">Pr\u00e9-requisito<\/td>\n<td width=\"536\">Introdu\u00e7\u00e3o a \u00e1lgebra \u2013 0100232<\/td>\n<\/tr>\n<tr>\n<td width=\"101\">C\u00f3digo<\/td>\n<td width=\"536\">0100259<\/td>\n<\/tr>\n<tr>\n<td width=\"101\">Depto.<\/td>\n<td width=\"536\">DME<\/td>\n<\/tr>\n<tr>\n<td width=\"101\">CHT<\/td>\n<td width=\"536\">102 horas<\/td>\n<\/tr>\n<tr>\n<td width=\"101\">Cr\u00e9ditos<\/td>\n<td width=\"536\">06<\/td>\n<\/tr>\n<tr>\n<td width=\"101\">Natureza<\/td>\n<td width=\"536\">68 te\u00f3ricas \/ 34 pr\u00e1ticas<\/td>\n<\/tr>\n<tr>\n<td width=\"101\">Prof. Resp.<\/td>\n<td width=\"536\"><\/td>\n<\/tr>\n<tr>\n<td width=\"101\">Objetivos<\/td>\n<td width=\"536\">\n<p>Entender as no\u00e7\u00f5es b\u00e1sicas de \u00e1lgebra comutativa tais como an\u00e9is, ideais e homomorfismos, usando no contexto de an\u00e9is de polin\u00f4mios com o objetivo de obter resultados sobre extens\u00f5es de corpos. Neste desenvolvimento, pretende-se identificar, compreender e utilizar os conceitos de anel, ideal, corpo e extens\u00e3o de corpo, desenvolver a capacidade de racioc\u00ednio l\u00f3gico, organizado e dedutivo e desenvolver a capacidade de formula\u00e7\u00e3o, interpreta\u00e7\u00e3o e resolu\u00e7\u00e3o de problemas.<\/p>\n<p>&nbsp;<\/td>\n<\/tr>\n<tr>\n<td width=\"101\">Ementa<\/td>\n<td width=\"536\">\n<p>Anel quociente. Teorema do isomorfismo. Corpos. Polin\u00f4mios<\/p>\n<p>sobre corpos. Extens\u00f5es de corpos.<\/td>\n<\/tr>\n<tr>\n<td width=\"101\">Programa<\/td>\n<td width=\"536\">\n<p>Dom\u00ednios e Corpos<\/p>\n<p>Dom\u00ednio<\/p>\n<p>Corpo<\/p>\n<p>Corpo de fra\u00e7\u00f5es de um dom\u00ednio<\/p>\n<p>Anel quociente<\/p>\n<p>Teorema do isomorfismo de an\u00e9is<\/p>\n<p>&nbsp;<\/p>\n<p>An\u00e9is de polin\u00f4mios<\/p>\n<p>An\u00e9is de polin\u00f4mios sobre corpos<\/p>\n<p>Algoritmo da Divis\u00e3o<\/p>\n<p>Dom\u00ednio de Ideais Principais<\/p>\n<p>Polin\u00f4mios Irredut\u00edveis<\/p>\n<p>Ideais Primos e Ideais Maximais<\/p>\n<p>Teorema de Kronecker<\/p>\n<p>&nbsp;<\/p>\n<p>Corpos<\/p>\n<p>Corpos de Decomposi\u00e7\u00e3o<\/p>\n<p>Extens\u00f5es alg\u00e9bricas de corpos<\/p>\n<p>Polin\u00f4mio M\u00ednimo<\/p>\n<p>Extens\u00f5es Separ\u00e1veis de Corpos<\/p>\n<p>&nbsp;<\/td>\n<\/tr>\n<tr>\n<td width=\"101\">Bibliografia<\/td>\n<td width=\"536\">\n<p>B\u00e1sica<\/p>\n<p>ALENCAR F\u00b0, \u00a0 Edgard de. Elementos de \u00c1lgebra Abstrata. S\u00e3o Paulo, Nobel, 1980.<\/p>\n<p>GARCIA, Arnaldo &amp; LEQUAIN, Yves. \u00c1lgebra: um curso de Introdu\u00e7\u00e3o.Rio de Janeiro, Projeto Euclides, IMPA CNPq, 1988.<\/p>\n<p>GON\u00c7ALVES, Adilson. Introdu\u00e7\u00e3o \u00e0 \u00c1lgebra. Rio de Janeiro, SBM-IMPA, 1979.<\/p>\n<p>HEFEZ, Abramo. Curso de \u00c1lgebra, vol.1. Rio de Janeiro, Cole\u00e7\u00e3o Matem\u00e1tica Universit\u00e1ria, IMPA- CNPq, 1993.<\/p>\n<p>HERSTEIN, I. N. T\u00f3picos de \u00c1lgebra. S\u00e3o Paulo. EDUSP. 1970.<\/p>\n<p>NACHBIN, Leopoldo. Introdu\u00e7\u00e3o \u00e0 \u00c1lgebra. Rio de Janeiro. Editora MacGraw-Hill do Brasil , Ltda, e Editora da Unb, 1971.<\/p>\n<p>&nbsp;<\/p>\n<p>Complementar<\/p>\n<p>JACOBSON, Nathan. Basic Algebra I. W. H. Freeman and Company, New York, 1985.<\/p>\n<p>MACLANE, Saunders &amp; BIRKOFF, Garret. A Survey of Modern Algebra. The MacMillan Company. 1953.<\/p>\n<p>QUEYSANNE, Michel. Algebra Basica. Barcelona, EditorialVicens-Vives, 1971.<\/p>\n<p>&nbsp;<\/td>\n<\/tr>\n<\/tbody>\n<\/table>\n<p><\/p>\n","protected":false},"excerpt":{"rendered":"<p>\u00c1lgebra para Licenciatura Curso\/semestre Licenciatura em Matem\u00e1tica \/S\u00e9timo Disciplina \u00c1lgebra para Licenciatura Car\u00e1ter ACA \u2013 Obrigat\u00f3rio Pr\u00e9-requisito Introdu\u00e7\u00e3o a \u00e1lgebra \u2013 0100232 C\u00f3digo 0100259 Depto. DME CHT 102 horas Cr\u00e9ditos 06 Natureza 68 te\u00f3ricas \/ 34 pr\u00e1ticas Prof. Resp. Objetivos Entender as no\u00e7\u00f5es b\u00e1sicas de \u00e1lgebra comutativa tais como an\u00e9is, ideais e homomorfismos, usando no [&hellip;]<\/p>\n","protected":false},"author":466,"featured_media":0,"parent":166,"menu_order":0,"comment_status":"closed","ping_status":"closed","template":"page-sem-sidebar.php","meta":{"jetpack_post_was_ever_published":false,"footnotes":""},"class_list":["post-243","page","type-page","status-publish","hentry"],"jetpack_sharing_enabled":true,"jetpack_shortlink":"https:\/\/wp.me\/P7sk8J-3V","_links":{"self":[{"href":"https:\/\/wp.ufpel.edu.br\/matematicanoturno\/wp-json\/wp\/v2\/pages\/243","targetHints":{"allow":["GET"]}}],"collection":[{"href":"https:\/\/wp.ufpel.edu.br\/matematicanoturno\/wp-json\/wp\/v2\/pages"}],"about":[{"href":"https:\/\/wp.ufpel.edu.br\/matematicanoturno\/wp-json\/wp\/v2\/types\/page"}],"author":[{"embeddable":true,"href":"https:\/\/wp.ufpel.edu.br\/matematicanoturno\/wp-json\/wp\/v2\/users\/466"}],"replies":[{"embeddable":true,"href":"https:\/\/wp.ufpel.edu.br\/matematicanoturno\/wp-json\/wp\/v2\/comments?post=243"}],"version-history":[{"count":1,"href":"https:\/\/wp.ufpel.edu.br\/matematicanoturno\/wp-json\/wp\/v2\/pages\/243\/revisions"}],"predecessor-version":[{"id":244,"href":"https:\/\/wp.ufpel.edu.br\/matematicanoturno\/wp-json\/wp\/v2\/pages\/243\/revisions\/244"}],"up":[{"embeddable":true,"href":"https:\/\/wp.ufpel.edu.br\/matematicanoturno\/wp-json\/wp\/v2\/pages\/166"}],"wp:attachment":[{"href":"https:\/\/wp.ufpel.edu.br\/matematicanoturno\/wp-json\/wp\/v2\/media?parent=243"}],"curies":[{"name":"wp","href":"https:\/\/api.w.org\/{rel}","templated":true}]}}