{"id":241,"date":"2014-12-02T16:40:54","date_gmt":"2014-12-02T18:40:54","guid":{"rendered":"https:\/\/wp.ufpel.edu.br\/matematicanoturno\/?page_id=241"},"modified":"2014-12-02T16:40:54","modified_gmt":"2014-12-02T18:40:54","slug":"laboratorio-de-ensino-de-matematica-iii","status":"publish","type":"page","link":"https:\/\/wp.ufpel.edu.br\/matematicanoturno\/grade-curricular-2\/laboratorio-de-ensino-de-matematica-iii\/","title":{"rendered":"Laborat\u00f3rio de Ensino de Matem\u00e1tica III"},"content":{"rendered":"<p><span style=\"text-decoration: underline\"><\/span><\/p>\n<h4>Laborat\u00f3rio de Ensino de Matem\u00e1tica III<\/h4>\n<p>&nbsp;<\/p>\n<table>\n<tbody>\n<tr>\n<td width=\"101\">Curso\/semestre<\/td>\n<td width=\"540\">Licenciatura em Matem\u00e1tica \/ Sexto<\/td>\n<\/tr>\n<tr>\n<td width=\"101\">Disciplina<\/td>\n<td width=\"540\">Laborat\u00f3rio de Ensino de Matem\u00e1tica III<\/td>\n<\/tr>\n<tr>\n<td width=\"101\">Car\u00e1ter<\/td>\n<td width=\"540\">PCC &#8211; Obrigat\u00f3rio<\/td>\n<\/tr>\n<tr>\n<td width=\"101\">Pr\u00e9-requisito<\/td>\n<td width=\"540\">Laborat\u00f3rio de Ensino de Matem\u00e1tica I (100231)<\/td>\n<\/tr>\n<tr>\n<td width=\"101\">C\u00f3digo<\/td>\n<td width=\"540\">0100258<\/td>\n<\/tr>\n<tr>\n<td width=\"101\">Depto.<\/td>\n<td width=\"540\">DME<\/td>\n<\/tr>\n<tr>\n<td width=\"101\">CHT<\/td>\n<td width=\"540\">68 horas\/aulas<\/td>\n<\/tr>\n<tr>\n<td width=\"101\">Cr\u00e9ditos<\/td>\n<td width=\"540\">04<\/td>\n<\/tr>\n<tr>\n<td width=\"101\">\n<p>Natureza<\/p>\n<p>Ano\/sem<\/td>\n<td width=\"540\">\n<p>68 Pr\u00e1ticas<\/p>\n<p>&nbsp;<\/p>\n<p>&nbsp;<\/td>\n<\/tr>\n<tr>\n<td width=\"101\">Prof. Resp.<\/td>\n<td width=\"540\"><\/td>\n<\/tr>\n<tr>\n<td width=\"101\">Objetivos<\/td>\n<td width=\"540\">O aluno dever\u00e1 manusear, criar, confeccionar, analisar e avaliar materiais concretos utilizados no ensino da Matem\u00e1tica. Al\u00e9m disso, dever\u00e1 realizar pesquisa bibliogr\u00e1fica referente a materiais pedag\u00f3gicos que envolvem a constru\u00e7\u00e3o do conhecimento matem\u00e1tico e desenvolver atividades de laborat\u00f3rio.<\/td>\n<\/tr>\n<tr>\n<td width=\"101\">Ementa<\/td>\n<td width=\"540\">Estudo de modelos experimentais de ensino de Matem\u00e1tica do Ensino M\u00e9dio. Experimenta\u00e7\u00e3o de diferentes estrat\u00e9gias para o ensino de Matem\u00e1tica em grupos de alunos de N\u00edvel M\u00e9dio.<\/td>\n<\/tr>\n<tr>\n<td width=\"101\">Programa<\/td>\n<td width=\"540\">\n<p>Estrat\u00e9gias para levar estudantes do N\u00edvel M\u00e9dio de Ensino \u00e0 constru\u00e7\u00e3o de conceitos matem\u00e1ticos, \u00e0 representa\u00e7\u00f5es simb\u00f3licas desses e \u00e0 constru\u00e7\u00e3o de algoritmos para desenvolvimento de c\u00e1lculos, representa\u00e7\u00f5es gr\u00e1ficas e solu\u00e7\u00f5es de problemas. Os t\u00f3picos a serem explorados ser\u00e3o conte\u00fados referentes aos curr\u00edculos do Ensino M\u00e9dio definidos em conjunto com os alunos das disciplinas de acordo com os interesses destes.<\/p>\n<p>&nbsp;<\/p>\n<p>Questionamentos sobre o ensino de Matem\u00e1tica<\/p>\n<p>os problemas no ensino de matem\u00e1tica<\/p>\n<p>as dificuldades e a import\u00e2ncia de ensinar matem\u00e1tica<\/p>\n<p>os conte\u00fados e as estrat\u00e9gias de ensino-aprendizagem<\/p>\n<p>a interdisciplinaridade<\/p>\n<p>ser professor de matem\u00e1tica<\/p>\n<p>Aspectos do processo de ensino<\/p>\n<p>planejamento de atividades<\/p>\n<p>experimenta\u00e7\u00e3o de estrat\u00e9gias<\/p>\n<p>regula\u00e7\u00e3o do processo de ensino<\/p>\n<p>avalia\u00e7\u00e3o da aprendizagem<\/p>\n<p>&nbsp;<\/td>\n<\/tr>\n<tr>\n<td width=\"101\">Bibliografia<\/td>\n<td width=\"540\">\n<p>B\u00e1sica<\/p>\n<p>BOYER, C. Hist\u00f3ria da matem\u00e1tica. S\u00e3o Paulo: Edgar Blucher, 1974.<\/p>\n<p>BROUGERE, G. Jogo e Educa\u00e7\u00e3o. Ed. ARTMED.<\/p>\n<p>D\u2019AMBR\u00d3SIO, Ubiratan. Da realidade a a\u00e7\u00e3o. Campinas: Editora UNICAMP, 1986.<\/p>\n<p>DIENES, Z. P. e GOLDING, E. W. Conjuntos, N\u00fameros e Pot\u00eancias. Ed EPU.<\/p>\n<p>DIENES, Z. P. &amp; GOLDING, E. W.. Explora\u00e7\u00e3o do espa\u00e7o e pr\u00e1tica de medi\u00e7\u00e3o. Col. Os primeiros passos em matem\u00e1tica \u2013 Vol 3. (Trad. de Oclide Jos\u00e9 Dotto) S\u00e3o Paulo: Ed. Herder, 1969.<\/p>\n<p>DIENES, Z. P. &amp; GOLDING, E. W.. L\u00f3gica e jogos l\u00f3gicos. Col. Os primeiros passos em matem\u00e1tica &#8211; Vol. 1. (Trad. de Oclide Jos\u00e9 Dotto, rev. E adapt. De Ormil Alves Pilatti). S\u00e3o Paulo: Ed. Herder, 1969<\/p>\n<p>CANDAU, Vera Maria. A did\u00e1tica em quest\u00e3o. S\u00e3o Paulo: Ed. Vozes, 1982.<\/p>\n<p>CARVALHO, Dione L. Metodologia do ensino da matem\u00e1tica. S\u00e3o Paulo: Cortez, 1990.<\/p>\n<p>FIORENTINI, D.; LORENZATO, S.. Investiga\u00e7\u00e3o em educa\u00e7\u00e3o matem\u00e1tica: percursos te\u00f3ricos e metodol\u00f3gicos. Campinas: Autores Associados, 2006.<\/p>\n<p>KNIJNIK, Gelsa (org.). Etnomatem\u00e1tica, curr\u00edculo e forma\u00e7\u00e3o de professores. Santa Cruz do Sul: EDUNISC, 2004.<\/p>\n<p>LAKATOS, Eva Maria, MARCONI, Marina. T\u00e9cnicas de pesquisa. S\u00e3o Paulo: Atlas, 1988.<\/p>\n<p>LIMA, Elon Lages. Medida em geometria. Cole\u00e7\u00e3o do professor de matem\u00e1tica. Sociedade Brasileira de Matem\u00e1tica.<\/p>\n<p>Par\u00e2metros Curriculares Nocionais \u2013 Vol. 3 &#8211; Matem\u00e1tica (5a a 8a).MEC.<\/p>\n<p>SINGER, Naomi E. &amp; Miller, Matthew J.. Atividades educacionais I. Trad. de Marta Malvezzi Leal. S\u00e3o Paulo: Madras Ed. Ltda, 2002<\/p>\n<p>&nbsp;<\/p>\n<p>Complementar<\/p>\n<p>BRETTAS, Luiz Alberto. Pesquisa e produ\u00e7\u00e3o de novos materiais e m\u00e9todos para o ensino de matem\u00e1tica. Tese de Doutorado em M\u00eddia e Conhecimento. Programa de P\u00f3s-Gradua\u00e7\u00e3o em Engenharia de Produ\u00e7\u00e3o. Florian\u00f3polis : UFSC, 2005.<\/p>\n<p>CARRAHER, Terezinha Nunes (org.). Aprender pensando. Recife: SEC\/UFPe, 1985.<\/p>\n<p>CARRAHER, Terezinha N. , SCHLIEMANN, Ana L\u00facia D. \u00c1lgebra na feira? In: CARRAHER, TEREZINHA, SCHLIEMANN, ANA L\u00daCIA, CARRAHER, DAVID. Na vida dez ,na escola zero. 10.ed. S\u00e3o Paulo: Cortez editora, 1995. Cap\u00edtulo 7, p. 127-141.<\/p>\n<p>FERREIRA, Andr\u00e9 Luis Andrejew. Processos cognitivos na diferencia\u00e7\u00e3o e aplicabilidade dos conceitos de equa\u00e7\u00e3o e fun\u00e7\u00e3o na f\u00edsico-qu\u00edmica. Tese de Doutorado em Inform\u00e1tica na Educa\u00e7\u00e3o. Programa de P\u00f3s-gradua\u00e7\u00e3o em Inform\u00e1tica na Educa\u00e7\u00e3o. Porto Alegre: UFRGS, 2010.<\/p>\n<p>FONSECA, M\u00e1rcia Souza da. Sobre a matematiza\u00e7\u00e3o do mundo e a desmundaniza\u00e7\u00e3o matem\u00e1tica. Tese de Doutorado Em Educa\u00e7\u00e3o. Programa de P\u00f3s-Gradua\u00e7\u00e3o em Educa\u00e7\u00e3o. Porto Alegre: PUCRS, 2005<\/p>\n<p>GERDES, Paulus. Sobre o despertar do pensamento geom\u00e9trico. Curitiba: Editora UFPR, 1992. 105p.<\/p>\n<p>KOTHE, Siegfried. Pensar \u00e9 divertido. S\u00e3o Paulo: E.P.U., 1970.<\/p>\n<p>LOVELL, K. O desenvolvimento dos conceitos matem\u00e1ticos e cient\u00edficos na crian\u00e7a. Porto Alegre: Artes m\u00e9dicas, 1988.<\/p>\n<p>LUCKESI, Cipriano et al. Fazer universidade; uma proposta metodol\u00f3gica. S\u00e3o Paulo: Cortez, 1987.<\/p>\n<p>PEREZ, Geraldo. A realidade sobre o Ensino da Geometria no 1\u00ba e 2\u00ba graus, no Estado de S\u00e3o Paulo. A Educa\u00e7\u00e3o Matem\u00e1tica em revista, Geometria, Blumenau, n. 4, p. 54-62, 1\u00ba semestre,1995.<\/p>\n<p>PIMENTA, Selma Garrido &amp; GON\u00c7ALVES, Carlos Luiz. Revendo o ensino de 2\u00ba grau; propondo a forma\u00e7\u00e3o de professores. S\u00e3o Paulo: Cortez, 1990.<\/p>\n<p>PONTE J. P, BROCADO, J e OLIVEIRA, H. Investiga\u00e7\u00f5es matem\u00e1tica em Sala de Aula. Ed. Aut\u00eantica.<\/p>\n<p>ZERMIANI, Vilma J. \u00c1lgebra; brincando, redescobrindo, compreendendo. Blumenau: Editora da FURB, 1987.<\/td>\n<\/tr>\n<\/tbody>\n<\/table>\n<p>&nbsp;<\/p>\n","protected":false},"excerpt":{"rendered":"<p>Laborat\u00f3rio de Ensino de Matem\u00e1tica III &nbsp; Curso\/semestre Licenciatura em Matem\u00e1tica \/ Sexto Disciplina Laborat\u00f3rio de Ensino de Matem\u00e1tica III Car\u00e1ter PCC &#8211; Obrigat\u00f3rio Pr\u00e9-requisito Laborat\u00f3rio de Ensino de Matem\u00e1tica I (100231) C\u00f3digo 0100258 Depto. DME CHT 68 horas\/aulas Cr\u00e9ditos 04 Natureza Ano\/sem 68 Pr\u00e1ticas &nbsp; &nbsp; Prof. Resp. Objetivos O aluno dever\u00e1 manusear, criar, [&hellip;]<\/p>\n","protected":false},"author":466,"featured_media":0,"parent":166,"menu_order":0,"comment_status":"closed","ping_status":"closed","template":"page-sem-sidebar.php","meta":{"jetpack_post_was_ever_published":false,"footnotes":""},"class_list":["post-241","page","type-page","status-publish","hentry"],"jetpack_sharing_enabled":true,"jetpack_shortlink":"https:\/\/wp.me\/P7sk8J-3T","_links":{"self":[{"href":"https:\/\/wp.ufpel.edu.br\/matematicanoturno\/wp-json\/wp\/v2\/pages\/241","targetHints":{"allow":["GET"]}}],"collection":[{"href":"https:\/\/wp.ufpel.edu.br\/matematicanoturno\/wp-json\/wp\/v2\/pages"}],"about":[{"href":"https:\/\/wp.ufpel.edu.br\/matematicanoturno\/wp-json\/wp\/v2\/types\/page"}],"author":[{"embeddable":true,"href":"https:\/\/wp.ufpel.edu.br\/matematicanoturno\/wp-json\/wp\/v2\/users\/466"}],"replies":[{"embeddable":true,"href":"https:\/\/wp.ufpel.edu.br\/matematicanoturno\/wp-json\/wp\/v2\/comments?post=241"}],"version-history":[{"count":1,"href":"https:\/\/wp.ufpel.edu.br\/matematicanoturno\/wp-json\/wp\/v2\/pages\/241\/revisions"}],"predecessor-version":[{"id":242,"href":"https:\/\/wp.ufpel.edu.br\/matematicanoturno\/wp-json\/wp\/v2\/pages\/241\/revisions\/242"}],"up":[{"embeddable":true,"href":"https:\/\/wp.ufpel.edu.br\/matematicanoturno\/wp-json\/wp\/v2\/pages\/166"}],"wp:attachment":[{"href":"https:\/\/wp.ufpel.edu.br\/matematicanoturno\/wp-json\/wp\/v2\/media?parent=241"}],"curies":[{"name":"wp","href":"https:\/\/api.w.org\/{rel}","templated":true}]}}